{"id":97,"date":"2020-09-30T12:35:29","date_gmt":"2020-09-30T10:35:29","guid":{"rendered":"https:\/\/luxtehnika.ee\/en\/?post_type=product&#038;p=97"},"modified":"2020-10-29T12:29:24","modified_gmt":"2020-10-29T10:29:24","slug":"nobili","status":"publish","type":"product","link":"https:\/\/luxtehnika.ee\/et\/brand\/nobili\/","title":{"rendered":"Nobili"},"content":{"rendered":"<div class=\"vls-gf-field-ro\"><div class=\"vls-gf-gallery vls-gf-542 vls-gf-style-light vls-gf-style-none\" data-vls-gf-layout='{\"layout_type\":\"masonry-v\",\"column_count\":4,\"column_count_xs\":1,\"aspect_ratio\":1,\"horizontal_spacing\":4,\"vertical_spacing\":4,\"align_bottom\":false,\"pagination_type\":\"none\",\"page_size\":0}' data-vls-gf-settings='{\"pagination_type\":\"none\"}'><style type=\"text\/css\">.vls-gf-542 figure a.vls-gf-main{display:block;position:absolute;top:0;bottom:0;left:0;right:0;opacity:0;z-index:90;}.vls-gf-542 figure .vls-gf-overlay{position:absolute;background-color:rgba(255, 255, 255, 0.3);left:0;right:0;top:0;bottom:0;opacity:0;z-index:10;transition:opacity 600ms ease;}.vls-gf-542 figure:hover .vls-gf-overlay{opacity:1;}<\/style><div class=\"vls-gf-container\"><figure class=\"vls-gf-543 vls-gf-init\" data-vls-gf-thumbnail-width=\"800\" data-vls-gf-thumbnail-height=\"450\"><a class=\"vls-gf-main\" href=\"https:\/\/luxtehnika.ee\/wp-content\/gf-uploads\/2020\/09\/1994-limitatore-di-temperatura.jpg\" data-caption=\"1994-limitatore-di-temperatura\" data-description=\"\"><\/a><div class=\"vls-gf-img\"><img src=\"https:\/\/luxtehnika.ee\/wp-content\/gf-uploads\/2020\/09\/preview-m\/1994-limitatore-di-temperatura-0.jpg?t=1601310498\" title=\"1994-limitatore-di-temperatura\"\/><\/div><div class=\"vls-gf-overlay\"><\/div><\/figure><figure class=\"vls-gf-544 vls-gf-init\" data-vls-gf-thumbnail-width=\"800\" data-vls-gf-thumbnail-height=\"450\"><a class=\"vls-gf-main\" href=\"https:\/\/luxtehnika.ee\/wp-content\/gf-uploads\/2020\/09\/2008-comando-elettronico.jpg\" data-caption=\"2008-comando-elettronico\" data-description=\"\"><\/a><div class=\"vls-gf-img\"><img src=\"https:\/\/luxtehnika.ee\/wp-content\/gf-uploads\/2020\/09\/preview-m\/2008-comando-elettronico-0.jpg?t=1601310500\" title=\"2008-comando-elettronico\"\/><\/div><div class=\"vls-gf-overlay\"><\/div><\/figure><figure class=\"vls-gf-545 vls-gf-init\" data-vls-gf-thumbnail-width=\"800\" data-vls-gf-thumbnail-height=\"450\"><a class=\"vls-gf-main\" href=\"https:\/\/luxtehnika.ee\/wp-content\/gf-uploads\/2020\/09\/2008-doppia-rotazione.jpg\" data-caption=\"2008-doppia-rotazione\" data-description=\"\"><\/a><div class=\"vls-gf-img\"><img src=\"https:\/\/luxtehnika.ee\/wp-content\/gf-uploads\/2020\/09\/preview-m\/2008-doppia-rotazione-0.jpg?t=1601310501\" title=\"2008-doppia-rotazione\"\/><\/div><div class=\"vls-gf-overlay\"><\/div><\/figure><figure class=\"vls-gf-546 vls-gf-init\" data-vls-gf-thumbnail-width=\"800\" data-vls-gf-thumbnail-height=\"450\"><a class=\"vls-gf-main\" href=\"https:\/\/luxtehnika.ee\/wp-content\/gf-uploads\/2020\/09\/2008-lampada.jpg\" data-caption=\"2008-lampada\" data-description=\"\"><\/a><div class=\"vls-gf-img\"><img src=\"https:\/\/luxtehnika.ee\/wp-content\/gf-uploads\/2020\/09\/preview-m\/2008-lampada-0.jpg?t=1601310502\" title=\"2008-lampada\"\/><\/div><div class=\"vls-gf-overlay\"><\/div><\/figure><figure class=\"vls-gf-547 vls-gf-init\" data-vls-gf-thumbnail-width=\"800\" data-vls-gf-thumbnail-height=\"450\"><a class=\"vls-gf-main\" href=\"https:\/\/luxtehnika.ee\/wp-content\/gf-uploads\/2020\/09\/2008-limitatore-di-energia-960x540-1.jpg\" data-caption=\"2008-limitatore-di-energia-960x540-1\" data-description=\"\"><\/a><div class=\"vls-gf-img\"><img src=\"https:\/\/luxtehnika.ee\/wp-content\/gf-uploads\/2020\/09\/preview-m\/2008-limitatore-di-energia-960x540-1-0.jpg?t=1601310504\" title=\"2008-limitatore-di-energia-960x540-1\"\/><\/div><div class=\"vls-gf-overlay\"><\/div><\/figure><figure class=\"vls-gf-548 vls-gf-init\" data-vls-gf-thumbnail-width=\"800\" data-vls-gf-thumbnail-height=\"450\"><a class=\"vls-gf-main\" href=\"https:\/\/luxtehnika.ee\/wp-content\/gf-uploads\/2020\/09\/2010-limitatore-di-portata-massima.jpg\" data-caption=\"2010-limitatore-di-portata-massima\" data-description=\"\"><\/a><div class=\"vls-gf-img\"><img src=\"https:\/\/luxtehnika.ee\/wp-content\/gf-uploads\/2020\/09\/preview-m\/2010-limitatore-di-portata-massima-0.jpg?t=1601310505\" title=\"2010-limitatore-di-portata-massima\"\/><\/div><div class=\"vls-gf-overlay\"><\/div><\/figure><figure class=\"vls-gf-549 vls-gf-init\" data-vls-gf-thumbnail-width=\"800\" data-vls-gf-thumbnail-height=\"450\"><a class=\"vls-gf-main\" href=\"https:\/\/luxtehnika.ee\/wp-content\/gf-uploads\/2020\/09\/2013-serigrafia-made-in-italy.jpg\" data-caption=\"2013-serigrafia-made-in-italy\" data-description=\"\"><\/a><div class=\"vls-gf-img\"><img src=\"https:\/\/luxtehnika.ee\/wp-content\/gf-uploads\/2020\/09\/preview-m\/2013-serigrafia-made-in-italy-0.jpg?t=1601310506\" title=\"2013-serigrafia-made-in-italy\"\/><\/div><div class=\"vls-gf-overlay\"><\/div><\/figure><figure class=\"vls-gf-550 vls-gf-init\" data-vls-gf-thumbnail-width=\"800\" data-vls-gf-thumbnail-height=\"450\"><a class=\"vls-gf-main\" href=\"https:\/\/luxtehnika.ee\/wp-content\/gf-uploads\/2020\/09\/2014-attrazione-magnetica.jpg\" data-caption=\"2014-attrazione-magnetica\" data-description=\"\"><\/a><div class=\"vls-gf-img\"><img src=\"https:\/\/luxtehnika.ee\/wp-content\/gf-uploads\/2020\/09\/preview-m\/2014-attrazione-magnetica-0.jpg?t=1601310507\" title=\"2014-attrazione-magnetica\"\/><\/div><div class=\"vls-gf-overlay\"><\/div><\/figure><figure class=\"vls-gf-551 vls-gf-init\" data-vls-gf-thumbnail-width=\"800\" data-vls-gf-thumbnail-height=\"450\"><a class=\"vls-gf-main\" href=\"https:\/\/luxtehnika.ee\/wp-content\/gf-uploads\/2020\/09\/2014-rotazione-anteriore.jpg\" data-caption=\"2014-rotazione-anteriore\" data-description=\"\"><\/a><div class=\"vls-gf-img\"><img src=\"https:\/\/luxtehnika.ee\/wp-content\/gf-uploads\/2020\/09\/preview-m\/2014-rotazione-anteriore-0.jpg?t=1601310508\" title=\"2014-rotazione-anteriore\"\/><\/div><div class=\"vls-gf-overlay\"><\/div><\/figure><figure class=\"vls-gf-552 vls-gf-init\" data-vls-gf-thumbnail-width=\"800\" data-vls-gf-thumbnail-height=\"245\"><a class=\"vls-gf-main\" href=\"https:\/\/luxtehnika.ee\/wp-content\/gf-uploads\/2020\/09\/ad138_44cr-ad139_122cr-imagehd.png\" data-caption=\"ad138_44cr-ad139_122cr-imagehd\" data-description=\"\"><\/a><div class=\"vls-gf-img\"><img src=\"https:\/\/luxtehnika.ee\/wp-content\/gf-uploads\/2020\/09\/preview-m\/ad138_44cr-ad139_122cr-imagehd-0.png?t=1601310511\" title=\"ad138_44cr-ad139_122cr-imagehd\"\/><\/div><div class=\"vls-gf-overlay\"><\/div><\/figure><figure class=\"vls-gf-553 vls-gf-init\" data-vls-gf-thumbnail-width=\"159\" data-vls-gf-thumbnail-height=\"800\"><a class=\"vls-gf-main\" href=\"https:\/\/luxtehnika.ee\/wp-content\/gf-uploads\/2020\/09\/ad140_49cr-imagehd-203x1024-1.png\" data-caption=\"ad140_49cr-imagehd-203x1024-1\" data-description=\"\"><\/a><div class=\"vls-gf-img\"><img src=\"https:\/\/luxtehnika.ee\/wp-content\/gf-uploads\/2020\/09\/preview-m\/ad140_49cr-imagehd-203x1024-1-0.png?t=1601310513\" title=\"ad140_49cr-imagehd-203x1024-1\"\/><\/div><div class=\"vls-gf-overlay\"><\/div><\/figure><figure class=\"vls-gf-554 vls-gf-init\" data-vls-gf-thumbnail-width=\"187\" data-vls-gf-thumbnail-height=\"800\"><a class=\"vls-gf-main\" href=\"https:\/\/luxtehnika.ee\/wp-content\/gf-uploads\/2020\/09\/ad146_43cr-imagehd-239x1024-1.png\" data-caption=\"ad146_43cr-imagehd-239x1024-1\" data-description=\"\"><\/a><div class=\"vls-gf-img\"><img src=\"https:\/\/luxtehnika.ee\/wp-content\/gf-uploads\/2020\/09\/preview-m\/ad146_43cr-imagehd-239x1024-1-0.png?t=1601310516\" title=\"ad146_43cr-imagehd-239x1024-1\"\/><\/div><div class=\"vls-gf-overlay\"><\/div><\/figure><figure class=\"vls-gf-555 vls-gf-init\" data-vls-gf-thumbnail-width=\"320\" data-vls-gf-thumbnail-height=\"591\"><a class=\"vls-gf-main\" href=\"https:\/\/luxtehnika.ee\/wp-content\/gf-uploads\/2020\/09\/ad150_1cr-imagehd.png\" data-caption=\"ad150_1cr-imagehd\" data-description=\"\"><\/a><div class=\"vls-gf-img\"><img src=\"https:\/\/luxtehnika.ee\/wp-content\/gf-uploads\/2020\/09\/preview-m\/ad150_1cr-imagehd-0.png?t=1601310518\" title=\"ad150_1cr-imagehd\"\/><\/div><div class=\"vls-gf-overlay\"><\/div><\/figure><figure class=\"vls-gf-556 vls-gf-init\" data-vls-gf-thumbnail-width=\"543\" data-vls-gf-thumbnail-height=\"471\"><a class=\"vls-gf-main\" href=\"https:\/\/luxtehnika.ee\/wp-content\/gf-uploads\/2020\/09\/avp3535cr-imagehd.png\" data-caption=\"avp3535cr-imagehd\" data-description=\"\"><\/a><div class=\"vls-gf-img\"><img src=\"https:\/\/luxtehnika.ee\/wp-content\/gf-uploads\/2020\/09\/preview-m\/avp3535cr-imagehd-0.png?t=1601310519\" title=\"avp3535cr-imagehd\"\/><\/div><div class=\"vls-gf-overlay\"><\/div><\/figure><figure class=\"vls-gf-557 vls-gf-init\" data-vls-gf-thumbnail-width=\"336\" data-vls-gf-thumbnail-height=\"800\"><a class=\"vls-gf-main\" href=\"https:\/\/luxtehnika.ee\/wp-content\/gf-uploads\/2020\/09\/cb00523cr-imagehd-430x1024-1.png\" data-caption=\"cb00523cr-imagehd-430x1024-1\" data-description=\"\"><\/a><div class=\"vls-gf-img\"><img src=\"https:\/\/luxtehnika.ee\/wp-content\/gf-uploads\/2020\/09\/preview-m\/cb00523cr-imagehd-430x1024-1-0.png?t=1601310522\" title=\"cb00523cr-imagehd-430x1024-1\"\/><\/div><div class=\"vls-gf-overlay\"><\/div><\/figure><figure class=\"vls-gf-558 vls-gf-init\" data-vls-gf-thumbnail-width=\"649\" data-vls-gf-thumbnail-height=\"800\"><a class=\"vls-gf-main\" href=\"https:\/\/luxtehnika.ee\/wp-content\/gf-uploads\/2020\/09\/cu92913cr-imagehd-831x1024-1.png\" data-caption=\"cu92913cr-imagehd-831x1024-1\" data-description=\"\"><\/a><div class=\"vls-gf-img\"><img src=\"https:\/\/luxtehnika.ee\/wp-content\/gf-uploads\/2020\/09\/preview-m\/cu92913cr-imagehd-831x1024-1-0.png?t=1601310524\" title=\"cu92913cr-imagehd-831x1024-1\"\/><\/div><div class=\"vls-gf-overlay\"><\/div><\/figure><figure class=\"vls-gf-559 vls-gf-init\" data-vls-gf-thumbnail-width=\"450\" data-vls-gf-thumbnail-height=\"800\"><a class=\"vls-gf-main\" href=\"https:\/\/luxtehnika.ee\/wp-content\/gf-uploads\/2020\/09\/fl96113cr-imagehd-576x1024-1.png\" data-caption=\"fl96113cr-imagehd-576x1024-1\" data-description=\"\"><\/a><div class=\"vls-gf-img\"><img src=\"https:\/\/luxtehnika.ee\/wp-content\/gf-uploads\/2020\/09\/preview-m\/fl96113cr-imagehd-576x1024-1-0.png?t=1601310527\" title=\"fl96113cr-imagehd-576x1024-1\"\/><\/div><div class=\"vls-gf-overlay\"><\/div><\/figure><figure class=\"vls-gf-560 vls-gf-init\" data-vls-gf-thumbnail-width=\"473\" data-vls-gf-thumbnail-height=\"800\"><a class=\"vls-gf-main\" href=\"https:\/\/luxtehnika.ee\/wp-content\/gf-uploads\/2020\/09\/lk00113cr-imagehd-605x1024-1.png\" data-caption=\"lk00113cr-imagehd-605x1024-1\" data-description=\"\"><\/a><div class=\"vls-gf-img\"><img src=\"https:\/\/luxtehnika.ee\/wp-content\/gf-uploads\/2020\/09\/preview-m\/lk00113cr-imagehd-605x1024-1-0.png?t=1601310530\" title=\"lk00113cr-imagehd-605x1024-1\"\/><\/div><div class=\"vls-gf-overlay\"><\/div><\/figure><figure class=\"vls-gf-561 vls-gf-init\" data-vls-gf-thumbnail-width=\"459\" data-vls-gf-thumbnail-height=\"800\"><a class=\"vls-gf-main\" href=\"https:\/\/luxtehnika.ee\/wp-content\/gf-uploads\/2020\/09\/lp90713cr-imagehd-587x1024-1.png\" data-caption=\"lp90713cr-imagehd-587x1024-1\" data-description=\"\"><\/a><div class=\"vls-gf-img\"><img src=\"https:\/\/luxtehnika.ee\/wp-content\/gf-uploads\/2020\/09\/preview-m\/lp90713cr-imagehd-587x1024-1-0.png?t=1601310533\" title=\"lp90713cr-imagehd-587x1024-1\"\/><\/div><div class=\"vls-gf-overlay\"><\/div><\/figure><figure class=\"vls-gf-562 vls-gf-init\" data-vls-gf-thumbnail-width=\"572\" data-vls-gf-thumbnail-height=\"800\"><a class=\"vls-gf-main\" href=\"https:\/\/luxtehnika.ee\/wp-content\/gf-uploads\/2020\/09\/mi102713cr-imagehd-732x1024-1.png\" data-caption=\"mi102713cr-imagehd-732x1024-1\" data-description=\"\"><\/a><div class=\"vls-gf-img\"><img src=\"https:\/\/luxtehnika.ee\/wp-content\/gf-uploads\/2020\/09\/preview-m\/mi102713cr-imagehd-732x1024-1-0.png?t=1601310536\" title=\"mi102713cr-imagehd-732x1024-1\"\/><\/div><div class=\"vls-gf-overlay\"><\/div><\/figure><figure class=\"vls-gf-563 vls-gf-init\" data-vls-gf-thumbnail-width=\"321\" data-vls-gf-thumbnail-height=\"800\"><a class=\"vls-gf-main\" href=\"https:\/\/luxtehnika.ee\/wp-content\/gf-uploads\/2020\/09\/pl00123cr-imagehd-411x1024-1.png\" data-caption=\"pl00123cr-imagehd-411x1024-1\" data-description=\"\"><\/a><div class=\"vls-gf-img\"><img src=\"https:\/\/luxtehnika.ee\/wp-content\/gf-uploads\/2020\/09\/preview-m\/pl00123cr-imagehd-411x1024-1-0.png?t=1601310538\" title=\"pl00123cr-imagehd-411x1024-1\"\/><\/div><div class=\"vls-gf-overlay\"><\/div><\/figure><figure class=\"vls-gf-564 vls-gf-init\" data-vls-gf-thumbnail-width=\"598\" data-vls-gf-thumbnail-height=\"800\"><a class=\"vls-gf-main\" href=\"https:\/\/luxtehnika.ee\/wp-content\/gf-uploads\/2020\/09\/rx00113cr-imagehd-765x1024-1.png\" data-caption=\"rx00113cr-imagehd-765x1024-1\" data-description=\"\"><\/a><div class=\"vls-gf-img\"><img src=\"https:\/\/luxtehnika.ee\/wp-content\/gf-uploads\/2020\/09\/preview-m\/rx00113cr-imagehd-765x1024-1-0.png?t=1601310541\" title=\"rx00113cr-imagehd-765x1024-1\"\/><\/div><div class=\"vls-gf-overlay\"><\/div><\/figure><figure class=\"vls-gf-565 vls-gf-init\" data-vls-gf-thumbnail-width=\"572\" data-vls-gf-thumbnail-height=\"800\"><a class=\"vls-gf-main\" href=\"https:\/\/luxtehnika.ee\/wp-content\/gf-uploads\/2020\/09\/sf00713cr-imagehd-732x1024-1.png\" data-caption=\"sf00713cr-imagehd-732x1024-1\" data-description=\"\"><\/a><div class=\"vls-gf-img\"><img src=\"https:\/\/luxtehnika.ee\/wp-content\/gf-uploads\/2020\/09\/preview-m\/sf00713cr-imagehd-732x1024-1-0.png?t=1601310544\" title=\"sf00713cr-imagehd-732x1024-1\"\/><\/div><div class=\"vls-gf-overlay\"><\/div><\/figure><figure class=\"vls-gf-566 vls-gf-init\" data-vls-gf-thumbnail-width=\"721\" data-vls-gf-thumbnail-height=\"800\"><a class=\"vls-gf-main\" href=\"https:\/\/luxtehnika.ee\/wp-content\/gf-uploads\/2020\/09\/sn00713cr-imagehd-923x1024-1.png\" data-caption=\"sn00713cr-imagehd-923x1024-1\" data-description=\"\"><\/a><div class=\"vls-gf-img\"><img src=\"https:\/\/luxtehnika.ee\/wp-content\/gf-uploads\/2020\/09\/preview-m\/sn00713cr-imagehd-923x1024-1-0.png?t=1601310549\" title=\"sn00713cr-imagehd-923x1024-1\"\/><\/div><div class=\"vls-gf-overlay\"><\/div><\/figure><figure class=\"vls-gf-567 vls-gf-init\" data-vls-gf-thumbnail-width=\"405\" data-vls-gf-thumbnail-height=\"800\"><a class=\"vls-gf-main\" href=\"https:\/\/luxtehnika.ee\/wp-content\/gf-uploads\/2020\/09\/tw00113cr-imagehd-518x1024-1.png\" data-caption=\"tw00113cr-imagehd-518x1024-1\" data-description=\"\"><\/a><div class=\"vls-gf-img\"><img src=\"https:\/\/luxtehnika.ee\/wp-content\/gf-uploads\/2020\/09\/preview-m\/tw00113cr-imagehd-518x1024-1-0.png?t=1601310550\" title=\"tw00113cr-imagehd-518x1024-1\"\/><\/div><div class=\"vls-gf-overlay\"><\/div><\/figure><figure class=\"vls-gf-568 vls-gf-init\" data-vls-gf-thumbnail-width=\"566\" data-vls-gf-thumbnail-height=\"800\"><a class=\"vls-gf-main\" href=\"https:\/\/luxtehnika.ee\/wp-content\/gf-uploads\/2020\/09\/up94713cr-imagehd-725x1024-1.png\" data-caption=\"up94713cr-imagehd-725x1024-1\" data-description=\"\"><\/a><div class=\"vls-gf-img\"><img src=\"https:\/\/luxtehnika.ee\/wp-content\/gf-uploads\/2020\/09\/preview-m\/up94713cr-imagehd-725x1024-1-0.png?t=1601310554\" title=\"up94713cr-imagehd-725x1024-1\"\/><\/div><div class=\"vls-gf-overlay\"><\/div><\/figure><figure class=\"vls-gf-569 vls-gf-init\" data-vls-gf-thumbnail-width=\"800\" data-vls-gf-thumbnail-height=\"665\"><a class=\"vls-gf-main\" href=\"https:\/\/luxtehnika.ee\/wp-content\/gf-uploads\/2020\/09\/vv103110cr-imagehd-1024x851-1.png\" data-caption=\"vv103110cr-imagehd-1024x851-1\" data-description=\"\"><\/a><div class=\"vls-gf-img\"><img src=\"https:\/\/luxtehnika.ee\/wp-content\/gf-uploads\/2020\/09\/preview-m\/vv103110cr-imagehd-1024x851-1-0.png?t=1601310558\" title=\"vv103110cr-imagehd-1024x851-1\"\/><\/div><div class=\"vls-gf-overlay\"><\/div><\/figure><figure class=\"vls-gf-570 vls-gf-init\" data-vls-gf-thumbnail-width=\"466\" data-vls-gf-thumbnail-height=\"800\"><a class=\"vls-gf-main\" href=\"https:\/\/luxtehnika.ee\/wp-content\/gf-uploads\/2020\/09\/vv103113cr-imagehd-596x1024-1.png\" data-caption=\"vv103113cr-imagehd-596x1024-1\" data-description=\"\"><\/a><div class=\"vls-gf-img\"><img src=\"https:\/\/luxtehnika.ee\/wp-content\/gf-uploads\/2020\/09\/preview-m\/vv103113cr-imagehd-596x1024-1-0.png?t=1601310561\" title=\"vv103113cr-imagehd-596x1024-1\"\/><\/div><div class=\"vls-gf-overlay\"><\/div><\/figure><figure class=\"vls-gf-571 vls-gf-init\" data-vls-gf-thumbnail-width=\"738\" data-vls-gf-thumbnail-height=\"800\"><a class=\"vls-gf-main\" href=\"https:\/\/luxtehnika.ee\/wp-content\/gf-uploads\/2020\/09\/vv103118_1cr-imagehd-944x1024-1.png\" data-caption=\"vv103118_1cr-imagehd-944x1024-1\" data-description=\"\"><\/a><div class=\"vls-gf-img\"><img src=\"https:\/\/luxtehnika.ee\/wp-content\/gf-uploads\/2020\/09\/preview-m\/vv103118_1cr-imagehd-944x1024-1-0.png?t=1601310567\" title=\"vv103118_1cr-imagehd-944x1024-1\"\/><\/div><div class=\"vls-gf-overlay\"><\/div><\/figure><figure class=\"vls-gf-572 vls-gf-init\" data-vls-gf-thumbnail-width=\"749\" data-vls-gf-thumbnail-height=\"800\"><a class=\"vls-gf-main\" href=\"https:\/\/luxtehnika.ee\/wp-content\/gf-uploads\/2020\/09\/vv103119_1cr-imagehd-959x1024-1.png\" data-caption=\"vv103119_1cr-imagehd-959x1024-1\" data-description=\"\"><\/a><div class=\"vls-gf-img\"><img src=\"https:\/\/luxtehnika.ee\/wp-content\/gf-uploads\/2020\/09\/preview-m\/vv103119_1cr-imagehd-959x1024-1-0.png?t=1601310574\" title=\"vv103119_1cr-imagehd-959x1024-1\"\/><\/div><div class=\"vls-gf-overlay\"><\/div><\/figure><figure class=\"vls-gf-573 vls-gf-init\" data-vls-gf-thumbnail-width=\"765\" data-vls-gf-thumbnail-height=\"800\"><a class=\"vls-gf-main\" href=\"https:\/\/luxtehnika.ee\/wp-content\/gf-uploads\/2020\/09\/vv103130cr-imagehd-979x1024-1.png\" data-caption=\"vv103130cr-imagehd-979x1024-1\" data-description=\"\"><\/a><div class=\"vls-gf-img\"><img src=\"https:\/\/luxtehnika.ee\/wp-content\/gf-uploads\/2020\/09\/preview-m\/vv103130cr-imagehd-979x1024-1-0.png?t=1601310581\" title=\"vv103130cr-imagehd-979x1024-1\"\/><\/div><div class=\"vls-gf-overlay\"><\/div><\/figure><figure class=\"vls-gf-574 vls-gf-init\" data-vls-gf-thumbnail-width=\"502\" data-vls-gf-thumbnail-height=\"800\"><a class=\"vls-gf-main\" href=\"https:\/\/luxtehnika.ee\/wp-content\/gf-uploads\/2020\/09\/zm00113_1cr-imagehd-642x1024-1.png\" data-caption=\"zm00113_1cr-imagehd-642x1024-1\" data-description=\"\"><\/a><div class=\"vls-gf-img\"><img src=\"https:\/\/luxtehnika.ee\/wp-content\/gf-uploads\/2020\/09\/preview-m\/zm00113_1cr-imagehd-642x1024-1-0.png?t=1601310584\" title=\"zm00113_1cr-imagehd-642x1024-1\"\/><\/div><div class=\"vls-gf-overlay\"><\/div><\/figure><\/div><\/div><\/div>\n<div class=\"vls-gf-field-pills\"><\/div>\n","protected":false},"excerpt":{"rendered":"<p>NOBILI on EL territooriumi suurim itaallaste asutatud sanitaartehnika kontsern. Selle koosseisu kuulub k\u00fcmneid ettev\u00f5tteid, nende hulgas ka 1982. aastal asutatud STELLA. \u00dcle 5 miljoni segisti aastas (k\u00f5ige ekstravagantsematest harilikeni) peavad rahuldama iga kliendi soovi. \u00dchehoovalised ja v\u00e4ljat\u00f5mmatava voolikuga, modernesed ja retrostiilis, messing ja nikkel \u2013 need segistid annavad viimistletud ja v\u00e4ljapeetud ilme igale valamule. NOBILI laboratooriumites kontrollitakse iga p\u00e4ev metallide kvaliteeti, keermete vastupidavust ning kassettide keraamiliste plaatide tugevust. Sellele t\u00f6\u00f6le antud tunnustuseks on 8 tehnoloogilise efektiivsuse alast patenti.<\/p>\n<p><a href=\"http:\/\/www.grupponobili.it\" target=\"_blank\" rel=\"noopener noreferrer\">Minge veebisaidile<\/a><\/p>\n<div id=\"gtx-trans\" style=\"position: absolute; left: -5px; top: 198.143px;\">\n<div class=\"gtx-trans-icon\"><\/div>\n<\/div>\n","protected":false},"featured_media":98,"template":"","meta":[],"_links":{"self":[{"href":"https:\/\/luxtehnika.ee\/et\/wp-json\/wp\/v2\/product\/97"}],"collection":[{"href":"https:\/\/luxtehnika.ee\/et\/wp-json\/wp\/v2\/product"}],"about":[{"href":"https:\/\/luxtehnika.ee\/et\/wp-json\/wp\/v2\/types\/product"}],"wp:featuredmedia":[{"embeddable":true,"href":"https:\/\/luxtehnika.ee\/et\/wp-json\/wp\/v2\/media\/98"}],"wp:attachment":[{"href":"https:\/\/luxtehnika.ee\/et\/wp-json\/wp\/v2\/media?parent=97"}],"curies":[{"name":"wp","href":"https:\/\/api.w.org\/{rel}","templated":true}]}}