{"id":95,"date":"2020-09-30T12:22:35","date_gmt":"2020-09-30T10:22:35","guid":{"rendered":"https:\/\/luxtehnika.ee\/en\/?post_type=product&#038;p=95"},"modified":"2020-10-29T12:25:03","modified_gmt":"2020-10-29T10:25:03","slug":"bugnatese","status":"publish","type":"product","link":"https:\/\/luxtehnika.ee\/et\/brand\/bugnatese\/","title":{"rendered":"Bugnatese"},"content":{"rendered":"<div class=\"vls-gf-field-ro\"><div class=\"vls-gf-gallery vls-gf-157 vls-gf-style-light vls-gf-style-none\" data-vls-gf-layout='{\"layout_type\":\"masonry-v\",\"column_count\":4,\"column_count_xs\":1,\"aspect_ratio\":1,\"horizontal_spacing\":4,\"vertical_spacing\":4,\"align_bottom\":false,\"pagination_type\":\"none\",\"page_size\":0}' data-vls-gf-settings='{\"pagination_type\":\"none\"}'><style type=\"text\/css\">.vls-gf-157 figure a.vls-gf-main{display:block;position:absolute;top:0;bottom:0;left:0;right:0;opacity:0;z-index:90;}.vls-gf-157 figure .vls-gf-overlay{position:absolute;background-color:rgba(255, 255, 255, 0.3);left:0;right:0;top:0;bottom:0;opacity:0;z-index:10;transition:opacity 600ms ease;}.vls-gf-157 figure:hover .vls-gf-overlay{opacity:1;}<\/style><div class=\"vls-gf-container\"><figure class=\"vls-gf-158 vls-gf-init\" data-vls-gf-thumbnail-width=\"640\" data-vls-gf-thumbnail-height=\"350\"><a class=\"vls-gf-main\" href=\"https:\/\/luxtehnika.ee\/wp-content\/gf-uploads\/2020\/09\/accessori-640x350-1.jpg\" data-caption=\"accessori-640x350-1\" data-description=\"\"><\/a><div class=\"vls-gf-img\"><img src=\"https:\/\/luxtehnika.ee\/wp-content\/gf-uploads\/2020\/09\/preview-m\/accessori-640x350-1-0.jpg?t=1601305257\" title=\"accessori-640x350-1\"\/><\/div><div class=\"vls-gf-overlay\"><\/div><\/figure><figure class=\"vls-gf-159 vls-gf-init\" data-vls-gf-thumbnail-width=\"640\" data-vls-gf-thumbnail-height=\"350\"><a class=\"vls-gf-main\" href=\"https:\/\/luxtehnika.ee\/wp-content\/gf-uploads\/2020\/09\/action-principale-640x350-1.jpg\" data-caption=\"action-principale-640x350-1\" data-description=\"\"><\/a><div class=\"vls-gf-img\"><img src=\"https:\/\/luxtehnika.ee\/wp-content\/gf-uploads\/2020\/09\/preview-m\/action-principale-640x350-1-0.jpg?t=1601305259\" title=\"action-principale-640x350-1\"\/><\/div><div class=\"vls-gf-overlay\"><\/div><\/figure><figure class=\"vls-gf-160 vls-gf-init\" data-vls-gf-thumbnail-width=\"640\" data-vls-gf-thumbnail-height=\"350\"><a class=\"vls-gf-main\" href=\"https:\/\/luxtehnika.ee\/wp-content\/gf-uploads\/2020\/09\/axo-principale-640x350-1.jpg\" data-caption=\"axo-principale-640x350-1\" data-description=\"\"><\/a><div class=\"vls-gf-img\"><img src=\"https:\/\/luxtehnika.ee\/wp-content\/gf-uploads\/2020\/09\/preview-m\/axo-principale-640x350-1-0.jpg?t=1601305260\" title=\"axo-principale-640x350-1\"\/><\/div><div class=\"vls-gf-overlay\"><\/div><\/figure><figure class=\"vls-gf-161 vls-gf-init\" data-vls-gf-thumbnail-width=\"640\" data-vls-gf-thumbnail-height=\"350\"><a class=\"vls-gf-main\" href=\"https:\/\/luxtehnika.ee\/wp-content\/gf-uploads\/2020\/09\/century-principale-640x350-1.jpg\" data-caption=\"century-principale-640x350-1\" data-description=\"\"><\/a><div class=\"vls-gf-img\"><img src=\"https:\/\/luxtehnika.ee\/wp-content\/gf-uploads\/2020\/09\/preview-m\/century-principale-640x350-1-0.jpg?t=1601305261\" title=\"century-principale-640x350-1\"\/><\/div><div class=\"vls-gf-overlay\"><\/div><\/figure><figure class=\"vls-gf-162 vls-gf-init\" data-vls-gf-thumbnail-width=\"640\" data-vls-gf-thumbnail-height=\"350\"><a class=\"vls-gf-main\" href=\"https:\/\/luxtehnika.ee\/wp-content\/gf-uploads\/2020\/09\/complementi-minimalista-principale-640x350-1.jpg\" data-caption=\"complementi-minimalista-principale-640x350-1\" data-description=\"\"><\/a><div class=\"vls-gf-img\"><img src=\"https:\/\/luxtehnika.ee\/wp-content\/gf-uploads\/2020\/09\/preview-m\/complementi-minimalista-principale-640x350-1-0.jpg?t=1601305262\" title=\"complementi-minimalista-principale-640x350-1\"\/><\/div><div class=\"vls-gf-overlay\"><\/div><\/figure><figure class=\"vls-gf-163 vls-gf-init\" data-vls-gf-thumbnail-width=\"640\" data-vls-gf-thumbnail-height=\"350\"><a class=\"vls-gf-main\" href=\"https:\/\/luxtehnika.ee\/wp-content\/gf-uploads\/2020\/09\/cucina-principale-640x350-1.jpg\" data-caption=\"cucina-principale-640x350-1\" data-description=\"\"><\/a><div class=\"vls-gf-img\"><img src=\"https:\/\/luxtehnika.ee\/wp-content\/gf-uploads\/2020\/09\/preview-m\/cucina-principale-640x350-1-0.jpg?t=1601305263\" title=\"cucina-principale-640x350-1\"\/><\/div><div class=\"vls-gf-overlay\"><\/div><\/figure><figure class=\"vls-gf-164 vls-gf-init\" data-vls-gf-thumbnail-width=\"640\" data-vls-gf-thumbnail-height=\"350\"><a class=\"vls-gf-main\" href=\"https:\/\/luxtehnika.ee\/wp-content\/gf-uploads\/2020\/09\/denver-principale-640x350-1.jpg\" data-caption=\"denver-principale-640x350-1\" data-description=\"\"><\/a><div class=\"vls-gf-img\"><img src=\"https:\/\/luxtehnika.ee\/wp-content\/gf-uploads\/2020\/09\/preview-m\/denver-principale-640x350-1-0.jpg?t=1601305265\" title=\"denver-principale-640x350-1\"\/><\/div><div class=\"vls-gf-overlay\"><\/div><\/figure><figure class=\"vls-gf-165 vls-gf-init\" data-vls-gf-thumbnail-width=\"640\" data-vls-gf-thumbnail-height=\"350\"><a class=\"vls-gf-main\" href=\"https:\/\/luxtehnika.ee\/wp-content\/gf-uploads\/2020\/09\/flat-principale-640x350-1.jpg\" data-caption=\"flat-principale-640x350-1\" data-description=\"\"><\/a><div class=\"vls-gf-img\"><img src=\"https:\/\/luxtehnika.ee\/wp-content\/gf-uploads\/2020\/09\/preview-m\/flat-principale-640x350-1-0.jpg?t=1601305266\" title=\"flat-principale-640x350-1\"\/><\/div><div class=\"vls-gf-overlay\"><\/div><\/figure><figure class=\"vls-gf-166 vls-gf-init\" data-vls-gf-thumbnail-width=\"640\" data-vls-gf-thumbnail-height=\"350\"><a class=\"vls-gf-main\" href=\"https:\/\/luxtehnika.ee\/wp-content\/gf-uploads\/2020\/09\/inside-principale1-640x350-1.jpg\" data-caption=\"inside-principale1-640x350-1\" data-description=\"\"><\/a><div class=\"vls-gf-img\"><img src=\"https:\/\/luxtehnika.ee\/wp-content\/gf-uploads\/2020\/09\/preview-m\/inside-principale1-640x350-1-0.jpg?t=1601305267\" title=\"inside-principale1-640x350-1\"\/><\/div><div class=\"vls-gf-overlay\"><\/div><\/figure><figure class=\"vls-gf-167 vls-gf-init\" data-vls-gf-thumbnail-width=\"640\" data-vls-gf-thumbnail-height=\"350\"><a class=\"vls-gf-main\" href=\"https:\/\/luxtehnika.ee\/wp-content\/gf-uploads\/2020\/09\/oxford-principale-640x350-1.jpg\" data-caption=\"oxford-principale-640x350-1\" data-description=\"\"><\/a><div class=\"vls-gf-img\"><img src=\"https:\/\/luxtehnika.ee\/wp-content\/gf-uploads\/2020\/09\/preview-m\/oxford-principale-640x350-1-0.jpg?t=1601305268\" title=\"oxford-principale-640x350-1\"\/><\/div><div class=\"vls-gf-overlay\"><\/div><\/figure><figure class=\"vls-gf-168 vls-gf-init\" data-vls-gf-thumbnail-width=\"640\" data-vls-gf-thumbnail-height=\"350\"><a class=\"vls-gf-main\" href=\"https:\/\/luxtehnika.ee\/wp-content\/gf-uploads\/2020\/09\/planet-principale-640x350-1.jpg\" data-caption=\"planet-principale-640x350-1\" data-description=\"\"><\/a><div class=\"vls-gf-img\"><img src=\"https:\/\/luxtehnika.ee\/wp-content\/gf-uploads\/2020\/09\/preview-m\/planet-principale-640x350-1-0.jpg?t=1601305269\" title=\"planet-principale-640x350-1\"\/><\/div><div class=\"vls-gf-overlay\"><\/div><\/figure><figure class=\"vls-gf-169 vls-gf-init\" data-vls-gf-thumbnail-width=\"640\" data-vls-gf-thumbnail-height=\"350\"><a class=\"vls-gf-main\" href=\"https:\/\/luxtehnika.ee\/wp-content\/gf-uploads\/2020\/09\/revival-principale-640x350-1.jpg\" data-caption=\"revival-principale-640x350-1\" data-description=\"\"><\/a><div class=\"vls-gf-img\"><img src=\"https:\/\/luxtehnika.ee\/wp-content\/gf-uploads\/2020\/09\/preview-m\/revival-principale-640x350-1-0.jpg?t=1601305270\" title=\"revival-principale-640x350-1\"\/><\/div><div class=\"vls-gf-overlay\"><\/div><\/figure><figure class=\"vls-gf-170 vls-gf-init\" data-vls-gf-thumbnail-width=\"640\" data-vls-gf-thumbnail-height=\"350\"><a class=\"vls-gf-main\" href=\"https:\/\/luxtehnika.ee\/wp-content\/gf-uploads\/2020\/09\/rubinetteria_bugnatese_complemento_tondo-64.jpg\" data-caption=\"rubinetteria_bugnatese_complemento_tondo-64\" data-description=\"\"><\/a><div class=\"vls-gf-img\"><img src=\"https:\/\/luxtehnika.ee\/wp-content\/gf-uploads\/2020\/09\/preview-m\/rubinetteria_bugnatese_complemento_tondo-64-0.jpg?t=1601305271\" title=\"rubinetteria_bugnatese_complemento_tondo-64\"\/><\/div><div class=\"vls-gf-overlay\"><\/div><\/figure><figure class=\"vls-gf-171 vls-gf-init\" data-vls-gf-thumbnail-width=\"640\" data-vls-gf-thumbnail-height=\"350\"><a class=\"vls-gf-main\" href=\"https:\/\/luxtehnika.ee\/wp-content\/gf-uploads\/2020\/09\/rubinetteria_bugnatese_complemento_tradizio.jpg\" data-caption=\"rubinetteria_bugnatese_complemento_tradizio\" data-description=\"\"><\/a><div class=\"vls-gf-img\"><img src=\"https:\/\/luxtehnika.ee\/wp-content\/gf-uploads\/2020\/09\/preview-m\/rubinetteria_bugnatese_complemento_tradizio-0.jpg?t=1601305272\" title=\"rubinetteria_bugnatese_complemento_tradizio\"\/><\/div><div class=\"vls-gf-overlay\"><\/div><\/figure><figure class=\"vls-gf-172 vls-gf-init\" data-vls-gf-thumbnail-width=\"640\" data-vls-gf-thumbnail-height=\"350\"><a class=\"vls-gf-main\" href=\"https:\/\/luxtehnika.ee\/wp-content\/gf-uploads\/2020\/09\/rubinetteria_bugnatese_venus-640x350-1.jpg\" data-caption=\"rubinetteria_bugnatese_venus-640x350-1\" data-description=\"\"><\/a><div class=\"vls-gf-img\"><img src=\"https:\/\/luxtehnika.ee\/wp-content\/gf-uploads\/2020\/09\/preview-m\/rubinetteria_bugnatese_venus-640x350-1-0.jpg?t=1601305273\" title=\"rubinetteria_bugnatese_venus-640x350-1\"\/><\/div><div class=\"vls-gf-overlay\"><\/div><\/figure><figure class=\"vls-gf-173 vls-gf-init\" data-vls-gf-thumbnail-width=\"640\" data-vls-gf-thumbnail-height=\"350\"><a class=\"vls-gf-main\" href=\"https:\/\/luxtehnika.ee\/wp-content\/gf-uploads\/2020\/09\/smart-principale1-640x350-1.jpg\" data-caption=\"smart-principale1-640x350-1\" data-description=\"\"><\/a><div class=\"vls-gf-img\"><img src=\"https:\/\/luxtehnika.ee\/wp-content\/gf-uploads\/2020\/09\/preview-m\/smart-principale1-640x350-1-0.jpg?t=1601305274\" title=\"smart-principale1-640x350-1\"\/><\/div><div class=\"vls-gf-overlay\"><\/div><\/figure><figure class=\"vls-gf-174 vls-gf-init\" data-vls-gf-thumbnail-width=\"640\" data-vls-gf-thumbnail-height=\"350\"><a class=\"vls-gf-main\" href=\"https:\/\/luxtehnika.ee\/wp-content\/gf-uploads\/2020\/09\/stone-principale-640x350-1.jpg\" data-caption=\"stone-principale-640x350-1\" data-description=\"\"><\/a><div class=\"vls-gf-img\"><img src=\"https:\/\/luxtehnika.ee\/wp-content\/gf-uploads\/2020\/09\/preview-m\/stone-principale-640x350-1-0.jpg?t=1601305275\" title=\"stone-principale-640x350-1\"\/><\/div><div class=\"vls-gf-overlay\"><\/div><\/figure><figure class=\"vls-gf-175 vls-gf-init\" data-vls-gf-thumbnail-width=\"640\" data-vls-gf-thumbnail-height=\"350\"><a class=\"vls-gf-main\" href=\"https:\/\/luxtehnika.ee\/wp-content\/gf-uploads\/2020\/09\/toby-principale-640x350-1.jpg\" data-caption=\"toby-principale-640x350-1\" data-description=\"\"><\/a><div class=\"vls-gf-img\"><img src=\"https:\/\/luxtehnika.ee\/wp-content\/gf-uploads\/2020\/09\/preview-m\/toby-principale-640x350-1-0.jpg?t=1601305276\" title=\"toby-principale-640x350-1\"\/><\/div><div class=\"vls-gf-overlay\"><\/div><\/figure><figure class=\"vls-gf-176 vls-gf-init\" data-vls-gf-thumbnail-width=\"640\" data-vls-gf-thumbnail-height=\"350\"><a class=\"vls-gf-main\" href=\"https:\/\/luxtehnika.ee\/wp-content\/gf-uploads\/2020\/09\/vintage-principale1-640x350-1.jpg\" data-caption=\"vintage-principale1-640x350-1\" data-description=\"\"><\/a><div class=\"vls-gf-img\"><img src=\"https:\/\/luxtehnika.ee\/wp-content\/gf-uploads\/2020\/09\/preview-m\/vintage-principale1-640x350-1-0.jpg?t=1601305277\" title=\"vintage-principale1-640x350-1\"\/><\/div><div class=\"vls-gf-overlay\"><\/div><\/figure><figure class=\"vls-gf-177 vls-gf-init\" data-vls-gf-thumbnail-width=\"640\" data-vls-gf-thumbnail-height=\"350\"><a class=\"vls-gf-main\" href=\"https:\/\/luxtehnika.ee\/wp-content\/gf-uploads\/2020\/09\/xara-principale-640x350-1.jpg\" data-caption=\"xara-principale-640x350-1\" data-description=\"\"><\/a><div class=\"vls-gf-img\"><img src=\"https:\/\/luxtehnika.ee\/wp-content\/gf-uploads\/2020\/09\/preview-m\/xara-principale-640x350-1-0.jpg?t=1601305278\" title=\"xara-principale-640x350-1\"\/><\/div><div class=\"vls-gf-overlay\"><\/div><\/figure><\/div><\/div><\/div>\n<div class=\"vls-gf-field-pills\"><\/div>\n","protected":false},"excerpt":{"rendered":"<p>BUGNATESE \u2013 itaalia santehnika br\u00e4nd, mis loodi aastal 1950. Ja suunda muutmata ollakse spetsialiseerunud eliitklassi k\u00f6\u00f6gi- \u00a0ja vannitoasegistitele ning bideedele. BUGNATESE segistid \u2013 need ei ole lihtsalt kraanid, kust vett voolab. Need on kunstiteosed, mida tahad kauemgi nautida. Stiilidest domineerivad retro, barokk, high-tech ja klassika, viimistluses kroom, nikkel, kuld, vask v\u00f5i Toscana pronks \u2013 me r\u00e4\u00e4gime segistitest, mitte muuseumieksponaatidest! Nende sisu on teadagi t\u00e4iuslik nagu v\u00e4lisvormgi (k\u00f5rge kvaliteediga materjal, palju kasulikke \u00fcksikkohti sisseehitatud filtrite ja lisaklappide n\u00e4ol), mis on kinnitatud kvaliteedi garantiisertifikaatidega. BUGNATESE segistid on kenad silmale, m\u00f5nusad kasutajale.<\/p>\n<p><a href=\"https:\/\/bugnatese.com\/it\/\" target=\"_blank\" rel=\"noopener noreferrer\">Minge veebisaidile<\/a><\/p>\n<div id=\"gtx-trans\" style=\"position: absolute; left: -24px; top: 198.143px;\">\n<div class=\"gtx-trans-icon\"><\/div>\n<\/div>\n","protected":false},"featured_media":96,"template":"","meta":[],"_links":{"self":[{"href":"https:\/\/luxtehnika.ee\/et\/wp-json\/wp\/v2\/product\/95"}],"collection":[{"href":"https:\/\/luxtehnika.ee\/et\/wp-json\/wp\/v2\/product"}],"about":[{"href":"https:\/\/luxtehnika.ee\/et\/wp-json\/wp\/v2\/types\/product"}],"wp:featuredmedia":[{"embeddable":true,"href":"https:\/\/luxtehnika.ee\/et\/wp-json\/wp\/v2\/media\/96"}],"wp:attachment":[{"href":"https:\/\/luxtehnika.ee\/et\/wp-json\/wp\/v2\/media?parent=95"}],"curies":[{"name":"wp","href":"https:\/\/api.w.org\/{rel}","templated":true}]}}