{"id":93,"date":"2020-09-30T12:19:18","date_gmt":"2020-09-30T10:19:18","guid":{"rendered":"https:\/\/luxtehnika.ee\/en\/?post_type=product&#038;p=93"},"modified":"2020-10-29T12:24:38","modified_gmt":"2020-10-29T10:24:38","slug":"blanco","status":"publish","type":"product","link":"https:\/\/luxtehnika.ee\/et\/brand\/blanco\/","title":{"rendered":"Blanco"},"content":{"rendered":"<div class=\"vls-gf-field-ro\"><div class=\"vls-gf-gallery vls-gf-103 vls-gf-style-light vls-gf-style-none\" data-vls-gf-layout='{\"layout_type\":\"masonry-v\",\"column_count\":4,\"column_count_xs\":1,\"aspect_ratio\":1,\"horizontal_spacing\":4,\"vertical_spacing\":4,\"align_bottom\":false,\"pagination_type\":\"none\",\"page_size\":0}' data-vls-gf-settings='{\"pagination_type\":\"none\"}'><style type=\"text\/css\">.vls-gf-103 figure a.vls-gf-main{display:block;position:absolute;top:0;bottom:0;left:0;right:0;opacity:0;z-index:90;}.vls-gf-103 figure .vls-gf-overlay{position:absolute;background-color:rgba(255, 255, 255, 0.3);left:0;right:0;top:0;bottom:0;opacity:0;z-index:10;transition:opacity 600ms ease;}.vls-gf-103 figure:hover .vls-gf-overlay{opacity:1;}<\/style><div class=\"vls-gf-container\"><figure class=\"vls-gf-104 vls-gf-init\" data-vls-gf-thumbnail-width=\"371\" data-vls-gf-thumbnail-height=\"258\"><a class=\"vls-gf-main\" href=\"https:\/\/luxtehnika.ee\/wp-content\/gf-uploads\/2020\/09\/26.jpg\" data-caption=\"26\" data-description=\"\"><\/a><div class=\"vls-gf-img\"><img src=\"https:\/\/luxtehnika.ee\/wp-content\/gf-uploads\/2020\/09\/preview-m\/26-0.jpg?t=1601305028\" title=\"26\"\/><\/div><div class=\"vls-gf-overlay\"><\/div><\/figure><figure class=\"vls-gf-105 vls-gf-init\" data-vls-gf-thumbnail-width=\"371\" data-vls-gf-thumbnail-height=\"259\"><a class=\"vls-gf-main\" href=\"https:\/\/luxtehnika.ee\/wp-content\/gf-uploads\/2020\/09\/35.jpg\" data-caption=\"35\" data-description=\"\"><\/a><div class=\"vls-gf-img\"><img src=\"https:\/\/luxtehnika.ee\/wp-content\/gf-uploads\/2020\/09\/preview-m\/35-0.jpg?t=1601305029\" title=\"35\"\/><\/div><div class=\"vls-gf-overlay\"><\/div><\/figure><figure class=\"vls-gf-106 vls-gf-init\" data-vls-gf-thumbnail-width=\"371\" data-vls-gf-thumbnail-height=\"259\"><a class=\"vls-gf-main\" href=\"https:\/\/luxtehnika.ee\/wp-content\/gf-uploads\/2020\/09\/47.jpg\" data-caption=\"47\" data-description=\"\"><\/a><div class=\"vls-gf-img\"><img src=\"https:\/\/luxtehnika.ee\/wp-content\/gf-uploads\/2020\/09\/preview-m\/47-0.jpg?t=1601305030\" title=\"47\"\/><\/div><div class=\"vls-gf-overlay\"><\/div><\/figure><figure class=\"vls-gf-107 vls-gf-init\" data-vls-gf-thumbnail-width=\"346\" data-vls-gf-thumbnail-height=\"259\"><a class=\"vls-gf-main\" href=\"https:\/\/luxtehnika.ee\/wp-content\/gf-uploads\/2020\/09\/56.jpg\" data-caption=\"56\" data-description=\"\"><\/a><div class=\"vls-gf-img\"><img src=\"https:\/\/luxtehnika.ee\/wp-content\/gf-uploads\/2020\/09\/preview-m\/56-0.jpg?t=1601305032\" title=\"56\"\/><\/div><div class=\"vls-gf-overlay\"><\/div><\/figure><figure class=\"vls-gf-108 vls-gf-init\" data-vls-gf-thumbnail-width=\"371\" data-vls-gf-thumbnail-height=\"259\"><a class=\"vls-gf-main\" href=\"https:\/\/luxtehnika.ee\/wp-content\/gf-uploads\/2020\/09\/67.jpg\" data-caption=\"67\" data-description=\"\"><\/a><div class=\"vls-gf-img\"><img src=\"https:\/\/luxtehnika.ee\/wp-content\/gf-uploads\/2020\/09\/preview-m\/67-0.jpg?t=1601305033\" title=\"67\"\/><\/div><div class=\"vls-gf-overlay\"><\/div><\/figure><figure class=\"vls-gf-109 vls-gf-init\" data-vls-gf-thumbnail-width=\"371\" data-vls-gf-thumbnail-height=\"259\"><a class=\"vls-gf-main\" href=\"https:\/\/luxtehnika.ee\/wp-content\/gf-uploads\/2020\/09\/95.jpg\" data-caption=\"95\" data-description=\"\"><\/a><div class=\"vls-gf-img\"><img src=\"https:\/\/luxtehnika.ee\/wp-content\/gf-uploads\/2020\/09\/preview-m\/95-0.jpg?t=1601305034\" title=\"95\"\/><\/div><div class=\"vls-gf-overlay\"><\/div><\/figure><figure class=\"vls-gf-110 vls-gf-init\" data-vls-gf-thumbnail-width=\"371\" data-vls-gf-thumbnail-height=\"259\"><a class=\"vls-gf-main\" href=\"https:\/\/luxtehnika.ee\/wp-content\/gf-uploads\/2020\/09\/106.jpg\" data-caption=\"106\" data-description=\"\"><\/a><div class=\"vls-gf-img\"><img src=\"https:\/\/luxtehnika.ee\/wp-content\/gf-uploads\/2020\/09\/preview-m\/106-0.jpg?t=1601305035\" title=\"106\"\/><\/div><div class=\"vls-gf-overlay\"><\/div><\/figure><figure class=\"vls-gf-111 vls-gf-init\" data-vls-gf-thumbnail-width=\"371\" data-vls-gf-thumbnail-height=\"259\"><a class=\"vls-gf-main\" href=\"https:\/\/luxtehnika.ee\/wp-content\/gf-uploads\/2020\/09\/120.jpg\" data-caption=\"120\" data-description=\"\"><\/a><div class=\"vls-gf-img\"><img src=\"https:\/\/luxtehnika.ee\/wp-content\/gf-uploads\/2020\/09\/preview-m\/120-0.jpg?t=1601305036\" title=\"120\"\/><\/div><div class=\"vls-gf-overlay\"><\/div><\/figure><figure class=\"vls-gf-112 vls-gf-init\" data-vls-gf-thumbnail-width=\"564\" data-vls-gf-thumbnail-height=\"326\"><a class=\"vls-gf-main\" href=\"https:\/\/luxtehnika.ee\/wp-content\/gf-uploads\/2020\/09\/126.jpg\" data-caption=\"126\" data-description=\"\"><\/a><div class=\"vls-gf-img\"><img src=\"https:\/\/luxtehnika.ee\/wp-content\/gf-uploads\/2020\/09\/preview-m\/126-0.jpg?t=1601305038\" title=\"126\"\/><\/div><div class=\"vls-gf-overlay\"><\/div><\/figure><figure class=\"vls-gf-113 vls-gf-init\" data-vls-gf-thumbnail-width=\"800\" data-vls-gf-thumbnail-height=\"534\"><a class=\"vls-gf-main\" href=\"https:\/\/luxtehnika.ee\/wp-content\/gf-uploads\/2020\/09\/135-1024x683-1.jpg\" data-caption=\"135-1024x683-1\" data-description=\"\"><\/a><div class=\"vls-gf-img\"><img src=\"https:\/\/luxtehnika.ee\/wp-content\/gf-uploads\/2020\/09\/preview-m\/135-1024x683-1-0.jpg?t=1601305040\" title=\"135-1024x683-1\"\/><\/div><div class=\"vls-gf-overlay\"><\/div><\/figure><figure class=\"vls-gf-114 vls-gf-init\" data-vls-gf-thumbnail-width=\"800\" data-vls-gf-thumbnail-height=\"555\"><a class=\"vls-gf-main\" href=\"https:\/\/luxtehnika.ee\/wp-content\/gf-uploads\/2020\/09\/145.jpg\" data-caption=\"145\" data-description=\"\"><\/a><div class=\"vls-gf-img\"><img src=\"https:\/\/luxtehnika.ee\/wp-content\/gf-uploads\/2020\/09\/preview-m\/145-0.jpg?t=1601305043\" title=\"145\"\/><\/div><div class=\"vls-gf-overlay\"><\/div><\/figure><figure class=\"vls-gf-115 vls-gf-init\" data-vls-gf-thumbnail-width=\"800\" data-vls-gf-thumbnail-height=\"547\"><a class=\"vls-gf-main\" href=\"https:\/\/luxtehnika.ee\/wp-content\/gf-uploads\/2020\/09\/155.jpg\" data-caption=\"155\" data-description=\"\"><\/a><div class=\"vls-gf-img\"><img src=\"https:\/\/luxtehnika.ee\/wp-content\/gf-uploads\/2020\/09\/preview-m\/155-0.jpg?t=1601305046\" title=\"155\"\/><\/div><div class=\"vls-gf-overlay\"><\/div><\/figure><figure class=\"vls-gf-116 vls-gf-init\" data-vls-gf-thumbnail-width=\"700\" data-vls-gf-thumbnail-height=\"488\"><a class=\"vls-gf-main\" href=\"https:\/\/luxtehnika.ee\/wp-content\/gf-uploads\/2020\/09\/165.jpg\" data-caption=\"165\" data-description=\"\"><\/a><div class=\"vls-gf-img\"><img src=\"https:\/\/luxtehnika.ee\/wp-content\/gf-uploads\/2020\/09\/preview-m\/165-0.jpg?t=1601305047\" title=\"165\"\/><\/div><div class=\"vls-gf-overlay\"><\/div><\/figure><figure class=\"vls-gf-117 vls-gf-init\" data-vls-gf-thumbnail-width=\"371\" data-vls-gf-thumbnail-height=\"258\"><a class=\"vls-gf-main\" href=\"https:\/\/luxtehnika.ee\/wp-content\/gf-uploads\/2020\/09\/712.jpg\" data-caption=\"712\" data-description=\"\"><\/a><div class=\"vls-gf-img\"><img src=\"https:\/\/luxtehnika.ee\/wp-content\/gf-uploads\/2020\/09\/preview-m\/712-0.jpg?t=1601305048\" title=\"712\"\/><\/div><div class=\"vls-gf-overlay\"><\/div><\/figure><figure class=\"vls-gf-118 vls-gf-init\" data-vls-gf-thumbnail-width=\"371\" data-vls-gf-thumbnail-height=\"259\"><a class=\"vls-gf-main\" href=\"https:\/\/luxtehnika.ee\/wp-content\/gf-uploads\/2020\/09\/810.jpg\" data-caption=\"810\" data-description=\"\"><\/a><div class=\"vls-gf-img\"><img src=\"https:\/\/luxtehnika.ee\/wp-content\/gf-uploads\/2020\/09\/preview-m\/810-0.jpg?t=1601305049\" title=\"810\"\/><\/div><div class=\"vls-gf-overlay\"><\/div><\/figure><figure class=\"vls-gf-119 vls-gf-init\" data-vls-gf-thumbnail-width=\"755\" data-vls-gf-thumbnail-height=\"424\"><a class=\"vls-gf-main\" href=\"https:\/\/luxtehnika.ee\/wp-content\/gf-uploads\/2020\/09\/1111.jpg\" data-caption=\"1111\" data-description=\"\"><\/a><div class=\"vls-gf-img\"><img src=\"https:\/\/luxtehnika.ee\/wp-content\/gf-uploads\/2020\/09\/preview-m\/1111-0.jpg?t=1601305051\" title=\"1111\"\/><\/div><div class=\"vls-gf-overlay\"><\/div><\/figure><\/div><\/div><\/div>\n<div class=\"vls-gf-field-pills\"><\/div>\n","protected":false},"excerpt":{"rendered":"<p>BLANCO \u2013 1925 aastal asutas Henriy Blank Saksamaal k\u00f6\u00f6gisegisteid ja valamuid tootva ettev\u00f5tte. T\u00e4nasel p\u00e4eval toodab BLANCO k\u00f6\u00f6gisisustust, mille kvaliteeti hindavad k\u00f5rgelt kliendid enam kui 100 riigis. Valamud, segistid, pr\u00fcgiveskid, maitseainete anumad ja k\u00f5ikv\u00f5imalikud k\u00f6\u00f6gis vajalikud esemed on valmistatud v\u00e4ga tugevast materjalist \u2013 graniidist, metallist, keraamikast. BLANCO tooted aitavad luua mugava, stiilse ja pol\u00fcfunktsionaalse k\u00f6\u00f6gi ja eks see olegi p\u00f5hjuseks, miks BLANCO tooteid on p\u00e4rjatud IF Product Design Award, \u00fche disainerite poolt ihaldatuima auhinnaga. BLANCO toodete kvaliteet on vaieldamatult k\u00f5rge, hinnapoliitika aga paindlik \u2013 iga klient leiab selle, mis vastab tema soovidele.<\/p>\n<p><a href=\"https:\/\/www.blanco.com\/int-en\/\" target=\"_blank\" rel=\"noopener noreferrer\">Minge veebisaidile<\/a><\/p>\n<div id=\"gtx-trans\" style=\"position: absolute; left: -5px; top: 150.857px;\">\n<div class=\"gtx-trans-icon\"><\/div>\n<\/div>\n","protected":false},"featured_media":94,"template":"","meta":[],"_links":{"self":[{"href":"https:\/\/luxtehnika.ee\/et\/wp-json\/wp\/v2\/product\/93"}],"collection":[{"href":"https:\/\/luxtehnika.ee\/et\/wp-json\/wp\/v2\/product"}],"about":[{"href":"https:\/\/luxtehnika.ee\/et\/wp-json\/wp\/v2\/types\/product"}],"wp:featuredmedia":[{"embeddable":true,"href":"https:\/\/luxtehnika.ee\/et\/wp-json\/wp\/v2\/media\/94"}],"wp:attachment":[{"href":"https:\/\/luxtehnika.ee\/et\/wp-json\/wp\/v2\/media?parent=93"}],"curies":[{"name":"wp","href":"https:\/\/api.w.org\/{rel}","templated":true}]}}