{"id":91,"date":"2020-09-30T12:17:37","date_gmt":"2020-09-30T10:17:37","guid":{"rendered":"https:\/\/luxtehnika.ee\/en\/?post_type=product&#038;p=91"},"modified":"2020-10-23T11:00:18","modified_gmt":"2020-10-23T09:00:18","slug":"systemceram","status":"publish","type":"product","link":"https:\/\/luxtehnika.ee\/et\/brand\/systemceram\/","title":{"rendered":"Systemceram"},"content":{"rendered":"<div class=\"vls-gf-field-ro\"><div class=\"vls-gf-gallery vls-gf-873 vls-gf-style-light vls-gf-style-none\" data-vls-gf-layout='{\"layout_type\":\"masonry-v\",\"column_count\":4,\"column_count_xs\":1,\"aspect_ratio\":1,\"horizontal_spacing\":4,\"vertical_spacing\":4,\"align_bottom\":false,\"pagination_type\":\"none\",\"page_size\":0}' data-vls-gf-settings='{\"pagination_type\":\"none\"}'><style type=\"text\/css\">.vls-gf-873 figure a.vls-gf-main{display:block;position:absolute;top:0;bottom:0;left:0;right:0;opacity:0;z-index:90;}.vls-gf-873 figure .vls-gf-overlay{position:absolute;background-color:rgba(255, 255, 255, 0.3);left:0;right:0;top:0;bottom:0;opacity:0;z-index:10;transition:opacity 600ms ease;}.vls-gf-873 figure:hover .vls-gf-overlay{opacity:1;}<\/style><div class=\"vls-gf-container\"><figure class=\"vls-gf-874 vls-gf-init\" data-vls-gf-thumbnail-width=\"800\" data-vls-gf-thumbnail-height=\"412\"><a class=\"vls-gf-main\" href=\"https:\/\/luxtehnika.ee\/wp-content\/gf-uploads\/2020\/09\/90.jpg\" data-caption=\"90\" data-description=\"\"><\/a><div class=\"vls-gf-img\"><img src=\"https:\/\/luxtehnika.ee\/wp-content\/gf-uploads\/2020\/09\/preview-m\/90-0.jpg?t=1601313502\" title=\"90\"\/><\/div><div class=\"vls-gf-overlay\"><\/div><\/figure><figure class=\"vls-gf-875 vls-gf-init\" data-vls-gf-thumbnail-width=\"800\" data-vls-gf-thumbnail-height=\"496\"><a class=\"vls-gf-main\" href=\"https:\/\/luxtehnika.ee\/wp-content\/gf-uploads\/2020\/09\/100.jpg\" data-caption=\"100\" data-description=\"\"><\/a><div class=\"vls-gf-img\"><img src=\"https:\/\/luxtehnika.ee\/wp-content\/gf-uploads\/2020\/09\/preview-m\/100-0.jpg?t=1601313503\" title=\"100\"\/><\/div><div class=\"vls-gf-overlay\"><\/div><\/figure><figure class=\"vls-gf-876 vls-gf-init\" data-vls-gf-thumbnail-width=\"711\" data-vls-gf-thumbnail-height=\"360\"><a class=\"vls-gf-main\" href=\"https:\/\/luxtehnika.ee\/wp-content\/gf-uploads\/2020\/09\/cea-100.jpg\" data-caption=\"cea-100\" data-description=\"\"><\/a><div class=\"vls-gf-img\"><img src=\"https:\/\/luxtehnika.ee\/wp-content\/gf-uploads\/2020\/09\/preview-m\/cea-100-0.jpg?t=1601313504\" title=\"cea-100\"\/><\/div><div class=\"vls-gf-overlay\"><\/div><\/figure><figure class=\"vls-gf-877 vls-gf-init\" data-vls-gf-thumbnail-width=\"481\" data-vls-gf-thumbnail-height=\"505\"><a class=\"vls-gf-main\" href=\"https:\/\/luxtehnika.ee\/wp-content\/gf-uploads\/2020\/09\/centra-60.jpg\" data-caption=\"centra-60\" data-description=\"\"><\/a><div class=\"vls-gf-img\"><img src=\"https:\/\/luxtehnika.ee\/wp-content\/gf-uploads\/2020\/09\/preview-m\/centra-60-0.jpg?t=1601313505\" title=\"centra-60\"\/><\/div><div class=\"vls-gf-overlay\"><\/div><\/figure><figure class=\"vls-gf-878 vls-gf-init\" data-vls-gf-thumbnail-width=\"800\" data-vls-gf-thumbnail-height=\"397\"><a class=\"vls-gf-main\" href=\"https:\/\/luxtehnika.ee\/wp-content\/gf-uploads\/2020\/09\/delta-86.jpg\" data-caption=\"delta-86\" data-description=\"\"><\/a><div class=\"vls-gf-img\"><img src=\"https:\/\/luxtehnika.ee\/wp-content\/gf-uploads\/2020\/09\/preview-m\/delta-86-0.jpg?t=1601313506\" title=\"delta-86\"\/><\/div><div class=\"vls-gf-overlay\"><\/div><\/figure><figure class=\"vls-gf-879 vls-gf-init\" data-vls-gf-thumbnail-width=\"706\" data-vls-gf-thumbnail-height=\"363\"><a class=\"vls-gf-main\" href=\"https:\/\/luxtehnika.ee\/wp-content\/gf-uploads\/2020\/09\/genea-100.jpg\" data-caption=\"genea-100\" data-description=\"\"><\/a><div class=\"vls-gf-img\"><img src=\"https:\/\/luxtehnika.ee\/wp-content\/gf-uploads\/2020\/09\/preview-m\/genea-100-0.jpg?t=1601313507\" title=\"genea-100\"\/><\/div><div class=\"vls-gf-overlay\"><\/div><\/figure><figure class=\"vls-gf-880 vls-gf-init\" data-vls-gf-thumbnail-width=\"620\" data-vls-gf-thumbnail-height=\"360\"><a class=\"vls-gf-main\" href=\"https:\/\/luxtehnika.ee\/wp-content\/gf-uploads\/2020\/09\/kappa-86.jpg\" data-caption=\"kappa-86\" data-description=\"\"><\/a><div class=\"vls-gf-img\"><img src=\"https:\/\/luxtehnika.ee\/wp-content\/gf-uploads\/2020\/09\/preview-m\/kappa-86-0.jpg?t=1601313508\" title=\"kappa-86\"\/><\/div><div class=\"vls-gf-overlay\"><\/div><\/figure><figure class=\"vls-gf-881 vls-gf-init\" data-vls-gf-thumbnail-width=\"210\" data-vls-gf-thumbnail-height=\"423\"><a class=\"vls-gf-main\" href=\"https:\/\/luxtehnika.ee\/wp-content\/gf-uploads\/2020\/09\/mera-u-16.jpg\" data-caption=\"mera-u-16\" data-description=\"\"><\/a><div class=\"vls-gf-img\"><img src=\"https:\/\/luxtehnika.ee\/wp-content\/gf-uploads\/2020\/09\/preview-m\/mera-u-16-0.jpg?t=1601313508\" title=\"mera-u-16\"\/><\/div><div class=\"vls-gf-overlay\"><\/div><\/figure><figure class=\"vls-gf-882 vls-gf-init\" data-vls-gf-thumbnail-width=\"390\" data-vls-gf-thumbnail-height=\"393\"><a class=\"vls-gf-main\" href=\"https:\/\/luxtehnika.ee\/wp-content\/gf-uploads\/2020\/09\/quanto-60-z.jpg\" data-caption=\"quanto-60-z\" data-description=\"\"><\/a><div class=\"vls-gf-img\"><img src=\"https:\/\/luxtehnika.ee\/wp-content\/gf-uploads\/2020\/09\/preview-m\/quanto-60-z-0.jpg?t=1601313509\" title=\"quanto-60-z\"\/><\/div><div class=\"vls-gf-overlay\"><\/div><\/figure><figure class=\"vls-gf-883 vls-gf-init\" data-vls-gf-thumbnail-width=\"391\" data-vls-gf-thumbnail-height=\"368\"><a class=\"vls-gf-main\" href=\"https:\/\/luxtehnika.ee\/wp-content\/gf-uploads\/2020\/09\/sigma-52.jpg\" data-caption=\"sigma-52\" data-description=\"\"><\/a><div class=\"vls-gf-img\"><img src=\"https:\/\/luxtehnika.ee\/wp-content\/gf-uploads\/2020\/09\/preview-m\/sigma-52-0.jpg?t=1601313510\" title=\"sigma-52\"\/><\/div><div class=\"vls-gf-overlay\"><\/div><\/figure><figure class=\"vls-gf-884 vls-gf-init\" data-vls-gf-thumbnail-width=\"626\" data-vls-gf-thumbnail-height=\"368\"><a class=\"vls-gf-main\" href=\"https:\/\/luxtehnika.ee\/wp-content\/gf-uploads\/2020\/09\/sinus-87.jpg\" data-caption=\"sinus-87\" data-description=\"\"><\/a><div class=\"vls-gf-img\"><img src=\"https:\/\/luxtehnika.ee\/wp-content\/gf-uploads\/2020\/09\/preview-m\/sinus-87-0.jpg?t=1601313511\" title=\"sinus-87\"\/><\/div><div class=\"vls-gf-overlay\"><\/div><\/figure><figure class=\"vls-gf-885 vls-gf-init\" data-vls-gf-thumbnail-width=\"525\" data-vls-gf-thumbnail-height=\"337\"><a class=\"vls-gf-main\" href=\"https:\/\/luxtehnika.ee\/wp-content\/gf-uploads\/2020\/09\/stema-80.jpg\" data-caption=\"stema-80\" data-description=\"\"><\/a><div class=\"vls-gf-img\"><img src=\"https:\/\/luxtehnika.ee\/wp-content\/gf-uploads\/2020\/09\/preview-m\/stema-80-0.jpg?t=1601313512\" title=\"stema-80\"\/><\/div><div class=\"vls-gf-overlay\"><\/div><\/figure><figure class=\"vls-gf-886 vls-gf-init\" data-vls-gf-thumbnail-width=\"702\" data-vls-gf-thumbnail-height=\"507\"><a class=\"vls-gf-main\" href=\"https:\/\/luxtehnika.ee\/wp-content\/gf-uploads\/2020\/09\/tableau-35.jpg\" data-caption=\"tableau-35\" data-description=\"\"><\/a><div class=\"vls-gf-img\"><img src=\"https:\/\/luxtehnika.ee\/wp-content\/gf-uploads\/2020\/09\/preview-m\/tableau-35-0.jpg?t=1601313513\" title=\"tableau-35\"\/><\/div><div class=\"vls-gf-overlay\"><\/div><\/figure><figure class=\"vls-gf-887 vls-gf-init\" data-vls-gf-thumbnail-width=\"545\" data-vls-gf-thumbnail-height=\"361\"><a class=\"vls-gf-main\" href=\"https:\/\/luxtehnika.ee\/wp-content\/gf-uploads\/2020\/09\/vega-78.jpg\" data-caption=\"vega-78\" data-description=\"\"><\/a><div class=\"vls-gf-img\"><img src=\"https:\/\/luxtehnika.ee\/wp-content\/gf-uploads\/2020\/09\/preview-m\/vega-78-0.jpg?t=1601313514\" title=\"vega-78\"\/><\/div><div class=\"vls-gf-overlay\"><\/div><\/figure><\/div><\/div><\/div>\n<div class=\"vls-gf-field-pills\"><\/div>\n","protected":false},"excerpt":{"rendered":"<p>SYSTEMCERAM on saksa firma, mis t\u00f5i maailmaturule uue keraamiliste toodete p\u00f5lvkonna. Monoliitseid k\u00f6\u00f6givalamuid ja \u00fcheosalisi ilma liitekohtadeta keraamilisi mooduleid toodetakse spetsiaalse digitaliseeritud freesimise meetodil. SYSTEMCERAM valamu \u00a0on ka kuumuskindel \u2013\u00a0\u00a0 keev vesi ei kuumenda seda \u00fcle ja j\u00e4ine vesi ei jahuta \u00fclem\u00e4\u00e4ra maha. See aga t\u00e4hendab, et puudub pragunemise oht! Pealegi summutab keraamika m\u00fcra, on l\u00f6\u00f6gikindel, vastupidav hapete ja lahustite toimele, selle siledat pinda on kerge pesta ja see annab valamule eriti head h\u00fcgieenilised omadused. Tasub m\u00e4rkida ka valamute laialdast v\u00e4rvivalikut, nende poolmatti l\u00e4iget ja 5-aastast tootjapoolset kvaliteedi garantiid.<\/p>\n<p><a href=\"https:\/\/www.systemceram.de\" target=\"_blank\" rel=\"noopener noreferrer\">Minge veebisaidile<\/a><\/p>\n<div id=\"gtx-trans\" style=\"position: absolute; left: -40px; top: 198.143px;\">\n<div class=\"gtx-trans-icon\"><\/div>\n<\/div>\n","protected":false},"featured_media":92,"template":"","meta":[],"_links":{"self":[{"href":"https:\/\/luxtehnika.ee\/et\/wp-json\/wp\/v2\/product\/91"}],"collection":[{"href":"https:\/\/luxtehnika.ee\/et\/wp-json\/wp\/v2\/product"}],"about":[{"href":"https:\/\/luxtehnika.ee\/et\/wp-json\/wp\/v2\/types\/product"}],"wp:featuredmedia":[{"embeddable":true,"href":"https:\/\/luxtehnika.ee\/et\/wp-json\/wp\/v2\/media\/92"}],"wp:attachment":[{"href":"https:\/\/luxtehnika.ee\/et\/wp-json\/wp\/v2\/media?parent=91"}],"curies":[{"name":"wp","href":"https:\/\/api.w.org\/{rel}","templated":true}]}}