{"id":86,"date":"2020-09-30T12:11:59","date_gmt":"2020-09-30T10:11:59","guid":{"rendered":"https:\/\/luxtehnika.ee\/en\/?post_type=product&#038;p=86"},"modified":"2020-10-29T12:26:37","modified_gmt":"2020-10-29T10:26:37","slug":"elleci","status":"publish","type":"product","link":"https:\/\/luxtehnika.ee\/et\/brand\/elleci\/","title":{"rendered":"Elleci"},"content":{"rendered":"<div class=\"vls-gf-field-ro\"><div class=\"vls-gf-gallery vls-gf-239 vls-gf-style-light vls-gf-style-none\" data-vls-gf-layout='{\"layout_type\":\"masonry-v\",\"column_count\":4,\"column_count_xs\":1,\"aspect_ratio\":1,\"horizontal_spacing\":4,\"vertical_spacing\":4,\"align_bottom\":false,\"pagination_type\":\"none\",\"page_size\":0}' data-vls-gf-settings='{\"pagination_type\":\"none\"}'><style type=\"text\/css\">.vls-gf-239 figure a.vls-gf-main{display:block;position:absolute;top:0;bottom:0;left:0;right:0;opacity:0;z-index:90;}.vls-gf-239 figure .vls-gf-overlay{position:absolute;background-color:rgba(255, 255, 255, 0.3);left:0;right:0;top:0;bottom:0;opacity:0;z-index:10;transition:opacity 600ms ease;}.vls-gf-239 figure:hover .vls-gf-overlay{opacity:1;}<\/style><div class=\"vls-gf-container\"><figure class=\"vls-gf-240 vls-gf-init\" data-vls-gf-thumbnail-width=\"800\" data-vls-gf-thumbnail-height=\"540\"><a class=\"vls-gf-main\" href=\"https:\/\/luxtehnika.ee\/wp-content\/gf-uploads\/2020\/09\/07-suite-smart-79.jpg\" data-caption=\"07-suite-smart-79\" data-description=\"\"><\/a><div class=\"vls-gf-img\"><img src=\"https:\/\/luxtehnika.ee\/wp-content\/gf-uploads\/2020\/09\/preview-m\/07-suite-smart-79-0.jpg?t=1601308378\" title=\"07-suite-smart-79\"\/><\/div><div class=\"vls-gf-overlay\"><\/div><\/figure><figure class=\"vls-gf-241 vls-gf-init\" data-vls-gf-thumbnail-width=\"800\" data-vls-gf-thumbnail-height=\"540\"><a class=\"vls-gf-main\" href=\"https:\/\/luxtehnika.ee\/wp-content\/gf-uploads\/2020\/09\/08-suite-value-96.jpg\" data-caption=\"08-suite-value-96\" data-description=\"\"><\/a><div class=\"vls-gf-img\"><img src=\"https:\/\/luxtehnika.ee\/wp-content\/gf-uploads\/2020\/09\/preview-m\/08-suite-value-96-0.jpg?t=1601308380\" title=\"08-suite-value-96\"\/><\/div><div class=\"vls-gf-overlay\"><\/div><\/figure><figure class=\"vls-gf-242 vls-gf-init\" data-vls-gf-thumbnail-width=\"800\" data-vls-gf-thumbnail-height=\"599\"><a class=\"vls-gf-main\" href=\"https:\/\/luxtehnika.ee\/wp-content\/gf-uploads\/2020\/09\/902323_585264584818158_2109795161_o-1024x767-1.jpg\" data-caption=\"902323_585264584818158_2109795161_o-1024x767-1\" data-description=\"\"><\/a><div class=\"vls-gf-img\"><img src=\"https:\/\/luxtehnika.ee\/wp-content\/gf-uploads\/2020\/09\/preview-m\/902323_585264584818158_2109795161_o-1024x767-1-0.jpg?t=1601308382\" title=\"902323_585264584818158_2109795161_o-1024x767-1\"\/><\/div><div class=\"vls-gf-overlay\"><\/div><\/figure><figure class=\"vls-gf-243 vls-gf-init\" data-vls-gf-thumbnail-width=\"800\" data-vls-gf-thumbnail-height=\"566\"><a class=\"vls-gf-main\" href=\"https:\/\/luxtehnika.ee\/wp-content\/gf-uploads\/2020\/09\/201501201337502030990998-1024x724-1.jpg\" data-caption=\"201501201337502030990998-1024x724-1\" data-description=\"\"><\/a><div class=\"vls-gf-img\"><img src=\"https:\/\/luxtehnika.ee\/wp-content\/gf-uploads\/2020\/09\/preview-m\/201501201337502030990998-1024x724-1-0.jpg?t=1601308385\" title=\"201501201337502030990998-1024x724-1\"\/><\/div><div class=\"vls-gf-overlay\"><\/div><\/figure><figure class=\"vls-gf-244 vls-gf-init\" data-vls-gf-thumbnail-width=\"800\" data-vls-gf-thumbnail-height=\"448\"><a class=\"vls-gf-main\" href=\"https:\/\/luxtehnika.ee\/wp-content\/gf-uploads\/2020\/09\/carrera-1024x574-1.jpg\" data-caption=\"VEN.01\" data-description=\"VEN.01\"><\/a><div class=\"vls-gf-img\"><img src=\"https:\/\/luxtehnika.ee\/wp-content\/gf-uploads\/2020\/09\/preview-m\/carrera-1024x574-1-0.jpg?t=1601308387\" alt=\"VEN.01\" title=\"VEN.01\"\/><\/div><div class=\"vls-gf-overlay\"><\/div><\/figure><figure class=\"vls-gf-245 vls-gf-init\" data-vls-gf-thumbnail-width=\"800\" data-vls-gf-thumbnail-height=\"600\"><a class=\"vls-gf-main\" href=\"https:\/\/luxtehnika.ee\/wp-content\/gf-uploads\/2020\/09\/elleci_zoom.jpg\" data-caption=\"elleci_zoom\" data-description=\"\"><\/a><div class=\"vls-gf-img\"><img src=\"https:\/\/luxtehnika.ee\/wp-content\/gf-uploads\/2020\/09\/preview-m\/elleci_zoom-0.jpg?t=1601308390\" title=\"elleci_zoom\"\/><\/div><div class=\"vls-gf-overlay\"><\/div><\/figure><figure class=\"vls-gf-246 vls-gf-init\" data-vls-gf-thumbnail-width=\"459\" data-vls-gf-thumbnail-height=\"398\"><a class=\"vls-gf-main\" href=\"https:\/\/luxtehnika.ee\/wp-content\/gf-uploads\/2020\/09\/foto-elettrodomestici-home.jpg\" data-caption=\"foto-elettrodomestici-home\" data-description=\"\"><\/a><div class=\"vls-gf-img\"><img src=\"https:\/\/luxtehnika.ee\/wp-content\/gf-uploads\/2020\/09\/preview-m\/foto-elettrodomestici-home-0.jpg?t=1601308391\" title=\"foto-elettrodomestici-home\"\/><\/div><div class=\"vls-gf-overlay\"><\/div><\/figure><figure class=\"vls-gf-247 vls-gf-init\" data-vls-gf-thumbnail-width=\"800\" data-vls-gf-thumbnail-height=\"470\"><a class=\"vls-gf-main\" href=\"https:\/\/luxtehnika.ee\/wp-content\/gf-uploads\/2020\/09\/image_gallery_1-1024x601-1.jpg\" data-caption=\"image_gallery_1-1024x601-1\" data-description=\"\"><\/a><div class=\"vls-gf-img\"><img src=\"https:\/\/luxtehnika.ee\/wp-content\/gf-uploads\/2020\/09\/preview-m\/image_gallery_1-1024x601-1-0.jpg?t=1601308394\" title=\"image_gallery_1-1024x601-1\"\/><\/div><div class=\"vls-gf-overlay\"><\/div><\/figure><figure class=\"vls-gf-248 vls-gf-init\" data-vls-gf-thumbnail-width=\"639\" data-vls-gf-thumbnail-height=\"800\"><a class=\"vls-gf-main\" href=\"https:\/\/luxtehnika.ee\/wp-content\/gf-uploads\/2020\/09\/kitchenaid-built-in-coffee-machine.jpg\" data-caption=\"kitchenaid-built-in-coffee-machine\" data-description=\"\"><\/a><div class=\"vls-gf-img\"><img src=\"https:\/\/luxtehnika.ee\/wp-content\/gf-uploads\/2020\/09\/preview-m\/kitchenaid-built-in-coffee-machine-0.jpg?t=1601308396\" title=\"kitchenaid-built-in-coffee-machine\"\/><\/div><div class=\"vls-gf-overlay\"><\/div><\/figure><figure class=\"vls-gf-249 vls-gf-init\" data-vls-gf-thumbnail-width=\"640\" data-vls-gf-thumbnail-height=\"512\"><a class=\"vls-gf-main\" href=\"https:\/\/luxtehnika.ee\/wp-content\/gf-uploads\/2020\/09\/kitchen-sinks.jpg\" data-caption=\"kitchen-sinks\" data-description=\"\"><\/a><div class=\"vls-gf-img\"><img src=\"https:\/\/luxtehnika.ee\/wp-content\/gf-uploads\/2020\/09\/preview-m\/kitchen-sinks-0.jpg?t=1601308397\" title=\"kitchen-sinks\"\/><\/div><div class=\"vls-gf-overlay\"><\/div><\/figure><figure class=\"vls-gf-250 vls-gf-init\" data-vls-gf-thumbnail-width=\"800\" data-vls-gf-thumbnail-height=\"566\"><a class=\"vls-gf-main\" href=\"https:\/\/luxtehnika.ee\/wp-content\/gf-uploads\/2020\/09\/meile_oven_3c82b2011-10-24-14-29-03-1024x724-1.jpg\" data-caption=\"meile_oven_3c82b2011-10-24-14-29-03-1024x724-1\" data-description=\"\"><\/a><div class=\"vls-gf-img\"><img src=\"https:\/\/luxtehnika.ee\/wp-content\/gf-uploads\/2020\/09\/preview-m\/meile_oven_3c82b2011-10-24-14-29-03-1024x724-1-0.jpg?t=1601308399\" title=\"meile_oven_3c82b2011-10-24-14-29-03-1024x724-1\"\/><\/div><div class=\"vls-gf-overlay\"><\/div><\/figure><figure class=\"vls-gf-251 vls-gf-init\" data-vls-gf-thumbnail-width=\"800\" data-vls-gf-thumbnail-height=\"314\"><a class=\"vls-gf-main\" href=\"https:\/\/luxtehnika.ee\/wp-content\/gf-uploads\/2020\/09\/screenshot_27.jpg\" data-caption=\"screenshot_27\" data-description=\"\"><\/a><div class=\"vls-gf-img\"><img src=\"https:\/\/luxtehnika.ee\/wp-content\/gf-uploads\/2020\/09\/preview-m\/screenshot_27-0.jpg?t=1601308401\" title=\"screenshot_27\"\/><\/div><div class=\"vls-gf-overlay\"><\/div><\/figure><figure class=\"vls-gf-252 vls-gf-init\" data-vls-gf-thumbnail-width=\"800\" data-vls-gf-thumbnail-height=\"314\"><a class=\"vls-gf-main\" href=\"https:\/\/luxtehnika.ee\/wp-content\/gf-uploads\/2020\/09\/screenshot_35.jpg\" data-caption=\"screenshot_35\" data-description=\"\"><\/a><div class=\"vls-gf-img\"><img src=\"https:\/\/luxtehnika.ee\/wp-content\/gf-uploads\/2020\/09\/preview-m\/screenshot_35-0.jpg?t=1601308404\" title=\"screenshot_35\"\/><\/div><div class=\"vls-gf-overlay\"><\/div><\/figure><figure class=\"vls-gf-253 vls-gf-init\" data-vls-gf-thumbnail-width=\"800\" data-vls-gf-thumbnail-height=\"314\"><a class=\"vls-gf-main\" href=\"https:\/\/luxtehnika.ee\/wp-content\/gf-uploads\/2020\/09\/screenshot_83.jpg\" data-caption=\"screenshot_83\" data-description=\"\"><\/a><div class=\"vls-gf-img\"><img src=\"https:\/\/luxtehnika.ee\/wp-content\/gf-uploads\/2020\/09\/preview-m\/screenshot_83-0.jpg?t=1601308405\" title=\"screenshot_83\"\/><\/div><div class=\"vls-gf-overlay\"><\/div><\/figure><figure class=\"vls-gf-254 vls-gf-init\" data-vls-gf-thumbnail-width=\"800\" data-vls-gf-thumbnail-height=\"315\"><a class=\"vls-gf-main\" href=\"https:\/\/luxtehnika.ee\/wp-content\/gf-uploads\/2020\/09\/screenshot_115.jpg\" data-caption=\"screenshot_115\" data-description=\"\"><\/a><div class=\"vls-gf-img\"><img src=\"https:\/\/luxtehnika.ee\/wp-content\/gf-uploads\/2020\/09\/preview-m\/screenshot_115-0.jpg?t=1601308407\" title=\"screenshot_115\"\/><\/div><div class=\"vls-gf-overlay\"><\/div><\/figure><figure class=\"vls-gf-255 vls-gf-init\" data-vls-gf-thumbnail-width=\"800\" data-vls-gf-thumbnail-height=\"250\"><a class=\"vls-gf-main\" href=\"https:\/\/luxtehnika.ee\/wp-content\/gf-uploads\/2020\/09\/wide04-1024x320-1.jpg\" data-caption=\"wide04-1024x320-1\" data-description=\"\"><\/a><div class=\"vls-gf-img\"><img src=\"https:\/\/luxtehnika.ee\/wp-content\/gf-uploads\/2020\/09\/preview-m\/wide04-1024x320-1-0.jpg?t=1601308408\" title=\"wide04-1024x320-1\"\/><\/div><div class=\"vls-gf-overlay\"><\/div><\/figure><\/div><\/div><\/div>\n<div class=\"vls-gf-field-pills\"><\/div>\n","protected":false},"excerpt":{"rendered":"<p>ELLECI \u2013 see itaalia ettev\u00f5te alustas t\u00f6\u00f6d 1992. aastal. Oma noorele eale vaatamata on sellel korporatsioonil peale Itaalias asuvate tehaste tootmisfiliaalid ka Baltimaades, USA-s ja Shanghais ning nende toodang on \u00fclimalt populaarne. Selle br\u00e4ndi toodetest on k\u00f5ige n\u00f5utumad firmas v\u00e4ljat\u00f6\u00f6tatud Granitek materjalist komposiitvalamud ja nende juurde kuuluvad segistid. ELLECI valamute suurep\u00e4raseks erip\u00e4raks on minimalistlik ja \u00fcmar vorm , mis ei v\u00f5imalda mustusel ega veel kusagile nurga taha koguneda. See kergendab oluliselt koristamist. Lai v\u00e4rvivalik v\u00f5imaldab ELLECI valamuid ja segisteid ideaalselt igasse interj\u00f6\u00f6ri sobitada.<\/p>\n<p><a href=\"https:\/\/www.elleci.com\" target=\"_blank\" rel=\"noopener noreferrer\">Minge veebisaidile<\/a><\/p>\n<div id=\"gtx-trans\" style=\"position: absolute; left: -7px; top: 174.143px;\">\n<div class=\"gtx-trans-icon\"><\/div>\n<\/div>\n","protected":false},"featured_media":87,"template":"","meta":[],"_links":{"self":[{"href":"https:\/\/luxtehnika.ee\/et\/wp-json\/wp\/v2\/product\/86"}],"collection":[{"href":"https:\/\/luxtehnika.ee\/et\/wp-json\/wp\/v2\/product"}],"about":[{"href":"https:\/\/luxtehnika.ee\/et\/wp-json\/wp\/v2\/types\/product"}],"wp:featuredmedia":[{"embeddable":true,"href":"https:\/\/luxtehnika.ee\/et\/wp-json\/wp\/v2\/media\/87"}],"wp:attachment":[{"href":"https:\/\/luxtehnika.ee\/et\/wp-json\/wp\/v2\/media?parent=86"}],"curies":[{"name":"wp","href":"https:\/\/api.w.org\/{rel}","templated":true}]}}