{"id":7408,"date":"2020-11-03T12:41:18","date_gmt":"2020-11-03T10:41:18","guid":{"rendered":"https:\/\/luxtehnika.ee\/?post_type=product&#038;p=7408"},"modified":"2020-11-03T12:41:18","modified_gmt":"2020-11-03T10:41:18","slug":"insinkerator","status":"publish","type":"product","link":"https:\/\/luxtehnika.ee\/et\/brand\/insinkerator\/","title":{"rendered":"InSinkErator"},"content":{"rendered":"","protected":false},"excerpt":{"rendered":"<p>InSinkErator on Ameerika ettev\u00f5te ja kaubam\u00e4rk, mis on tuntud kiirvee automaatide ja toiduj\u00e4\u00e4tmete k\u00f5rvaldamise s\u00fcsteemide tootmise poolest.<\/p>\n","protected":false},"featured_media":7409,"template":"","meta":[],"_links":{"self":[{"href":"https:\/\/luxtehnika.ee\/et\/wp-json\/wp\/v2\/product\/7408"}],"collection":[{"href":"https:\/\/luxtehnika.ee\/et\/wp-json\/wp\/v2\/product"}],"about":[{"href":"https:\/\/luxtehnika.ee\/et\/wp-json\/wp\/v2\/types\/product"}],"wp:featuredmedia":[{"embeddable":true,"href":"https:\/\/luxtehnika.ee\/et\/wp-json\/wp\/v2\/media\/7409"}],"wp:attachment":[{"href":"https:\/\/luxtehnika.ee\/et\/wp-json\/wp\/v2\/media?parent=7408"}],"curies":[{"name":"wp","href":"https:\/\/api.w.org\/{rel}","templated":true}]}}