{"id":7369,"date":"2020-10-29T13:06:59","date_gmt":"2020-10-29T11:06:59","guid":{"rendered":"https:\/\/luxtehnika.ee\/?post_type=product&#038;p=7369"},"modified":"2020-11-05T10:56:39","modified_gmt":"2020-11-05T08:56:39","slug":"guglielmi","status":"publish","type":"product","link":"https:\/\/luxtehnika.ee\/et\/brand\/guglielmi\/","title":{"rendered":"Guglielmi"},"content":{"rendered":"","protected":false},"excerpt":{"rendered":"<p><strong>Guglielmi<\/strong>, ajalooline Itaalia ettev\u00f5te santehnika sektoris, asutati 1954. aastal Valduggias.<\/p>\n<p>T\u00e4na juhib perekonna teine \u200b\u200bp\u00f5lvkond &#8211; Orazio ja Orfeo &#8211; Guglielmi ettev\u00f5tja-k\u00e4sit\u00f6\u00f6lise kuju p\u00f5hjal \u00fcles ehitatud Itaalia ettev\u00f5tte arengut, mida nende isa Armando esindas kuni \u00fcheksak\u00fcmnendateni.<\/p>\n<p>Guglielmi on suutnud julguse ja otsusekindlusega \u00fchendada s\u00fcgava k\u00e4sit\u00f6\u00f6liste oskusteabe t\u00f6\u00f6stuslikes tootmisprotsessides, laiendades ideed muuta segisti esteetilist ja funktsionaalset disainit\u00f6\u00f6ks.<\/p>\n<p>P\u00fchendumus, kirg ja p\u00fchendumus on ettev\u00f5tte v\u00e4\u00e4rtused, mis on alati olnud p\u00fchendunud vannitoa, du\u0161\u0161i, k\u00f6\u00f6gi ja v\u00e4listingimuste toodete v\u00e4ljat\u00f6\u00f6tamisele ja realiseerimisele.<\/p>\n<p>Loodud mudelid juhatavad meid Guglielmi universumisse, mis koosneb ikoonilistest kujunditest, keerukatest pindadest ja ebaharilikest v\u00e4rvikombinatsioonidest heaolu saavutamiseks.<\/p>\n<p>Kvaliteetne tooraine, arenenud uurimisprotsessid v\u00f5imaldavad ettev\u00f5ttel rahuldada laia ja mitmekesist pakkumist maailmaturul ning uuenduslike ettepanekutega lepingute jaoks, mis on t\u00e4ielikult valmistatud Itaalias ja keskkonda austades.<\/p>\n<p>Alati t\u00e4helepanelik tehnoloogilise arengu ja keskkonnas\u00e4\u00e4stlikkuse osas valmistab Guglielmi tooteid, mis on varustatud tehnoloogiatega, mille eesm\u00e4rk on v\u00e4hendada veetarbimist ja j\u00e4rgida rangeid rahvusvahelisi reegleid, s\u00e4\u00e4sta energiat ja kaitsta keskkonda igap\u00e4evases kasutuses.<\/p>\n<p>Seega j\u00e4tkab Guglielmi uuendusi, luues uusi mudeleid, arendades globaalsele turule kohandatud lahendusi ja keskendudes t\u00f5husalt kliendile.<\/p>\n<p>https:\/\/www.guglielmi.com\/<\/p>\n","protected":false},"featured_media":7394,"template":"","meta":[],"_links":{"self":[{"href":"https:\/\/luxtehnika.ee\/et\/wp-json\/wp\/v2\/product\/7369"}],"collection":[{"href":"https:\/\/luxtehnika.ee\/et\/wp-json\/wp\/v2\/product"}],"about":[{"href":"https:\/\/luxtehnika.ee\/et\/wp-json\/wp\/v2\/types\/product"}],"wp:featuredmedia":[{"embeddable":true,"href":"https:\/\/luxtehnika.ee\/et\/wp-json\/wp\/v2\/media\/7394"}],"wp:attachment":[{"href":"https:\/\/luxtehnika.ee\/et\/wp-json\/wp\/v2\/media?parent=7369"}],"curies":[{"name":"wp","href":"https:\/\/api.w.org\/{rel}","templated":true}]}}