{"id":71,"date":"2020-09-29T14:32:46","date_gmt":"2020-09-29T12:32:46","guid":{"rendered":"https:\/\/luxtehnika.ee\/en\/?post_type=product&#038;p=71"},"modified":"2020-10-29T12:26:51","modified_gmt":"2020-10-29T10:26:51","slug":"franke","status":"publish","type":"product","link":"https:\/\/luxtehnika.ee\/et\/brand\/franke\/","title":{"rendered":"Franke"},"content":{"rendered":"<div class=\"vls-gf-field-ro\"><div class=\"vls-gf-gallery vls-gf-256 vls-gf-style-light vls-gf-style-none\" data-vls-gf-layout='{\"layout_type\":\"masonry-v\",\"column_count\":4,\"column_count_xs\":1,\"aspect_ratio\":1,\"horizontal_spacing\":4,\"vertical_spacing\":4,\"align_bottom\":false,\"pagination_type\":\"none\",\"page_size\":0}' data-vls-gf-settings='{\"pagination_type\":\"none\"}'><style type=\"text\/css\">.vls-gf-256 figure a.vls-gf-main{display:block;position:absolute;top:0;bottom:0;left:0;right:0;opacity:0;z-index:90;}.vls-gf-256 figure .vls-gf-overlay{position:absolute;background-color:rgba(255, 255, 255, 0.3);left:0;right:0;top:0;bottom:0;opacity:0;z-index:10;transition:opacity 600ms ease;}.vls-gf-256 figure:hover .vls-gf-overlay{opacity:1;}<\/style><div class=\"vls-gf-container\"><figure class=\"vls-gf-257 vls-gf-init\" data-vls-gf-thumbnail-width=\"770\" data-vls-gf-thumbnail-height=\"194\"><a class=\"vls-gf-main\" href=\"https:\/\/luxtehnika.ee\/wp-content\/gf-uploads\/2020\/09\/9bc530a1-fe7e-4cde-bcec-690ed904a6c0.jpg\" data-caption=\"9bc530a1-fe7e-4cde-bcec-690ed904a6c0\" data-description=\"\"><\/a><div class=\"vls-gf-img\"><img src=\"https:\/\/luxtehnika.ee\/wp-content\/gf-uploads\/2020\/09\/preview-m\/9bc530a1-fe7e-4cde-bcec-690ed904a6c0-0.jpg?t=1601308639\" title=\"9bc530a1-fe7e-4cde-bcec-690ed904a6c0\"\/><\/div><div class=\"vls-gf-overlay\"><\/div><\/figure><figure class=\"vls-gf-258 vls-gf-init\" data-vls-gf-thumbnail-width=\"241\" data-vls-gf-thumbnail-height=\"376\"><a class=\"vls-gf-main\" href=\"https:\/\/luxtehnika.ee\/wp-content\/gf-uploads\/2020\/09\/9d1f2ddc-332d-422e-aa07-a9a8ff92acb1.jpg\" data-caption=\"9d1f2ddc-332d-422e-aa07-a9a8ff92acb1\" data-description=\"\"><\/a><div class=\"vls-gf-img\"><img src=\"https:\/\/luxtehnika.ee\/wp-content\/gf-uploads\/2020\/09\/preview-m\/9d1f2ddc-332d-422e-aa07-a9a8ff92acb1-0.jpg?t=1601308640\" title=\"9d1f2ddc-332d-422e-aa07-a9a8ff92acb1\"\/><\/div><div class=\"vls-gf-overlay\"><\/div><\/figure><figure class=\"vls-gf-259 vls-gf-init\" data-vls-gf-thumbnail-width=\"770\" data-vls-gf-thumbnail-height=\"365\"><a class=\"vls-gf-main\" href=\"https:\/\/luxtehnika.ee\/wp-content\/gf-uploads\/2020\/09\/22fbe396-51af-44b3-976d-d6a5259e6f4e.jpg\" data-caption=\"22fbe396-51af-44b3-976d-d6a5259e6f4e\" data-description=\"\"><\/a><div class=\"vls-gf-img\"><img src=\"https:\/\/luxtehnika.ee\/wp-content\/gf-uploads\/2020\/09\/preview-m\/22fbe396-51af-44b3-976d-d6a5259e6f4e-0.jpg?t=1601308641\" title=\"22fbe396-51af-44b3-976d-d6a5259e6f4e\"\/><\/div><div class=\"vls-gf-overlay\"><\/div><\/figure><figure class=\"vls-gf-260 vls-gf-init\" data-vls-gf-thumbnail-width=\"770\" data-vls-gf-thumbnail-height=\"194\"><a class=\"vls-gf-main\" href=\"https:\/\/luxtehnika.ee\/wp-content\/gf-uploads\/2020\/09\/41e53336-a81b-4435-9272-5e12343a573e.jpg\" data-caption=\"41e53336-a81b-4435-9272-5e12343a573e\" data-description=\"\"><\/a><div class=\"vls-gf-img\"><img src=\"https:\/\/luxtehnika.ee\/wp-content\/gf-uploads\/2020\/09\/preview-m\/41e53336-a81b-4435-9272-5e12343a573e-0.jpg?t=1601308642\" title=\"41e53336-a81b-4435-9272-5e12343a573e\"\/><\/div><div class=\"vls-gf-overlay\"><\/div><\/figure><figure class=\"vls-gf-261 vls-gf-init\" data-vls-gf-thumbnail-width=\"770\" data-vls-gf-thumbnail-height=\"194\"><a class=\"vls-gf-main\" href=\"https:\/\/luxtehnika.ee\/wp-content\/gf-uploads\/2020\/09\/215d05fc-339d-45a3-854d-29866cee9f03.gif\" data-caption=\"215d05fc-339d-45a3-854d-29866cee9f03\" data-description=\"\"><\/a><div class=\"vls-gf-img\"><img src=\"https:\/\/luxtehnika.ee\/wp-content\/gf-uploads\/2020\/09\/preview-m\/215d05fc-339d-45a3-854d-29866cee9f03-0.gif?t=1601308644\" title=\"215d05fc-339d-45a3-854d-29866cee9f03\"\/><\/div><div class=\"vls-gf-overlay\"><\/div><\/figure><figure class=\"vls-gf-262 vls-gf-init\" data-vls-gf-thumbnail-width=\"770\" data-vls-gf-thumbnail-height=\"194\"><a class=\"vls-gf-main\" href=\"https:\/\/luxtehnika.ee\/wp-content\/gf-uploads\/2020\/09\/513b8523-e35c-406b-acf4-13bb2e2683e8.jpg\" data-caption=\"513b8523-e35c-406b-acf4-13bb2e2683e8\" data-description=\"\"><\/a><div class=\"vls-gf-img\"><img src=\"https:\/\/luxtehnika.ee\/wp-content\/gf-uploads\/2020\/09\/preview-m\/513b8523-e35c-406b-acf4-13bb2e2683e8-0.jpg?t=1601308645\" title=\"513b8523-e35c-406b-acf4-13bb2e2683e8\"\/><\/div><div class=\"vls-gf-overlay\"><\/div><\/figure><figure class=\"vls-gf-263 vls-gf-init\" data-vls-gf-thumbnail-width=\"770\" data-vls-gf-thumbnail-height=\"365\"><a class=\"vls-gf-main\" href=\"https:\/\/luxtehnika.ee\/wp-content\/gf-uploads\/2020\/09\/3350d6b1-cff5-4122-a45d-3dc26b74d81a.jpg\" data-caption=\"3350d6b1-cff5-4122-a45d-3dc26b74d81a\" data-description=\"\"><\/a><div class=\"vls-gf-img\"><img src=\"https:\/\/luxtehnika.ee\/wp-content\/gf-uploads\/2020\/09\/preview-m\/3350d6b1-cff5-4122-a45d-3dc26b74d81a-0.jpg?t=1601308646\" title=\"3350d6b1-cff5-4122-a45d-3dc26b74d81a\"\/><\/div><div class=\"vls-gf-overlay\"><\/div><\/figure><figure class=\"vls-gf-264 vls-gf-init\" data-vls-gf-thumbnail-width=\"372\" data-vls-gf-thumbnail-height=\"133\"><a class=\"vls-gf-main\" href=\"https:\/\/luxtehnika.ee\/wp-content\/gf-uploads\/2020\/09\/72582577-d462-4c3e-a770-665ca2481137-1.jpg\" data-caption=\"72582577-d462-4c3e-a770-665ca2481137-1\" data-description=\"\"><\/a><div class=\"vls-gf-img\"><img src=\"https:\/\/luxtehnika.ee\/wp-content\/gf-uploads\/2020\/09\/preview-m\/72582577-d462-4c3e-a770-665ca2481137-1-0.jpg?t=1601308647\" title=\"72582577-d462-4c3e-a770-665ca2481137-1\"\/><\/div><div class=\"vls-gf-overlay\"><\/div><\/figure><figure class=\"vls-gf-265 vls-gf-init\" data-vls-gf-thumbnail-width=\"241\" data-vls-gf-thumbnail-height=\"376\"><a class=\"vls-gf-main\" href=\"https:\/\/luxtehnika.ee\/wp-content\/gf-uploads\/2020\/09\/a808dfd1-f1a9-436e-b7b9-bad8865a608e.jpg\" data-caption=\"a808dfd1-f1a9-436e-b7b9-bad8865a608e\" data-description=\"\"><\/a><div class=\"vls-gf-img\"><img src=\"https:\/\/luxtehnika.ee\/wp-content\/gf-uploads\/2020\/09\/preview-m\/a808dfd1-f1a9-436e-b7b9-bad8865a608e-0.jpg?t=1601308648\" title=\"a808dfd1-f1a9-436e-b7b9-bad8865a608e\"\/><\/div><div class=\"vls-gf-overlay\"><\/div><\/figure><figure class=\"vls-gf-266 vls-gf-init\" data-vls-gf-thumbnail-width=\"372\" data-vls-gf-thumbnail-height=\"133\"><a class=\"vls-gf-main\" href=\"https:\/\/luxtehnika.ee\/wp-content\/gf-uploads\/2020\/09\/b3419929-bc87-44b3-b86f-65e3c7bb6a4c.jpg\" data-caption=\"b3419929-bc87-44b3-b86f-65e3c7bb6a4c\" data-description=\"\"><\/a><div class=\"vls-gf-img\"><img src=\"https:\/\/luxtehnika.ee\/wp-content\/gf-uploads\/2020\/09\/preview-m\/b3419929-bc87-44b3-b86f-65e3c7bb6a4c-0.jpg?t=1601308649\" title=\"b3419929-bc87-44b3-b86f-65e3c7bb6a4c\"\/><\/div><div class=\"vls-gf-overlay\"><\/div><\/figure><figure class=\"vls-gf-267 vls-gf-init\" data-vls-gf-thumbnail-width=\"770\" data-vls-gf-thumbnail-height=\"365\"><a class=\"vls-gf-main\" href=\"https:\/\/luxtehnika.ee\/wp-content\/gf-uploads\/2020\/09\/c60c1aca-4f0c-4ddb-8677-1e092ede4407.jpg\" data-caption=\"c60c1aca-4f0c-4ddb-8677-1e092ede4407\" data-description=\"\"><\/a><div class=\"vls-gf-img\"><img src=\"https:\/\/luxtehnika.ee\/wp-content\/gf-uploads\/2020\/09\/preview-m\/c60c1aca-4f0c-4ddb-8677-1e092ede4407-0.jpg?t=1601308650\" title=\"c60c1aca-4f0c-4ddb-8677-1e092ede4407\"\/><\/div><div class=\"vls-gf-overlay\"><\/div><\/figure><figure class=\"vls-gf-268 vls-gf-init\" data-vls-gf-thumbnail-width=\"770\" data-vls-gf-thumbnail-height=\"194\"><a class=\"vls-gf-main\" href=\"https:\/\/luxtehnika.ee\/wp-content\/gf-uploads\/2020\/09\/f22a2330-94e1-4ef8-b437-fba7e2e3f9f0.jpg\" data-caption=\"f22a2330-94e1-4ef8-b437-fba7e2e3f9f0\" data-description=\"\"><\/a><div class=\"vls-gf-img\"><img src=\"https:\/\/luxtehnika.ee\/wp-content\/gf-uploads\/2020\/09\/preview-m\/f22a2330-94e1-4ef8-b437-fba7e2e3f9f0-0.jpg?t=1601308651\" title=\"f22a2330-94e1-4ef8-b437-fba7e2e3f9f0\"\/><\/div><div class=\"vls-gf-overlay\"><\/div><\/figure><\/div><\/div><\/div>\n<div class=\"vls-gf-field-pills\"><\/div>\n","protected":false},"excerpt":{"rendered":"<p>FRANKE on asutatud 1911 aastal German Franke poolt \u0160veitsis. Alustati v\u00e4ikesest t\u00f6\u00f6kojast, kus valmistatu lehtmetallist tooteid. N\u00fc\u00fcdseks on FRANKE tuntud kogu maailmas k\u00f6\u00f6gisisustuse, valamute ja segistite tootjana. T\u00e4naseks ei ole teras enam ainus \u00a0materjal, \u00a0millest valamuid valmistada \u2013 selle br\u00e4ndi latt on t\u00f5stetud hoopis k\u00f5rgemale \u2013 n\u00fc\u00fcd kuuluvad materjalide hulka fragraniidist kompsiitmoodulid, mille pindmise kihi koostises on looduslik graniit ja akr\u00fc\u00fclvaigud. FRANKE toodete looduslikud komponendid, toodete lai funktsionaalsus ja ergonoomilisus, samas ka vastupidavus nii mehaanilistele kui keemilistele vigastustele, lisaks laitmatu disain \u2013 k\u00f5ik see v\u00f5idab \u00fcha uusi kliente.<\/p>\n<p><a href=\"https:\/\/www.franke.com\/es\/es.html\" target=\"_blank\" rel=\"noopener noreferrer\">Minge veebisaidile<\/a><\/p>\n<div id=\"gtx-trans\" style=\"position: absolute; left: -41px; top: 198.143px;\">\n<div class=\"gtx-trans-icon\"><\/div>\n<\/div>\n","protected":false},"featured_media":72,"template":"","meta":[],"_links":{"self":[{"href":"https:\/\/luxtehnika.ee\/et\/wp-json\/wp\/v2\/product\/71"}],"collection":[{"href":"https:\/\/luxtehnika.ee\/et\/wp-json\/wp\/v2\/product"}],"about":[{"href":"https:\/\/luxtehnika.ee\/et\/wp-json\/wp\/v2\/types\/product"}],"wp:featuredmedia":[{"embeddable":true,"href":"https:\/\/luxtehnika.ee\/et\/wp-json\/wp\/v2\/media\/72"}],"wp:attachment":[{"href":"https:\/\/luxtehnika.ee\/et\/wp-json\/wp\/v2\/media?parent=71"}],"curies":[{"name":"wp","href":"https:\/\/api.w.org\/{rel}","templated":true}]}}