{"id":69,"date":"2020-09-29T14:31:21","date_gmt":"2020-09-29T12:31:21","guid":{"rendered":"https:\/\/luxtehnika.ee\/en\/?post_type=product&#038;p=69"},"modified":"2020-10-29T12:29:42","modified_gmt":"2020-10-29T10:29:42","slug":"nodor","status":"publish","type":"product","link":"https:\/\/luxtehnika.ee\/et\/brand\/nodor\/","title":{"rendered":"Nodor"},"content":{"rendered":"<div class=\"vls-gf-field-ro\"><div class=\"vls-gf-gallery vls-gf-575 vls-gf-style-light vls-gf-style-none\" data-vls-gf-layout='{\"layout_type\":\"masonry-v\",\"column_count\":4,\"column_count_xs\":1,\"aspect_ratio\":1,\"horizontal_spacing\":4,\"vertical_spacing\":4,\"align_bottom\":false,\"pagination_type\":\"none\",\"page_size\":0}' data-vls-gf-settings='{\"pagination_type\":\"none\"}'><style type=\"text\/css\">.vls-gf-575 figure a.vls-gf-main{display:block;position:absolute;top:0;bottom:0;left:0;right:0;opacity:0;z-index:90;}.vls-gf-575 figure .vls-gf-overlay{position:absolute;background-color:rgba(255, 255, 255, 0.3);left:0;right:0;top:0;bottom:0;opacity:0;z-index:10;transition:opacity 600ms ease;}.vls-gf-575 figure:hover .vls-gf-overlay{opacity:1;}<\/style><div class=\"vls-gf-container\"><figure class=\"vls-gf-576 vls-gf-init\" data-vls-gf-thumbnail-width=\"564\" data-vls-gf-thumbnail-height=\"533\"><a class=\"vls-gf-main\" href=\"https:\/\/luxtehnika.ee\/wp-content\/gf-uploads\/2020\/09\/nodor-campanas-de-esquina-28.jpg\" data-caption=\"nodor-campanas-de-esquina-28\" data-description=\"\"><\/a><div class=\"vls-gf-img\"><img src=\"https:\/\/luxtehnika.ee\/wp-content\/gf-uploads\/2020\/09\/preview-m\/nodor-campanas-de-esquina-28-0.jpg?t=1601310804\" title=\"nodor-campanas-de-esquina-28\"\/><\/div><div class=\"vls-gf-overlay\"><\/div><\/figure><figure class=\"vls-gf-577 vls-gf-init\" data-vls-gf-thumbnail-width=\"564\" data-vls-gf-thumbnail-height=\"533\"><a class=\"vls-gf-main\" href=\"https:\/\/luxtehnika.ee\/wp-content\/gf-uploads\/2020\/09\/nodor-campanas-de-pared-27.jpg\" data-caption=\"nodor-campanas-de-pared-27\" data-description=\"\"><\/a><div class=\"vls-gf-img\"><img src=\"https:\/\/luxtehnika.ee\/wp-content\/gf-uploads\/2020\/09\/preview-m\/nodor-campanas-de-pared-27-0.jpg?t=1601310806\" title=\"nodor-campanas-de-pared-27\"\/><\/div><div class=\"vls-gf-overlay\"><\/div><\/figure><figure class=\"vls-gf-578 vls-gf-init\" data-vls-gf-thumbnail-width=\"564\" data-vls-gf-thumbnail-height=\"533\"><a class=\"vls-gf-main\" href=\"https:\/\/luxtehnika.ee\/wp-content\/gf-uploads\/2020\/09\/nodor-campanas-integrables-29.jpg\" data-caption=\"nodor-campanas-integrables-29\" data-description=\"\"><\/a><div class=\"vls-gf-img\"><img src=\"https:\/\/luxtehnika.ee\/wp-content\/gf-uploads\/2020\/09\/preview-m\/nodor-campanas-integrables-29-0.jpg?t=1601310809\" title=\"nodor-campanas-integrables-29\"\/><\/div><div class=\"vls-gf-overlay\"><\/div><\/figure><figure class=\"vls-gf-579 vls-gf-init\" data-vls-gf-thumbnail-width=\"564\" data-vls-gf-thumbnail-height=\"533\"><a class=\"vls-gf-main\" href=\"https:\/\/luxtehnika.ee\/wp-content\/gf-uploads\/2020\/09\/nodor-campanas-isla-26.jpg\" data-caption=\"nodor-campanas-isla-26\" data-description=\"\"><\/a><div class=\"vls-gf-img\"><img src=\"https:\/\/luxtehnika.ee\/wp-content\/gf-uploads\/2020\/09\/preview-m\/nodor-campanas-isla-26-0.jpg?t=1601310811\" title=\"nodor-campanas-isla-26\"\/><\/div><div class=\"vls-gf-overlay\"><\/div><\/figure><figure class=\"vls-gf-580 vls-gf-init\" data-vls-gf-thumbnail-width=\"564\" data-vls-gf-thumbnail-height=\"533\"><a class=\"vls-gf-main\" href=\"https:\/\/luxtehnika.ee\/wp-content\/gf-uploads\/2020\/09\/nodor-fregadero-bajo-encimera-39.jpg\" data-caption=\"nodor-fregadero-bajo-encimera-39\" data-description=\"\"><\/a><div class=\"vls-gf-img\"><img src=\"https:\/\/luxtehnika.ee\/wp-content\/gf-uploads\/2020\/09\/preview-m\/nodor-fregadero-bajo-encimera-39-0.jpg?t=1601310813\" title=\"nodor-fregadero-bajo-encimera-39\"\/><\/div><div class=\"vls-gf-overlay\"><\/div><\/figure><figure class=\"vls-gf-581 vls-gf-init\" data-vls-gf-thumbnail-width=\"564\" data-vls-gf-thumbnail-height=\"533\"><a class=\"vls-gf-main\" href=\"https:\/\/luxtehnika.ee\/wp-content\/gf-uploads\/2020\/09\/nodor-fregaderos-sobre-encimera-40.jpg\" data-caption=\"nodor-fregaderos-sobre-encimera-40\" data-description=\"\"><\/a><div class=\"vls-gf-img\"><img src=\"https:\/\/luxtehnika.ee\/wp-content\/gf-uploads\/2020\/09\/preview-m\/nodor-fregaderos-sobre-encimera-40-0.jpg?t=1601310815\" title=\"nodor-fregaderos-sobre-encimera-40\"\/><\/div><div class=\"vls-gf-overlay\"><\/div><\/figure><figure class=\"vls-gf-582 vls-gf-init\" data-vls-gf-thumbnail-width=\"564\" data-vls-gf-thumbnail-height=\"533\"><a class=\"vls-gf-main\" href=\"https:\/\/luxtehnika.ee\/wp-content\/gf-uploads\/2020\/09\/nodor-fregaderos-universales-38.jpg\" data-caption=\"nodor-fregaderos-universales-38\" data-description=\"\"><\/a><div class=\"vls-gf-img\"><img src=\"https:\/\/luxtehnika.ee\/wp-content\/gf-uploads\/2020\/09\/preview-m\/nodor-fregaderos-universales-38-0.jpg?t=1601310817\" title=\"nodor-fregaderos-universales-38\"\/><\/div><div class=\"vls-gf-overlay\"><\/div><\/figure><figure class=\"vls-gf-583 vls-gf-init\" data-vls-gf-thumbnail-width=\"564\" data-vls-gf-thumbnail-height=\"533\"><a class=\"vls-gf-main\" href=\"https:\/\/luxtehnika.ee\/wp-content\/gf-uploads\/2020\/09\/nodor-grifos-41.jpg\" data-caption=\"nodor-grifos-41\" data-description=\"\"><\/a><div class=\"vls-gf-img\"><img src=\"https:\/\/luxtehnika.ee\/wp-content\/gf-uploads\/2020\/09\/preview-m\/nodor-grifos-41-0.jpg?t=1601310819\" title=\"nodor-grifos-41\"\/><\/div><div class=\"vls-gf-overlay\"><\/div><\/figure><figure class=\"vls-gf-584 vls-gf-init\" data-vls-gf-thumbnail-width=\"564\" data-vls-gf-thumbnail-height=\"533\"><a class=\"vls-gf-main\" href=\"https:\/\/luxtehnika.ee\/wp-content\/gf-uploads\/2020\/09\/nodor-horno-con-microondas-35.jpg\" data-caption=\"nodor-horno-con-microondas-35\" data-description=\"\"><\/a><div class=\"vls-gf-img\"><img src=\"https:\/\/luxtehnika.ee\/wp-content\/gf-uploads\/2020\/09\/preview-m\/nodor-horno-con-microondas-35-0.jpg?t=1601310822\" title=\"nodor-horno-con-microondas-35\"\/><\/div><div class=\"vls-gf-overlay\"><\/div><\/figure><figure class=\"vls-gf-585 vls-gf-init\" data-vls-gf-thumbnail-width=\"564\" data-vls-gf-thumbnail-height=\"533\"><a class=\"vls-gf-main\" href=\"https:\/\/luxtehnika.ee\/wp-content\/gf-uploads\/2020\/09\/nodor-hornos-multifuncion-34.jpg\" data-caption=\"nodor-hornos-multifuncion-34\" data-description=\"\"><\/a><div class=\"vls-gf-img\"><img src=\"https:\/\/luxtehnika.ee\/wp-content\/gf-uploads\/2020\/09\/preview-m\/nodor-hornos-multifuncion-34-0.jpg?t=1601310824\" title=\"nodor-hornos-multifuncion-34\"\/><\/div><div class=\"vls-gf-overlay\"><\/div><\/figure><figure class=\"vls-gf-586 vls-gf-init\" data-vls-gf-thumbnail-width=\"564\" data-vls-gf-thumbnail-height=\"533\"><a class=\"vls-gf-main\" href=\"https:\/\/luxtehnika.ee\/wp-content\/gf-uploads\/2020\/09\/nodor-hornos-piroliticos-33.jpg\" data-caption=\"nodor-hornos-piroliticos-33\" data-description=\"\"><\/a><div class=\"vls-gf-img\"><img src=\"https:\/\/luxtehnika.ee\/wp-content\/gf-uploads\/2020\/09\/preview-m\/nodor-hornos-piroliticos-33-0.jpg?t=1601310826\" title=\"nodor-hornos-piroliticos-33\"\/><\/div><div class=\"vls-gf-overlay\"><\/div><\/figure><figure class=\"vls-gf-587 vls-gf-init\" data-vls-gf-thumbnail-width=\"564\" data-vls-gf-thumbnail-height=\"533\"><a class=\"vls-gf-main\" href=\"https:\/\/luxtehnika.ee\/wp-content\/gf-uploads\/2020\/09\/nodor-microondas-36.jpg\" data-caption=\"nodor-microondas-36\" data-description=\"\"><\/a><div class=\"vls-gf-img\"><img src=\"https:\/\/luxtehnika.ee\/wp-content\/gf-uploads\/2020\/09\/preview-m\/nodor-microondas-36-0.jpg?t=1601310829\" title=\"nodor-microondas-36\"\/><\/div><div class=\"vls-gf-overlay\"><\/div><\/figure><figure class=\"vls-gf-588 vls-gf-init\" data-vls-gf-thumbnail-width=\"564\" data-vls-gf-thumbnail-height=\"533\"><a class=\"vls-gf-main\" href=\"https:\/\/luxtehnika.ee\/wp-content\/gf-uploads\/2020\/09\/nodor-placas-a-gas-32.jpg\" data-caption=\"nodor-placas-a-gas-32\" data-description=\"\"><\/a><div class=\"vls-gf-img\"><img src=\"https:\/\/luxtehnika.ee\/wp-content\/gf-uploads\/2020\/09\/preview-m\/nodor-placas-a-gas-32-0.jpg?t=1601310830\" title=\"nodor-placas-a-gas-32\"\/><\/div><div class=\"vls-gf-overlay\"><\/div><\/figure><figure class=\"vls-gf-589 vls-gf-init\" data-vls-gf-thumbnail-width=\"564\" data-vls-gf-thumbnail-height=\"533\"><a class=\"vls-gf-main\" href=\"https:\/\/luxtehnika.ee\/wp-content\/gf-uploads\/2020\/09\/nodor-placas-de-induccion-30.jpg\" data-caption=\"nodor-placas-de-induccion-30\" data-description=\"\"><\/a><div class=\"vls-gf-img\"><img src=\"https:\/\/luxtehnika.ee\/wp-content\/gf-uploads\/2020\/09\/preview-m\/nodor-placas-de-induccion-30-0.jpg?t=1601310832\" title=\"nodor-placas-de-induccion-30\"\/><\/div><div class=\"vls-gf-overlay\"><\/div><\/figure><figure class=\"vls-gf-590 vls-gf-init\" data-vls-gf-thumbnail-width=\"564\" data-vls-gf-thumbnail-height=\"533\"><a class=\"vls-gf-main\" href=\"https:\/\/luxtehnika.ee\/wp-content\/gf-uploads\/2020\/09\/nodor-placas-vitroceramicas-31.jpg\" data-caption=\"nodor-placas-vitroceramicas-31\" data-description=\"\"><\/a><div class=\"vls-gf-img\"><img src=\"https:\/\/luxtehnika.ee\/wp-content\/gf-uploads\/2020\/09\/preview-m\/nodor-placas-vitroceramicas-31-0.jpg?t=1601310833\" title=\"nodor-placas-vitroceramicas-31\"\/><\/div><div class=\"vls-gf-overlay\"><\/div><\/figure><figure class=\"vls-gf-591 vls-gf-init\" data-vls-gf-thumbnail-width=\"564\" data-vls-gf-thumbnail-height=\"533\"><a class=\"vls-gf-main\" href=\"https:\/\/luxtehnika.ee\/wp-content\/gf-uploads\/2020\/09\/nodor-vinotecas-37.jpg\" data-caption=\"nodor-vinotecas-37\" data-description=\"\"><\/a><div class=\"vls-gf-img\"><img src=\"https:\/\/luxtehnika.ee\/wp-content\/gf-uploads\/2020\/09\/preview-m\/nodor-vinotecas-37-0.jpg?t=1601310835\" title=\"nodor-vinotecas-37\"\/><\/div><div class=\"vls-gf-overlay\"><\/div><\/figure><\/div><\/div><\/div>\n<div class=\"vls-gf-field-pills\"><\/div>\n","protected":false},"excerpt":{"rendered":"<p>NODOR on l\u00fchend hipaaniakeelsest v\u00e4ljendist\u00a0 \u201enon odor\u201c \u2013 l\u00f5hnatu. Alates 1968 aastast valmistab see ettev\u00f5te oma esimest toodanguartiklit \u2013 v\u00e4ljat\u00f5mbe ventilaatoreid, kuid peagi lisandusid sellele keeduplaadid, praeahjud, veinik\u00fclmikud ja muud k\u00f6\u00f6gis kasutatavad aksessuaarid. NODOR hakkas esimesena maailmas valmistama ass\u00fcmmeetrilise perimeetriga \u00f5hupuhasteid ja \u00abSlider Touch\u00bb juhitavaid ventilaatoreid, mille t\u00f6\u00f6re\u017eiimi muutmiseks (v\u00f5imsus ja valgustus) piisab \u00fchest puudutusest.\u00a0NODORi olmetehnika paistab silma oma stiili kerguse poolest ega ole \u00fcle koormatud liigkeeruliste elementidega. Need\u00a0 seadmed sobituvad lahedasti igasse interj\u00f6\u00f6ri. M\u00e4rk RoHS toote pakendil on tunnistus\u00a0 vastavusest inimtervisele kahjulike ainete kasutamist piiravatele eurodirektiividele.<\/p>\n<p><a href=\"http:\/\/www.nodor.es\/es\/\" target=\"_blank\" rel=\"noopener noreferrer\">Minge veebisaidile<\/a><\/p>\n<div id=\"gtx-trans\" style=\"position: absolute; left: -13px; top: 174.857px;\">\n<div class=\"gtx-trans-icon\"><\/div>\n<\/div>\n","protected":false},"featured_media":70,"template":"","meta":[],"_links":{"self":[{"href":"https:\/\/luxtehnika.ee\/et\/wp-json\/wp\/v2\/product\/69"}],"collection":[{"href":"https:\/\/luxtehnika.ee\/et\/wp-json\/wp\/v2\/product"}],"about":[{"href":"https:\/\/luxtehnika.ee\/et\/wp-json\/wp\/v2\/types\/product"}],"wp:featuredmedia":[{"embeddable":true,"href":"https:\/\/luxtehnika.ee\/et\/wp-json\/wp\/v2\/media\/70"}],"wp:attachment":[{"href":"https:\/\/luxtehnika.ee\/et\/wp-json\/wp\/v2\/media?parent=69"}],"curies":[{"name":"wp","href":"https:\/\/api.w.org\/{rel}","templated":true}]}}