{"id":65,"date":"2020-09-29T14:27:09","date_gmt":"2020-09-29T12:27:09","guid":{"rendered":"https:\/\/luxtehnika.ee\/en\/?post_type=product&#038;p=65"},"modified":"2020-10-23T10:59:04","modified_gmt":"2020-10-23T08:59:04","slug":"samsung","status":"publish","type":"product","link":"https:\/\/luxtehnika.ee\/et\/brand\/samsung\/","title":{"rendered":"Samsung"},"content":{"rendered":"<div class=\"vls-gf-field-ro\"><div class=\"vls-gf-gallery vls-gf-757 vls-gf-style-light vls-gf-style-none\" data-vls-gf-layout='{\"layout_type\":\"masonry-v\",\"column_count\":4,\"column_count_xs\":1,\"aspect_ratio\":1,\"horizontal_spacing\":4,\"vertical_spacing\":4,\"align_bottom\":false,\"pagination_type\":\"none\",\"page_size\":0}' data-vls-gf-settings='{\"pagination_type\":\"none\"}'><style type=\"text\/css\">.vls-gf-757 figure a.vls-gf-main{display:block;position:absolute;top:0;bottom:0;left:0;right:0;opacity:0;z-index:90;}.vls-gf-757 figure .vls-gf-overlay{position:absolute;background-color:rgba(255, 255, 255, 0.3);left:0;right:0;top:0;bottom:0;opacity:0;z-index:10;transition:opacity 600ms ease;}.vls-gf-757 figure:hover .vls-gf-overlay{opacity:1;}<\/style><div class=\"vls-gf-container\"><figure class=\"vls-gf-758 vls-gf-init\" data-vls-gf-thumbnail-width=\"800\" data-vls-gf-thumbnail-height=\"600\"><a class=\"vls-gf-main\" href=\"https:\/\/luxtehnika.ee\/wp-content\/gf-uploads\/2020\/09\/chef_collection_dishwasher-1024x768-1.jpg\" data-caption=\"chef_collection_dishwasher-1024x768-1\" data-description=\"\"><\/a><div class=\"vls-gf-img\"><img src=\"https:\/\/luxtehnika.ee\/wp-content\/gf-uploads\/2020\/09\/preview-m\/chef_collection_dishwasher-1024x768-1-0.jpg?t=1601312297\" title=\"chef_collection_dishwasher-1024x768-1\"\/><\/div><div class=\"vls-gf-overlay\"><\/div><\/figure><figure class=\"vls-gf-759 vls-gf-init\" data-vls-gf-thumbnail-width=\"800\" data-vls-gf-thumbnail-height=\"450\"><a class=\"vls-gf-main\" href=\"https:\/\/luxtehnika.ee\/wp-content\/gf-uploads\/2020\/09\/chef-collection-s1-1024x576-1.jpg\" data-caption=\"chef-collection-s1-1024x576-1\" data-description=\"\"><\/a><div class=\"vls-gf-img\"><img src=\"https:\/\/luxtehnika.ee\/wp-content\/gf-uploads\/2020\/09\/preview-m\/chef-collection-s1-1024x576-1-0.jpg?t=1601312299\" title=\"chef-collection-s1-1024x576-1\"\/><\/div><div class=\"vls-gf-overlay\"><\/div><\/figure><figure class=\"vls-gf-760 vls-gf-init\" data-vls-gf-thumbnail-width=\"800\" data-vls-gf-thumbnail-height=\"448\"><a class=\"vls-gf-main\" href=\"https:\/\/luxtehnika.ee\/wp-content\/gf-uploads\/2020\/09\/cooking-panel2-1024x574-1.jpg\" data-caption=\"cooking-panel2-1024x574-1\" data-description=\"\"><\/a><div class=\"vls-gf-img\"><img src=\"https:\/\/luxtehnika.ee\/wp-content\/gf-uploads\/2020\/09\/preview-m\/cooking-panel2-1024x574-1-0.jpg?t=1601312301\" title=\"cooking-panel2-1024x574-1\"\/><\/div><div class=\"vls-gf-overlay\"><\/div><\/figure><figure class=\"vls-gf-761 vls-gf-init\" data-vls-gf-thumbnail-width=\"800\" data-vls-gf-thumbnail-height=\"450\"><a class=\"vls-gf-main\" href=\"https:\/\/luxtehnika.ee\/wp-content\/gf-uploads\/2020\/09\/holiday-kitchen-1024x576-1.jpg\" data-caption=\"holiday-kitchen-1024x576-1\" data-description=\"\"><\/a><div class=\"vls-gf-img\"><img src=\"https:\/\/luxtehnika.ee\/wp-content\/gf-uploads\/2020\/09\/preview-m\/holiday-kitchen-1024x576-1-0.jpg?t=1601312303\" title=\"holiday-kitchen-1024x576-1\"\/><\/div><div class=\"vls-gf-overlay\"><\/div><\/figure><figure class=\"vls-gf-762 vls-gf-init\" data-vls-gf-thumbnail-width=\"300\" data-vls-gf-thumbnail-height=\"168\"><a class=\"vls-gf-main\" href=\"https:\/\/luxtehnika.ee\/wp-content\/gf-uploads\/2020\/09\/images1.jpg\" data-caption=\"images1\" data-description=\"\"><\/a><div class=\"vls-gf-img\"><img src=\"https:\/\/luxtehnika.ee\/wp-content\/gf-uploads\/2020\/09\/preview-m\/images1-0.jpg?t=1601312304\" title=\"images1\"\/><\/div><div class=\"vls-gf-overlay\"><\/div><\/figure><figure class=\"vls-gf-763 vls-gf-init\" data-vls-gf-thumbnail-width=\"800\" data-vls-gf-thumbnail-height=\"356\"><a class=\"vls-gf-main\" href=\"https:\/\/luxtehnika.ee\/wp-content\/gf-uploads\/2020\/09\/kitchen_appliance_photo_2-1024x456-1.jpg\" data-caption=\"kitchen_appliance_photo_2-1024x456-1\" data-description=\"\"><\/a><div class=\"vls-gf-img\"><img src=\"https:\/\/luxtehnika.ee\/wp-content\/gf-uploads\/2020\/09\/preview-m\/kitchen_appliance_photo_2-1024x456-1-0.jpg?t=1601312306\" title=\"kitchen_appliance_photo_2-1024x456-1\"\/><\/div><div class=\"vls-gf-overlay\"><\/div><\/figure><figure class=\"vls-gf-764 vls-gf-init\" data-vls-gf-thumbnail-width=\"800\" data-vls-gf-thumbnail-height=\"600\"><a class=\"vls-gf-main\" href=\"https:\/\/luxtehnika.ee\/wp-content\/gf-uploads\/2020\/09\/kitchen-brown-wooden-kitchen-appliance-packages-set-kitchen-island-appliance-picture-kitchen-appliance-package-1024x768-1.jpg\" data-caption=\"kitchen-brown-wooden-kitchen-appliance-packages-set-kitchen-island-appliance-picture-kitchen-appliance-package-1024x768-1\" data-description=\"\"><\/a><div class=\"vls-gf-img\"><img src=\"https:\/\/luxtehnika.ee\/wp-content\/gf-uploads\/2020\/09\/preview-m\/kitchen-brown-wooden-kitchen-appliance-packages-set-kitchen-island-appliance-picture-kitchen-appliance-package-1024x768-1-0.jpg?t=1601312310\" title=\"kitchen-brown-wooden-kitchen-appliance-packages-set-kitchen-island-appliance-picture-kitchen-appliance-package-1024x768-1\"\/><\/div><div class=\"vls-gf-overlay\"><\/div><\/figure><figure class=\"vls-gf-765 vls-gf-init\" data-vls-gf-thumbnail-width=\"800\" data-vls-gf-thumbnail-height=\"436\"><a class=\"vls-gf-main\" href=\"https:\/\/luxtehnika.ee\/wp-content\/gf-uploads\/2020\/09\/kitchen-pendant-design-ideas-black-red-wooden-kitchen-appliance-appliance-picture-kitchen-appliance-package-1024x558-1.jpg\" data-caption=\"kitchen-pendant-design-ideas-black-red-wooden-kitchen-appliance-appliance-picture-kitchen-appliance-package-1024x558-1\" data-description=\"\"><\/a><div class=\"vls-gf-img\"><img src=\"https:\/\/luxtehnika.ee\/wp-content\/gf-uploads\/2020\/09\/preview-m\/kitchen-pendant-design-ideas-black-red-wooden-kitchen-appliance-appliance-picture-kitchen-appliance-package-1024x558-1-0.jpg?t=1601312313\" title=\"kitchen-pendant-design-ideas-black-red-wooden-kitchen-appliance-appliance-picture-kitchen-appliance-package-1024x558-1\"\/><\/div><div class=\"vls-gf-overlay\"><\/div><\/figure><figure class=\"vls-gf-766 vls-gf-init\" data-vls-gf-thumbnail-width=\"800\" data-vls-gf-thumbnail-height=\"600\"><a class=\"vls-gf-main\" href=\"https:\/\/luxtehnika.ee\/wp-content\/gf-uploads\/2020\/09\/kitchen-whirlpool-corporation-white-ice-collection-best-tips-about-appliance-images-kitchen-appliance-package-1024x768-1.jpg\" data-caption=\"WHIRLPOOL CORPORATION WHITE ICE COLLECTION\" data-description=\"Whirlpool(R) White Ice Collection is Designed to Simplify.  (PRNewsFoto\/Whirlpool Corporation)\"><\/a><div class=\"vls-gf-img\"><img src=\"https:\/\/luxtehnika.ee\/wp-content\/gf-uploads\/2020\/09\/preview-m\/kitchen-whirlpool-corporation-white-ice-collection-best-tips-about-appliance-images-kitchen-appliance-package-1024x768-1-0.jpg?t=1601312315\" alt=\"WHIRLPOOL CORPORATION WHITE ICE COLLECTION\" title=\"WHIRLPOOL CORPORATION WHITE ICE COLLECTION\"\/><\/div><div class=\"vls-gf-overlay\"><\/div><\/figure><figure class=\"vls-gf-767 vls-gf-init\" data-vls-gf-thumbnail-width=\"800\" data-vls-gf-thumbnail-height=\"462\"><a class=\"vls-gf-main\" href=\"https:\/\/luxtehnika.ee\/wp-content\/gf-uploads\/2020\/09\/lifestyle-shot-4-1024x591-1.jpg\" data-caption=\"2014 KITCHEN LIFESTYLE IMAGE\" data-description=\"\"><\/a><div class=\"vls-gf-img\"><img src=\"https:\/\/luxtehnika.ee\/wp-content\/gf-uploads\/2020\/09\/preview-m\/lifestyle-shot-4-1024x591-1-0.jpg?t=1601312325\" alt=\"2014 KITCHEN LIFESTYLE IMAGE\" title=\"2014 KITCHEN LIFESTYLE IMAGE\"\/><\/div><div class=\"vls-gf-overlay\"><\/div><\/figure><figure class=\"vls-gf-768 vls-gf-init\" data-vls-gf-thumbnail-width=\"800\" data-vls-gf-thumbnail-height=\"478\"><a class=\"vls-gf-main\" href=\"https:\/\/luxtehnika.ee\/wp-content\/gf-uploads\/2020\/09\/original_429589_3ai_ro8rnolusmdt_uidgcccs-1024x612-1.jpg\" data-caption=\"original_429589_3ai_ro8rnolusmdt_uidgcccs-1024x612-1\" data-description=\"\"><\/a><div class=\"vls-gf-img\"><img src=\"https:\/\/luxtehnika.ee\/wp-content\/gf-uploads\/2020\/09\/preview-m\/original_429589_3ai_ro8rnolusmdt_uidgcccs-1024x612-1-0.jpg?t=1601312327\" title=\"original_429589_3ai_ro8rnolusmdt_uidgcccs-1024x612-1\"\/><\/div><div class=\"vls-gf-overlay\"><\/div><\/figure><figure class=\"vls-gf-769 vls-gf-init\" data-vls-gf-thumbnail-width=\"800\" data-vls-gf-thumbnail-height=\"633\"><a class=\"vls-gf-main\" href=\"https:\/\/luxtehnika.ee\/wp-content\/gf-uploads\/2020\/09\/panel1-introduction.jpg\" data-caption=\"panel1-introduction\" data-description=\"\"><\/a><div class=\"vls-gf-img\"><img src=\"https:\/\/luxtehnika.ee\/wp-content\/gf-uploads\/2020\/09\/preview-m\/panel1-introduction-0.jpg?t=1601312330\" title=\"panel1-introduction\"\/><\/div><div class=\"vls-gf-overlay\"><\/div><\/figure><figure class=\"vls-gf-770 vls-gf-init\" data-vls-gf-thumbnail-width=\"522\" data-vls-gf-thumbnail-height=\"800\"><a class=\"vls-gf-main\" href=\"https:\/\/luxtehnika.ee\/wp-content\/gf-uploads\/2020\/09\/rustic-meets-modern-in-this-samsung-kitchen.-our-sleek-stainless-steel-appliances-come-to-life-when-set-against-rich-gray-cabinets-with-bold-gold-hardware.-668x1024-1.jpg\" data-caption=\"rustic-meets-modern-in-this-samsung-kitchen.-our-sleek-stainless-steel-appliances-come-to-life-when-set-against-rich-gray-cabinets-with-bold-gold-hardware.-668x1024-1\" data-description=\"\"><\/a><div class=\"vls-gf-img\"><img src=\"https:\/\/luxtehnika.ee\/wp-content\/gf-uploads\/2020\/09\/preview-m\/rustic-meets-modern-in-this-samsung-kitchen.-our-sleek-stainless-steel-appliances-come-to-life-when-set-against-rich-gray-cabinets-with-bold-gold-hardware.-668x1024-1-0.jpg?t=1601312333\" title=\"rustic-meets-modern-in-this-samsung-kitchen.-our-sleek-stainless-steel-appliances-come-to-life-when-set-against-rich-gray-cabinets-with-bold-gold-hardware.-668x1024-1\"\/><\/div><div class=\"vls-gf-overlay\"><\/div><\/figure><figure class=\"vls-gf-771 vls-gf-init\" data-vls-gf-thumbnail-width=\"800\" data-vls-gf-thumbnail-height=\"482\"><a class=\"vls-gf-main\" href=\"https:\/\/luxtehnika.ee\/wp-content\/gf-uploads\/2020\/09\/samsung_rf4287_3-1024x617-1.jpg\" data-caption=\"samsung_rf4287_3-1024x617-1\" data-description=\"\"><\/a><div class=\"vls-gf-img\"><img src=\"https:\/\/luxtehnika.ee\/wp-content\/gf-uploads\/2020\/09\/preview-m\/samsung_rf4287_3-1024x617-1-0.jpg?t=1601312335\" title=\"samsung_rf4287_3-1024x617-1\"\/><\/div><div class=\"vls-gf-overlay\"><\/div><\/figure><figure class=\"vls-gf-772 vls-gf-init\" data-vls-gf-thumbnail-width=\"720\" data-vls-gf-thumbnail-height=\"515\"><a class=\"vls-gf-main\" href=\"https:\/\/luxtehnika.ee\/wp-content\/gf-uploads\/2020\/09\/samsungcookingsolutions1.jpg\" data-caption=\"samsungcookingsolutions1\" data-description=\"\"><\/a><div class=\"vls-gf-img\"><img src=\"https:\/\/luxtehnika.ee\/wp-content\/gf-uploads\/2020\/09\/preview-m\/samsungcookingsolutions1-0.jpg?t=1601312339\" title=\"samsungcookingsolutions1\"\/><\/div><div class=\"vls-gf-overlay\"><\/div><\/figure><figure class=\"vls-gf-773 vls-gf-init\" data-vls-gf-thumbnail-width=\"800\" data-vls-gf-thumbnail-height=\"448\"><a class=\"vls-gf-main\" href=\"https:\/\/luxtehnika.ee\/wp-content\/gf-uploads\/2020\/09\/samsung-kitchen-appliances4-1024x574-1.jpg\" data-caption=\"samsung-kitchen-appliances4-1024x574-1\" data-description=\"\"><\/a><div class=\"vls-gf-img\"><img src=\"https:\/\/luxtehnika.ee\/wp-content\/gf-uploads\/2020\/09\/preview-m\/samsung-kitchen-appliances4-1024x574-1-0.jpg?t=1601312341\" title=\"samsung-kitchen-appliances4-1024x574-1\"\/><\/div><div class=\"vls-gf-overlay\"><\/div><\/figure><figure class=\"vls-gf-774 vls-gf-init\" data-vls-gf-thumbnail-width=\"800\" data-vls-gf-thumbnail-height=\"580\"><a class=\"vls-gf-main\" href=\"https:\/\/luxtehnika.ee\/wp-content\/gf-uploads\/2020\/09\/stunning-samsung-kitchen-kitchen-appliance-idea-which-has-colorful-stripes-as-floor-carpet-next-to-silver-covered-oven-1024x743-1.jpg\" data-caption=\"stunning-samsung-kitchen-kitchen-appliance-idea-which-has-colorful-stripes-as-floor-carpet-next-to-silver-covered-oven-1024x743-1\" data-description=\"\"><\/a><div class=\"vls-gf-img\"><img src=\"https:\/\/luxtehnika.ee\/wp-content\/gf-uploads\/2020\/09\/preview-m\/stunning-samsung-kitchen-kitchen-appliance-idea-which-has-colorful-stripes-as-floor-carpet-next-to-silver-covered-oven-1024x743-1-0.jpg?t=1601312344\" title=\"stunning-samsung-kitchen-kitchen-appliance-idea-which-has-colorful-stripes-as-floor-carpet-next-to-silver-covered-oven-1024x743-1\"\/><\/div><div class=\"vls-gf-overlay\"><\/div><\/figure><figure class=\"vls-gf-775 vls-gf-init\" data-vls-gf-thumbnail-width=\"600\" data-vls-gf-thumbnail-height=\"379\"><a class=\"vls-gf-main\" href=\"https:\/\/luxtehnika.ee\/wp-content\/gf-uploads\/2020\/09\/toncelli-prisma-smart-kitchen-with-built-in-samsung-galaxy-tab.jpg\" data-caption=\"toncelli-prisma-smart-kitchen-with-built-in-samsung-galaxy-tab\" data-description=\"\"><\/a><div class=\"vls-gf-img\"><img src=\"https:\/\/luxtehnika.ee\/wp-content\/gf-uploads\/2020\/09\/preview-m\/toncelli-prisma-smart-kitchen-with-built-in-samsung-galaxy-tab-0.jpg?t=1601312345\" title=\"toncelli-prisma-smart-kitchen-with-built-in-samsung-galaxy-tab\"\/><\/div><div class=\"vls-gf-overlay\"><\/div><\/figure><figure class=\"vls-gf-776 vls-gf-init\" data-vls-gf-thumbnail-width=\"800\" data-vls-gf-thumbnail-height=\"695\"><a class=\"vls-gf-main\" href=\"https:\/\/luxtehnika.ee\/wp-content\/gf-uploads\/2020\/09\/win-a-smeg-kitchen-appliance-package-news-home-builders-in-new-appliance-picture-kitchen-appliance-package-1366x1186-1024x889-1.jpg\" data-caption=\"win-a-smeg-kitchen-appliance-package-news-home-builders-in-new-appliance-picture-kitchen-appliance-package-1366x1186-1024x889-1\" data-description=\"\"><\/a><div class=\"vls-gf-img\"><img src=\"https:\/\/luxtehnika.ee\/wp-content\/gf-uploads\/2020\/09\/preview-m\/win-a-smeg-kitchen-appliance-package-news-home-builders-in-new-appliance-picture-kitchen-appliance-package-1366x1186-1024x889-1-0.jpg?t=1601312347\" title=\"win-a-smeg-kitchen-appliance-package-news-home-builders-in-new-appliance-picture-kitchen-appliance-package-1366x1186-1024x889-1\"\/><\/div><div class=\"vls-gf-overlay\"><\/div><\/figure><\/div><\/div><\/div>\n<div class=\"vls-gf-field-pills\"><\/div>\n","protected":false},"excerpt":{"rendered":"<p>SAMSUNG on L\u00f5una-Korea korporatsioon, mis asutati 1938 aastal. V\u00e4ike firma\u00a0 on kasvanud elektroonikakaupade, olmetehnika LSD paneelide, audio-videotehnika \u00fcleilmseks turuliidriks.\u00a0Suur toodete hulk ei avalda mingil moel negatiivset m\u00f5ju \u00fcksikute toodete kvaliteedile, mille muuga saakski seletada lakkamatut huvi selle br\u00e4ndi vastu terves maailmas. Selle ettev\u00f5tte tegevuse \u00f5igetest suunadest annab kinnitust ka firma aastane k\u00e4ive \u2013 117 miljonit dollarit. P\u00fc\u00fcdlused, mis on suunatud innovatiivsete lahenduste leidmisele\u00a0 ja uudistoodangu valmistamisele, et rahuldada tarbijate kasvavaid (muutuvaid) n\u00f5udmisi, on loonud SAMSUNGI suhtes \u00fcle\u00fcldise tarbijate usalduse. \u201eInspireeri maailma, loo tulevikku\u201c on SAMSUNGI deviis.<\/p>\n<p><a href=\"https:\/\/www.samsung.com\/ee\/\" target=\"_blank\" rel=\"noopener noreferrer\">Minge veebisaidile<\/a><\/p>\n<div id=\"gtx-trans\" style=\"position: absolute; left: -4px; top: 198.143px;\">\n<div class=\"gtx-trans-icon\"><\/div>\n<\/div>\n","protected":false},"featured_media":66,"template":"","meta":[],"_links":{"self":[{"href":"https:\/\/luxtehnika.ee\/et\/wp-json\/wp\/v2\/product\/65"}],"collection":[{"href":"https:\/\/luxtehnika.ee\/et\/wp-json\/wp\/v2\/product"}],"about":[{"href":"https:\/\/luxtehnika.ee\/et\/wp-json\/wp\/v2\/types\/product"}],"wp:featuredmedia":[{"embeddable":true,"href":"https:\/\/luxtehnika.ee\/et\/wp-json\/wp\/v2\/media\/66"}],"wp:attachment":[{"href":"https:\/\/luxtehnika.ee\/et\/wp-json\/wp\/v2\/media?parent=65"}],"curies":[{"name":"wp","href":"https:\/\/api.w.org\/{rel}","templated":true}]}}