{"id":59,"date":"2020-09-29T14:21:36","date_gmt":"2020-09-29T12:21:36","guid":{"rendered":"https:\/\/luxtehnika.ee\/en\/?post_type=product&#038;p=59"},"modified":"2020-10-29T12:31:30","modified_gmt":"2020-10-29T10:31:30","slug":"restart","status":"publish","type":"product","link":"https:\/\/luxtehnika.ee\/et\/brand\/restart\/","title":{"rendered":"Restart"},"content":{"rendered":"<div class=\"vls-gf-field-ro\"><div class=\"vls-gf-gallery vls-gf-732 vls-gf-style-light vls-gf-style-none\" data-vls-gf-layout='{\"layout_type\":\"masonry-v\",\"column_count\":4,\"column_count_xs\":1,\"aspect_ratio\":1,\"horizontal_spacing\":4,\"vertical_spacing\":4,\"align_bottom\":false,\"pagination_type\":\"none\",\"page_size\":0}' data-vls-gf-settings='{\"pagination_type\":\"none\"}'><style type=\"text\/css\">.vls-gf-732 figure a.vls-gf-main{display:block;position:absolute;top:0;bottom:0;left:0;right:0;opacity:0;z-index:90;}.vls-gf-732 figure .vls-gf-overlay{position:absolute;background-color:rgba(255, 255, 255, 0.3);left:0;right:0;top:0;bottom:0;opacity:0;z-index:10;transition:opacity 600ms ease;}.vls-gf-732 figure:hover .vls-gf-overlay{opacity:1;}<\/style><div class=\"vls-gf-container\"><figure class=\"vls-gf-733 vls-gf-init\" data-vls-gf-thumbnail-width=\"800\" data-vls-gf-thumbnail-height=\"464\"><a class=\"vls-gf-main\" href=\"https:\/\/luxtehnika.ee\/wp-content\/gf-uploads\/2020\/09\/g_1.jpg\" data-caption=\"g_1\" data-description=\"\"><\/a><div class=\"vls-gf-img\"><img src=\"https:\/\/luxtehnika.ee\/wp-content\/gf-uploads\/2020\/09\/preview-m\/g_1-0.jpg?t=1601312175\" title=\"g_1\"\/><\/div><div class=\"vls-gf-overlay\"><\/div><\/figure><figure class=\"vls-gf-734 vls-gf-init\" data-vls-gf-thumbnail-width=\"599\" data-vls-gf-thumbnail-height=\"800\"><a class=\"vls-gf-main\" href=\"https:\/\/luxtehnika.ee\/wp-content\/gf-uploads\/2020\/09\/g_2.jpg\" data-caption=\"g_2\" data-description=\"\"><\/a><div class=\"vls-gf-img\"><img src=\"https:\/\/luxtehnika.ee\/wp-content\/gf-uploads\/2020\/09\/preview-m\/g_2-0.jpg?t=1601312179\" title=\"g_2\"\/><\/div><div class=\"vls-gf-overlay\"><\/div><\/figure><figure class=\"vls-gf-735 vls-gf-init\" data-vls-gf-thumbnail-width=\"800\" data-vls-gf-thumbnail-height=\"473\"><a class=\"vls-gf-main\" href=\"https:\/\/luxtehnika.ee\/wp-content\/gf-uploads\/2020\/09\/g003.jpg\" data-caption=\"g003\" data-description=\"\"><\/a><div class=\"vls-gf-img\"><img src=\"https:\/\/luxtehnika.ee\/wp-content\/gf-uploads\/2020\/09\/preview-m\/g003-0.jpg?t=1601312181\" title=\"g003\"\/><\/div><div class=\"vls-gf-overlay\"><\/div><\/figure><figure class=\"vls-gf-736 vls-gf-init\" data-vls-gf-thumbnail-width=\"800\" data-vls-gf-thumbnail-height=\"448\"><a class=\"vls-gf-main\" href=\"https:\/\/luxtehnika.ee\/wp-content\/gf-uploads\/2020\/09\/g004.jpg\" data-caption=\"g004\" data-description=\"\"><\/a><div class=\"vls-gf-img\"><img src=\"https:\/\/luxtehnika.ee\/wp-content\/gf-uploads\/2020\/09\/preview-m\/g004-0.jpg?t=1601312183\" title=\"g004\"\/><\/div><div class=\"vls-gf-overlay\"><\/div><\/figure><figure class=\"vls-gf-737 vls-gf-init\" data-vls-gf-thumbnail-width=\"800\" data-vls-gf-thumbnail-height=\"490\"><a class=\"vls-gf-main\" href=\"https:\/\/luxtehnika.ee\/wp-content\/gf-uploads\/2020\/09\/g005.jpg\" data-caption=\"cappa 139\" data-description=\"cappa 139\"><\/a><div class=\"vls-gf-img\"><img src=\"https:\/\/luxtehnika.ee\/wp-content\/gf-uploads\/2020\/09\/preview-m\/g005-0.jpg?t=1601312185\" alt=\"cappa 139\" title=\"cappa 139\"\/><\/div><div class=\"vls-gf-overlay\"><\/div><\/figure><figure class=\"vls-gf-738 vls-gf-init\" data-vls-gf-thumbnail-width=\"800\" data-vls-gf-thumbnail-height=\"697\"><a class=\"vls-gf-main\" href=\"https:\/\/luxtehnika.ee\/wp-content\/gf-uploads\/2020\/09\/g5.jpg\" data-caption=\"g5\" data-description=\"\"><\/a><div class=\"vls-gf-img\"><img src=\"https:\/\/luxtehnika.ee\/wp-content\/gf-uploads\/2020\/09\/preview-m\/g5-0.jpg?t=1601312188\" title=\"g5\"\/><\/div><div class=\"vls-gf-overlay\"><\/div><\/figure><figure class=\"vls-gf-739 vls-gf-init\" data-vls-gf-thumbnail-width=\"800\" data-vls-gf-thumbnail-height=\"600\"><a class=\"vls-gf-main\" href=\"https:\/\/luxtehnika.ee\/wp-content\/gf-uploads\/2020\/09\/g6.jpg\" data-caption=\"g6\" data-description=\"\"><\/a><div class=\"vls-gf-img\"><img src=\"https:\/\/luxtehnika.ee\/wp-content\/gf-uploads\/2020\/09\/preview-m\/g6-0.jpg?t=1601312190\" title=\"g6\"\/><\/div><div class=\"vls-gf-overlay\"><\/div><\/figure><figure class=\"vls-gf-740 vls-gf-init\" data-vls-gf-thumbnail-width=\"800\" data-vls-gf-thumbnail-height=\"600\"><a class=\"vls-gf-main\" href=\"https:\/\/luxtehnika.ee\/wp-content\/gf-uploads\/2020\/09\/g7.jpg\" data-caption=\"g7\" data-description=\"\"><\/a><div class=\"vls-gf-img\"><img src=\"https:\/\/luxtehnika.ee\/wp-content\/gf-uploads\/2020\/09\/preview-m\/g7-0.jpg?t=1601312193\" title=\"g7\"\/><\/div><div class=\"vls-gf-overlay\"><\/div><\/figure><figure class=\"vls-gf-741 vls-gf-init\" data-vls-gf-thumbnail-width=\"534\" data-vls-gf-thumbnail-height=\"800\"><a class=\"vls-gf-main\" href=\"https:\/\/luxtehnika.ee\/wp-content\/gf-uploads\/2020\/09\/g10.jpg\" data-caption=\"g10\" data-description=\"\"><\/a><div class=\"vls-gf-img\"><img src=\"https:\/\/luxtehnika.ee\/wp-content\/gf-uploads\/2020\/09\/preview-m\/g10-0.jpg?t=1601312196\" title=\"g10\"\/><\/div><div class=\"vls-gf-overlay\"><\/div><\/figure><figure class=\"vls-gf-742 vls-gf-init\" data-vls-gf-thumbnail-width=\"534\" data-vls-gf-thumbnail-height=\"800\"><a class=\"vls-gf-main\" href=\"https:\/\/luxtehnika.ee\/wp-content\/gf-uploads\/2020\/09\/g11.jpg\" data-caption=\"g11\" data-description=\"\"><\/a><div class=\"vls-gf-img\"><img src=\"https:\/\/luxtehnika.ee\/wp-content\/gf-uploads\/2020\/09\/preview-m\/g11-0.jpg?t=1601312198\" title=\"g11\"\/><\/div><div class=\"vls-gf-overlay\"><\/div><\/figure><figure class=\"vls-gf-743 vls-gf-init\" data-vls-gf-thumbnail-width=\"599\" data-vls-gf-thumbnail-height=\"800\"><a class=\"vls-gf-main\" href=\"https:\/\/luxtehnika.ee\/wp-content\/gf-uploads\/2020\/09\/g13.jpg\" data-caption=\"g13\" data-description=\"\"><\/a><div class=\"vls-gf-img\"><img src=\"https:\/\/luxtehnika.ee\/wp-content\/gf-uploads\/2020\/09\/preview-m\/g13-0.jpg?t=1601312201\" title=\"g13\"\/><\/div><div class=\"vls-gf-overlay\"><\/div><\/figure><figure class=\"vls-gf-744 vls-gf-init\" data-vls-gf-thumbnail-width=\"800\" data-vls-gf-thumbnail-height=\"535\"><a class=\"vls-gf-main\" href=\"https:\/\/luxtehnika.ee\/wp-content\/gf-uploads\/2020\/09\/g16.jpg\" data-caption=\"g16\" data-description=\"\"><\/a><div class=\"vls-gf-img\"><img src=\"https:\/\/luxtehnika.ee\/wp-content\/gf-uploads\/2020\/09\/preview-m\/g16-0.jpg?t=1601312205\" title=\"g16\"\/><\/div><div class=\"vls-gf-overlay\"><\/div><\/figure><figure class=\"vls-gf-745 vls-gf-init\" data-vls-gf-thumbnail-width=\"615\" data-vls-gf-thumbnail-height=\"800\"><a class=\"vls-gf-main\" href=\"https:\/\/luxtehnika.ee\/wp-content\/gf-uploads\/2020\/09\/g18.jpg\" data-caption=\"g18\" data-description=\"\"><\/a><div class=\"vls-gf-img\"><img src=\"https:\/\/luxtehnika.ee\/wp-content\/gf-uploads\/2020\/09\/preview-m\/g18-0.jpg?t=1601312208\" title=\"g18\"\/><\/div><div class=\"vls-gf-overlay\"><\/div><\/figure><figure class=\"vls-gf-746 vls-gf-init\" data-vls-gf-thumbnail-width=\"800\" data-vls-gf-thumbnail-height=\"739\"><a class=\"vls-gf-main\" href=\"https:\/\/luxtehnika.ee\/wp-content\/gf-uploads\/2020\/09\/g19.jpg\" data-caption=\"Immagini 002\" data-description=\"Immagini 002\"><\/a><div class=\"vls-gf-img\"><img src=\"https:\/\/luxtehnika.ee\/wp-content\/gf-uploads\/2020\/09\/preview-m\/g19-0.jpg?t=1601312213\" alt=\"Immagini 002\" title=\"Immagini 002\"\/><\/div><div class=\"vls-gf-overlay\"><\/div><\/figure><figure class=\"vls-gf-747 vls-gf-init\" data-vls-gf-thumbnail-width=\"800\" data-vls-gf-thumbnail-height=\"535\"><a class=\"vls-gf-main\" href=\"https:\/\/luxtehnika.ee\/wp-content\/gf-uploads\/2020\/09\/g21.jpg\" data-caption=\"g21\" data-description=\"\"><\/a><div class=\"vls-gf-img\"><img src=\"https:\/\/luxtehnika.ee\/wp-content\/gf-uploads\/2020\/09\/preview-m\/g21-0.jpg?t=1601312216\" title=\"g21\"\/><\/div><div class=\"vls-gf-overlay\"><\/div><\/figure><figure class=\"vls-gf-748 vls-gf-init\" data-vls-gf-thumbnail-width=\"800\" data-vls-gf-thumbnail-height=\"551\"><a class=\"vls-gf-main\" href=\"https:\/\/luxtehnika.ee\/wp-content\/gf-uploads\/2020\/09\/g23.jpg\" data-caption=\"Immagini 073\" data-description=\"Immagini 073\"><\/a><div class=\"vls-gf-img\"><img src=\"https:\/\/luxtehnika.ee\/wp-content\/gf-uploads\/2020\/09\/preview-m\/g23-0.jpg?t=1601312219\" alt=\"Immagini 073\" title=\"Immagini 073\"\/><\/div><div class=\"vls-gf-overlay\"><\/div><\/figure><figure class=\"vls-gf-749 vls-gf-init\" data-vls-gf-thumbnail-width=\"600\" data-vls-gf-thumbnail-height=\"800\"><a class=\"vls-gf-main\" href=\"https:\/\/luxtehnika.ee\/wp-content\/gf-uploads\/2020\/09\/g24.jpg\" data-caption=\"Immagini 114\" data-description=\"Immagini 114\"><\/a><div class=\"vls-gf-img\"><img src=\"https:\/\/luxtehnika.ee\/wp-content\/gf-uploads\/2020\/09\/preview-m\/g24-0.jpg?t=1601312221\" alt=\"Immagini 114\" title=\"Immagini 114\"\/><\/div><div class=\"vls-gf-overlay\"><\/div><\/figure><figure class=\"vls-gf-750 vls-gf-init\" data-vls-gf-thumbnail-width=\"600\" data-vls-gf-thumbnail-height=\"800\"><a class=\"vls-gf-main\" href=\"https:\/\/luxtehnika.ee\/wp-content\/gf-uploads\/2020\/09\/g25.jpg\" data-caption=\"Immagini 048\" data-description=\"Immagini 048\"><\/a><div class=\"vls-gf-img\"><img src=\"https:\/\/luxtehnika.ee\/wp-content\/gf-uploads\/2020\/09\/preview-m\/g25-0.jpg?t=1601312225\" alt=\"Immagini 048\" title=\"Immagini 048\"\/><\/div><div class=\"vls-gf-overlay\"><\/div><\/figure><figure class=\"vls-gf-751 vls-gf-init\" data-vls-gf-thumbnail-width=\"663\" data-vls-gf-thumbnail-height=\"800\"><a class=\"vls-gf-main\" href=\"https:\/\/luxtehnika.ee\/wp-content\/gf-uploads\/2020\/09\/g27-849x1024-1.jpg\" data-caption=\"g27-849x1024-1\" data-description=\"\"><\/a><div class=\"vls-gf-img\"><img src=\"https:\/\/luxtehnika.ee\/wp-content\/gf-uploads\/2020\/09\/preview-m\/g27-849x1024-1-0.jpg?t=1601312227\" title=\"g27-849x1024-1\"\/><\/div><div class=\"vls-gf-overlay\"><\/div><\/figure><figure class=\"vls-gf-752 vls-gf-init\" data-vls-gf-thumbnail-width=\"680\" data-vls-gf-thumbnail-height=\"510\"><a class=\"vls-gf-main\" href=\"https:\/\/luxtehnika.ee\/wp-content\/gf-uploads\/2020\/09\/g28.jpg\" data-caption=\"cappa 002\" data-description=\"cappa 002\"><\/a><div class=\"vls-gf-img\"><img src=\"https:\/\/luxtehnika.ee\/wp-content\/gf-uploads\/2020\/09\/preview-m\/g28-0.jpg?t=1601312229\" alt=\"cappa 002\" title=\"cappa 002\"\/><\/div><div class=\"vls-gf-overlay\"><\/div><\/figure><figure class=\"vls-gf-753 vls-gf-init\" data-vls-gf-thumbnail-width=\"510\" data-vls-gf-thumbnail-height=\"680\"><a class=\"vls-gf-main\" href=\"https:\/\/luxtehnika.ee\/wp-content\/gf-uploads\/2020\/09\/g30.jpg\" data-caption=\"cappa 007\" data-description=\"cappa 007\"><\/a><div class=\"vls-gf-img\"><img src=\"https:\/\/luxtehnika.ee\/wp-content\/gf-uploads\/2020\/09\/preview-m\/g30-0.jpg?t=1601312231\" alt=\"cappa 007\" title=\"cappa 007\"\/><\/div><div class=\"vls-gf-overlay\"><\/div><\/figure><figure class=\"vls-gf-754 vls-gf-init\" data-vls-gf-thumbnail-width=\"510\" data-vls-gf-thumbnail-height=\"680\"><a class=\"vls-gf-main\" href=\"https:\/\/luxtehnika.ee\/wp-content\/gf-uploads\/2020\/09\/g33.jpg\" data-caption=\"cappa 119\" data-description=\"cappa 119\"><\/a><div class=\"vls-gf-img\"><img src=\"https:\/\/luxtehnika.ee\/wp-content\/gf-uploads\/2020\/09\/preview-m\/g33-0.jpg?t=1601312233\" alt=\"cappa 119\" title=\"cappa 119\"\/><\/div><div class=\"vls-gf-overlay\"><\/div><\/figure><figure class=\"vls-gf-755 vls-gf-init\" data-vls-gf-thumbnail-width=\"510\" data-vls-gf-thumbnail-height=\"680\"><a class=\"vls-gf-main\" href=\"https:\/\/luxtehnika.ee\/wp-content\/gf-uploads\/2020\/09\/g34.jpg\" data-caption=\"cappa 125\" data-description=\"cappa 125\"><\/a><div class=\"vls-gf-img\"><img src=\"https:\/\/luxtehnika.ee\/wp-content\/gf-uploads\/2020\/09\/preview-m\/g34-0.jpg?t=1601312235\" alt=\"cappa 125\" title=\"cappa 125\"\/><\/div><div class=\"vls-gf-overlay\"><\/div><\/figure><figure class=\"vls-gf-756 vls-gf-init\" data-vls-gf-thumbnail-width=\"800\" data-vls-gf-thumbnail-height=\"600\"><a class=\"vls-gf-main\" href=\"https:\/\/luxtehnika.ee\/wp-content\/gf-uploads\/2020\/09\/g35b.jpg\" data-caption=\"g35b\" data-description=\"\"><\/a><div class=\"vls-gf-img\"><img src=\"https:\/\/luxtehnika.ee\/wp-content\/gf-uploads\/2020\/09\/preview-m\/g35b-0.jpg?t=1601312238\" title=\"g35b\"\/><\/div><div class=\"vls-gf-overlay\"><\/div><\/figure><\/div><\/div><\/div>\n<div class=\"vls-gf-field-pills\"><\/div>\n","protected":false},"excerpt":{"rendered":"<p>RESTART \u2013 see v\u00e4ike perefirma asus Firenzes ja seal tehakse tavalisest k\u00f6\u00f6gitehnikast t\u00f5elisi kuntiteoseid. RESTART v\u00f5tab aluseks ILVE kvaliteetsed ja usaldusv\u00e4\u00e4rsed k\u00fclmikud, \u00a0\u00a0ahjud ja pliidid ning dekoreerib neid soojades v\u00e4rvitoonides kantristiilis kaunistustega. Dekoratiivsed elemendid tehakse sageli vasest, messingust, malmist ja sepistest, mida eksponeeritakse mahedate soojades toonides pindadel.\u00a0 Kunstlikult antiikse v\u00e4ljan\u00e4gemise saanud fassaadide taga peitub kaasaegne tehnika: kahes\u00fcsteemsed\u00a0\u00a0 keedukomleksid ja praeahjud (gaas+ elekter), kolmekordne kuumuskindel klaas, Fry top k\u00fcpsetusplaadid, mis ei vaja toidu valmistamiseks \u00f5li, jaapani tepaanid, mis meenutavad puuk\u00fcttega pliiti. RESTARTi tehnika annab k\u00f6\u00f6gile kordumatu hinge.<\/p>\n<p><a href=\"http:\/\/www.restart.it\/\" target=\"_blank\" rel=\"noopener noreferrer\">Minge veebisaidile<\/a><\/p>\n<div id=\"gtx-trans\" style=\"position: absolute; left: -12px; top: 198.143px;\">\n<div class=\"gtx-trans-icon\"><\/div>\n<\/div>\n","protected":false},"featured_media":60,"template":"","meta":[],"_links":{"self":[{"href":"https:\/\/luxtehnika.ee\/et\/wp-json\/wp\/v2\/product\/59"}],"collection":[{"href":"https:\/\/luxtehnika.ee\/et\/wp-json\/wp\/v2\/product"}],"about":[{"href":"https:\/\/luxtehnika.ee\/et\/wp-json\/wp\/v2\/types\/product"}],"wp:featuredmedia":[{"embeddable":true,"href":"https:\/\/luxtehnika.ee\/et\/wp-json\/wp\/v2\/media\/60"}],"wp:attachment":[{"href":"https:\/\/luxtehnika.ee\/et\/wp-json\/wp\/v2\/media?parent=59"}],"curies":[{"name":"wp","href":"https:\/\/api.w.org\/{rel}","templated":true}]}}