{"id":57,"date":"2020-09-29T14:19:29","date_gmt":"2020-09-29T12:19:29","guid":{"rendered":"https:\/\/luxtehnika.ee\/en\/?post_type=product&#038;p=57"},"modified":"2020-10-23T11:00:18","modified_gmt":"2020-10-23T09:00:18","slug":"smeg","status":"publish","type":"product","link":"https:\/\/luxtehnika.ee\/et\/brand\/smeg\/","title":{"rendered":"Smeg"},"content":{"rendered":"<div class=\"vls-gf-field-ro\"><div class=\"vls-gf-gallery vls-gf-839 vls-gf-style-light vls-gf-style-none\" data-vls-gf-layout='{\"layout_type\":\"masonry-v\",\"column_count\":4,\"column_count_xs\":1,\"aspect_ratio\":1,\"horizontal_spacing\":4,\"vertical_spacing\":4,\"align_bottom\":false,\"pagination_type\":\"none\",\"page_size\":0}' data-vls-gf-settings='{\"pagination_type\":\"none\"}'><style type=\"text\/css\">.vls-gf-839 figure a.vls-gf-main{display:block;position:absolute;top:0;bottom:0;left:0;right:0;opacity:0;z-index:90;}.vls-gf-839 figure .vls-gf-overlay{position:absolute;background-color:rgba(255, 255, 255, 0.3);left:0;right:0;top:0;bottom:0;opacity:0;z-index:10;transition:opacity 600ms ease;}.vls-gf-839 figure:hover .vls-gf-overlay{opacity:1;}<\/style><div class=\"vls-gf-container\"><figure class=\"vls-gf-840 vls-gf-init\" data-vls-gf-thumbnail-width=\"600\" data-vls-gf-thumbnail-height=\"400\"><a class=\"vls-gf-main\" href=\"https:\/\/luxtehnika.ee\/wp-content\/gf-uploads\/2020\/09\/1-smeg-samford-sublime.jpg\" data-caption=\"1-smeg-samford-sublime\" data-description=\"\"><\/a><div class=\"vls-gf-img\"><img src=\"https:\/\/luxtehnika.ee\/wp-content\/gf-uploads\/2020\/09\/preview-m\/1-smeg-samford-sublime-0.jpg?t=1601312926\" title=\"1-smeg-samford-sublime\"\/><\/div><div class=\"vls-gf-overlay\"><\/div><\/figure><figure class=\"vls-gf-841 vls-gf-init\" data-vls-gf-thumbnail-width=\"600\" data-vls-gf-thumbnail-height=\"400\"><a class=\"vls-gf-main\" href=\"https:\/\/luxtehnika.ee\/wp-content\/gf-uploads\/2020\/09\/1-smeg-samford-sublime-1.jpg\" data-caption=\"1-smeg-samford-sublime-1\" data-description=\"\"><\/a><div class=\"vls-gf-img\"><img src=\"https:\/\/luxtehnika.ee\/wp-content\/gf-uploads\/2020\/09\/preview-m\/1-smeg-samford-sublime-1-0.jpg?t=1601312927\" title=\"1-smeg-samford-sublime-1\"\/><\/div><div class=\"vls-gf-overlay\"><\/div><\/figure><figure class=\"vls-gf-842 vls-gf-init\" data-vls-gf-thumbnail-width=\"480\" data-vls-gf-thumbnail-height=\"322\"><a class=\"vls-gf-main\" href=\"https:\/\/luxtehnika.ee\/wp-content\/gf-uploads\/2020\/09\/23-480x322-1.jpg\" data-caption=\"23-480x322-1\" data-description=\"\"><\/a><div class=\"vls-gf-img\"><img src=\"https:\/\/luxtehnika.ee\/wp-content\/gf-uploads\/2020\/09\/preview-m\/23-480x322-1-0.jpg?t=1601312928\" title=\"23-480x322-1\"\/><\/div><div class=\"vls-gf-overlay\"><\/div><\/figure><figure class=\"vls-gf-843 vls-gf-init\" data-vls-gf-thumbnail-width=\"574\" data-vls-gf-thumbnail-height=\"348\"><a class=\"vls-gf-main\" href=\"https:\/\/luxtehnika.ee\/wp-content\/gf-uploads\/2020\/09\/104632.jpg\" data-caption=\"104632\" data-description=\"\"><\/a><div class=\"vls-gf-img\"><img src=\"https:\/\/luxtehnika.ee\/wp-content\/gf-uploads\/2020\/09\/preview-m\/104632-0.jpg?t=1601312929\" title=\"104632\"\/><\/div><div class=\"vls-gf-overlay\"><\/div><\/figure><figure class=\"vls-gf-844 vls-gf-init\" data-vls-gf-thumbnail-width=\"670\" data-vls-gf-thumbnail-height=\"375\"><a class=\"vls-gf-main\" href=\"https:\/\/luxtehnika.ee\/wp-content\/gf-uploads\/2020\/09\/appliances-smeg.jpg\" data-caption=\"appliances-smeg\" data-description=\"\"><\/a><div class=\"vls-gf-img\"><img src=\"https:\/\/luxtehnika.ee\/wp-content\/gf-uploads\/2020\/09\/preview-m\/appliances-smeg-0.jpg?t=1601312932\" title=\"appliances-smeg\"\/><\/div><div class=\"vls-gf-overlay\"><\/div><\/figure><figure class=\"vls-gf-845 vls-gf-init\" data-vls-gf-thumbnail-width=\"800\" data-vls-gf-thumbnail-height=\"600\"><a class=\"vls-gf-main\" href=\"https:\/\/luxtehnika.ee\/wp-content\/gf-uploads\/2020\/09\/bar.jpg\" data-caption=\"bar\" data-description=\"\"><\/a><div class=\"vls-gf-img\"><img src=\"https:\/\/luxtehnika.ee\/wp-content\/gf-uploads\/2020\/09\/preview-m\/bar-0.jpg?t=1601312933\" title=\"bar\"\/><\/div><div class=\"vls-gf-overlay\"><\/div><\/figure><figure class=\"vls-gf-846 vls-gf-init\" data-vls-gf-thumbnail-width=\"689\" data-vls-gf-thumbnail-height=\"513\"><a class=\"vls-gf-main\" href=\"https:\/\/luxtehnika.ee\/wp-content\/gf-uploads\/2020\/09\/chef_collection_dishwasher1.jpg\" data-caption=\"chef_collection_dishwasher1\" data-description=\"\"><\/a><div class=\"vls-gf-img\"><img src=\"https:\/\/luxtehnika.ee\/wp-content\/gf-uploads\/2020\/09\/preview-m\/chef_collection_dishwasher1-0.jpg?t=1601312935\" title=\"chef_collection_dishwasher1\"\/><\/div><div class=\"vls-gf-overlay\"><\/div><\/figure><figure class=\"vls-gf-847 vls-gf-init\" data-vls-gf-thumbnail-width=\"360\" data-vls-gf-thumbnail-height=\"260\"><a class=\"vls-gf-main\" href=\"https:\/\/luxtehnika.ee\/wp-content\/gf-uploads\/2020\/09\/image1-crop-flat.jpg\" data-caption=\"image1-crop-flat\" data-description=\"\"><\/a><div class=\"vls-gf-img\"><img src=\"https:\/\/luxtehnika.ee\/wp-content\/gf-uploads\/2020\/09\/preview-m\/image1-crop-flat-0.jpg?t=1601312936\" title=\"image1-crop-flat\"\/><\/div><div class=\"vls-gf-overlay\"><\/div><\/figure><figure class=\"vls-gf-848 vls-gf-init\" data-vls-gf-thumbnail-width=\"640\" data-vls-gf-thumbnail-height=\"426\"><a class=\"vls-gf-main\" href=\"https:\/\/luxtehnika.ee\/wp-content\/gf-uploads\/2020\/09\/modern-kitchen-1.jpg\" data-caption=\"modern-kitchen-1\" data-description=\"\"><\/a><div class=\"vls-gf-img\"><img src=\"https:\/\/luxtehnika.ee\/wp-content\/gf-uploads\/2020\/09\/preview-m\/modern-kitchen-1-0.jpg?t=1601312937\" title=\"modern-kitchen-1\"\/><\/div><div class=\"vls-gf-overlay\"><\/div><\/figure><figure class=\"vls-gf-849 vls-gf-init\" data-vls-gf-thumbnail-width=\"640\" data-vls-gf-thumbnail-height=\"427\"><a class=\"vls-gf-main\" href=\"https:\/\/luxtehnika.ee\/wp-content\/gf-uploads\/2020\/09\/smeg_kitchen1.jpg\" data-caption=\"smeg_kitchen1\" data-description=\"\"><\/a><div class=\"vls-gf-img\"><img src=\"https:\/\/luxtehnika.ee\/wp-content\/gf-uploads\/2020\/09\/preview-m\/smeg_kitchen1-0.jpg?t=1601312938\" title=\"smeg_kitchen1\"\/><\/div><div class=\"vls-gf-overlay\"><\/div><\/figure><figure class=\"vls-gf-850 vls-gf-init\" data-vls-gf-thumbnail-width=\"600\" data-vls-gf-thumbnail-height=\"435\"><a class=\"vls-gf-main\" href=\"https:\/\/luxtehnika.ee\/wp-content\/gf-uploads\/2020\/09\/smeg_smartsense_induction_cooktop_05.jpg\" data-caption=\"smeg_smartsense_induction_cooktop_05\" data-description=\"ProEXR File Description\n\n=Attributes=\ncameraAperture (float): 36.000004\ncameraFNumber (float): 8.000000\ncameraFarClip (float): 51.308395\ncameraFarRange (float): 1000.000000\ncameraFocalLength (float): 40.000004\ncameraFov (float): 50.831692\ncameraNearClip (float): 0.760000\ncameraNearRange (float): 0.000000\ncameraProjection (int): 0\ncameraTargetDistance (float): 3.767004\ncameraTransform (m44f)\nchannels (chlist)\ncompression (compression): Zip16\ndataWindow (box2i): [0, 0, 3743, 2715]\ndisplayWindow (box2i): [0, 0, 3743, 2715]\nlineOrder (lineOrder): Increasing Y\npixelAspectRatio (float): 1.000000\nscreenWindowCenter (v2f): [0.000000, 0.000000]\nscreenWindowWidth (float): 1.000000\n\n=Channels=\nA (half)\nB (half)\nG (half)\nMM 1-2-3.B (half)\nMM 1-2-3.G (half)\nMM 1-2-3.R (half)\nMM 10-11-12.B (half)\nMM 10-11-12.G (half)\nMM 10-11-12.R (half)\nMM 13-14-15.B (half)\nMM 13-14-15.G (half)\nMM 13-14-15.R (half)\nMM 16-17-18.B (half)\nMM 16-17-18.G (half)\nMM 16-17-18.R (half)\nMM 19-20-21.B (half)\nMM 19-20-21.G (half)\nMM 19-20-21.R (half)\nMM 22-23-24.B (half)\nMM 22-23-24.G (half)\nMM 22-23-24.R (half)\nMM 25-26-27.B (half)\nMM 25-26-27.G (half)\nMM 25-26-27.R (half)\nMM 28-29-30.B (half)\nMM 28-29-30.G (half)\nMM 28-29-30.R (half)\nMM 31-32-33.B (half)\nMM 31-32-33.G (half)\nMM 31-32-33.R (half)\nMM 34-35-36.B (half)\nMM 34-35-36.G (half)\nMM 34-35-36.R (half)\nMM 37-38-39.B (half)\nMM 37-38-39.G (half)\nMM 37-38-39.R (half)\nMM 4-5-6.B (half)\nMM 4-5-6.G (half)\nMM 4-5-6.R (half)\nMM 40-41-42.B (half)\nMM 40-41-42.G (half)\nMM 40-41-42.R (half)\nMM 43-44-45.B (half)\nMM 43-44-45.G (half)\nMM 43-44-45.R (half)\nMM 46-47-48.B (half)\nMM 46-47-48.G (half)\nMM 46-47-48.R (half)\nMM 49-50-51.B (half)\nMM 49-50-51.G (half)\nMM 49-50-51.R (half)\nMM 52-53-54.B (half)\nMM 52-53-54.G (half)\nMM 52-53-54.R (half)\nMM 7-8-9.B (half)\nMM 7-8-9.G (half)\nMM 7-8-9.R (half)\nR (half)\nVRayGlobalIllumination.B (half)\nVRayGlobalIllumination.G (half)\nVRayGlobalIllumination.R (half)\nVRayLighting.B (half)\nVRayLighting.G (half)\nVRayLighting.R (half)\nVRayOcclusion.B (half)\nVRayOcclusion.G (half)\nVRayOcclusion.R (half)\nVRayRawReflection.B (half)\nVRayRawReflection.G (half)\nVRayRawReflection.R (half)\nVRayReflection.B (half)\nVRayReflection.G (half)\nVRayReflection.R (half)\nVRayRefraction.B (half)\nVRayRefraction.G (half)\nVRayRefraction.R (half)\nVRaySelfIllumination.B (half)\nVRaySelfIllumination.G (half)\nVRaySelfIllumination.R (half)\nVRaySpecular.B (half)\nVRaySpecular.G (half)\nVRaySpecular.R (half)\nVRayWireColor.B (half)\nVRayWireColor.G (half)\nVRayWireColor.R (half)\nZ (half)\"><\/a><div class=\"vls-gf-img\"><img src=\"https:\/\/luxtehnika.ee\/wp-content\/gf-uploads\/2020\/09\/preview-m\/smeg_smartsense_induction_cooktop_05-0.jpg?t=1601312940\" title=\"smeg_smartsense_induction_cooktop_05\"\/><\/div><div class=\"vls-gf-overlay\"><\/div><\/figure><figure class=\"vls-gf-851 vls-gf-init\" data-vls-gf-thumbnail-width=\"691\" data-vls-gf-thumbnail-height=\"600\"><a class=\"vls-gf-main\" href=\"https:\/\/luxtehnika.ee\/wp-content\/gf-uploads\/2020\/09\/smeg-kitchen_c9gmxa-2e1af1.jpg\" data-caption=\"smeg-kitchen_c9gmxa-2e1af1\" data-description=\"\"><\/a><div class=\"vls-gf-img\"><img src=\"https:\/\/luxtehnika.ee\/wp-content\/gf-uploads\/2020\/09\/preview-m\/smeg-kitchen_c9gmxa-2e1af1-0.jpg?t=1601312943\" title=\"smeg-kitchen_c9gmxa-2e1af1\"\/><\/div><div class=\"vls-gf-overlay\"><\/div><\/figure><figure class=\"vls-gf-852 vls-gf-init\" data-vls-gf-thumbnail-width=\"551\" data-vls-gf-thumbnail-height=\"307\"><a class=\"vls-gf-main\" href=\"https:\/\/luxtehnika.ee\/wp-content\/gf-uploads\/2020\/09\/the_oaks_2.jpg\" data-caption=\"the_oaks_2\" data-description=\"\"><\/a><div class=\"vls-gf-img\"><img src=\"https:\/\/luxtehnika.ee\/wp-content\/gf-uploads\/2020\/09\/preview-m\/the_oaks_2-0.jpg?t=1601312944\" title=\"the_oaks_2\"\/><\/div><div class=\"vls-gf-overlay\"><\/div><\/figure><figure class=\"vls-gf-853 vls-gf-init\" data-vls-gf-thumbnail-width=\"427\" data-vls-gf-thumbnail-height=\"285\"><a class=\"vls-gf-main\" href=\"https:\/\/luxtehnika.ee\/wp-content\/gf-uploads\/2020\/09\/this_morning_kitchen_bq.jpg\" data-caption=\"this_morning_kitchen_bq\" data-description=\"\"><\/a><div class=\"vls-gf-img\"><img src=\"https:\/\/luxtehnika.ee\/wp-content\/gf-uploads\/2020\/09\/preview-m\/this_morning_kitchen_bq-0.jpg?t=1601312945\" title=\"this_morning_kitchen_bq\"\/><\/div><div class=\"vls-gf-overlay\"><\/div><\/figure><\/div><\/div><\/div>\n<div class=\"vls-gf-field-pills\"><\/div>\n","protected":false},"excerpt":{"rendered":"<p>SMEG on 1948 aastal Itaalias\u00a0 loodud ja n\u00fc\u00fcseks \u00fcle maailma tuntud olmetehnika valmistaja. SMEG t\u00f6\u00f6tab kahel suunal: t\u00f6\u00f6stusseadmed (restoranide, \u00fchiskondlike asutuste sisseseade) ja olmeseadmed, mida on kerge kasutada korteris v\u00f5i eramus. Segistid, k\u00fcpsetusahjud, pesumasinad, valamud ja keeduplaadid r\u00f5\u00f5mustavad ostjaid sellega, et on tehniliselt t\u00e4iuslikud, v\u00e4ikese energiakuluga, ohutud ja lihtsalt k\u00e4sitletavad. Samuti r\u00f5\u00f5mustab silma nende stiilne disain ja lai v\u00e4rvivalik. SMEG tooted on saanud hulgaliselt auhindu, nagu Wallpaper Design Award kategoorias \u201cParim olmetehnika\u201d ning\u00a0 Good\u00a0 Design Award \u201cDisaini\u201d kategoorias.<\/p>\n<p><a href=\"https:\/\/www.smeg.com\" target=\"_blank\" rel=\"noopener noreferrer\">Minge veebisaidile<\/a><\/p>\n<div id=\"gtx-trans\" style=\"position: absolute; left: -9px; top: 150.857px;\">\n<div class=\"gtx-trans-icon\"><\/div>\n<\/div>\n","protected":false},"featured_media":58,"template":"","meta":[],"_links":{"self":[{"href":"https:\/\/luxtehnika.ee\/et\/wp-json\/wp\/v2\/product\/57"}],"collection":[{"href":"https:\/\/luxtehnika.ee\/et\/wp-json\/wp\/v2\/product"}],"about":[{"href":"https:\/\/luxtehnika.ee\/et\/wp-json\/wp\/v2\/types\/product"}],"wp:featuredmedia":[{"embeddable":true,"href":"https:\/\/luxtehnika.ee\/et\/wp-json\/wp\/v2\/media\/58"}],"wp:attachment":[{"href":"https:\/\/luxtehnika.ee\/et\/wp-json\/wp\/v2\/media?parent=57"}],"curies":[{"name":"wp","href":"https:\/\/api.w.org\/{rel}","templated":true}]}}