{"id":55,"date":"2020-09-29T14:16:42","date_gmt":"2020-09-29T12:16:42","guid":{"rendered":"https:\/\/luxtehnika.ee\/en\/?post_type=product&#038;p=55"},"modified":"2020-10-29T12:26:23","modified_gmt":"2020-10-29T10:26:23","slug":"electrolux","status":"publish","type":"product","link":"https:\/\/luxtehnika.ee\/et\/brand\/electrolux\/","title":{"rendered":"Electrolux"},"content":{"rendered":"<div class=\"vls-gf-field-ro\"><div class=\"vls-gf-gallery vls-gf-216 vls-gf-style-light vls-gf-style-none\" data-vls-gf-layout='{\"layout_type\":\"masonry-v\",\"column_count\":4,\"column_count_xs\":1,\"aspect_ratio\":1,\"horizontal_spacing\":4,\"vertical_spacing\":4,\"align_bottom\":false,\"pagination_type\":\"none\",\"page_size\":0}' data-vls-gf-settings='{\"pagination_type\":\"none\"}'><style type=\"text\/css\">.vls-gf-216 figure a.vls-gf-main{display:block;position:absolute;top:0;bottom:0;left:0;right:0;opacity:0;z-index:90;}.vls-gf-216 figure .vls-gf-overlay{position:absolute;background-color:rgba(255, 255, 255, 0.3);left:0;right:0;top:0;bottom:0;opacity:0;z-index:10;transition:opacity 600ms ease;}.vls-gf-216 figure:hover .vls-gf-overlay{opacity:1;}<\/style><div class=\"vls-gf-container\"><figure class=\"vls-gf-217 vls-gf-init\" data-vls-gf-thumbnail-width=\"800\" data-vls-gf-thumbnail-height=\"800\"><a class=\"vls-gf-main\" href=\"https:\/\/luxtehnika.ee\/wp-content\/gf-uploads\/2020\/09\/aeg-nk-coffee-maker-pe4511-m-lr-1024x1024-1.jpg\" data-caption=\"aeg-nk-coffee-maker-pe4511-m-lr-1024x1024-1\" data-description=\"\"><\/a><div class=\"vls-gf-img\"><img src=\"https:\/\/luxtehnika.ee\/wp-content\/gf-uploads\/2020\/09\/preview-m\/aeg-nk-coffee-maker-pe4511-m-lr-1024x1024-1-0.jpg?t=1601308314\" title=\"aeg-nk-coffee-maker-pe4511-m-lr-1024x1024-1\"\/><\/div><div class=\"vls-gf-overlay\"><\/div><\/figure><figure class=\"vls-gf-218 vls-gf-init\" data-vls-gf-thumbnail-width=\"615\" data-vls-gf-thumbnail-height=\"371\"><a class=\"vls-gf-main\" href=\"https:\/\/luxtehnika.ee\/wp-content\/gf-uploads\/2020\/09\/aeolus-electrolux-resource-kitchen1.jpg\" data-caption=\"aeolus-electrolux-resource-kitchen1\" data-description=\"\"><\/a><div class=\"vls-gf-img\"><img src=\"https:\/\/luxtehnika.ee\/wp-content\/gf-uploads\/2020\/09\/preview-m\/aeolus-electrolux-resource-kitchen1-0.jpg?t=1601308316\" title=\"aeolus-electrolux-resource-kitchen1\"\/><\/div><div class=\"vls-gf-overlay\"><\/div><\/figure><figure class=\"vls-gf-219 vls-gf-init\" data-vls-gf-thumbnail-width=\"360\" data-vls-gf-thumbnail-height=\"480\"><a class=\"vls-gf-main\" href=\"https:\/\/luxtehnika.ee\/wp-content\/gf-uploads\/2020\/09\/built-in-climate-controlled-wine-cabinet.jpg\" data-caption=\"5.1.3\" data-description=\"5.1.3\"><\/a><div class=\"vls-gf-img\"><img src=\"https:\/\/luxtehnika.ee\/wp-content\/gf-uploads\/2020\/09\/preview-m\/built-in-climate-controlled-wine-cabinet-0.jpg?t=1601308317\" alt=\"5.1.3\" title=\"5.1.3\"\/><\/div><div class=\"vls-gf-overlay\"><\/div><\/figure><figure class=\"vls-gf-220 vls-gf-init\" data-vls-gf-thumbnail-width=\"800\" data-vls-gf-thumbnail-height=\"600\"><a class=\"vls-gf-main\" href=\"https:\/\/luxtehnika.ee\/wp-content\/gf-uploads\/2020\/09\/compact.jpg\" data-caption=\"compact\" data-description=\"\"><\/a><div class=\"vls-gf-img\"><img src=\"https:\/\/luxtehnika.ee\/wp-content\/gf-uploads\/2020\/09\/preview-m\/compact-0.jpg?t=1601308320\" title=\"compact\"\/><\/div><div class=\"vls-gf-overlay\"><\/div><\/figure><figure class=\"vls-gf-221 vls-gf-init\" data-vls-gf-thumbnail-width=\"508\" data-vls-gf-thumbnail-height=\"381\"><a class=\"vls-gf-main\" href=\"https:\/\/luxtehnika.ee\/wp-content\/gf-uploads\/2020\/09\/delonghi_distinta_copper-508x381-1.jpg\" data-caption=\"delonghi_distinta_copper-508x381-1\" data-description=\"\"><\/a><div class=\"vls-gf-img\"><img src=\"https:\/\/luxtehnika.ee\/wp-content\/gf-uploads\/2020\/09\/preview-m\/delonghi_distinta_copper-508x381-1-0.jpg?t=1601308321\" title=\"delonghi_distinta_copper-508x381-1\"\/><\/div><div class=\"vls-gf-overlay\"><\/div><\/figure><figure class=\"vls-gf-222 vls-gf-init\" data-vls-gf-thumbnail-width=\"596\" data-vls-gf-thumbnail-height=\"800\"><a class=\"vls-gf-main\" href=\"https:\/\/luxtehnika.ee\/wp-content\/gf-uploads\/2020\/09\/electrolux.jpg\" data-caption=\"electrolux\" data-description=\"\"><\/a><div class=\"vls-gf-img\"><img src=\"https:\/\/luxtehnika.ee\/wp-content\/gf-uploads\/2020\/09\/preview-m\/electrolux-0.jpg?t=1601308323\" title=\"electrolux\"\/><\/div><div class=\"vls-gf-overlay\"><\/div><\/figure><figure class=\"vls-gf-223 vls-gf-init\" data-vls-gf-thumbnail-width=\"800\" data-vls-gf-thumbnail-height=\"619\"><a class=\"vls-gf-main\" href=\"https:\/\/luxtehnika.ee\/wp-content\/gf-uploads\/2020\/09\/electrolux_icon_2-1024x792-1.jpg\" data-caption=\"where did this come from?\" data-description=\"where did this come from?\"><\/a><div class=\"vls-gf-img\"><img src=\"https:\/\/luxtehnika.ee\/wp-content\/gf-uploads\/2020\/09\/preview-m\/electrolux_icon_2-1024x792-1-0.jpg?t=1601308326\" alt=\"where did this come from?\" title=\"where did this come from?\"\/><\/div><div class=\"vls-gf-overlay\"><\/div><\/figure><figure class=\"vls-gf-224 vls-gf-init\" data-vls-gf-thumbnail-width=\"300\" data-vls-gf-thumbnail-height=\"300\"><a class=\"vls-gf-main\" href=\"https:\/\/luxtehnika.ee\/wp-content\/gf-uploads\/2020\/09\/electrolux-300x300-1.jpg\" data-caption=\"electrolux-300x300-1\" data-description=\"\"><\/a><div class=\"vls-gf-img\"><img src=\"https:\/\/luxtehnika.ee\/wp-content\/gf-uploads\/2020\/09\/preview-m\/electrolux-300x300-1-0.jpg?t=1601308327\" title=\"electrolux-300x300-1\"\/><\/div><div class=\"vls-gf-overlay\"><\/div><\/figure><figure class=\"vls-gf-225 vls-gf-init\" data-vls-gf-thumbnail-width=\"493\" data-vls-gf-thumbnail-height=\"269\"><a class=\"vls-gf-main\" href=\"https:\/\/luxtehnika.ee\/wp-content\/gf-uploads\/2020\/09\/electrolux-collection-prop-493x269-1.jpg\" data-caption=\"electrolux-collection-prop-493x269-1\" data-description=\"\"><\/a><div class=\"vls-gf-img\"><img src=\"https:\/\/luxtehnika.ee\/wp-content\/gf-uploads\/2020\/09\/preview-m\/electrolux-collection-prop-493x269-1-0.jpg?t=1601308329\" title=\"electrolux-collection-prop-493x269-1\"\/><\/div><div class=\"vls-gf-overlay\"><\/div><\/figure><figure class=\"vls-gf-226 vls-gf-init\" data-vls-gf-thumbnail-width=\"640\" data-vls-gf-thumbnail-height=\"427\"><a class=\"vls-gf-main\" href=\"https:\/\/luxtehnika.ee\/wp-content\/gf-uploads\/2020\/09\/electrolux-fridge-ew23bc85ksaa-mainfull1-640x427-c.jpg\" data-caption=\"electrolux-fridge-ew23bc85ksaa-mainfull1-640x427-c\" data-description=\"\"><\/a><div class=\"vls-gf-img\"><img src=\"https:\/\/luxtehnika.ee\/wp-content\/gf-uploads\/2020\/09\/preview-m\/electrolux-fridge-ew23bc85ksaa-mainfull1-640x427-c-0.jpg?t=1601308330\" title=\"electrolux-fridge-ew23bc85ksaa-mainfull1-640x427-c\"\/><\/div><div class=\"vls-gf-overlay\"><\/div><\/figure><figure class=\"vls-gf-227 vls-gf-init\" data-vls-gf-thumbnail-width=\"800\" data-vls-gf-thumbnail-height=\"535\"><a class=\"vls-gf-main\" href=\"https:\/\/luxtehnika.ee\/wp-content\/gf-uploads\/2020\/09\/electrolux-ouyu-002-1024x685-1.jpg\" data-caption=\"electrolux-ouyu-002-1024x685-1\" data-description=\"\"><\/a><div class=\"vls-gf-img\"><img src=\"https:\/\/luxtehnika.ee\/wp-content\/gf-uploads\/2020\/09\/preview-m\/electrolux-ouyu-002-1024x685-1-0.jpg?t=1601308332\" title=\"electrolux-ouyu-002-1024x685-1\"\/><\/div><div class=\"vls-gf-overlay\"><\/div><\/figure><figure class=\"vls-gf-228 vls-gf-init\" data-vls-gf-thumbnail-width=\"800\" data-vls-gf-thumbnail-height=\"250\"><a class=\"vls-gf-main\" href=\"https:\/\/luxtehnika.ee\/wp-content\/gf-uploads\/2020\/09\/electrolux-repair-1024x320-1.jpg\" data-caption=\"electrolux-repair-1024x320-1\" data-description=\"\"><\/a><div class=\"vls-gf-img\"><img src=\"https:\/\/luxtehnika.ee\/wp-content\/gf-uploads\/2020\/09\/preview-m\/electrolux-repair-1024x320-1-0.jpg?t=1601308333\" title=\"electrolux-repair-1024x320-1\"\/><\/div><div class=\"vls-gf-overlay\"><\/div><\/figure><figure class=\"vls-gf-229 vls-gf-init\" data-vls-gf-thumbnail-width=\"800\" data-vls-gf-thumbnail-height=\"636\"><a class=\"vls-gf-main\" href=\"https:\/\/luxtehnika.ee\/wp-content\/gf-uploads\/2020\/09\/kitchen1-1024x814-1.jpg\" data-caption=\"50614\" data-description=\"50614\nNew Electrolux ICON Kitchens; E23BC78iPS;\"><\/a><div class=\"vls-gf-img\"><img src=\"https:\/\/luxtehnika.ee\/wp-content\/gf-uploads\/2020\/09\/preview-m\/kitchen1-1024x814-1-0.jpg?t=1601308335\" alt=\"50614\" title=\"50614\"\/><\/div><div class=\"vls-gf-overlay\"><\/div><\/figure><figure class=\"vls-gf-230 vls-gf-init\" data-vls-gf-thumbnail-width=\"574\" data-vls-gf-thumbnail-height=\"398\"><a class=\"vls-gf-main\" href=\"https:\/\/luxtehnika.ee\/wp-content\/gf-uploads\/2020\/09\/kitchen-electrolux-hero.jpg\" data-caption=\"kitchen-electrolux-hero\" data-description=\"\"><\/a><div class=\"vls-gf-img\"><img src=\"https:\/\/luxtehnika.ee\/wp-content\/gf-uploads\/2020\/09\/preview-m\/kitchen-electrolux-hero-0.jpg?t=1601308336\" title=\"kitchen-electrolux-hero\"\/><\/div><div class=\"vls-gf-overlay\"><\/div><\/figure><figure class=\"vls-gf-231 vls-gf-init\" data-vls-gf-thumbnail-width=\"621\" data-vls-gf-thumbnail-height=\"160\"><a class=\"vls-gf-main\" href=\"https:\/\/luxtehnika.ee\/wp-content\/gf-uploads\/2020\/09\/ktichenappliances.jpg\" data-caption=\"ktichenappliances\" data-description=\"\"><\/a><div class=\"vls-gf-img\"><img src=\"https:\/\/luxtehnika.ee\/wp-content\/gf-uploads\/2020\/09\/preview-m\/ktichenappliances-0.jpg?t=1601308337\" title=\"ktichenappliances\"\/><\/div><div class=\"vls-gf-overlay\"><\/div><\/figure><figure class=\"vls-gf-232 vls-gf-init\" data-vls-gf-thumbnail-width=\"800\" data-vls-gf-thumbnail-height=\"450\"><a class=\"vls-gf-main\" href=\"https:\/\/luxtehnika.ee\/wp-content\/gf-uploads\/2020\/09\/maxresdefault-1024x576-1.jpg\" data-caption=\"maxresdefault-1024x576-1\" data-description=\"\"><\/a><div class=\"vls-gf-img\"><img src=\"https:\/\/luxtehnika.ee\/wp-content\/gf-uploads\/2020\/09\/preview-m\/maxresdefault-1024x576-1-0.jpg?t=1601308339\" title=\"maxresdefault-1024x576-1\"\/><\/div><div class=\"vls-gf-overlay\"><\/div><\/figure><figure class=\"vls-gf-233 vls-gf-init\" data-vls-gf-thumbnail-width=\"800\" data-vls-gf-thumbnail-height=\"534\"><a class=\"vls-gf-main\" href=\"https:\/\/luxtehnika.ee\/wp-content\/gf-uploads\/2020\/09\/procombi_plus_smart-970x647-c.jpg\" data-caption=\"procombi_plus_smart-970x647-c\" data-description=\"\"><\/a><div class=\"vls-gf-img\"><img src=\"https:\/\/luxtehnika.ee\/wp-content\/gf-uploads\/2020\/09\/preview-m\/procombi_plus_smart-970x647-c-0.jpg?t=1601308341\" title=\"procombi_plus_smart-970x647-c\"\/><\/div><div class=\"vls-gf-overlay\"><\/div><\/figure><figure class=\"vls-gf-234 vls-gf-init\" data-vls-gf-thumbnail-width=\"304\" data-vls-gf-thumbnail-height=\"756\"><a class=\"vls-gf-main\" href=\"https:\/\/luxtehnika.ee\/wp-content\/gf-uploads\/2020\/09\/screenshot_23.jpg\" data-caption=\"screenshot_23\" data-description=\"\"><\/a><div class=\"vls-gf-img\"><img src=\"https:\/\/luxtehnika.ee\/wp-content\/gf-uploads\/2020\/09\/preview-m\/screenshot_23-0.jpg?t=1601308342\" title=\"screenshot_23\"\/><\/div><div class=\"vls-gf-overlay\"><\/div><\/figure><figure class=\"vls-gf-235 vls-gf-init\" data-vls-gf-thumbnail-width=\"580\" data-vls-gf-thumbnail-height=\"740\"><a class=\"vls-gf-main\" href=\"https:\/\/luxtehnika.ee\/wp-content\/gf-uploads\/2020\/09\/screenshot_110.jpg\" data-caption=\"screenshot_110\" data-description=\"\"><\/a><div class=\"vls-gf-img\"><img src=\"https:\/\/luxtehnika.ee\/wp-content\/gf-uploads\/2020\/09\/preview-m\/screenshot_110-0.jpg?t=1601308343\" title=\"screenshot_110\"\/><\/div><div class=\"vls-gf-overlay\"><\/div><\/figure><figure class=\"vls-gf-236 vls-gf-init\" data-vls-gf-thumbnail-width=\"800\" data-vls-gf-thumbnail-height=\"598\"><a class=\"vls-gf-main\" href=\"https:\/\/luxtehnika.ee\/wp-content\/gf-uploads\/2020\/09\/screenshot_211.jpg\" data-caption=\"screenshot_211\" data-description=\"\"><\/a><div class=\"vls-gf-img\"><img src=\"https:\/\/luxtehnika.ee\/wp-content\/gf-uploads\/2020\/09\/preview-m\/screenshot_211-0.jpg?t=1601308345\" title=\"screenshot_211\"\/><\/div><div class=\"vls-gf-overlay\"><\/div><\/figure><figure class=\"vls-gf-237 vls-gf-init\" data-vls-gf-thumbnail-width=\"600\" data-vls-gf-thumbnail-height=\"800\"><a class=\"vls-gf-main\" href=\"https:\/\/luxtehnika.ee\/wp-content\/gf-uploads\/2020\/09\/the-electrolux-ebony-kitchen-collection-0046-768x1024-1.jpg\" data-caption=\"the-electrolux-ebony-kitchen-collection-0046-768x1024-1\" data-description=\"\"><\/a><div class=\"vls-gf-img\"><img src=\"https:\/\/luxtehnika.ee\/wp-content\/gf-uploads\/2020\/09\/preview-m\/the-electrolux-ebony-kitchen-collection-0046-768x1024-1-0.jpg?t=1601308347\" title=\"the-electrolux-ebony-kitchen-collection-0046-768x1024-1\"\/><\/div><div class=\"vls-gf-overlay\"><\/div><\/figure><figure class=\"vls-gf-238 vls-gf-init\" data-vls-gf-thumbnail-width=\"800\" data-vls-gf-thumbnail-height=\"551\"><a class=\"vls-gf-main\" href=\"https:\/\/luxtehnika.ee\/wp-content\/gf-uploads\/2020\/09\/the-electrolux-ebony-kitchen-collection-0047-1024x705-1.jpg\" data-caption=\"the-electrolux-ebony-kitchen-collection-0047-1024x705-1\" data-description=\"\"><\/a><div class=\"vls-gf-img\"><img src=\"https:\/\/luxtehnika.ee\/wp-content\/gf-uploads\/2020\/09\/preview-m\/the-electrolux-ebony-kitchen-collection-0047-1024x705-1-0.jpg?t=1601308349\" title=\"the-electrolux-ebony-kitchen-collection-0047-1024x705-1\"\/><\/div><div class=\"vls-gf-overlay\"><\/div><\/figure><\/div><\/div><\/div>\n<div class=\"vls-gf-field-pills\"><\/div>\n","protected":false},"excerpt":{"rendered":"<p>ELECTROLUX. Selle tuntud rootsi br\u00e4ndi ajalugu algas juba eelmsiel sajandil, kui firmad Elektromekaniska AB ja Lux \u00fchinesid ning hakkasid tolmuimejaid tootma. \u00a0Pole m\u00f5tet hakata loetlema k\u00f5iki seadmeid, mida ELECTROLUX valmistab \u2013 mitte \u00fckski igap\u00e4evase elu sf\u00e4\u00e4r ei ole siin t\u00e4helepanuta j\u00e4\u00e4nud. Ettev\u00f5tte k\u00e4ive\u00a0 on tohutu \u2013 \u00fcle 40 miljoini toote m\u00fc\u00fcakse 150 riigis. ELECTROLUXi edu saladus seisneb pidevas p\u00fc\u00fcdluses parema kvaliteedi poole, paindlikus hinnapoliitikas ja iga riigi turu vajaduste erip\u00e4raga arvestamises. \u00a0ELECTROLUX olmetehnikat m\u00fc\u00fcakse ka niisuguste tuntud tootenimede all nagu Zanussi, AEG, REX, Zoppas, Eureka, McCulloch, Partner jt.<\/p>\n<p><a href=\"https:\/\/www.electrolux.ee\" target=\"_blank\" rel=\"noopener noreferrer\">Minge veebisaidile<\/a><\/p>\n<div id=\"gtx-trans\" style=\"position: absolute; left: 0px; top: 198.143px;\">\n<div class=\"gtx-trans-icon\"><\/div>\n<\/div>\n","protected":false},"featured_media":56,"template":"","meta":[],"_links":{"self":[{"href":"https:\/\/luxtehnika.ee\/et\/wp-json\/wp\/v2\/product\/55"}],"collection":[{"href":"https:\/\/luxtehnika.ee\/et\/wp-json\/wp\/v2\/product"}],"about":[{"href":"https:\/\/luxtehnika.ee\/et\/wp-json\/wp\/v2\/types\/product"}],"wp:featuredmedia":[{"embeddable":true,"href":"https:\/\/luxtehnika.ee\/et\/wp-json\/wp\/v2\/media\/56"}],"wp:attachment":[{"href":"https:\/\/luxtehnika.ee\/et\/wp-json\/wp\/v2\/media?parent=55"}],"curies":[{"name":"wp","href":"https:\/\/api.w.org\/{rel}","templated":true}]}}