{"id":53,"date":"2020-09-29T14:03:35","date_gmt":"2020-09-29T12:03:35","guid":{"rendered":"https:\/\/luxtehnika.ee\/en\/?post_type=product&#038;p=53"},"modified":"2020-10-29T12:23:23","modified_gmt":"2020-10-29T10:23:23","slug":"aeg","status":"publish","type":"product","link":"https:\/\/luxtehnika.ee\/et\/brand\/aeg\/","title":{"rendered":"AEG"},"content":{"rendered":"<div class=\"vls-gf-field-ro\"><div class=\"vls-gf-gallery vls-gf-1 vls-gf-style-light vls-gf-style-none\" data-vls-gf-layout='{\"layout_type\":\"masonry-v\",\"column_count\":4,\"column_count_xs\":1,\"aspect_ratio\":1,\"horizontal_spacing\":4,\"vertical_spacing\":4,\"align_bottom\":false,\"pagination_type\":\"none\",\"page_size\":0}' data-vls-gf-settings='{\"pagination_type\":\"none\"}'><style type=\"text\/css\">.vls-gf-1 figure a.vls-gf-main{display:block;position:absolute;top:0;bottom:0;left:0;right:0;opacity:0;z-index:90;}.vls-gf-1 figure .vls-gf-overlay{position:absolute;background-color:rgba(255, 255, 255, 0.3);left:0;right:0;top:0;bottom:0;opacity:0;z-index:10;transition:opacity 600ms ease;}.vls-gf-1 figure:hover .vls-gf-overlay{opacity:1;}<\/style><div class=\"vls-gf-container\"><figure class=\"vls-gf-2 vls-gf-init\" data-vls-gf-thumbnail-width=\"520\" data-vls-gf-thumbnail-height=\"390\"><a class=\"vls-gf-main\" href=\"https:\/\/luxtehnika.ee\/wp-content\/gf-uploads\/2020\/09\/2b-aeg-sousvide-oven-520x390-1.jpg\" data-caption=\"2b-aeg-sousvide-oven-520x390-1\" data-description=\"\"><\/a><div class=\"vls-gf-img\"><img src=\"https:\/\/luxtehnika.ee\/wp-content\/gf-uploads\/2020\/09\/preview-m\/2b-aeg-sousvide-oven-520x390-1-0.jpg?t=1601304628\" title=\"2b-aeg-sousvide-oven-520x390-1\"\/><\/div><div class=\"vls-gf-overlay\"><\/div><\/figure><figure class=\"vls-gf-3 vls-gf-init\" data-vls-gf-thumbnail-width=\"800\" data-vls-gf-thumbnail-height=\"566\"><a class=\"vls-gf-main\" href=\"https:\/\/luxtehnika.ee\/wp-content\/gf-uploads\/2020\/09\/750988cb-3786-4d48-ab1a-089711303cdd-bg1-1024x724-1.png\" data-caption=\"750988cb-3786-4d48-ab1a-089711303cdd-bg1-1024x724-1\" data-description=\"\"><\/a><div class=\"vls-gf-img\"><img src=\"https:\/\/luxtehnika.ee\/wp-content\/gf-uploads\/2020\/09\/preview-m\/750988cb-3786-4d48-ab1a-089711303cdd-bg1-1024x724-1-0.png?t=1601304632\" title=\"750988cb-3786-4d48-ab1a-089711303cdd-bg1-1024x724-1\"\/><\/div><div class=\"vls-gf-overlay\"><\/div><\/figure><figure class=\"vls-gf-4 vls-gf-init\" data-vls-gf-thumbnail-width=\"580\" data-vls-gf-thumbnail-height=\"600\"><a class=\"vls-gf-main\" href=\"https:\/\/luxtehnika.ee\/wp-content\/gf-uploads\/2020\/09\/aeg_kitchen4.jpg\" data-caption=\"aeg_kitchen4\" data-description=\"\"><\/a><div class=\"vls-gf-img\"><img src=\"https:\/\/luxtehnika.ee\/wp-content\/gf-uploads\/2020\/09\/preview-m\/aeg_kitchen4-0.jpg?t=1601304634\" title=\"aeg_kitchen4\"\/><\/div><div class=\"vls-gf-overlay\"><\/div><\/figure><figure class=\"vls-gf-5 vls-gf-init\" data-vls-gf-thumbnail-width=\"800\" data-vls-gf-thumbnail-height=\"600\"><a class=\"vls-gf-main\" href=\"https:\/\/luxtehnika.ee\/wp-content\/gf-uploads\/2020\/09\/aeg_kitchen-1024x768-1.jpg\" data-caption=\"aeg_kitchen-1024x768-1\" data-description=\"\"><\/a><div class=\"vls-gf-img\"><img src=\"https:\/\/luxtehnika.ee\/wp-content\/gf-uploads\/2020\/09\/preview-m\/aeg_kitchen-1024x768-1-0.jpg?t=1601304636\" title=\"aeg_kitchen-1024x768-1\"\/><\/div><div class=\"vls-gf-overlay\"><\/div><\/figure><figure class=\"vls-gf-6 vls-gf-init\" data-vls-gf-thumbnail-width=\"800\" data-vls-gf-thumbnail-height=\"450\"><a class=\"vls-gf-main\" href=\"https:\/\/luxtehnika.ee\/wp-content\/gf-uploads\/2020\/09\/aeg-2-1024x576-1.jpg\" data-caption=\"aeg-2-1024x576-1\" data-description=\"\"><\/a><div class=\"vls-gf-img\"><img src=\"https:\/\/luxtehnika.ee\/wp-content\/gf-uploads\/2020\/09\/preview-m\/aeg-2-1024x576-1-0.jpg?t=1601304637\" title=\"aeg-2-1024x576-1\"\/><\/div><div class=\"vls-gf-overlay\"><\/div><\/figure><figure class=\"vls-gf-7 vls-gf-init\" data-vls-gf-thumbnail-width=\"800\" data-vls-gf-thumbnail-height=\"800\"><a class=\"vls-gf-main\" href=\"https:\/\/luxtehnika.ee\/wp-content\/gf-uploads\/2020\/09\/aeg-appliances.jpg\" data-caption=\"aeg-appliances\" data-description=\"\"><\/a><div class=\"vls-gf-img\"><img src=\"https:\/\/luxtehnika.ee\/wp-content\/gf-uploads\/2020\/09\/preview-m\/aeg-appliances-0.jpg?t=1601304640\" title=\"aeg-appliances\"\/><\/div><div class=\"vls-gf-overlay\"><\/div><\/figure><figure class=\"vls-gf-8 vls-gf-init\" data-vls-gf-thumbnail-width=\"800\" data-vls-gf-thumbnail-height=\"595\"><a class=\"vls-gf-main\" href=\"https:\/\/luxtehnika.ee\/wp-content\/gf-uploads\/2020\/09\/aeg-appliances-1-1024x762-1.jpg\" data-caption=\"aeg-appliances-1-1024x762-1\" data-description=\"\"><\/a><div class=\"vls-gf-img\"><img src=\"https:\/\/luxtehnika.ee\/wp-content\/gf-uploads\/2020\/09\/preview-m\/aeg-appliances-1-1024x762-1-0.jpg?t=1601304643\" title=\"aeg-appliances-1-1024x762-1\"\/><\/div><div class=\"vls-gf-overlay\"><\/div><\/figure><figure class=\"vls-gf-9 vls-gf-init\" data-vls-gf-thumbnail-width=\"244\" data-vls-gf-thumbnail-height=\"207\"><a class=\"vls-gf-main\" href=\"https:\/\/luxtehnika.ee\/wp-content\/gf-uploads\/2020\/09\/images.jpg\" data-caption=\"images\" data-description=\"\"><\/a><div class=\"vls-gf-img\"><img src=\"https:\/\/luxtehnika.ee\/wp-content\/gf-uploads\/2020\/09\/preview-m\/images-0.jpg?t=1601304643\" title=\"images\"\/><\/div><div class=\"vls-gf-overlay\"><\/div><\/figure><figure class=\"vls-gf-10 vls-gf-init\" data-vls-gf-thumbnail-width=\"333\" data-vls-gf-thumbnail-height=\"151\"><a class=\"vls-gf-main\" href=\"https:\/\/luxtehnika.ee\/wp-content\/gf-uploads\/2020\/09\/images-1.jpg\" data-caption=\"images-1\" data-description=\"\"><\/a><div class=\"vls-gf-img\"><img src=\"https:\/\/luxtehnika.ee\/wp-content\/gf-uploads\/2020\/09\/preview-m\/images-1-0.jpg?t=1601304644\" title=\"images-1\"\/><\/div><div class=\"vls-gf-overlay\"><\/div><\/figure><figure class=\"vls-gf-11 vls-gf-init\" data-vls-gf-thumbnail-width=\"194\" data-vls-gf-thumbnail-height=\"259\"><a class=\"vls-gf-main\" href=\"https:\/\/luxtehnika.ee\/wp-content\/gf-uploads\/2020\/09\/images-2.jpg\" data-caption=\"images-2\" data-description=\"\"><\/a><div class=\"vls-gf-img\"><img src=\"https:\/\/luxtehnika.ee\/wp-content\/gf-uploads\/2020\/09\/preview-m\/images-2-0.jpg?t=1601304645\" title=\"images-2\"\/><\/div><div class=\"vls-gf-overlay\"><\/div><\/figure><\/div><\/div><\/div>\n<div class=\"vls-gf-field-pills\"><\/div>\n","protected":false},"excerpt":{"rendered":"<p>AEG (saksa k. Allgemeine Elektricit\u00e4ts-Gesellshalf &#8211; \u00dcldine Elektrikompanii) loodi 1883 aastal Saksamaal. AEG spetsialiseerus erineva olmetehnika valmistamisele, pidades oluliseks pol\u00fcfunktsionaalsust, esteetikat, ergonoomikat. Erilise populaarsuse p\u00e4lvis AEG k\u00f6\u00f6gitehnika (nii sisseehitatud kui eraldiseisev). AEG mudelid on \u00e4ratuntavad oma v\u00e4rvigamma j\u00e4rgi (s\u00fcgav must, klassikaline valge ja kerge h\u00f5bedane) ning usaldusv\u00e4\u00e4rsete materjalide poolest, millest need mudelid on valmistatud (roostevaba teras, alumiinium, klaaskeraamika). T\u00e4naseks on AEG lakanud eksisteerimast, kuid kaubam\u00e4rki kasutab rootsi korporatsioon ELEKTROLUX.<\/p>\n<p><a href=\"https:\/\/www.aeg.ee\" target=\"_blank\" rel=\"noopener noreferrer\">Minge veebisaidile<\/a><\/p>\n<div id=\"gtx-trans\" style=\"position: absolute; left: -13px; top: 198.143px;\">\n<div class=\"gtx-trans-icon\"><\/div>\n<\/div>\n","protected":false},"featured_media":54,"template":"","meta":[],"_links":{"self":[{"href":"https:\/\/luxtehnika.ee\/et\/wp-json\/wp\/v2\/product\/53"}],"collection":[{"href":"https:\/\/luxtehnika.ee\/et\/wp-json\/wp\/v2\/product"}],"about":[{"href":"https:\/\/luxtehnika.ee\/et\/wp-json\/wp\/v2\/types\/product"}],"wp:featuredmedia":[{"embeddable":true,"href":"https:\/\/luxtehnika.ee\/et\/wp-json\/wp\/v2\/media\/54"}],"wp:attachment":[{"href":"https:\/\/luxtehnika.ee\/et\/wp-json\/wp\/v2\/media?parent=53"}],"curies":[{"name":"wp","href":"https:\/\/api.w.org\/{rel}","templated":true}]}}