{"id":48,"date":"2020-09-29T13:58:50","date_gmt":"2020-09-29T11:58:50","guid":{"rendered":"https:\/\/luxtehnika.ee\/en\/?post_type=product&#038;p=48"},"modified":"2020-10-29T12:24:55","modified_gmt":"2020-10-29T10:24:55","slug":"bosch","status":"publish","type":"product","link":"https:\/\/luxtehnika.ee\/et\/brand\/bosch\/","title":{"rendered":"Bosch"},"content":{"rendered":"<div class=\"vls-gf-field-ro\"><div class=\"vls-gf-gallery vls-gf-139 vls-gf-style-light vls-gf-style-none\" data-vls-gf-layout='{\"layout_type\":\"masonry-v\",\"column_count\":4,\"column_count_xs\":1,\"aspect_ratio\":1,\"horizontal_spacing\":4,\"vertical_spacing\":4,\"align_bottom\":false,\"pagination_type\":\"none\",\"page_size\":0}' data-vls-gf-settings='{\"pagination_type\":\"none\"}'><style type=\"text\/css\">.vls-gf-139 figure a.vls-gf-main{display:block;position:absolute;top:0;bottom:0;left:0;right:0;opacity:0;z-index:90;}.vls-gf-139 figure .vls-gf-overlay{position:absolute;background-color:rgba(255, 255, 255, 0.3);left:0;right:0;top:0;bottom:0;opacity:0;z-index:10;transition:opacity 600ms ease;}.vls-gf-139 figure:hover .vls-gf-overlay{opacity:1;}<\/style><div class=\"vls-gf-container\"><figure class=\"vls-gf-140 vls-gf-init\" data-vls-gf-thumbnail-width=\"800\" data-vls-gf-thumbnail-height=\"600\"><a class=\"vls-gf-main\" href=\"https:\/\/luxtehnika.ee\/wp-content\/gf-uploads\/2020\/09\/31f566615bd0b8ce78b3f745a857dff4-1024x768-1.jpg\" data-caption=\"31f566615bd0b8ce78b3f745a857dff4-1024x768-1\" data-description=\"\"><\/a><div class=\"vls-gf-img\"><img src=\"https:\/\/luxtehnika.ee\/wp-content\/gf-uploads\/2020\/09\/preview-m\/31f566615bd0b8ce78b3f745a857dff4-1024x768-1-0.jpg?t=1601305189\" title=\"31f566615bd0b8ce78b3f745a857dff4-1024x768-1\"\/><\/div><div class=\"vls-gf-overlay\"><\/div><\/figure><figure class=\"vls-gf-141 vls-gf-init\" data-vls-gf-thumbnail-width=\"800\" data-vls-gf-thumbnail-height=\"800\"><a class=\"vls-gf-main\" href=\"https:\/\/luxtehnika.ee\/wp-content\/gf-uploads\/2020\/09\/81fxj8kfg1l._sl1500_-1024x1024-1.jpg\" data-caption=\"81fxj8kfg1l._sl1500_-1024x1024-1\" data-description=\"\"><\/a><div class=\"vls-gf-img\"><img src=\"https:\/\/luxtehnika.ee\/wp-content\/gf-uploads\/2020\/09\/preview-m\/81fxj8kfg1l._sl1500_-1024x1024-1-0.jpg?t=1601305191\" title=\"81fxj8kfg1l._sl1500_-1024x1024-1\"\/><\/div><div class=\"vls-gf-overlay\"><\/div><\/figure><figure class=\"vls-gf-142 vls-gf-init\" data-vls-gf-thumbnail-width=\"800\" data-vls-gf-thumbnail-height=\"600\"><a class=\"vls-gf-main\" href=\"https:\/\/luxtehnika.ee\/wp-content\/gf-uploads\/2020\/09\/2015-05-02-20.44.33-1024x768-1.jpg\" data-caption=\"2015-05-02-20.44.33-1024x768-1\" data-description=\"\"><\/a><div class=\"vls-gf-img\"><img src=\"https:\/\/luxtehnika.ee\/wp-content\/gf-uploads\/2020\/09\/preview-m\/2015-05-02-20.44.33-1024x768-1-0.jpg?t=1601305193\" title=\"2015-05-02-20.44.33-1024x768-1\"\/><\/div><div class=\"vls-gf-overlay\"><\/div><\/figure><figure class=\"vls-gf-143 vls-gf-init\" data-vls-gf-thumbnail-width=\"800\" data-vls-gf-thumbnail-height=\"449\"><a class=\"vls-gf-main\" href=\"https:\/\/luxtehnika.ee\/wp-content\/gf-uploads\/2020\/09\/appliance-showroom-17-1024x575-1.jpg\" data-caption=\"SONY DSC\" data-description=\"SONY DSC\"><\/a><div class=\"vls-gf-img\"><img src=\"https:\/\/luxtehnika.ee\/wp-content\/gf-uploads\/2020\/09\/preview-m\/appliance-showroom-17-1024x575-1-0.jpg?t=1601305195\" alt=\"SONY DSC\" title=\"SONY DSC\"\/><\/div><div class=\"vls-gf-overlay\"><\/div><\/figure><figure class=\"vls-gf-144 vls-gf-init\" data-vls-gf-thumbnail-width=\"566\" data-vls-gf-thumbnail-height=\"800\"><a class=\"vls-gf-main\" href=\"https:\/\/luxtehnika.ee\/wp-content\/gf-uploads\/2020\/09\/ba78959e-fbfd-4612-bc63-525c74082f05-bg1-724x1024-1.png\" data-caption=\"ba78959e-fbfd-4612-bc63-525c74082f05-bg1-724x1024-1\" data-description=\"\"><\/a><div class=\"vls-gf-img\"><img src=\"https:\/\/luxtehnika.ee\/wp-content\/gf-uploads\/2020\/09\/preview-m\/ba78959e-fbfd-4612-bc63-525c74082f05-bg1-724x1024-1-0.png?t=1601305205\" title=\"ba78959e-fbfd-4612-bc63-525c74082f05-bg1-724x1024-1\"\/><\/div><div class=\"vls-gf-overlay\"><\/div><\/figure><figure class=\"vls-gf-145 vls-gf-init\" data-vls-gf-thumbnail-width=\"800\" data-vls-gf-thumbnail-height=\"453\"><a class=\"vls-gf-main\" href=\"https:\/\/luxtehnika.ee\/wp-content\/gf-uploads\/2020\/09\/bosch_blp_121002_01_v2-1024x580-1.jpg\" data-caption=\"bosch_blp_121002_01_v2-1024x580-1\" data-description=\"\"><\/a><div class=\"vls-gf-img\"><img src=\"https:\/\/luxtehnika.ee\/wp-content\/gf-uploads\/2020\/09\/preview-m\/bosch_blp_121002_01_v2-1024x580-1-0.jpg?t=1601305207\" title=\"bosch_blp_121002_01_v2-1024x580-1\"\/><\/div><div class=\"vls-gf-overlay\"><\/div><\/figure><figure class=\"vls-gf-146 vls-gf-init\" data-vls-gf-thumbnail-width=\"800\" data-vls-gf-thumbnail-height=\"600\"><a class=\"vls-gf-main\" href=\"https:\/\/luxtehnika.ee\/wp-content\/gf-uploads\/2020\/09\/bosch1-1024x768-1024x768-1.jpg\" data-caption=\"bosch1-1024x768-1024x768-1\" data-description=\"\"><\/a><div class=\"vls-gf-img\"><img src=\"https:\/\/luxtehnika.ee\/wp-content\/gf-uploads\/2020\/09\/preview-m\/bosch1-1024x768-1024x768-1-0.jpg?t=1601305209\" title=\"bosch1-1024x768-1024x768-1\"\/><\/div><div class=\"vls-gf-overlay\"><\/div><\/figure><figure class=\"vls-gf-147 vls-gf-init\" data-vls-gf-thumbnail-width=\"800\" data-vls-gf-thumbnail-height=\"431\"><a class=\"vls-gf-main\" href=\"https:\/\/luxtehnika.ee\/wp-content\/gf-uploads\/2020\/09\/bosch-5b-1024x552-1.jpg\" data-caption=\"bosch-5b-1024x552-1\" data-description=\"\"><\/a><div class=\"vls-gf-img\"><img src=\"https:\/\/luxtehnika.ee\/wp-content\/gf-uploads\/2020\/09\/preview-m\/bosch-5b-1024x552-1-0.jpg?t=1601305212\" title=\"bosch-5b-1024x552-1\"\/><\/div><div class=\"vls-gf-overlay\"><\/div><\/figure><figure class=\"vls-gf-148 vls-gf-init\" data-vls-gf-thumbnail-width=\"800\" data-vls-gf-thumbnail-height=\"534\"><a class=\"vls-gf-main\" href=\"https:\/\/luxtehnika.ee\/wp-content\/gf-uploads\/2020\/09\/bosch-8667_01-1024x683-1.jpg\" data-caption=\"bosch-8667_01-1024x683-1\" data-description=\"\"><\/a><div class=\"vls-gf-img\"><img src=\"https:\/\/luxtehnika.ee\/wp-content\/gf-uploads\/2020\/09\/preview-m\/bosch-8667_01-1024x683-1-0.jpg?t=1601305214\" title=\"bosch-8667_01-1024x683-1\"\/><\/div><div class=\"vls-gf-overlay\"><\/div><\/figure><figure class=\"vls-gf-149 vls-gf-init\" data-vls-gf-thumbnail-width=\"800\" data-vls-gf-thumbnail-height=\"298\"><a class=\"vls-gf-main\" href=\"https:\/\/luxtehnika.ee\/wp-content\/gf-uploads\/2020\/09\/bosch-shop-in-wimborne-dorset.jpg\" data-caption=\"bosch-shop-in-wimborne-dorset\" data-description=\"\"><\/a><div class=\"vls-gf-img\"><img src=\"https:\/\/luxtehnika.ee\/wp-content\/gf-uploads\/2020\/09\/preview-m\/bosch-shop-in-wimborne-dorset-0.jpg?t=1601305216\" title=\"bosch-shop-in-wimborne-dorset\"\/><\/div><div class=\"vls-gf-overlay\"><\/div><\/figure><figure class=\"vls-gf-150 vls-gf-init\" data-vls-gf-thumbnail-width=\"800\" data-vls-gf-thumbnail-height=\"500\"><a class=\"vls-gf-main\" href=\"https:\/\/luxtehnika.ee\/wp-content\/gf-uploads\/2020\/09\/convectionoven_header-1200x750-1024x640-1.jpg\" data-caption=\"convectionoven_header-1200x750-1024x640-1\" data-description=\"\"><\/a><div class=\"vls-gf-img\"><img src=\"https:\/\/luxtehnika.ee\/wp-content\/gf-uploads\/2020\/09\/preview-m\/convectionoven_header-1200x750-1024x640-1-0.jpg?t=1601305218\" title=\"convectionoven_header-1200x750-1024x640-1\"\/><\/div><div class=\"vls-gf-overlay\"><\/div><\/figure><figure class=\"vls-gf-151 vls-gf-init\" data-vls-gf-thumbnail-width=\"600\" data-vls-gf-thumbnail-height=\"400\"><a class=\"vls-gf-main\" href=\"https:\/\/luxtehnika.ee\/wp-content\/gf-uploads\/2020\/09\/d58cc985b42483359560179fbd041652.jpg\" data-caption=\"d58cc985b42483359560179fbd041652\" data-description=\"\"><\/a><div class=\"vls-gf-img\"><img src=\"https:\/\/luxtehnika.ee\/wp-content\/gf-uploads\/2020\/09\/preview-m\/d58cc985b42483359560179fbd041652-0.jpg?t=1601305220\" title=\"d58cc985b42483359560179fbd041652\"\/><\/div><div class=\"vls-gf-overlay\"><\/div><\/figure><figure class=\"vls-gf-152 vls-gf-init\" data-vls-gf-thumbnail-width=\"800\" data-vls-gf-thumbnail-height=\"424\"><a class=\"vls-gf-main\" href=\"https:\/\/luxtehnika.ee\/wp-content\/gf-uploads\/2020\/09\/fullwidth-appliance-cooktops.jpg\" data-caption=\"fullwidth-appliance-cooktops\" data-description=\"\"><\/a><div class=\"vls-gf-img\"><img src=\"https:\/\/luxtehnika.ee\/wp-content\/gf-uploads\/2020\/09\/preview-m\/fullwidth-appliance-cooktops-0.jpg?t=1601305223\" title=\"fullwidth-appliance-cooktops\"\/><\/div><div class=\"vls-gf-overlay\"><\/div><\/figure><figure class=\"vls-gf-153 vls-gf-init\" data-vls-gf-thumbnail-width=\"460\" data-vls-gf-thumbnail-height=\"297\"><a class=\"vls-gf-main\" href=\"https:\/\/luxtehnika.ee\/wp-content\/gf-uploads\/2020\/09\/netzero-walloven-sm.jpg\" data-caption=\"netzero-walloven-sm\" data-description=\"\"><\/a><div class=\"vls-gf-img\"><img src=\"https:\/\/luxtehnika.ee\/wp-content\/gf-uploads\/2020\/09\/preview-m\/netzero-walloven-sm-0.jpg?t=1601305224\" title=\"netzero-walloven-sm\"\/><\/div><div class=\"vls-gf-overlay\"><\/div><\/figure><figure class=\"vls-gf-154 vls-gf-init\" data-vls-gf-thumbnail-width=\"800\" data-vls-gf-thumbnail-height=\"602\"><a class=\"vls-gf-main\" href=\"https:\/\/luxtehnika.ee\/wp-content\/gf-uploads\/2020\/09\/screenshot_25.jpg\" data-caption=\"screenshot_25\" data-description=\"\"><\/a><div class=\"vls-gf-img\"><img src=\"https:\/\/luxtehnika.ee\/wp-content\/gf-uploads\/2020\/09\/preview-m\/screenshot_25-0.jpg?t=1601305225\" title=\"screenshot_25\"\/><\/div><div class=\"vls-gf-overlay\"><\/div><\/figure><figure class=\"vls-gf-155 vls-gf-init\" data-vls-gf-thumbnail-width=\"800\" data-vls-gf-thumbnail-height=\"599\"><a class=\"vls-gf-main\" href=\"https:\/\/luxtehnika.ee\/wp-content\/gf-uploads\/2020\/09\/screenshot_73.jpg\" data-caption=\"screenshot_73\" data-description=\"\"><\/a><div class=\"vls-gf-img\"><img src=\"https:\/\/luxtehnika.ee\/wp-content\/gf-uploads\/2020\/09\/preview-m\/screenshot_73-0.jpg?t=1601305226\" title=\"screenshot_73\"\/><\/div><div class=\"vls-gf-overlay\"><\/div><\/figure><figure class=\"vls-gf-156 vls-gf-init\" data-vls-gf-thumbnail-width=\"374\" data-vls-gf-thumbnail-height=\"735\"><a class=\"vls-gf-main\" href=\"https:\/\/luxtehnika.ee\/wp-content\/gf-uploads\/2020\/09\/screenshot_113.jpg\" data-caption=\"screenshot_113\" data-description=\"\"><\/a><div class=\"vls-gf-img\"><img src=\"https:\/\/luxtehnika.ee\/wp-content\/gf-uploads\/2020\/09\/preview-m\/screenshot_113-0.jpg?t=1601305227\" title=\"screenshot_113\"\/><\/div><div class=\"vls-gf-overlay\"><\/div><\/figure><\/div><\/div><\/div>\n<div class=\"vls-gf-field-pills\"><\/div>\n","protected":false},"excerpt":{"rendered":"<p>BOSCH \u2013 firma alustas aastal 1886, mil Robert Bosch avas saksa linnas Stuttgardis \u201ePeenmehaanika ja elektrotehnika t\u00f6\u00f6koja\u201c.\u00a0 Suure edu t\u00f5id ettev\u00f5ttele olmeseadmed \u2013 firma peamiseks eesm\u00e4rgiks on alati olnud elanikkonna igap\u00e4evaste vajaduste rahuldamine ja rutiinsete majapidamist\u00f6\u00f6de h\u00f5lbustamine. T\u00e4naseks on BOSCH \u00fcheks suurimaks ja ostetumaks br\u00e4ndiks maailmas. Toodete nimekiri on nii pikk, et h\u00f5lmab k\u00f5iki olme valdkondi, pidades silmas \u00fchtlasi ka mugavustsooni kuuluvaid pisidetaile. Kuid iga mudel (kohvimasinast k\u00fclmutuskapini) on kindlasti mugav ja lihtne k\u00e4sitleda. \u201eParem kaota raha kui usaldus!\u201c \u2013 see Robert Boschi deviis on saanud kogu ettev\u00f5tte motoks, millest juhindutakse ka t\u00e4nap\u00e4eval.<\/p>\n<p><a href=\"https:\/\/www.bosch-home.com\" target=\"_blank\" rel=\"noopener noreferrer\">Minge veebisaidile<\/a><\/p>\n<div id=\"gtx-trans\" style=\"position: absolute; left: -1px; top: 198.143px;\">\n<div class=\"gtx-trans-icon\"><\/div>\n<\/div>\n","protected":false},"featured_media":50,"template":"","meta":[],"_links":{"self":[{"href":"https:\/\/luxtehnika.ee\/et\/wp-json\/wp\/v2\/product\/48"}],"collection":[{"href":"https:\/\/luxtehnika.ee\/et\/wp-json\/wp\/v2\/product"}],"about":[{"href":"https:\/\/luxtehnika.ee\/et\/wp-json\/wp\/v2\/types\/product"}],"wp:featuredmedia":[{"embeddable":true,"href":"https:\/\/luxtehnika.ee\/et\/wp-json\/wp\/v2\/media\/50"}],"wp:attachment":[{"href":"https:\/\/luxtehnika.ee\/et\/wp-json\/wp\/v2\/media?parent=48"}],"curies":[{"name":"wp","href":"https:\/\/api.w.org\/{rel}","templated":true}]}}