{"id":44,"date":"2020-09-29T13:55:45","date_gmt":"2020-09-29T11:55:45","guid":{"rendered":"https:\/\/luxtehnika.ee\/en\/?post_type=product&#038;p=44"},"modified":"2020-10-29T12:27:07","modified_gmt":"2020-10-29T10:27:07","slug":"fulgar-milano","status":"publish","type":"product","link":"https:\/\/luxtehnika.ee\/et\/brand\/fulgar-milano\/","title":{"rendered":"Fulgar Milano"},"content":{"rendered":"<p><\/p>\n<div class=\"vls-gf-field-ro\"><div class=\"vls-gf-gallery vls-gf-269 vls-gf-style-light vls-gf-style-none\" data-vls-gf-layout='{\"layout_type\":\"masonry-v\",\"column_count\":4,\"column_count_xs\":1,\"aspect_ratio\":1,\"horizontal_spacing\":4,\"vertical_spacing\":4,\"align_bottom\":false,\"pagination_type\":\"none\",\"page_size\":0}' data-vls-gf-settings='{\"pagination_type\":\"none\"}'><style type=\"text\/css\">.vls-gf-269 figure a.vls-gf-main{display:block;position:absolute;top:0;bottom:0;left:0;right:0;opacity:0;z-index:90;}.vls-gf-269 figure .vls-gf-overlay{position:absolute;background-color:rgba(255, 255, 255, 0.3);left:0;right:0;top:0;bottom:0;opacity:0;z-index:10;transition:opacity 600ms ease;}.vls-gf-269 figure:hover .vls-gf-overlay{opacity:1;}<\/style><div class=\"vls-gf-container\"><figure class=\"vls-gf-270 vls-gf-init\" data-vls-gf-thumbnail-width=\"773\" data-vls-gf-thumbnail-height=\"638\"><a class=\"vls-gf-main\" href=\"https:\/\/luxtehnika.ee\/wp-content\/gf-uploads\/2020\/09\/3.png\" data-caption=\"3\" data-description=\"\"><\/a><div class=\"vls-gf-img\"><img src=\"https:\/\/luxtehnika.ee\/wp-content\/gf-uploads\/2020\/09\/preview-m\/3-0.png?t=1601308806\" title=\"3\"\/><\/div><div class=\"vls-gf-overlay\"><\/div><\/figure><figure class=\"vls-gf-271 vls-gf-init\" data-vls-gf-thumbnail-width=\"500\" data-vls-gf-thumbnail-height=\"300\"><a class=\"vls-gf-main\" href=\"https:\/\/luxtehnika.ee\/wp-content\/gf-uploads\/2020\/09\/6.png\" data-caption=\"6\" data-description=\"\"><\/a><div class=\"vls-gf-img\"><img src=\"https:\/\/luxtehnika.ee\/wp-content\/gf-uploads\/2020\/09\/preview-m\/6-0.png?t=1601308810\" title=\"6\"\/><\/div><div class=\"vls-gf-overlay\"><\/div><\/figure><figure class=\"vls-gf-272 vls-gf-init\" data-vls-gf-thumbnail-width=\"800\" data-vls-gf-thumbnail-height=\"562\"><a class=\"vls-gf-main\" href=\"https:\/\/luxtehnika.ee\/wp-content\/gf-uploads\/2020\/09\/7.png\" data-caption=\"7\" data-description=\"\"><\/a><div class=\"vls-gf-img\"><img src=\"https:\/\/luxtehnika.ee\/wp-content\/gf-uploads\/2020\/09\/preview-m\/7-0.png?t=1601308821\" title=\"7\"\/><\/div><div class=\"vls-gf-overlay\"><\/div><\/figure><figure class=\"vls-gf-273 vls-gf-init\" data-vls-gf-thumbnail-width=\"579\" data-vls-gf-thumbnail-height=\"511\"><a class=\"vls-gf-main\" href=\"https:\/\/luxtehnika.ee\/wp-content\/gf-uploads\/2020\/09\/18.png\" data-caption=\"18\" data-description=\"\"><\/a><div class=\"vls-gf-img\"><img src=\"https:\/\/luxtehnika.ee\/wp-content\/gf-uploads\/2020\/09\/preview-m\/18-0.png?t=1601308829\" title=\"18\"\/><\/div><div class=\"vls-gf-overlay\"><\/div><\/figure><figure class=\"vls-gf-274 vls-gf-init\" data-vls-gf-thumbnail-width=\"200\" data-vls-gf-thumbnail-height=\"200\"><a class=\"vls-gf-main\" href=\"https:\/\/luxtehnika.ee\/wp-content\/gf-uploads\/2020\/09\/24.jpg\" data-caption=\"24\" data-description=\"\"><\/a><div class=\"vls-gf-img\"><img src=\"https:\/\/luxtehnika.ee\/wp-content\/gf-uploads\/2020\/09\/preview-m\/24-0.jpg?t=1601308830\" title=\"24\"\/><\/div><div class=\"vls-gf-overlay\"><\/div><\/figure><figure class=\"vls-gf-275 vls-gf-init\" data-vls-gf-thumbnail-width=\"569\" data-vls-gf-thumbnail-height=\"217\"><a class=\"vls-gf-main\" href=\"https:\/\/luxtehnika.ee\/wp-content\/gf-uploads\/2020\/09\/45.jpg\" data-caption=\"45\" data-description=\"\"><\/a><div class=\"vls-gf-img\"><img src=\"https:\/\/luxtehnika.ee\/wp-content\/gf-uploads\/2020\/09\/preview-m\/45-0.jpg?t=1601308831\" title=\"45\"\/><\/div><div class=\"vls-gf-overlay\"><\/div><\/figure><figure class=\"vls-gf-276 vls-gf-init\" data-vls-gf-thumbnail-width=\"700\" data-vls-gf-thumbnail-height=\"291\"><a class=\"vls-gf-main\" href=\"https:\/\/luxtehnika.ee\/wp-content\/gf-uploads\/2020\/09\/54.jpg\" data-caption=\"54\" data-description=\"\"><\/a><div class=\"vls-gf-img\"><img src=\"https:\/\/luxtehnika.ee\/wp-content\/gf-uploads\/2020\/09\/preview-m\/54-0.jpg?t=1601308832\" title=\"54\"\/><\/div><div class=\"vls-gf-overlay\"><\/div><\/figure><figure class=\"vls-gf-277 vls-gf-init\" data-vls-gf-thumbnail-width=\"600\" data-vls-gf-thumbnail-height=\"495\"><a class=\"vls-gf-main\" href=\"https:\/\/luxtehnika.ee\/wp-content\/gf-uploads\/2020\/09\/93.jpg\" data-caption=\"93\" data-description=\"\"><\/a><div class=\"vls-gf-img\"><img src=\"https:\/\/luxtehnika.ee\/wp-content\/gf-uploads\/2020\/09\/preview-m\/93-0.jpg?t=1601308833\" title=\"93\"\/><\/div><div class=\"vls-gf-overlay\"><\/div><\/figure><figure class=\"vls-gf-278 vls-gf-init\" data-vls-gf-thumbnail-width=\"603\" data-vls-gf-thumbnail-height=\"328\"><a class=\"vls-gf-main\" href=\"https:\/\/luxtehnika.ee\/wp-content\/gf-uploads\/2020\/09\/117.jpg\" data-caption=\"117\" data-description=\"\"><\/a><div class=\"vls-gf-img\"><img src=\"https:\/\/luxtehnika.ee\/wp-content\/gf-uploads\/2020\/09\/preview-m\/117-0.jpg?t=1601308835\" title=\"117\"\/><\/div><div class=\"vls-gf-overlay\"><\/div><\/figure><figure class=\"vls-gf-279 vls-gf-init\" data-vls-gf-thumbnail-width=\"800\" data-vls-gf-thumbnail-height=\"532\"><a class=\"vls-gf-main\" href=\"https:\/\/luxtehnika.ee\/wp-content\/gf-uploads\/2020\/09\/118.jpg\" data-caption=\"118\" data-description=\"\"><\/a><div class=\"vls-gf-img\"><img src=\"https:\/\/luxtehnika.ee\/wp-content\/gf-uploads\/2020\/09\/preview-m\/118-0.jpg?t=1601308837\" title=\"118\"\/><\/div><div class=\"vls-gf-overlay\"><\/div><\/figure><figure class=\"vls-gf-280 vls-gf-init\" data-vls-gf-thumbnail-width=\"200\" data-vls-gf-thumbnail-height=\"200\"><a class=\"vls-gf-main\" href=\"https:\/\/luxtehnika.ee\/wp-content\/gf-uploads\/2020\/09\/124.jpg\" data-caption=\"124\" data-description=\"\"><\/a><div class=\"vls-gf-img\"><img src=\"https:\/\/luxtehnika.ee\/wp-content\/gf-uploads\/2020\/09\/preview-m\/124-0.jpg?t=1601308838\" title=\"124\"\/><\/div><div class=\"vls-gf-overlay\"><\/div><\/figure><figure class=\"vls-gf-281 vls-gf-init\" data-vls-gf-thumbnail-width=\"363\" data-vls-gf-thumbnail-height=\"415\"><a class=\"vls-gf-main\" href=\"https:\/\/luxtehnika.ee\/wp-content\/gf-uploads\/2020\/09\/133.jpg\" data-caption=\"133\" data-description=\"\"><\/a><div class=\"vls-gf-img\"><img src=\"https:\/\/luxtehnika.ee\/wp-content\/gf-uploads\/2020\/09\/preview-m\/133-0.jpg?t=1601308839\" title=\"133\"\/><\/div><div class=\"vls-gf-overlay\"><\/div><\/figure><figure class=\"vls-gf-282 vls-gf-init\" data-vls-gf-thumbnail-width=\"800\" data-vls-gf-thumbnail-height=\"265\"><a class=\"vls-gf-main\" href=\"https:\/\/luxtehnika.ee\/wp-content\/gf-uploads\/2020\/09\/143.jpg\" data-caption=\"143\" data-description=\"\"><\/a><div class=\"vls-gf-img\"><img src=\"https:\/\/luxtehnika.ee\/wp-content\/gf-uploads\/2020\/09\/preview-m\/143-0.jpg?t=1601308841\" title=\"143\"\/><\/div><div class=\"vls-gf-overlay\"><\/div><\/figure><figure class=\"vls-gf-283 vls-gf-init\" data-vls-gf-thumbnail-width=\"644\" data-vls-gf-thumbnail-height=\"486\"><a class=\"vls-gf-main\" href=\"https:\/\/luxtehnika.ee\/wp-content\/gf-uploads\/2020\/09\/153.jpg\" data-caption=\"153\" data-description=\"\"><\/a><div class=\"vls-gf-img\"><img src=\"https:\/\/luxtehnika.ee\/wp-content\/gf-uploads\/2020\/09\/preview-m\/153-0.jpg?t=1601308843\" title=\"153\"\/><\/div><div class=\"vls-gf-overlay\"><\/div><\/figure><figure class=\"vls-gf-284 vls-gf-init\" data-vls-gf-thumbnail-width=\"366\" data-vls-gf-thumbnail-height=\"380\"><a class=\"vls-gf-main\" href=\"https:\/\/luxtehnika.ee\/wp-content\/gf-uploads\/2020\/09\/163.jpg\" data-caption=\"163\" data-description=\"\"><\/a><div class=\"vls-gf-img\"><img src=\"https:\/\/luxtehnika.ee\/wp-content\/gf-uploads\/2020\/09\/preview-m\/163-0.jpg?t=1601308844\" title=\"163\"\/><\/div><div class=\"vls-gf-overlay\"><\/div><\/figure><figure class=\"vls-gf-285 vls-gf-init\" data-vls-gf-thumbnail-width=\"586\" data-vls-gf-thumbnail-height=\"348\"><a class=\"vls-gf-main\" href=\"https:\/\/luxtehnika.ee\/wp-content\/gf-uploads\/2020\/09\/171.jpg\" data-caption=\"171\" data-description=\"\"><\/a><div class=\"vls-gf-img\"><img src=\"https:\/\/luxtehnika.ee\/wp-content\/gf-uploads\/2020\/09\/preview-m\/171-0.jpg?t=1601308845\" title=\"171\"\/><\/div><div class=\"vls-gf-overlay\"><\/div><\/figure><figure class=\"vls-gf-286 vls-gf-init\" data-vls-gf-thumbnail-width=\"700\" data-vls-gf-thumbnail-height=\"525\"><a class=\"vls-gf-main\" href=\"https:\/\/luxtehnika.ee\/wp-content\/gf-uploads\/2020\/09\/191.jpg\" data-caption=\"191\" data-description=\"\"><\/a><div class=\"vls-gf-img\"><img src=\"https:\/\/luxtehnika.ee\/wp-content\/gf-uploads\/2020\/09\/preview-m\/191-0.jpg?t=1601308847\" title=\"191\"\/><\/div><div class=\"vls-gf-overlay\"><\/div><\/figure><figure class=\"vls-gf-287 vls-gf-init\" data-vls-gf-thumbnail-width=\"800\" data-vls-gf-thumbnail-height=\"533\"><a class=\"vls-gf-main\" href=\"https:\/\/luxtehnika.ee\/wp-content\/gf-uploads\/2020\/09\/201.jpg\" data-caption=\"201\" data-description=\"\"><\/a><div class=\"vls-gf-img\"><img src=\"https:\/\/luxtehnika.ee\/wp-content\/gf-uploads\/2020\/09\/preview-m\/201-0.jpg?t=1601308849\" title=\"201\"\/><\/div><div class=\"vls-gf-overlay\"><\/div><\/figure><\/div><\/div><\/div>\n<div id=\"gtx-trans\" style=\"position: absolute; left: 220px; top: 80.1429px;\">\n<div class=\"gtx-trans-icon\"><\/div>\n<\/div>\n<p><\/p>","protected":false},"excerpt":{"rendered":"<p>FULGOR MILANO on olmetehnika tootja alates aastast 1949. FULGOR MILANO assortiment on lai: veini jahekapid, praeahjud, valamud, \u00f5hupuhastid, ahjud, kohvikeetjad, n\u00f5ude soojendid, keeduplaadid jne. \u2013 \u00fches\u00f5naga k\u00f5ik,\u00a0 mida \u00fcks hea k\u00f6\u00f6k vajab.\u00a0 FULGOR MILANO stiili v\u00f5ib iseloomustada kui minimalistlikku ja see lubab nende masinatega hakkama saada ka niisuguises interj\u00f6\u00f6ris, kus see ei pea t\u00e4helepanu endale t\u00f5mbama.\u00a0 V\u00e4lise tagasihoidlikkuse varjus on kaasaegse tehnoloogia \u201crikas sisemaailm\u201d ja uuendused, mis on tunnustatud rahvusvaheliste sertifikaatidega (ISO 9001:2000, PDCA jt.)<\/p>\n<p><a href=\"https:\/\/fulgor-milano.com\" target=\"_blank\" rel=\"noopener noreferrer\">Go to Website<\/a><\/p>\n","protected":false},"featured_media":45,"template":"","meta":[],"_links":{"self":[{"href":"https:\/\/luxtehnika.ee\/et\/wp-json\/wp\/v2\/product\/44"}],"collection":[{"href":"https:\/\/luxtehnika.ee\/et\/wp-json\/wp\/v2\/product"}],"about":[{"href":"https:\/\/luxtehnika.ee\/et\/wp-json\/wp\/v2\/types\/product"}],"wp:featuredmedia":[{"embeddable":true,"href":"https:\/\/luxtehnika.ee\/et\/wp-json\/wp\/v2\/media\/45"}],"wp:attachment":[{"href":"https:\/\/luxtehnika.ee\/et\/wp-json\/wp\/v2\/media?parent=44"}],"curies":[{"name":"wp","href":"https:\/\/api.w.org\/{rel}","templated":true}]}}