{"id":42,"date":"2020-09-29T13:53:45","date_gmt":"2020-09-29T11:53:45","guid":{"rendered":"https:\/\/luxtehnika.ee\/en\/?post_type=product&#038;p=42"},"modified":"2020-10-29T12:27:15","modified_gmt":"2020-10-29T10:27:15","slug":"gaggenau","status":"publish","type":"product","link":"https:\/\/luxtehnika.ee\/et\/brand\/gaggenau\/","title":{"rendered":"Gaggenau"},"content":{"rendered":"<div class=\"vls-gf-field-ro\"><div class=\"vls-gf-gallery vls-gf-288 vls-gf-style-light vls-gf-style-none\" data-vls-gf-layout='{\"layout_type\":\"masonry-v\",\"column_count\":4,\"column_count_xs\":1,\"aspect_ratio\":1,\"horizontal_spacing\":4,\"vertical_spacing\":4,\"align_bottom\":false,\"pagination_type\":\"none\",\"page_size\":0}' data-vls-gf-settings='{\"pagination_type\":\"none\"}'><style type=\"text\/css\">.vls-gf-288 figure a.vls-gf-main{display:block;position:absolute;top:0;bottom:0;left:0;right:0;opacity:0;z-index:90;}.vls-gf-288 figure .vls-gf-overlay{position:absolute;background-color:rgba(255, 255, 255, 0.3);left:0;right:0;top:0;bottom:0;opacity:0;z-index:10;transition:opacity 600ms ease;}.vls-gf-288 figure:hover .vls-gf-overlay{opacity:1;}<\/style><div class=\"vls-gf-container\"><figure class=\"vls-gf-289 vls-gf-init\" data-vls-gf-thumbnail-width=\"800\" data-vls-gf-thumbnail-height=\"767\"><a class=\"vls-gf-main\" href=\"https:\/\/luxtehnika.ee\/wp-content\/gf-uploads\/2020\/09\/mcsa00508229_df260161_pstz_def.png\" data-caption=\"mcsa00508229_df260161_pstz_def\" data-description=\"\"><\/a><div class=\"vls-gf-img\"><img src=\"https:\/\/luxtehnika.ee\/wp-content\/gf-uploads\/2020\/09\/preview-m\/mcsa00508229_df260161_pstz_def-0.png?t=1601308931\" title=\"mcsa00508229_df260161_pstz_def\"\/><\/div><div class=\"vls-gf-overlay\"><\/div><\/figure><figure class=\"vls-gf-290 vls-gf-init\" data-vls-gf-thumbnail-width=\"800\" data-vls-gf-thumbnail-height=\"767\"><a class=\"vls-gf-main\" href=\"https:\/\/luxtehnika.ee\/wp-content\/gf-uploads\/2020\/09\/mcsa00508398_ba016103_pstz_def.png\" data-caption=\"mcsa00508398_ba016103_pstz_def\" data-description=\"\"><\/a><div class=\"vls-gf-img\"><img src=\"https:\/\/luxtehnika.ee\/wp-content\/gf-uploads\/2020\/09\/preview-m\/mcsa00508398_ba016103_pstz_def-0.png?t=1601308950\" title=\"mcsa00508398_ba016103_pstz_def\"\/><\/div><div class=\"vls-gf-overlay\"><\/div><\/figure><figure class=\"vls-gf-291 vls-gf-init\" data-vls-gf-thumbnail-width=\"800\" data-vls-gf-thumbnail-height=\"767\"><a class=\"vls-gf-main\" href=\"https:\/\/luxtehnika.ee\/wp-content\/gf-uploads\/2020\/09\/mcsa00508549_rb292310_pstz_def.png\" data-caption=\"mcsa00508549_rb292310_pstz_def\" data-description=\"\"><\/a><div class=\"vls-gf-img\"><img src=\"https:\/\/luxtehnika.ee\/wp-content\/gf-uploads\/2020\/09\/preview-m\/mcsa00508549_rb292310_pstz_def-0.png?t=1601308960\" title=\"mcsa00508549_rb292310_pstz_def\"\/><\/div><div class=\"vls-gf-overlay\"><\/div><\/figure><figure class=\"vls-gf-292 vls-gf-init\" data-vls-gf-thumbnail-width=\"800\" data-vls-gf-thumbnail-height=\"767\"><a class=\"vls-gf-main\" href=\"https:\/\/luxtehnika.ee\/wp-content\/gf-uploads\/2020\/09\/mcsa00508576_rt289202_pstz_def.png\" data-caption=\"mcsa00508576_rt289202_pstz_def\" data-description=\"\"><\/a><div class=\"vls-gf-img\"><img src=\"https:\/\/luxtehnika.ee\/wp-content\/gf-uploads\/2020\/09\/preview-m\/mcsa00508576_rt289202_pstz_def-0.png?t=1601308967\" title=\"mcsa00508576_rt289202_pstz_def\"\/><\/div><div class=\"vls-gf-overlay\"><\/div><\/figure><figure class=\"vls-gf-293 vls-gf-init\" data-vls-gf-thumbnail-width=\"800\" data-vls-gf-thumbnail-height=\"767\"><a class=\"vls-gf-main\" href=\"https:\/\/luxtehnika.ee\/wp-content\/gf-uploads\/2020\/09\/mcsa00508998_cg492110_pstz_def.png\" data-caption=\"mcsa00508998_cg492110_pstz_def\" data-description=\"\"><\/a><div class=\"vls-gf-img\"><img src=\"https:\/\/luxtehnika.ee\/wp-content\/gf-uploads\/2020\/09\/preview-m\/mcsa00508998_cg492110_pstz_def-0.png?t=1601308974\" title=\"mcsa00508998_cg492110_pstz_def\"\/><\/div><div class=\"vls-gf-overlay\"><\/div><\/figure><figure class=\"vls-gf-294 vls-gf-init\" data-vls-gf-thumbnail-width=\"800\" data-vls-gf-thumbnail-height=\"767\"><a class=\"vls-gf-main\" href=\"https:\/\/luxtehnika.ee\/wp-content\/gf-uploads\/2020\/09\/mcsa00509048_vi270114_pstz_def.png\" data-caption=\"mcsa00509048_vi270114_pstz_def\" data-description=\"\"><\/a><div class=\"vls-gf-img\"><img src=\"https:\/\/luxtehnika.ee\/wp-content\/gf-uploads\/2020\/09\/preview-m\/mcsa00509048_vi270114_pstz_def-0.png?t=1601308981\" title=\"mcsa00509048_vi270114_pstz_def\"\/><\/div><div class=\"vls-gf-overlay\"><\/div><\/figure><figure class=\"vls-gf-295 vls-gf-init\" data-vls-gf-thumbnail-width=\"800\" data-vls-gf-thumbnail-height=\"767\"><a class=\"vls-gf-main\" href=\"https:\/\/luxtehnika.ee\/wp-content\/gf-uploads\/2020\/09\/mcsa00514905_vi491110_pstz_def.png\" data-caption=\"mcsa00514905_vi491110_pstz_def\" data-description=\"\"><\/a><div class=\"vls-gf-img\"><img src=\"https:\/\/luxtehnika.ee\/wp-content\/gf-uploads\/2020\/09\/preview-m\/mcsa00514905_vi491110_pstz_def-0.png?t=1601308988\" title=\"mcsa00514905_vi491110_pstz_def\"\/><\/div><div class=\"vls-gf-overlay\"><\/div><\/figure><figure class=\"vls-gf-296 vls-gf-init\" data-vls-gf-thumbnail-width=\"800\" data-vls-gf-thumbnail-height=\"767\"><a class=\"vls-gf-main\" href=\"https:\/\/luxtehnika.ee\/wp-content\/gf-uploads\/2020\/09\/mcsa00631813_bop250100_pstz_def.png\" data-caption=\"mcsa00631813_bop250100_pstz_def\" data-description=\"\"><\/a><div class=\"vls-gf-img\"><img src=\"https:\/\/luxtehnika.ee\/wp-content\/gf-uploads\/2020\/09\/preview-m\/mcsa00631813_bop250100_pstz_def-0.png?t=1601308999\" title=\"mcsa00631813_bop250100_pstz_def\"\/><\/div><div class=\"vls-gf-overlay\"><\/div><\/figure><figure class=\"vls-gf-297 vls-gf-init\" data-vls-gf-thumbnail-width=\"800\" data-vls-gf-thumbnail-height=\"767\"><a class=\"vls-gf-main\" href=\"https:\/\/luxtehnika.ee\/wp-content\/gf-uploads\/2020\/09\/mcsa00632369_bo480110_pstz_def.png\" data-caption=\"mcsa00632369_bo480110_pstz_def\" data-description=\"\"><\/a><div class=\"vls-gf-img\"><img src=\"https:\/\/luxtehnika.ee\/wp-content\/gf-uploads\/2020\/09\/preview-m\/mcsa00632369_bo480110_pstz_def-0.png?t=1601309012\" title=\"mcsa00632369_bo480110_pstz_def\"\/><\/div><div class=\"vls-gf-overlay\"><\/div><\/figure><figure class=\"vls-gf-298 vls-gf-init\" data-vls-gf-thumbnail-width=\"800\" data-vls-gf-thumbnail-height=\"767\"><a class=\"vls-gf-main\" href=\"https:\/\/luxtehnika.ee\/wp-content\/gf-uploads\/2020\/09\/mcsa00633395_rw464361_pstz_def.png\" data-caption=\"mcsa00633395_rw464361_pstz_def\" data-description=\"\"><\/a><div class=\"vls-gf-img\"><img src=\"https:\/\/luxtehnika.ee\/wp-content\/gf-uploads\/2020\/09\/preview-m\/mcsa00633395_rw464361_pstz_def-0.png?t=1601309028\" title=\"mcsa00633395_rw464361_pstz_def\"\/><\/div><div class=\"vls-gf-overlay\"><\/div><\/figure><figure class=\"vls-gf-299 vls-gf-init\" data-vls-gf-thumbnail-width=\"800\" data-vls-gf-thumbnail-height=\"767\"><a class=\"vls-gf-main\" href=\"https:\/\/luxtehnika.ee\/wp-content\/gf-uploads\/2020\/09\/mcsa00706633_d9273_rb492301_264973_pstz_def.png\" data-caption=\"mcsa00706633_d9273_rb492301_264973_pstz_def\" data-description=\"\"><\/a><div class=\"vls-gf-img\"><img src=\"https:\/\/luxtehnika.ee\/wp-content\/gf-uploads\/2020\/09\/preview-m\/mcsa00706633_d9273_rb492301_264973_pstz_def-0.png?t=1601309036\" title=\"mcsa00706633_d9273_rb492301_264973_pstz_def\"\/><\/div><div class=\"vls-gf-overlay\"><\/div><\/figure><figure class=\"vls-gf-300 vls-gf-init\" data-vls-gf-thumbnail-width=\"800\" data-vls-gf-thumbnail-height=\"767\"><a class=\"vls-gf-main\" href=\"https:\/\/luxtehnika.ee\/wp-content\/gf-uploads\/2020\/09\/mcsa00763176_eb388_1_us_pstz_def.png\" data-caption=\"mcsa00763176_eb388_1_us_pstz_def\" data-description=\"\"><\/a><div class=\"vls-gf-img\"><img src=\"https:\/\/luxtehnika.ee\/wp-content\/gf-uploads\/2020\/09\/preview-m\/mcsa00763176_eb388_1_us_pstz_def-0.png?t=1601309045\" title=\"mcsa00763176_eb388_1_us_pstz_def\"\/><\/div><div class=\"vls-gf-overlay\"><\/div><\/figure><figure class=\"vls-gf-301 vls-gf-init\" data-vls-gf-thumbnail-width=\"800\" data-vls-gf-thumbnail-height=\"767\"><a class=\"vls-gf-main\" href=\"https:\/\/luxtehnika.ee\/wp-content\/gf-uploads\/2020\/09\/mcsa00782106_e3860_ar403121_371500_pstz_def.png\" data-caption=\"mcsa00782106_e3860_ar403121_371500_pstz_def\" data-description=\"\"><\/a><div class=\"vls-gf-img\"><img src=\"https:\/\/luxtehnika.ee\/wp-content\/gf-uploads\/2020\/09\/preview-m\/mcsa00782106_e3860_ar403121_371500_pstz_def-0.png?t=1601309050\" title=\"mcsa00782106_e3860_ar403121_371500_pstz_def\"\/><\/div><div class=\"vls-gf-overlay\"><\/div><\/figure><figure class=\"vls-gf-302 vls-gf-init\" data-vls-gf-thumbnail-width=\"800\" data-vls-gf-thumbnail-height=\"767\"><a class=\"vls-gf-main\" href=\"https:\/\/luxtehnika.ee\/wp-content\/gf-uploads\/2020\/09\/mcsa00985121_df261163f_pstz_def.png\" data-caption=\"mcsa00985121_df261163f_pstz_def\" data-description=\"\"><\/a><div class=\"vls-gf-img\"><img src=\"https:\/\/luxtehnika.ee\/wp-content\/gf-uploads\/2020\/09\/preview-m\/mcsa00985121_df261163f_pstz_def-0.png?t=1601309058\" title=\"mcsa00985121_df261163f_pstz_def\"\/><\/div><div class=\"vls-gf-overlay\"><\/div><\/figure><figure class=\"vls-gf-303 vls-gf-init\" data-vls-gf-thumbnail-width=\"800\" data-vls-gf-thumbnail-height=\"767\"><a class=\"vls-gf-main\" href=\"https:\/\/luxtehnika.ee\/wp-content\/gf-uploads\/2020\/09\/mcsa00985175_df481160_pstz_def.png\" data-caption=\"mcsa00985175_df481160_pstz_def\" data-description=\"\"><\/a><div class=\"vls-gf-img\"><img src=\"https:\/\/luxtehnika.ee\/wp-content\/gf-uploads\/2020\/09\/preview-m\/mcsa00985175_df481160_pstz_def-0.png?t=1601309068\" title=\"mcsa00985175_df481160_pstz_def\"\/><\/div><div class=\"vls-gf-overlay\"><\/div><\/figure><figure class=\"vls-gf-304 vls-gf-init\" data-vls-gf-thumbnail-width=\"800\" data-vls-gf-thumbnail-height=\"767\"><a class=\"vls-gf-main\" href=\"https:\/\/luxtehnika.ee\/wp-content\/gf-uploads\/2020\/09\/mcsa00996847_da041160_pstz_def.png\" data-caption=\"mcsa00996847_da041160_pstz_def\" data-description=\"\"><\/a><div class=\"vls-gf-img\"><img src=\"https:\/\/luxtehnika.ee\/wp-content\/gf-uploads\/2020\/09\/preview-m\/mcsa00996847_da041160_pstz_def-0.png?t=1601309079\" title=\"mcsa00996847_da041160_pstz_def\"\/><\/div><div class=\"vls-gf-overlay\"><\/div><\/figure><figure class=\"vls-gf-305 vls-gf-init\" data-vls-gf-thumbnail-width=\"800\" data-vls-gf-thumbnail-height=\"767\"><a class=\"vls-gf-main\" href=\"https:\/\/luxtehnika.ee\/wp-content\/gf-uploads\/2020\/09\/mcsa01599427_ci292110_pstz_def.png\" data-caption=\"mcsa01599427_ci292110_pstz_def\" data-description=\"\"><\/a><div class=\"vls-gf-img\"><img src=\"https:\/\/luxtehnika.ee\/wp-content\/gf-uploads\/2020\/09\/preview-m\/mcsa01599427_ci292110_pstz_def-0.png?t=1601309084\" title=\"mcsa01599427_ci292110_pstz_def\"\/><\/div><div class=\"vls-gf-overlay\"><\/div><\/figure><figure class=\"vls-gf-306 vls-gf-init\" data-vls-gf-thumbnail-width=\"800\" data-vls-gf-thumbnail-height=\"767\"><a class=\"vls-gf-main\" href=\"https:\/\/luxtehnika.ee\/wp-content\/gf-uploads\/2020\/09\/mcsa01599489_ce261113_pstz_def.png\" data-caption=\"mcsa01599489_ce261113_pstz_def\" data-description=\"\"><\/a><div class=\"vls-gf-img\"><img src=\"https:\/\/luxtehnika.ee\/wp-content\/gf-uploads\/2020\/09\/preview-m\/mcsa01599489_ce261113_pstz_def-0.png?t=1601309093\" title=\"mcsa01599489_ce261113_pstz_def\"\/><\/div><div class=\"vls-gf-overlay\"><\/div><\/figure><\/div><\/div><\/div>\n<div class=\"vls-gf-field-pills\"><\/div>\n","protected":false},"excerpt":{"rendered":"<p>GAGGENAU on v\u00e4ike linnake Saksamaal, kus 1681 aastal tekkis v\u00e4ike naelu ja metalltahvleid valmistav t\u00f6\u00f6koda. Ettev\u00f5te on aja jooksul muutunud kvaliteetse k\u00f6\u00f6gitehnika tootjaks. GAGGENAU k\u00fclmikud, praeahjud, \u00f5hupuhastid, keeduplaadid, n\u00f5udepesumasinad on koondanud endasse k\u00f5ik parima, mida teaduslik-tehniline progress, ergonoomika ja disain meile pakkuda suudavad. Ettev\u00f5ttel on suur huvi tervisliku toitlustamise vastu, seep\u00e4rast on ahjud varustatud aurus hautamise funktsiooniga. \u00d5hukanalitel on eriline painutatud kuju, mis loob t\u00e4iendava \u00f5huvoolu ja see viib auru minema enne kui see j\u00f5uab k\u00f6\u00f6gis levima hakata. Oma mudelite v\u00e4ljat\u00f6\u00f6tamisel on GAGGENAU toetunud professionaalsete kokkade kogemustele soovile teha k\u00f5ike v\u00f5imalikult h\u00e4sti.<\/p>\n<p><a href=\"https:\/\/www.gaggenau.com\/gb\/\" target=\"_blank\" rel=\"noopener noreferrer\">Go to Website<\/a><\/p>\n","protected":false},"featured_media":43,"template":"","meta":[],"_links":{"self":[{"href":"https:\/\/luxtehnika.ee\/et\/wp-json\/wp\/v2\/product\/42"}],"collection":[{"href":"https:\/\/luxtehnika.ee\/et\/wp-json\/wp\/v2\/product"}],"about":[{"href":"https:\/\/luxtehnika.ee\/et\/wp-json\/wp\/v2\/types\/product"}],"wp:featuredmedia":[{"embeddable":true,"href":"https:\/\/luxtehnika.ee\/et\/wp-json\/wp\/v2\/media\/43"}],"wp:attachment":[{"href":"https:\/\/luxtehnika.ee\/et\/wp-json\/wp\/v2\/media?parent=42"}],"curies":[{"name":"wp","href":"https:\/\/api.w.org\/{rel}","templated":true}]}}