{"id":40,"date":"2020-09-29T13:48:51","date_gmt":"2020-09-29T11:48:51","guid":{"rendered":"https:\/\/luxtehnika.ee\/en\/?post_type=product&#038;p=40"},"modified":"2020-10-29T12:27:39","modified_gmt":"2020-10-29T10:27:39","slug":"ilve","status":"publish","type":"product","link":"https:\/\/luxtehnika.ee\/et\/brand\/ilve\/","title":{"rendered":"Ilve"},"content":{"rendered":"<p><\/p>\n<div class=\"vls-gf-field-ro\"><div class=\"vls-gf-gallery vls-gf-417 vls-gf-style-light vls-gf-style-none\" data-vls-gf-layout='{\"layout_type\":\"masonry-v\",\"column_count\":4,\"column_count_xs\":1,\"aspect_ratio\":1,\"horizontal_spacing\":4,\"vertical_spacing\":4,\"align_bottom\":false,\"pagination_type\":\"none\",\"page_size\":0}' data-vls-gf-settings='{\"pagination_type\":\"none\"}'><style type=\"text\/css\">.vls-gf-417 figure a.vls-gf-main{display:block;position:absolute;top:0;bottom:0;left:0;right:0;opacity:0;z-index:90;}.vls-gf-417 figure .vls-gf-overlay{position:absolute;background-color:rgba(255, 255, 255, 0.3);left:0;right:0;top:0;bottom:0;opacity:0;z-index:10;transition:opacity 600ms ease;}.vls-gf-417 figure:hover .vls-gf-overlay{opacity:1;}<\/style><div class=\"vls-gf-container\"><figure class=\"vls-gf-418 vls-gf-init\" data-vls-gf-thumbnail-width=\"800\" data-vls-gf-thumbnail-height=\"590\"><a class=\"vls-gf-main\" href=\"https:\/\/luxtehnika.ee\/wp-content\/gf-uploads\/2020\/09\/apr023001.jpg\" data-caption=\"apr023001\" data-description=\"\"><\/a><div class=\"vls-gf-img\"><img src=\"https:\/\/luxtehnika.ee\/wp-content\/gf-uploads\/2020\/09\/preview-m\/apr023001-0.jpg?t=1601309425\" title=\"apr023001\"\/><\/div><div class=\"vls-gf-overlay\"><\/div><\/figure><figure class=\"vls-gf-419 vls-gf-init\" data-vls-gf-thumbnail-width=\"694\" data-vls-gf-thumbnail-height=\"299\"><a class=\"vls-gf-main\" href=\"https:\/\/luxtehnika.ee\/wp-content\/gf-uploads\/2020\/09\/cappa-a-parene-professional.jpg\" data-caption=\"cappa-a-parene-professional\" data-description=\"\"><\/a><div class=\"vls-gf-img\"><img src=\"https:\/\/luxtehnika.ee\/wp-content\/gf-uploads\/2020\/09\/preview-m\/cappa-a-parene-professional-0.jpg?t=1601309426\" title=\"cappa-a-parene-professional\"\/><\/div><div class=\"vls-gf-overlay\"><\/div><\/figure><figure class=\"vls-gf-420 vls-gf-init\" data-vls-gf-thumbnail-width=\"610\" data-vls-gf-thumbnail-height=\"800\"><a class=\"vls-gf-main\" href=\"https:\/\/luxtehnika.ee\/wp-content\/gf-uploads\/2020\/09\/colore-bianco-ral-9001.jpg\" data-caption=\"colore-bianco-ral-9001\" data-description=\"\"><\/a><div class=\"vls-gf-img\"><img src=\"https:\/\/luxtehnika.ee\/wp-content\/gf-uploads\/2020\/09\/preview-m\/colore-bianco-ral-9001-0.jpg?t=1601309428\" title=\"colore-bianco-ral-9001\"\/><\/div><div class=\"vls-gf-overlay\"><\/div><\/figure><figure class=\"vls-gf-421 vls-gf-init\" data-vls-gf-thumbnail-width=\"333\" data-vls-gf-thumbnail-height=\"284\"><a class=\"vls-gf-main\" href=\"https:\/\/luxtehnika.ee\/wp-content\/gf-uploads\/2020\/09\/colori-opzionali.jpg\" data-caption=\"colori-opzionali\" data-description=\"\"><\/a><div class=\"vls-gf-img\"><img src=\"https:\/\/luxtehnika.ee\/wp-content\/gf-uploads\/2020\/09\/preview-m\/colori-opzionali-0.jpg?t=1601309429\" title=\"colori-opzionali\"\/><\/div><div class=\"vls-gf-overlay\"><\/div><\/figure><figure class=\"vls-gf-422 vls-gf-init\" data-vls-gf-thumbnail-width=\"269\" data-vls-gf-thumbnail-height=\"151\"><a class=\"vls-gf-main\" href=\"https:\/\/luxtehnika.ee\/wp-content\/gf-uploads\/2020\/09\/forni.jpg\" data-caption=\"forni\" data-description=\"\"><\/a><div class=\"vls-gf-img\"><img src=\"https:\/\/luxtehnika.ee\/wp-content\/gf-uploads\/2020\/09\/preview-m\/forni-0.jpg?t=1601309430\" title=\"forni\"\/><\/div><div class=\"vls-gf-overlay\"><\/div><\/figure><figure class=\"vls-gf-423 vls-gf-init\" data-vls-gf-thumbnail-width=\"267\" data-vls-gf-thumbnail-height=\"269\"><a class=\"vls-gf-main\" href=\"https:\/\/luxtehnika.ee\/wp-content\/gf-uploads\/2020\/09\/forno-pirilitico-built-in-600.jpg\" data-caption=\"forno-pirilitico-built-in-600\" data-description=\"\"><\/a><div class=\"vls-gf-img\"><img src=\"https:\/\/luxtehnika.ee\/wp-content\/gf-uploads\/2020\/09\/preview-m\/forno-pirilitico-built-in-600-0.jpg?t=1601309431\" title=\"forno-pirilitico-built-in-600\"\/><\/div><div class=\"vls-gf-overlay\"><\/div><\/figure><figure class=\"vls-gf-424 vls-gf-init\" data-vls-gf-thumbnail-width=\"453\" data-vls-gf-thumbnail-height=\"441\"><a class=\"vls-gf-main\" href=\"https:\/\/luxtehnika.ee\/wp-content\/gf-uploads\/2020\/09\/gruppo-di-cottura-majestic.jpg\" data-caption=\"gruppo-di-cottura-majestic\" data-description=\"\"><\/a><div class=\"vls-gf-img\"><img src=\"https:\/\/luxtehnika.ee\/wp-content\/gf-uploads\/2020\/09\/preview-m\/gruppo-di-cottura-majestic-0.jpg?t=1601309432\" title=\"gruppo-di-cottura-majestic\"\/><\/div><div class=\"vls-gf-overlay\"><\/div><\/figure><figure class=\"vls-gf-425 vls-gf-init\" data-vls-gf-thumbnail-width=\"599\" data-vls-gf-thumbnail-height=\"800\"><a class=\"vls-gf-main\" href=\"https:\/\/luxtehnika.ee\/wp-content\/gf-uploads\/2020\/09\/gruppo-di-cottura-quadra-classic.jpg\" data-caption=\"gruppo-di-cottura-quadra-classic\" data-description=\"\"><\/a><div class=\"vls-gf-img\"><img src=\"https:\/\/luxtehnika.ee\/wp-content\/gf-uploads\/2020\/09\/preview-m\/gruppo-di-cottura-quadra-classic-0.jpg?t=1601309434\" title=\"gruppo-di-cottura-quadra-classic\"\/><\/div><div class=\"vls-gf-overlay\"><\/div><\/figure><figure class=\"vls-gf-426 vls-gf-init\" data-vls-gf-thumbnail-width=\"360\" data-vls-gf-thumbnail-height=\"360\"><a class=\"vls-gf-main\" href=\"https:\/\/luxtehnika.ee\/wp-content\/gf-uploads\/2020\/09\/ilve-lavello-circolare-ad-incasso-c-435-r-colore-rame.jpg\" data-caption=\"ilve-lavello-circolare-ad-incasso-c-435-r-colore-rame\" data-description=\"\"><\/a><div class=\"vls-gf-img\"><img src=\"https:\/\/luxtehnika.ee\/wp-content\/gf-uploads\/2020\/09\/preview-m\/ilve-lavello-circolare-ad-incasso-c-435-r-colore-rame-0.jpg?t=1601309435\" title=\"ilve-lavello-circolare-ad-incasso-c-435-r-colore-rame\"\/><\/div><div class=\"vls-gf-overlay\"><\/div><\/figure><figure class=\"vls-gf-427 vls-gf-init\" data-vls-gf-thumbnail-width=\"450\" data-vls-gf-thumbnail-height=\"370\"><a class=\"vls-gf-main\" href=\"https:\/\/luxtehnika.ee\/wp-content\/gf-uploads\/2020\/09\/lg-frigorifero-combinato-gbb530pzcfs-medium05.jpg\" data-caption=\"lg-frigorifero-combinato-gbb530pzcfs-medium05\" data-description=\"\"><\/a><div class=\"vls-gf-img\"><img src=\"https:\/\/luxtehnika.ee\/wp-content\/gf-uploads\/2020\/09\/preview-m\/lg-frigorifero-combinato-gbb530pzcfs-medium05-0.jpg?t=1601309436\" title=\"lg-frigorifero-combinato-gbb530pzcfs-medium05\"\/><\/div><div class=\"vls-gf-overlay\"><\/div><\/figure><figure class=\"vls-gf-428 vls-gf-init\" data-vls-gf-thumbnail-width=\"698\" data-vls-gf-thumbnail-height=\"439\"><a class=\"vls-gf-main\" href=\"https:\/\/luxtehnika.ee\/wp-content\/gf-uploads\/2020\/09\/quadra-modular.jpg\" data-caption=\"quadra-modular\" data-description=\"\"><\/a><div class=\"vls-gf-img\"><img src=\"https:\/\/luxtehnika.ee\/wp-content\/gf-uploads\/2020\/09\/preview-m\/quadra-modular-0.jpg?t=1601309437\" title=\"quadra-modular\"\/><\/div><div class=\"vls-gf-overlay\"><\/div><\/figure><figure class=\"vls-gf-429 vls-gf-init\" data-vls-gf-thumbnail-width=\"585\" data-vls-gf-thumbnail-height=\"800\"><a class=\"vls-gf-main\" href=\"https:\/\/luxtehnika.ee\/wp-content\/gf-uploads\/2020\/09\/screenshot_1.jpg\" data-caption=\"screenshot_1\" data-description=\"\"><\/a><div class=\"vls-gf-img\"><img src=\"https:\/\/luxtehnika.ee\/wp-content\/gf-uploads\/2020\/09\/preview-m\/screenshot_1-0.jpg?t=1601309439\" title=\"screenshot_1\"\/><\/div><div class=\"vls-gf-overlay\"><\/div><\/figure><\/div><\/div><\/div>\n<div class=\"vls-gf-field-pills\"><\/div>\n<p><\/p>","protected":false},"excerpt":{"rendered":"<p>ILVE \u2013 see firma asutati 1969. aastal Padovas, Itaalias. Nende toodetud k\u00f6\u00f6gisisustuse\u00a0\u00a0 erip\u00e4raks on kantri stiil ja see meeldib nii professionaalidele kui ka asjuaarmastajatele, kes peavad lugu originaalsest v\u00e4lisilmest, stiilist ja traditsioonidest koos kaasaegseima tehnikaga. K\u00f6\u00f6giplokid, pliidid, \u00f5hupuhastid, k\u00fclmkapid, valamud ja eriti populaared kaheosalised k\u00fcpsetusahjud, mille viimistluses on kasutatud vaske ja messingit, loovad k\u00f6\u00f6gis maamaja milj\u00f6\u00f6, kus valitseb soojus, rahu ja \u00f5dusus, mis on kiirustavas t\u00e4nap\u00e4evas eriti k\u00f5rgelt hinnatud. Originaalsesse antiiksesse kujundusse k\u00e4tketud kaasaegsed tehnoloogilised v\u00f5imalused \u2013 see ongi l\u00fchidalt \u00f6eldes ILVE k\u00f6\u00f6gitehnika.<\/p>\n<p><a href=\"https:\/\/www.ilve.it\/en\" target=\"_blank\" rel=\"noopener noreferrer\">Minge veebisaidile<\/a><\/p>\n<div id=\"gtx-trans\" style=\"position: absolute; left: 2px; top: 198.143px;\">\n<div class=\"gtx-trans-icon\"><\/div>\n<\/div>\n","protected":false},"featured_media":41,"template":"","meta":[],"_links":{"self":[{"href":"https:\/\/luxtehnika.ee\/et\/wp-json\/wp\/v2\/product\/40"}],"collection":[{"href":"https:\/\/luxtehnika.ee\/et\/wp-json\/wp\/v2\/product"}],"about":[{"href":"https:\/\/luxtehnika.ee\/et\/wp-json\/wp\/v2\/types\/product"}],"wp:featuredmedia":[{"embeddable":true,"href":"https:\/\/luxtehnika.ee\/et\/wp-json\/wp\/v2\/media\/41"}],"wp:attachment":[{"href":"https:\/\/luxtehnika.ee\/et\/wp-json\/wp\/v2\/media?parent=40"}],"curies":[{"name":"wp","href":"https:\/\/api.w.org\/{rel}","templated":true}]}}