{"id":36,"date":"2020-09-29T13:37:21","date_gmt":"2020-09-29T11:37:21","guid":{"rendered":"https:\/\/luxtehnika.ee\/en\/?post_type=product&#038;p=36"},"modified":"2020-10-29T12:28:01","modified_gmt":"2020-10-29T10:28:01","slug":"kuppersbusch","status":"publish","type":"product","link":"https:\/\/luxtehnika.ee\/et\/brand\/kuppersbusch\/","title":{"rendered":"Kuppersbusch"},"content":{"rendered":"<p><\/p>\n<div class=\"vls-gf-field-ro\"><div class=\"vls-gf-gallery vls-gf-476 vls-gf-style-light vls-gf-style-none\" data-vls-gf-layout='{\"layout_type\":\"masonry-v\",\"column_count\":4,\"column_count_xs\":1,\"aspect_ratio\":1,\"horizontal_spacing\":4,\"vertical_spacing\":4,\"align_bottom\":false,\"pagination_type\":\"none\",\"page_size\":0}' data-vls-gf-settings='{\"pagination_type\":\"none\"}'><style type=\"text\/css\">.vls-gf-476 figure a.vls-gf-main{display:block;position:absolute;top:0;bottom:0;left:0;right:0;opacity:0;z-index:90;}.vls-gf-476 figure .vls-gf-overlay{position:absolute;background-color:rgba(255, 255, 255, 0.3);left:0;right:0;top:0;bottom:0;opacity:0;z-index:10;transition:opacity 600ms ease;}.vls-gf-476 figure:hover .vls-gf-overlay{opacity:1;}<\/style><div class=\"vls-gf-container\"><figure class=\"vls-gf-477 vls-gf-init\" data-vls-gf-thumbnail-width=\"557\" data-vls-gf-thumbnail-height=\"335\"><a class=\"vls-gf-main\" href=\"https:\/\/luxtehnika.ee\/wp-content\/gf-uploads\/2020\/09\/6df242f54729624f223b29de6665e38b_big.jpg\" data-caption=\"6df242f54729624f223b29de6665e38b_big\" data-description=\"\"><\/a><div class=\"vls-gf-img\"><img src=\"https:\/\/luxtehnika.ee\/wp-content\/gf-uploads\/2020\/09\/preview-m\/6df242f54729624f223b29de6665e38b_big-0.jpg?t=1601309882\" title=\"6df242f54729624f223b29de6665e38b_big\"\/><\/div><div class=\"vls-gf-overlay\"><\/div><\/figure><figure class=\"vls-gf-478 vls-gf-init\" data-vls-gf-thumbnail-width=\"340\" data-vls-gf-thumbnail-height=\"340\"><a class=\"vls-gf-main\" href=\"https:\/\/luxtehnika.ee\/wp-content\/gf-uploads\/2020\/09\/14f0910f5437acfd53e6b3d1a27e10518243d7ab-thumb-big.jpg\" data-caption=\"14f0910f5437acfd53e6b3d1a27e10518243d7ab-thumb-big\" data-description=\"\"><\/a><div class=\"vls-gf-img\"><img src=\"https:\/\/luxtehnika.ee\/wp-content\/gf-uploads\/2020\/09\/preview-m\/14f0910f5437acfd53e6b3d1a27e10518243d7ab-thumb-big-0.jpg?t=1601309883\" title=\"14f0910f5437acfd53e6b3d1a27e10518243d7ab-thumb-big\"\/><\/div><div class=\"vls-gf-overlay\"><\/div><\/figure><figure class=\"vls-gf-479 vls-gf-init\" data-vls-gf-thumbnail-width=\"646\" data-vls-gf-thumbnail-height=\"223\"><a class=\"vls-gf-main\" href=\"https:\/\/luxtehnika.ee\/wp-content\/gf-uploads\/2020\/09\/239cc15.png\" data-caption=\"239cc15\" data-description=\"\"><\/a><div class=\"vls-gf-img\"><img src=\"https:\/\/luxtehnika.ee\/wp-content\/gf-uploads\/2020\/09\/preview-m\/239cc15-0.png?t=1601309886\" title=\"239cc15\"\/><\/div><div class=\"vls-gf-overlay\"><\/div><\/figure><figure class=\"vls-gf-480 vls-gf-init\" data-vls-gf-thumbnail-width=\"800\" data-vls-gf-thumbnail-height=\"364\"><a class=\"vls-gf-main\" href=\"https:\/\/luxtehnika.ee\/wp-content\/gf-uploads\/2020\/09\/266-1024x466-1.jpg\" data-caption=\"266-1024x466-1\" data-description=\"\"><\/a><div class=\"vls-gf-img\"><img src=\"https:\/\/luxtehnika.ee\/wp-content\/gf-uploads\/2020\/09\/preview-m\/266-1024x466-1-0.jpg?t=1601309887\" title=\"266-1024x466-1\"\/><\/div><div class=\"vls-gf-overlay\"><\/div><\/figure><figure class=\"vls-gf-481 vls-gf-init\" data-vls-gf-thumbnail-width=\"800\" data-vls-gf-thumbnail-height=\"601\"><a class=\"vls-gf-main\" href=\"https:\/\/luxtehnika.ee\/wp-content\/gf-uploads\/2020\/09\/11970-org-1024x769-1.jpg\" data-caption=\"11970-org-1024x769-1\" data-description=\"\"><\/a><div class=\"vls-gf-img\"><img src=\"https:\/\/luxtehnika.ee\/wp-content\/gf-uploads\/2020\/09\/preview-m\/11970-org-1024x769-1-0.jpg?t=1601309889\" title=\"11970-org-1024x769-1\"\/><\/div><div class=\"vls-gf-overlay\"><\/div><\/figure><figure class=\"vls-gf-482 vls-gf-init\" data-vls-gf-thumbnail-width=\"800\" data-vls-gf-thumbnail-height=\"600\"><a class=\"vls-gf-main\" href=\"https:\/\/luxtehnika.ee\/wp-content\/gf-uploads\/2020\/09\/dsc01433-e13468457411401.jpg\" data-caption=\"dsc01433-e13468457411401\" data-description=\"\"><\/a><div class=\"vls-gf-img\"><img src=\"https:\/\/luxtehnika.ee\/wp-content\/gf-uploads\/2020\/09\/preview-m\/dsc01433-e13468457411401-0.jpg?t=1601309890\" title=\"dsc01433-e13468457411401\"\/><\/div><div class=\"vls-gf-overlay\"><\/div><\/figure><figure class=\"vls-gf-483 vls-gf-init\" data-vls-gf-thumbnail-width=\"800\" data-vls-gf-thumbnail-height=\"400\"><a class=\"vls-gf-main\" href=\"https:\/\/luxtehnika.ee\/wp-content\/gf-uploads\/2020\/09\/esar-4500-0ge.jpg\" data-caption=\"esar-4500-0ge\" data-description=\"\"><\/a><div class=\"vls-gf-img\"><img src=\"https:\/\/luxtehnika.ee\/wp-content\/gf-uploads\/2020\/09\/preview-m\/esar-4500-0ge-0.jpg?t=1601309892\" title=\"esar-4500-0ge\"\/><\/div><div class=\"vls-gf-overlay\"><\/div><\/figure><figure class=\"vls-gf-484 vls-gf-init\" data-vls-gf-thumbnail-width=\"800\" data-vls-gf-thumbnail-height=\"600\"><a class=\"vls-gf-main\" href=\"https:\/\/luxtehnika.ee\/wp-content\/gf-uploads\/2020\/09\/kiefferskupperdisplay1-1024x768-1.jpg\" data-caption=\"kiefferskupperdisplay1-1024x768-1\" data-description=\"\"><\/a><div class=\"vls-gf-img\"><img src=\"https:\/\/luxtehnika.ee\/wp-content\/gf-uploads\/2020\/09\/preview-m\/kiefferskupperdisplay1-1024x768-1-0.jpg?t=1601309894\" title=\"kiefferskupperdisplay1-1024x768-1\"\/><\/div><div class=\"vls-gf-overlay\"><\/div><\/figure><figure class=\"vls-gf-485 vls-gf-init\" data-vls-gf-thumbnail-width=\"800\" data-vls-gf-thumbnail-height=\"600\"><a class=\"vls-gf-main\" href=\"https:\/\/luxtehnika.ee\/wp-content\/gf-uploads\/2020\/09\/kueppersbusch-dunstabzugshaube-edd99600-1024x768-1.jpg\" data-caption=\"????????????????????????\" data-description=\"K\u00fcppersbusch Cooker Hood\"><\/a><div class=\"vls-gf-img\"><img src=\"https:\/\/luxtehnika.ee\/wp-content\/gf-uploads\/2020\/09\/preview-m\/kueppersbusch-dunstabzugshaube-edd99600-1024x768-1-0.jpg?t=1601309896\" alt=\"????????????????????????\" title=\"????????????????????????\"\/><\/div><div class=\"vls-gf-overlay\"><\/div><\/figure><figure class=\"vls-gf-486 vls-gf-init\" data-vls-gf-thumbnail-width=\"476\" data-vls-gf-thumbnail-height=\"408\"><a class=\"vls-gf-main\" href=\"https:\/\/luxtehnika.ee\/wp-content\/gf-uploads\/2020\/09\/kuppersbusch-induction-wok-cooktop.jpg\" data-caption=\"kuppersbusch-induction-wok-cooktop\" data-description=\"\"><\/a><div class=\"vls-gf-img\"><img src=\"https:\/\/luxtehnika.ee\/wp-content\/gf-uploads\/2020\/09\/preview-m\/kuppersbusch-induction-wok-cooktop-0.jpg?t=1601309898\" title=\"kuppersbusch-induction-wok-cooktop\"\/><\/div><div class=\"vls-gf-overlay\"><\/div><\/figure><figure class=\"vls-gf-487 vls-gf-init\" data-vls-gf-thumbnail-width=\"600\" data-vls-gf-thumbnail-height=\"272\"><a class=\"vls-gf-main\" href=\"https:\/\/luxtehnika.ee\/wp-content\/gf-uploads\/2020\/09\/kuppersbusch-inova-no-oporto-show-2012.jpg\" data-caption=\"kuppersbusch-inova-no-oporto-show-2012\" data-description=\"\"><\/a><div class=\"vls-gf-img\"><img src=\"https:\/\/luxtehnika.ee\/wp-content\/gf-uploads\/2020\/09\/preview-m\/kuppersbusch-inova-no-oporto-show-2012-0.jpg?t=1601309899\" title=\"kuppersbusch-inova-no-oporto-show-2012\"\/><\/div><div class=\"vls-gf-overlay\"><\/div><\/figure><figure class=\"vls-gf-488 vls-gf-init\" data-vls-gf-thumbnail-width=\"460\" data-vls-gf-thumbnail-height=\"625\"><a class=\"vls-gf-main\" href=\"https:\/\/luxtehnika.ee\/wp-content\/gf-uploads\/2020\/09\/kuppersbusch-range-hood-kd9570.jpg\" data-caption=\"kuppersbusch-range-hood-kd9570\" data-description=\"\"><\/a><div class=\"vls-gf-img\"><img src=\"https:\/\/luxtehnika.ee\/wp-content\/gf-uploads\/2020\/09\/preview-m\/kuppersbusch-range-hood-kd9570-0.jpg?t=1601309901\" title=\"kuppersbusch-range-hood-kd9570\"\/><\/div><div class=\"vls-gf-overlay\"><\/div><\/figure><figure class=\"vls-gf-489 vls-gf-init\" data-vls-gf-thumbnail-width=\"800\" data-vls-gf-thumbnail-height=\"444\"><a class=\"vls-gf-main\" href=\"https:\/\/luxtehnika.ee\/wp-content\/gf-uploads\/2020\/09\/php5nfhqd.jpg\" data-caption=\"php5nfhqd\" data-description=\"\"><\/a><div class=\"vls-gf-img\"><img src=\"https:\/\/luxtehnika.ee\/wp-content\/gf-uploads\/2020\/09\/preview-m\/php5nfhqd-0.jpg?t=1601309902\" title=\"php5nfhqd\"\/><\/div><div class=\"vls-gf-overlay\"><\/div><\/figure><figure class=\"vls-gf-490 vls-gf-init\" data-vls-gf-thumbnail-width=\"800\" data-vls-gf-thumbnail-height=\"444\"><a class=\"vls-gf-main\" href=\"https:\/\/luxtehnika.ee\/wp-content\/gf-uploads\/2020\/09\/phpfytgap.jpg\" data-caption=\"phpfytgap\" data-description=\"\"><\/a><div class=\"vls-gf-img\"><img src=\"https:\/\/luxtehnika.ee\/wp-content\/gf-uploads\/2020\/09\/preview-m\/phpfytgap-0.jpg?t=1601309903\" title=\"phpfytgap\"\/><\/div><div class=\"vls-gf-overlay\"><\/div><\/figure><figure class=\"vls-gf-491 vls-gf-init\" data-vls-gf-thumbnail-width=\"800\" data-vls-gf-thumbnail-height=\"444\"><a class=\"vls-gf-main\" href=\"https:\/\/luxtehnika.ee\/wp-content\/gf-uploads\/2020\/09\/phpngtidu.jpg\" data-caption=\"phpngtidu\" data-description=\"\"><\/a><div class=\"vls-gf-img\"><img src=\"https:\/\/luxtehnika.ee\/wp-content\/gf-uploads\/2020\/09\/preview-m\/phpngtidu-0.jpg?t=1601309905\" title=\"phpngtidu\"\/><\/div><div class=\"vls-gf-overlay\"><\/div><\/figure><figure class=\"vls-gf-492 vls-gf-init\" data-vls-gf-thumbnail-width=\"800\" data-vls-gf-thumbnail-height=\"444\"><a class=\"vls-gf-main\" href=\"https:\/\/luxtehnika.ee\/wp-content\/gf-uploads\/2020\/09\/phpvalkty.jpg\" data-caption=\"phpvalkty\" data-description=\"\"><\/a><div class=\"vls-gf-img\"><img src=\"https:\/\/luxtehnika.ee\/wp-content\/gf-uploads\/2020\/09\/preview-m\/phpvalkty-0.jpg?t=1601309906\" title=\"phpvalkty\"\/><\/div><div class=\"vls-gf-overlay\"><\/div><\/figure><figure class=\"vls-gf-493 vls-gf-init\" data-vls-gf-thumbnail-width=\"590\" data-vls-gf-thumbnail-height=\"590\"><a class=\"vls-gf-main\" href=\"https:\/\/luxtehnika.ee\/wp-content\/gf-uploads\/2020\/09\/preview.jpg\" data-caption=\"preview\" data-description=\"\"><\/a><div class=\"vls-gf-img\"><img src=\"https:\/\/luxtehnika.ee\/wp-content\/gf-uploads\/2020\/09\/preview-m\/preview-0.jpg?t=1601309907\" title=\"preview\"\/><\/div><div class=\"vls-gf-overlay\"><\/div><\/figure><figure class=\"vls-gf-494 vls-gf-init\" data-vls-gf-thumbnail-width=\"590\" data-vls-gf-thumbnail-height=\"590\"><a class=\"vls-gf-main\" href=\"https:\/\/luxtehnika.ee\/wp-content\/gf-uploads\/2020\/09\/preview_01.jpg\" data-caption=\"preview_01\" data-description=\"\"><\/a><div class=\"vls-gf-img\"><img src=\"https:\/\/luxtehnika.ee\/wp-content\/gf-uploads\/2020\/09\/preview-m\/preview_01-0.jpg?t=1601309909\" title=\"preview_01\"\/><\/div><div class=\"vls-gf-overlay\"><\/div><\/figure><figure class=\"vls-gf-495 vls-gf-init\" data-vls-gf-thumbnail-width=\"590\" data-vls-gf-thumbnail-height=\"590\"><a class=\"vls-gf-main\" href=\"https:\/\/luxtehnika.ee\/wp-content\/gf-uploads\/2020\/09\/preview_01-1.jpg\" data-caption=\"preview_01-1\" data-description=\"\"><\/a><div class=\"vls-gf-img\"><img src=\"https:\/\/luxtehnika.ee\/wp-content\/gf-uploads\/2020\/09\/preview-m\/preview_01-1-0.jpg?t=1601309910\" title=\"preview_01-1\"\/><\/div><div class=\"vls-gf-overlay\"><\/div><\/figure><figure class=\"vls-gf-496 vls-gf-init\" data-vls-gf-thumbnail-width=\"800\" data-vls-gf-thumbnail-height=\"800\"><a class=\"vls-gf-main\" href=\"https:\/\/luxtehnika.ee\/wp-content\/gf-uploads\/2020\/09\/preview_03-1024x1024-1.jpg\" data-caption=\"preview_03-1024x1024-1\" data-description=\"\"><\/a><div class=\"vls-gf-img\"><img src=\"https:\/\/luxtehnika.ee\/wp-content\/gf-uploads\/2020\/09\/preview-m\/preview_03-1024x1024-1-0.jpg?t=1601309913\" title=\"preview_03-1024x1024-1\"\/><\/div><div class=\"vls-gf-overlay\"><\/div><\/figure><\/div><\/div><\/div>\n<p><\/p>","protected":false},"excerpt":{"rendered":"<p>KUPPERSBUSCH\u00a0 \u2013\u00a0 firma on asutatud aastal 1875\u00a0 Gelsenkirchenis, Saksamaal, ja seega juba teist sajandit on j\u00e4rjepidevalt tegemist ettev\u00f5ttega, kel on erakordselt k\u00f5rged n\u00f5udmised oma toodangu suhtes ja kus pidevalt uuendatakse sisseehitatud k\u00f6\u00f6giseadmete valmistamise tehnoloogia taset. Keeduplaadid, elektrilised k\u00fcpsetuskapid, KUPPERSBUCHI \u00f5hupuhastud \u2013 see on ainulaadne disain, kordumatu stiil, l\u00e4bim\u00f5eldud funktsionaalsus, innovaatilised lahendused, lihtne k\u00e4sitletavus ja usaldusv\u00e4\u00e4rsus. \u00dcleilmse tunnustuse kinnituseks on ettev\u00f5ttele antud 41 disiaini auhinda erinevatelt rahvusvahelistelt institutsioonidelt. K\u00f5ikjal, kus valmistatakse k\u00f5ige maitsvamaid roogasid ja kus t\u00f6\u00f6tavad professionaalid, kasutatakse ka KUPPERSBUCHI tehnikat.<\/p>\n<p><a href=\"https:\/\/www.kueppersbusch-home.com\/i\/en\/\" target=\"_blank\" rel=\"noopener noreferrer\">Minge veebisaidile<\/a><\/p>\n<div id=\"gtx-trans\" style=\"position: absolute; left: -13px; top: 198.143px;\">\n<div class=\"gtx-trans-icon\"><\/div>\n<\/div>\n","protected":false},"featured_media":39,"template":"","meta":[],"_links":{"self":[{"href":"https:\/\/luxtehnika.ee\/et\/wp-json\/wp\/v2\/product\/36"}],"collection":[{"href":"https:\/\/luxtehnika.ee\/et\/wp-json\/wp\/v2\/product"}],"about":[{"href":"https:\/\/luxtehnika.ee\/et\/wp-json\/wp\/v2\/types\/product"}],"wp:featuredmedia":[{"embeddable":true,"href":"https:\/\/luxtehnika.ee\/et\/wp-json\/wp\/v2\/media\/39"}],"wp:attachment":[{"href":"https:\/\/luxtehnika.ee\/et\/wp-json\/wp\/v2\/media?parent=36"}],"curies":[{"name":"wp","href":"https:\/\/api.w.org\/{rel}","templated":true}]}}