{"id":33,"date":"2020-09-29T13:05:44","date_gmt":"2020-09-29T11:05:44","guid":{"rendered":"https:\/\/luxtehnika.ee\/en\/?post_type=product&#038;p=33"},"modified":"2020-10-29T12:32:24","modified_gmt":"2020-10-29T10:32:24","slug":"teka","status":"publish","type":"product","link":"https:\/\/luxtehnika.ee\/et\/brand\/teka\/","title":{"rendered":"Teka"},"content":{"rendered":"<div class=\"vls-gf-field-ro\"><div class=\"vls-gf-gallery vls-gf-888 vls-gf-style-light vls-gf-style-none\" data-vls-gf-layout='{\"layout_type\":\"masonry-v\",\"column_count\":4,\"column_count_xs\":1,\"aspect_ratio\":1,\"horizontal_spacing\":4,\"vertical_spacing\":4,\"align_bottom\":false,\"pagination_type\":\"none\",\"page_size\":0}' data-vls-gf-settings='{\"pagination_type\":\"none\"}'><style type=\"text\/css\">.vls-gf-888 figure a.vls-gf-main{display:block;position:absolute;top:0;bottom:0;left:0;right:0;opacity:0;z-index:90;}.vls-gf-888 figure .vls-gf-overlay{position:absolute;background-color:rgba(255, 255, 255, 0.3);left:0;right:0;top:0;bottom:0;opacity:0;z-index:10;transition:opacity 600ms ease;}.vls-gf-888 figure:hover .vls-gf-overlay{opacity:1;}<\/style><div class=\"vls-gf-container\"><figure class=\"vls-gf-889 vls-gf-init\" data-vls-gf-thumbnail-width=\"583\" data-vls-gf-thumbnail-height=\"387\"><a class=\"vls-gf-main\" href=\"https:\/\/luxtehnika.ee\/wp-content\/gf-uploads\/2020\/09\/461.jpg\" data-caption=\"461\" data-description=\"\"><\/a><div class=\"vls-gf-img\"><img src=\"https:\/\/luxtehnika.ee\/wp-content\/gf-uploads\/2020\/09\/preview-m\/461-0.jpg?t=1601313536\" title=\"461\"\/><\/div><div class=\"vls-gf-overlay\"><\/div><\/figure><figure class=\"vls-gf-890 vls-gf-init\" data-vls-gf-thumbnail-width=\"400\" data-vls-gf-thumbnail-height=\"231\"><a class=\"vls-gf-main\" href=\"https:\/\/luxtehnika.ee\/wp-content\/gf-uploads\/2020\/09\/16579692155_10cb0ce5f6_o.jpg\" data-caption=\"16579692155_10cb0ce5f6_o\" data-description=\"\"><\/a><div class=\"vls-gf-img\"><img src=\"https:\/\/luxtehnika.ee\/wp-content\/gf-uploads\/2020\/09\/preview-m\/16579692155_10cb0ce5f6_o-0.jpg?t=1601313537\" title=\"16579692155_10cb0ce5f6_o\"\/><\/div><div class=\"vls-gf-overlay\"><\/div><\/figure><figure class=\"vls-gf-891 vls-gf-init\" data-vls-gf-thumbnail-width=\"800\" data-vls-gf-thumbnail-height=\"800\"><a class=\"vls-gf-main\" href=\"https:\/\/luxtehnika.ee\/wp-content\/gf-uploads\/2020\/09\/buzdolabi2.jpg\" data-caption=\"buzdolabi2\" data-description=\"\"><\/a><div class=\"vls-gf-img\"><img src=\"https:\/\/luxtehnika.ee\/wp-content\/gf-uploads\/2020\/09\/preview-m\/buzdolabi2-0.jpg?t=1601313540\" title=\"buzdolabi2\"\/><\/div><div class=\"vls-gf-overlay\"><\/div><\/figure><figure class=\"vls-gf-892 vls-gf-init\" data-vls-gf-thumbnail-width=\"800\" data-vls-gf-thumbnail-height=\"498\"><a class=\"vls-gf-main\" href=\"https:\/\/luxtehnika.ee\/wp-content\/gf-uploads\/2020\/09\/cnl_3000_hires-1024x637-1.jpg\" data-caption=\"cnl_3000_hires-1024x637-1\" data-description=\"\"><\/a><div class=\"vls-gf-img\"><img src=\"https:\/\/luxtehnika.ee\/wp-content\/gf-uploads\/2020\/09\/preview-m\/cnl_3000_hires-1024x637-1-0.jpg?t=1601313542\" title=\"cnl_3000_hires-1024x637-1\"\/><\/div><div class=\"vls-gf-overlay\"><\/div><\/figure><figure class=\"vls-gf-893 vls-gf-init\" data-vls-gf-thumbnail-width=\"500\" data-vls-gf-thumbnail-height=\"165\"><a class=\"vls-gf-main\" href=\"https:\/\/luxtehnika.ee\/wp-content\/gf-uploads\/2020\/09\/griferia_2013.jpg\" data-caption=\"griferia_2013\" data-description=\"\"><\/a><div class=\"vls-gf-img\"><img src=\"https:\/\/luxtehnika.ee\/wp-content\/gf-uploads\/2020\/09\/preview-m\/griferia_2013-0.jpg?t=1601313544\" title=\"griferia_2013\"\/><\/div><div class=\"vls-gf-overlay\"><\/div><\/figure><figure class=\"vls-gf-894 vls-gf-init\" data-vls-gf-thumbnail-width=\"800\" data-vls-gf-thumbnail-height=\"450\"><a class=\"vls-gf-main\" href=\"https:\/\/luxtehnika.ee\/wp-content\/gf-uploads\/2020\/09\/maxresdefault1-1024x576-1.jpg\" data-caption=\"maxresdefault1-1024x576-1\" data-description=\"\"><\/a><div class=\"vls-gf-img\"><img src=\"https:\/\/luxtehnika.ee\/wp-content\/gf-uploads\/2020\/09\/preview-m\/maxresdefault1-1024x576-1-0.jpg?t=1601313546\" title=\"maxresdefault1-1024x576-1\"\/><\/div><div class=\"vls-gf-overlay\"><\/div><\/figure><figure class=\"vls-gf-895 vls-gf-init\" data-vls-gf-thumbnail-width=\"800\" data-vls-gf-thumbnail-height=\"450\"><a class=\"vls-gf-main\" href=\"https:\/\/luxtehnika.ee\/wp-content\/gf-uploads\/2020\/09\/maxresdefault-1-1024x576-1.jpg\" data-caption=\"maxresdefault-1-1024x576-1\" data-description=\"\"><\/a><div class=\"vls-gf-img\"><img src=\"https:\/\/luxtehnika.ee\/wp-content\/gf-uploads\/2020\/09\/preview-m\/maxresdefault-1-1024x576-1-0.jpg?t=1601313547\" title=\"maxresdefault-1-1024x576-1\"\/><\/div><div class=\"vls-gf-overlay\"><\/div><\/figure><figure class=\"vls-gf-896 vls-gf-init\" data-vls-gf-thumbnail-width=\"800\" data-vls-gf-thumbnail-height=\"640\"><a class=\"vls-gf-main\" href=\"https:\/\/luxtehnika.ee\/wp-content\/gf-uploads\/2020\/09\/p80097_948255_vstraivaemiy_elektricheskiy_duhovoy_shkaf_teka_he_7_3-1024x819-1.jpg\" data-caption=\"p80097_948255_vstraivaemiy_elektricheskiy_duhovoy_shkaf_teka_he_7_3-1024x819-1\" data-description=\"\"><\/a><div class=\"vls-gf-img\"><img src=\"https:\/\/luxtehnika.ee\/wp-content\/gf-uploads\/2020\/09\/preview-m\/p80097_948255_vstraivaemiy_elektricheskiy_duhovoy_shkaf_teka_he_7_3-1024x819-1-0.jpg?t=1601313549\" title=\"p80097_948255_vstraivaemiy_elektricheskiy_duhovoy_shkaf_teka_he_7_3-1024x819-1\"\/><\/div><div class=\"vls-gf-overlay\"><\/div><\/figure><figure class=\"vls-gf-897 vls-gf-init\" data-vls-gf-thumbnail-width=\"800\" data-vls-gf-thumbnail-height=\"534\"><a class=\"vls-gf-main\" href=\"https:\/\/luxtehnika.ee\/wp-content\/gf-uploads\/2020\/09\/showroom_teka_m-xico_-_hornos_y_cafetera-1024x683-1.jpg\" data-caption=\"showroom_teka_m-xico_-_hornos_y_cafetera-1024x683-1\" data-description=\"\"><\/a><div class=\"vls-gf-img\"><img src=\"https:\/\/luxtehnika.ee\/wp-content\/gf-uploads\/2020\/09\/preview-m\/showroom_teka_m-xico_-_hornos_y_cafetera-1024x683-1-0.jpg?t=1601313551\" title=\"showroom_teka_m-xico_-_hornos_y_cafetera-1024x683-1\"\/><\/div><div class=\"vls-gf-overlay\"><\/div><\/figure><figure class=\"vls-gf-898 vls-gf-init\" data-vls-gf-thumbnail-width=\"800\" data-vls-gf-thumbnail-height=\"600\"><a class=\"vls-gf-main\" href=\"https:\/\/luxtehnika.ee\/wp-content\/gf-uploads\/2020\/09\/showroom_teka-1024x768-1.jpg\" data-caption=\"showroom_teka-1024x768-1\" data-description=\"\"><\/a><div class=\"vls-gf-img\"><img src=\"https:\/\/luxtehnika.ee\/wp-content\/gf-uploads\/2020\/09\/preview-m\/showroom_teka-1024x768-1-0.jpg?t=1601313553\" title=\"showroom_teka-1024x768-1\"\/><\/div><div class=\"vls-gf-overlay\"><\/div><\/figure><figure class=\"vls-gf-899 vls-gf-init\" data-vls-gf-thumbnail-width=\"600\" data-vls-gf-thumbnail-height=\"416\"><a class=\"vls-gf-main\" href=\"https:\/\/luxtehnika.ee\/wp-content\/gf-uploads\/2020\/09\/teka1.jpg\" data-caption=\"teka1\" data-description=\"\"><\/a><div class=\"vls-gf-img\"><img src=\"https:\/\/luxtehnika.ee\/wp-content\/gf-uploads\/2020\/09\/preview-m\/teka1-0.jpg?t=1601313555\" title=\"teka1\"\/><\/div><div class=\"vls-gf-overlay\"><\/div><\/figure><figure class=\"vls-gf-900 vls-gf-init\" data-vls-gf-thumbnail-width=\"600\" data-vls-gf-thumbnail-height=\"609\"><a class=\"vls-gf-main\" href=\"https:\/\/luxtehnika.ee\/wp-content\/gf-uploads\/2020\/09\/teka2.jpg\" data-caption=\"teka2\" data-description=\"\"><\/a><div class=\"vls-gf-img\"><img src=\"https:\/\/luxtehnika.ee\/wp-content\/gf-uploads\/2020\/09\/preview-m\/teka2-0.jpg?t=1601313556\" title=\"teka2\"\/><\/div><div class=\"vls-gf-overlay\"><\/div><\/figure><figure class=\"vls-gf-901 vls-gf-init\" data-vls-gf-thumbnail-width=\"500\" data-vls-gf-thumbnail-height=\"403\"><a class=\"vls-gf-main\" href=\"https:\/\/luxtehnika.ee\/wp-content\/gf-uploads\/2020\/09\/teka-ir942hs_1.jpg\" data-caption=\"teka-ir942hs_1\" data-description=\"\"><\/a><div class=\"vls-gf-img\"><img src=\"https:\/\/luxtehnika.ee\/wp-content\/gf-uploads\/2020\/09\/preview-m\/teka-ir942hs_1-0.jpg?t=1601313558\" title=\"teka-ir942hs_1\"\/><\/div><div class=\"vls-gf-overlay\"><\/div><\/figure><figure class=\"vls-gf-902 vls-gf-init\" data-vls-gf-thumbnail-width=\"460\" data-vls-gf-thumbnail-height=\"440\"><a class=\"vls-gf-main\" href=\"https:\/\/luxtehnika.ee\/wp-content\/gf-uploads\/2020\/09\/teka-range-hood-du-90.jpg\" data-caption=\"teka-range-hood-du-90\" data-description=\"\"><\/a><div class=\"vls-gf-img\"><img src=\"https:\/\/luxtehnika.ee\/wp-content\/gf-uploads\/2020\/09\/preview-m\/teka-range-hood-du-90-0.jpg?t=1601313559\" title=\"teka-range-hood-du-90\"\/><\/div><div class=\"vls-gf-overlay\"><\/div><\/figure><\/div><\/div><\/div>\n<div class=\"vls-gf-field-pills\"><\/div>\n","protected":false},"excerpt":{"rendered":"<p>TEKA &#8211; see on 27 ettev\u00f5ttele kuuluvat tehast, mille toodangut kasutatakse alates 1924. aastast maailma 110 riigis. K\u00f6\u00f6givalamud (roostevabast terasest ja komposiitmaterjalist Terganiit), nende juurde kuuluvad segistid, keeduplaadid, praeahjud, \u00f5hupuhastid, toiduj\u00e4\u00e4kide peenestid, j\u00e4\u00e4tmete kogumise ja sorteerimise s\u00fcsteemeid, n\u00f5udepesumasinad \u2013 kogu toodangu assortiment on sertifitseeritud, vastavad ISO standarditele ja omavad pikaajalist garantiid. Loodusressursside s\u00e4\u00e4stlik kasutamine on ettev\u00f5tte \u00fcheks prioriteediks ja sellep\u00e4rast on TEKA kraanid 30% v\u00f5rra \u00f6konoomsemad kui analoogid ja ka seadmete elektrivajadus on klassis A+ ning A++, mis t\u00e4hendab m\u00e4rkimisv\u00e4\u00e4rset elektri kokkuhoidu.<\/p>\n<p><a href=\"https:\/\/www.teka.com\/en-ee\/\" target=\"_blank\" rel=\"noopener noreferrer\">Minge veebisaidile<\/a><\/p>\n<div id=\"gtx-trans\" style=\"position: absolute; left: -9px; top: 198.143px;\">\n<div class=\"gtx-trans-icon\"><\/div>\n<\/div>\n","protected":false},"featured_media":35,"template":"","meta":[],"_links":{"self":[{"href":"https:\/\/luxtehnika.ee\/et\/wp-json\/wp\/v2\/product\/33"}],"collection":[{"href":"https:\/\/luxtehnika.ee\/et\/wp-json\/wp\/v2\/product"}],"about":[{"href":"https:\/\/luxtehnika.ee\/et\/wp-json\/wp\/v2\/types\/product"}],"wp:featuredmedia":[{"embeddable":true,"href":"https:\/\/luxtehnika.ee\/et\/wp-json\/wp\/v2\/media\/35"}],"wp:attachment":[{"href":"https:\/\/luxtehnika.ee\/et\/wp-json\/wp\/v2\/media?parent=33"}],"curies":[{"name":"wp","href":"https:\/\/api.w.org\/{rel}","templated":true}]}}