{"id":138,"date":"2020-09-30T14:25:41","date_gmt":"2020-09-30T12:25:41","guid":{"rendered":"https:\/\/luxtehnika.ee\/en\/?post_type=product&#038;p=138"},"modified":"2020-10-29T12:32:34","modified_gmt":"2020-10-29T10:32:34","slug":"wesco","status":"publish","type":"product","link":"https:\/\/luxtehnika.ee\/et\/brand\/wesco\/","title":{"rendered":"Wesco"},"content":{"rendered":"<div class=\"vls-gf-field-ro\"><div class=\"vls-gf-gallery vls-gf-903 vls-gf-style-light vls-gf-style-none\" data-vls-gf-layout='{\"layout_type\":\"masonry-v\",\"column_count\":4,\"column_count_xs\":1,\"aspect_ratio\":1,\"horizontal_spacing\":4,\"vertical_spacing\":4,\"align_bottom\":false,\"pagination_type\":\"none\",\"page_size\":0}' data-vls-gf-settings='{\"pagination_type\":\"none\"}'><style type=\"text\/css\">.vls-gf-903 figure a.vls-gf-main{display:block;position:absolute;top:0;bottom:0;left:0;right:0;opacity:0;z-index:90;}.vls-gf-903 figure .vls-gf-overlay{position:absolute;background-color:rgba(255, 255, 255, 0.3);left:0;right:0;top:0;bottom:0;opacity:0;z-index:10;transition:opacity 600ms ease;}.vls-gf-903 figure:hover .vls-gf-overlay{opacity:1;}<\/style><div class=\"vls-gf-container\"><figure class=\"vls-gf-904 vls-gf-init\" data-vls-gf-thumbnail-width=\"370\" data-vls-gf-thumbnail-height=\"250\"><a class=\"vls-gf-main\" href=\"https:\/\/luxtehnika.ee\/wp-content\/gf-uploads\/2020\/09\/2f9953dc7bd2e2757d89be72b6a096da1.jpg\" data-caption=\"2f9953dc7bd2e2757d89be72b6a096da1\" data-description=\"\"><\/a><div class=\"vls-gf-img\"><img src=\"https:\/\/luxtehnika.ee\/wp-content\/gf-uploads\/2020\/09\/preview-m\/2f9953dc7bd2e2757d89be72b6a096da1-0.jpg?t=1601313585\" title=\"2f9953dc7bd2e2757d89be72b6a096da1\"\/><\/div><div class=\"vls-gf-overlay\"><\/div><\/figure><figure class=\"vls-gf-905 vls-gf-init\" data-vls-gf-thumbnail-width=\"454\" data-vls-gf-thumbnail-height=\"800\"><a class=\"vls-gf-main\" href=\"https:\/\/luxtehnika.ee\/wp-content\/gf-uploads\/2020\/09\/117.212_19-57f1d187-581x1024-1.png\" data-caption=\"117.212_19-57f1d187-581x1024-1\" data-description=\"\"><\/a><div class=\"vls-gf-img\"><img src=\"https:\/\/luxtehnika.ee\/wp-content\/gf-uploads\/2020\/09\/preview-m\/117.212_19-57f1d187-581x1024-1-0.png?t=1601313592\" title=\"117.212_19-57f1d187-581x1024-1\"\/><\/div><div class=\"vls-gf-overlay\"><\/div><\/figure><figure class=\"vls-gf-906 vls-gf-init\" data-vls-gf-thumbnail-width=\"800\" data-vls-gf-thumbnail-height=\"600\"><a class=\"vls-gf-main\" href=\"https:\/\/luxtehnika.ee\/wp-content\/gf-uploads\/2020\/09\/milieu-2be0786c.png\" data-caption=\"milieu-2be0786c\" data-description=\"\"><\/a><div class=\"vls-gf-img\"><img src=\"https:\/\/luxtehnika.ee\/wp-content\/gf-uploads\/2020\/09\/preview-m\/milieu-2be0786c-0.png?t=1601313597\" title=\"milieu-2be0786c\"\/><\/div><div class=\"vls-gf-overlay\"><\/div><\/figure><figure class=\"vls-gf-907 vls-gf-init\" data-vls-gf-thumbnail-width=\"800\" data-vls-gf-thumbnail-height=\"533\"><a class=\"vls-gf-main\" href=\"https:\/\/luxtehnika.ee\/wp-content\/gf-uploads\/2020\/09\/milieu-8ce61706.png\" data-caption=\"milieu-8ce61706\" data-description=\"\"><\/a><div class=\"vls-gf-img\"><img src=\"https:\/\/luxtehnika.ee\/wp-content\/gf-uploads\/2020\/09\/preview-m\/milieu-8ce61706-0.png?t=1601313605\" title=\"milieu-8ce61706\"\/><\/div><div class=\"vls-gf-overlay\"><\/div><\/figure><figure class=\"vls-gf-908 vls-gf-init\" data-vls-gf-thumbnail-width=\"632\" data-vls-gf-thumbnail-height=\"800\"><a class=\"vls-gf-main\" href=\"https:\/\/luxtehnika.ee\/wp-content\/gf-uploads\/2020\/09\/milieu-536764b5.png\" data-caption=\"milieu-536764b5\" data-description=\"\"><\/a><div class=\"vls-gf-img\"><img src=\"https:\/\/luxtehnika.ee\/wp-content\/gf-uploads\/2020\/09\/preview-m\/milieu-536764b5-0.png?t=1601313620\" title=\"milieu-536764b5\"\/><\/div><div class=\"vls-gf-overlay\"><\/div><\/figure><figure class=\"vls-gf-909 vls-gf-init\" data-vls-gf-thumbnail-width=\"534\" data-vls-gf-thumbnail-height=\"800\"><a class=\"vls-gf-main\" href=\"https:\/\/luxtehnika.ee\/wp-content\/gf-uploads\/2020\/09\/milieu-80929221-683x1024-1.png\" data-caption=\"milieu-80929221-683x1024-1\" data-description=\"\"><\/a><div class=\"vls-gf-img\"><img src=\"https:\/\/luxtehnika.ee\/wp-content\/gf-uploads\/2020\/09\/preview-m\/milieu-80929221-683x1024-1-0.png?t=1601313633\" title=\"milieu-80929221-683x1024-1\"\/><\/div><div class=\"vls-gf-overlay\"><\/div><\/figure><figure class=\"vls-gf-910 vls-gf-init\" data-vls-gf-thumbnail-width=\"587\" data-vls-gf-thumbnail-height=\"800\"><a class=\"vls-gf-main\" href=\"https:\/\/luxtehnika.ee\/wp-content\/gf-uploads\/2020\/09\/milieu-bbc602de-751x1024-1.png\" data-caption=\"milieu-bbc602de-751x1024-1\" data-description=\"\"><\/a><div class=\"vls-gf-img\"><img src=\"https:\/\/luxtehnika.ee\/wp-content\/gf-uploads\/2020\/09\/preview-m\/milieu-bbc602de-751x1024-1-0.png?t=1601313648\" title=\"milieu-bbc602de-751x1024-1\"\/><\/div><div class=\"vls-gf-overlay\"><\/div><\/figure><figure class=\"vls-gf-911 vls-gf-init\" data-vls-gf-thumbnail-width=\"589\" data-vls-gf-thumbnail-height=\"800\"><a class=\"vls-gf-main\" href=\"https:\/\/luxtehnika.ee\/wp-content\/gf-uploads\/2020\/09\/milieu-c5d018e9-754x1024-1.png\" data-caption=\"milieu-c5d018e9-754x1024-1\" data-description=\"\"><\/a><div class=\"vls-gf-img\"><img src=\"https:\/\/luxtehnika.ee\/wp-content\/gf-uploads\/2020\/09\/preview-m\/milieu-c5d018e9-754x1024-1-0.png?t=1601313663\" title=\"milieu-c5d018e9-754x1024-1\"\/><\/div><div class=\"vls-gf-overlay\"><\/div><\/figure><figure class=\"vls-gf-912 vls-gf-init\" data-vls-gf-thumbnail-width=\"534\" data-vls-gf-thumbnail-height=\"800\"><a class=\"vls-gf-main\" href=\"https:\/\/luxtehnika.ee\/wp-content\/gf-uploads\/2020\/09\/milieu-cf30a181-683x1024-1.png\" data-caption=\"milieu-cf30a181-683x1024-1\" data-description=\"\"><\/a><div class=\"vls-gf-img\"><img src=\"https:\/\/luxtehnika.ee\/wp-content\/gf-uploads\/2020\/09\/preview-m\/milieu-cf30a181-683x1024-1-0.png?t=1601313680\" title=\"milieu-cf30a181-683x1024-1\"\/><\/div><div class=\"vls-gf-overlay\"><\/div><\/figure><figure class=\"vls-gf-913 vls-gf-init\" data-vls-gf-thumbnail-width=\"370\" data-vls-gf-thumbnail-height=\"250\"><a class=\"vls-gf-main\" href=\"https:\/\/luxtehnika.ee\/wp-content\/gf-uploads\/2020\/09\/teaser_badaccessoires.jpg\" data-caption=\"teaser_badaccessoires\" data-description=\"\"><\/a><div class=\"vls-gf-img\"><img src=\"https:\/\/luxtehnika.ee\/wp-content\/gf-uploads\/2020\/09\/preview-m\/teaser_badaccessoires-0.jpg?t=1601313681\" title=\"teaser_badaccessoires\"\/><\/div><div class=\"vls-gf-overlay\"><\/div><\/figure><figure class=\"vls-gf-914 vls-gf-init\" data-vls-gf-thumbnail-width=\"370\" data-vls-gf-thumbnail-height=\"250\"><a class=\"vls-gf-main\" href=\"https:\/\/luxtehnika.ee\/wp-content\/gf-uploads\/2020\/09\/teaser_katalog.jpg\" data-caption=\"teaser_katalog\" data-description=\"\"><\/a><div class=\"vls-gf-img\"><img src=\"https:\/\/luxtehnika.ee\/wp-content\/gf-uploads\/2020\/09\/preview-m\/teaser_katalog-0.jpg?t=1601313682\" title=\"teaser_katalog\"\/><\/div><div class=\"vls-gf-overlay\"><\/div><\/figure><figure class=\"vls-gf-915 vls-gf-init\" data-vls-gf-thumbnail-width=\"370\" data-vls-gf-thumbnail-height=\"250\"><a class=\"vls-gf-main\" href=\"https:\/\/luxtehnika.ee\/wp-content\/gf-uploads\/2020\/09\/teaser_kuechenaccessoires.jpg\" data-caption=\"teaser_kuechenaccessoires\" data-description=\"\"><\/a><div class=\"vls-gf-img\"><img src=\"https:\/\/luxtehnika.ee\/wp-content\/gf-uploads\/2020\/09\/preview-m\/teaser_kuechenaccessoires-0.jpg?t=1601313683\" title=\"teaser_kuechenaccessoires\"\/><\/div><div class=\"vls-gf-overlay\"><\/div><\/figure><figure class=\"vls-gf-916 vls-gf-init\" data-vls-gf-thumbnail-width=\"370\" data-vls-gf-thumbnail-height=\"250\"><a class=\"vls-gf-main\" href=\"https:\/\/luxtehnika.ee\/wp-content\/gf-uploads\/2020\/09\/teaser_metalspace.jpg\" data-caption=\"teaser_metalspace\" data-description=\"\"><\/a><div class=\"vls-gf-img\"><img src=\"https:\/\/luxtehnika.ee\/wp-content\/gf-uploads\/2020\/09\/preview-m\/teaser_metalspace-0.jpg?t=1601313684\" title=\"teaser_metalspace\"\/><\/div><div class=\"vls-gf-overlay\"><\/div><\/figure><figure class=\"vls-gf-917 vls-gf-init\" data-vls-gf-thumbnail-width=\"370\" data-vls-gf-thumbnail-height=\"250\"><a class=\"vls-gf-main\" href=\"https:\/\/luxtehnika.ee\/wp-content\/gf-uploads\/2020\/09\/teaser_object_smokers.jpg\" data-caption=\"teaser_object_smokers\" data-description=\"\"><\/a><div class=\"vls-gf-img\"><img src=\"https:\/\/luxtehnika.ee\/wp-content\/gf-uploads\/2020\/09\/preview-m\/teaser_object_smokers-0.jpg?t=1601313685\" title=\"teaser_object_smokers\"\/><\/div><div class=\"vls-gf-overlay\"><\/div><\/figure><figure class=\"vls-gf-918 vls-gf-init\" data-vls-gf-thumbnail-width=\"370\" data-vls-gf-thumbnail-height=\"250\"><a class=\"vls-gf-main\" href=\"https:\/\/luxtehnika.ee\/wp-content\/gf-uploads\/2020\/09\/teaser_tretabfallsammler.jpg\" data-caption=\"teaser_tretabfallsammler\" data-description=\"\"><\/a><div class=\"vls-gf-img\"><img src=\"https:\/\/luxtehnika.ee\/wp-content\/gf-uploads\/2020\/09\/preview-m\/teaser_tretabfallsammler-0.jpg?t=1601313686\" title=\"teaser_tretabfallsammler\"\/><\/div><div class=\"vls-gf-overlay\"><\/div><\/figure><\/div><\/div><\/div>\n<div class=\"vls-gf-field-pills\"><\/div>\n","protected":false},"excerpt":{"rendered":"<p>WESCO on firma, mis konstrueeris ja patenteeris jalapedaaliga pr\u00fcgi\u00e4mbri. Firma asutati Saksamaal 1867 aastal. \u00a0Kuid nad ei piirdunud ainult \u00e4mbrite tootmisega vaid hakkasid v\u00e4lja t\u00f6\u00f6tama ja tootma\u00a0 k\u00f5ikv\u00f5imalikke roostevabasid k\u00f6\u00f6gitarbeid. Originaalsed ja stiised leivakastid,\u00a0 s\u00e4ilitusanumad, teekannud, v\u00f5itoosid,\u00a0 kastrulid ja kaalud \u2013 k\u00f5ik, mida igas k\u00f6\u00f6gis vajatakse.\u00a0 WESCO armastab kirevaid ja puhtaid v\u00e4rve,\u00a0 millel ei lase tuhmuda spetsiaalse kattelaki kiht, mis kaitseb samal ajal ka kriimustuste tekkimise eest. Need k\u00f6\u00f6gitarbed loovad lisaks stiilile ka meeleolu. Iga toode l\u00e4bib terve plejaadi tugevuse ja\u00a0 vastupidavuse teste, et mitte h\u00e4bistada saksa kuulsa kvaliteedi mainet.<\/p>\n<p><a href=\"https:\/\/www.wesco.com\" target=\"_blank\" rel=\"noopener noreferrer\">Minge veebisaidile<\/a><\/p>\n<div id=\"gtx-trans\" style=\"position: absolute; left: 0px; top: 174.857px;\">\n<div class=\"gtx-trans-icon\"><\/div>\n<\/div>\n","protected":false},"featured_media":139,"template":"","meta":[],"_links":{"self":[{"href":"https:\/\/luxtehnika.ee\/et\/wp-json\/wp\/v2\/product\/138"}],"collection":[{"href":"https:\/\/luxtehnika.ee\/et\/wp-json\/wp\/v2\/product"}],"about":[{"href":"https:\/\/luxtehnika.ee\/et\/wp-json\/wp\/v2\/types\/product"}],"wp:featuredmedia":[{"embeddable":true,"href":"https:\/\/luxtehnika.ee\/et\/wp-json\/wp\/v2\/media\/139"}],"wp:attachment":[{"href":"https:\/\/luxtehnika.ee\/et\/wp-json\/wp\/v2\/media?parent=138"}],"curies":[{"name":"wp","href":"https:\/\/api.w.org\/{rel}","templated":true}]}}