{"id":134,"date":"2020-09-30T14:05:38","date_gmt":"2020-09-30T12:05:38","guid":{"rendered":"https:\/\/luxtehnika.ee\/en\/?post_type=product&#038;p=134"},"modified":"2020-10-29T12:31:20","modified_gmt":"2020-10-29T10:31:20","slug":"remer","status":"publish","type":"product","link":"https:\/\/luxtehnika.ee\/et\/brand\/remer\/","title":{"rendered":"Remer"},"content":{"rendered":"<div class=\"vls-gf-field-ro\"><div class=\"vls-gf-gallery vls-gf-693 vls-gf-style-light vls-gf-style-none\" data-vls-gf-layout='{\"layout_type\":\"masonry-v\",\"column_count\":4,\"column_count_xs\":1,\"aspect_ratio\":1,\"horizontal_spacing\":4,\"vertical_spacing\":4,\"align_bottom\":false,\"pagination_type\":\"none\",\"page_size\":0}' data-vls-gf-settings='{\"pagination_type\":\"none\"}'><style type=\"text\/css\">.vls-gf-693 figure a.vls-gf-main{display:block;position:absolute;top:0;bottom:0;left:0;right:0;opacity:0;z-index:90;}.vls-gf-693 figure .vls-gf-overlay{position:absolute;background-color:rgba(255, 255, 255, 0.3);left:0;right:0;top:0;bottom:0;opacity:0;z-index:10;transition:opacity 600ms ease;}.vls-gf-693 figure:hover .vls-gf-overlay{opacity:1;}<\/style><div class=\"vls-gf-container\"><figure class=\"vls-gf-694 vls-gf-init\" data-vls-gf-thumbnail-width=\"500\" data-vls-gf-thumbnail-height=\"375\"><a class=\"vls-gf-main\" href=\"https:\/\/luxtehnika.ee\/wp-content\/gf-uploads\/2020\/09\/98pg.jpg\" data-caption=\"98pg\" data-description=\"\"><\/a><div class=\"vls-gf-img\"><img src=\"https:\/\/luxtehnika.ee\/wp-content\/gf-uploads\/2020\/09\/preview-m\/98pg-0.jpg?t=1601311724\" title=\"98pg\"\/><\/div><div class=\"vls-gf-overlay\"><\/div><\/figure><figure class=\"vls-gf-695 vls-gf-init\" data-vls-gf-thumbnail-width=\"500\" data-vls-gf-thumbnail-height=\"375\"><a class=\"vls-gf-main\" href=\"https:\/\/luxtehnika.ee\/wp-content\/gf-uploads\/2020\/09\/108-15g.jpg\" data-caption=\"108-15g\" data-description=\"\"><\/a><div class=\"vls-gf-img\"><img src=\"https:\/\/luxtehnika.ee\/wp-content\/gf-uploads\/2020\/09\/preview-m\/108-15g-0.jpg?t=1601311726\" title=\"108-15g\"\/><\/div><div class=\"vls-gf-overlay\"><\/div><\/figure><figure class=\"vls-gf-696 vls-gf-init\" data-vls-gf-thumbnail-width=\"500\" data-vls-gf-thumbnail-height=\"375\"><a class=\"vls-gf-main\" href=\"https:\/\/luxtehnika.ee\/wp-content\/gf-uploads\/2020\/09\/111-rotg.jpg\" data-caption=\"111-rotg\" data-description=\"\"><\/a><div class=\"vls-gf-img\"><img src=\"https:\/\/luxtehnika.ee\/wp-content\/gf-uploads\/2020\/09\/preview-m\/111-rotg-0.jpg?t=1601311728\" title=\"111-rotg\"\/><\/div><div class=\"vls-gf-overlay\"><\/div><\/figure><figure class=\"vls-gf-697 vls-gf-init\" data-vls-gf-thumbnail-width=\"500\" data-vls-gf-thumbnail-height=\"375\"><a class=\"vls-gf-main\" href=\"https:\/\/luxtehnika.ee\/wp-content\/gf-uploads\/2020\/09\/188g.jpg\" data-caption=\"188g\" data-description=\"\"><\/a><div class=\"vls-gf-img\"><img src=\"https:\/\/luxtehnika.ee\/wp-content\/gf-uploads\/2020\/09\/preview-m\/188g-0.jpg?t=1601311730\" title=\"188g\"\/><\/div><div class=\"vls-gf-overlay\"><\/div><\/figure><figure class=\"vls-gf-698 vls-gf-init\" data-vls-gf-thumbnail-width=\"500\" data-vls-gf-thumbnail-height=\"375\"><a class=\"vls-gf-main\" href=\"https:\/\/luxtehnika.ee\/wp-content\/gf-uploads\/2020\/09\/290g.jpg\" data-caption=\"290g\" data-description=\"\"><\/a><div class=\"vls-gf-img\"><img src=\"https:\/\/luxtehnika.ee\/wp-content\/gf-uploads\/2020\/09\/preview-m\/290g-0.jpg?t=1601311732\" title=\"290g\"\/><\/div><div class=\"vls-gf-overlay\"><\/div><\/figure><figure class=\"vls-gf-699 vls-gf-init\" data-vls-gf-thumbnail-width=\"500\" data-vls-gf-thumbnail-height=\"375\"><a class=\"vls-gf-main\" href=\"https:\/\/luxtehnika.ee\/wp-content\/gf-uploads\/2020\/09\/361ffg.jpg\" data-caption=\"10\" data-description=\"10\"><\/a><div class=\"vls-gf-img\"><img src=\"https:\/\/luxtehnika.ee\/wp-content\/gf-uploads\/2020\/09\/preview-m\/361ffg-0.jpg?t=1601311736\" alt=\"10\" title=\"10\"\/><\/div><div class=\"vls-gf-overlay\"><\/div><\/figure><figure class=\"vls-gf-700 vls-gf-init\" data-vls-gf-thumbnail-width=\"500\" data-vls-gf-thumbnail-height=\"375\"><a class=\"vls-gf-main\" href=\"https:\/\/luxtehnika.ee\/wp-content\/gf-uploads\/2020\/09\/365ffrrg.jpg\" data-caption=\"365ffrrg\" data-description=\"\"><\/a><div class=\"vls-gf-img\"><img src=\"https:\/\/luxtehnika.ee\/wp-content\/gf-uploads\/2020\/09\/preview-m\/365ffrrg-0.jpg?t=1601311739\" title=\"365ffrrg\"\/><\/div><div class=\"vls-gf-overlay\"><\/div><\/figure><figure class=\"vls-gf-701 vls-gf-init\" data-vls-gf-thumbnail-width=\"500\" data-vls-gf-thumbnail-height=\"375\"><a class=\"vls-gf-main\" href=\"https:\/\/luxtehnika.ee\/wp-content\/gf-uploads\/2020\/09\/375g.jpg\" data-caption=\"remer3\" data-description=\"remer3\"><\/a><div class=\"vls-gf-img\"><img src=\"https:\/\/luxtehnika.ee\/wp-content\/gf-uploads\/2020\/09\/preview-m\/375g-0.jpg?t=1601311742\" alt=\"remer3\" title=\"remer3\"\/><\/div><div class=\"vls-gf-overlay\"><\/div><\/figure><figure class=\"vls-gf-702 vls-gf-init\" data-vls-gf-thumbnail-width=\"500\" data-vls-gf-thumbnail-height=\"375\"><a class=\"vls-gf-main\" href=\"https:\/\/luxtehnika.ee\/wp-content\/gf-uploads\/2020\/09\/413ng.jpg\" data-caption=\"413ng\" data-description=\"\"><\/a><div class=\"vls-gf-img\"><img src=\"https:\/\/luxtehnika.ee\/wp-content\/gf-uploads\/2020\/09\/preview-m\/413ng-0.jpg?t=1601311744\" title=\"413ng\"\/><\/div><div class=\"vls-gf-overlay\"><\/div><\/figure><figure class=\"vls-gf-703 vls-gf-init\" data-vls-gf-thumbnail-width=\"500\" data-vls-gf-thumbnail-height=\"375\"><a class=\"vls-gf-main\" href=\"https:\/\/luxtehnika.ee\/wp-content\/gf-uploads\/2020\/09\/490rmg.jpg\" data-caption=\"490rmg\" data-description=\"\"><\/a><div class=\"vls-gf-img\"><img src=\"https:\/\/luxtehnika.ee\/wp-content\/gf-uploads\/2020\/09\/preview-m\/490rmg-0.jpg?t=1601311748\" title=\"490rmg\"\/><\/div><div class=\"vls-gf-overlay\"><\/div><\/figure><figure class=\"vls-gf-704 vls-gf-init\" data-vls-gf-thumbnail-width=\"500\" data-vls-gf-thumbnail-height=\"375\"><a class=\"vls-gf-main\" href=\"https:\/\/luxtehnika.ee\/wp-content\/gf-uploads\/2020\/09\/495g.jpg\" data-caption=\"495g\" data-description=\"\"><\/a><div class=\"vls-gf-img\"><img src=\"https:\/\/luxtehnika.ee\/wp-content\/gf-uploads\/2020\/09\/preview-m\/495g-0.jpg?t=1601311750\" title=\"495g\"\/><\/div><div class=\"vls-gf-overlay\"><\/div><\/figure><figure class=\"vls-gf-705 vls-gf-init\" data-vls-gf-thumbnail-width=\"500\" data-vls-gf-thumbnail-height=\"375\"><a class=\"vls-gf-main\" href=\"https:\/\/luxtehnika.ee\/wp-content\/gf-uploads\/2020\/09\/551g.jpg\" data-caption=\"551g\" data-description=\"\"><\/a><div class=\"vls-gf-img\"><img src=\"https:\/\/luxtehnika.ee\/wp-content\/gf-uploads\/2020\/09\/preview-m\/551g-0.jpg?t=1601311753\" title=\"551g\"\/><\/div><div class=\"vls-gf-overlay\"><\/div><\/figure><figure class=\"vls-gf-706 vls-gf-init\" data-vls-gf-thumbnail-width=\"500\" data-vls-gf-thumbnail-height=\"375\"><a class=\"vls-gf-main\" href=\"https:\/\/luxtehnika.ee\/wp-content\/gf-uploads\/2020\/09\/648g.jpg\" data-caption=\"648g\" data-description=\"\"><\/a><div class=\"vls-gf-img\"><img src=\"https:\/\/luxtehnika.ee\/wp-content\/gf-uploads\/2020\/09\/preview-m\/648g-0.jpg?t=1601311755\" title=\"648g\"\/><\/div><div class=\"vls-gf-overlay\"><\/div><\/figure><figure class=\"vls-gf-707 vls-gf-init\" data-vls-gf-thumbnail-width=\"500\" data-vls-gf-thumbnail-height=\"375\"><a class=\"vls-gf-main\" href=\"https:\/\/luxtehnika.ee\/wp-content\/gf-uploads\/2020\/09\/689g.jpg\" data-caption=\"689g\" data-description=\"\"><\/a><div class=\"vls-gf-img\"><img src=\"https:\/\/luxtehnika.ee\/wp-content\/gf-uploads\/2020\/09\/preview-m\/689g-0.jpg?t=1601311756\" title=\"689g\"\/><\/div><div class=\"vls-gf-overlay\"><\/div><\/figure><figure class=\"vls-gf-708 vls-gf-init\" data-vls-gf-thumbnail-width=\"500\" data-vls-gf-thumbnail-height=\"375\"><a class=\"vls-gf-main\" href=\"https:\/\/luxtehnika.ee\/wp-content\/gf-uploads\/2020\/09\/695g.jpg\" data-caption=\"695g\" data-description=\"\"><\/a><div class=\"vls-gf-img\"><img src=\"https:\/\/luxtehnika.ee\/wp-content\/gf-uploads\/2020\/09\/preview-m\/695g-0.jpg?t=1601311758\" title=\"695g\"\/><\/div><div class=\"vls-gf-overlay\"><\/div><\/figure><figure class=\"vls-gf-709 vls-gf-init\" data-vls-gf-thumbnail-width=\"500\" data-vls-gf-thumbnail-height=\"375\"><a class=\"vls-gf-main\" href=\"https:\/\/luxtehnika.ee\/wp-content\/gf-uploads\/2020\/09\/850g.jpg\" data-caption=\"850g\" data-description=\"\"><\/a><div class=\"vls-gf-img\"><img src=\"https:\/\/luxtehnika.ee\/wp-content\/gf-uploads\/2020\/09\/preview-m\/850g-0.jpg?t=1601311759\" title=\"850g\"\/><\/div><div class=\"vls-gf-overlay\"><\/div><\/figure><figure class=\"vls-gf-710 vls-gf-init\" data-vls-gf-thumbnail-width=\"500\" data-vls-gf-thumbnail-height=\"375\"><a class=\"vls-gf-main\" href=\"https:\/\/luxtehnika.ee\/wp-content\/gf-uploads\/2020\/09\/1100g.jpg\" data-caption=\"1100g\" data-description=\"\"><\/a><div class=\"vls-gf-img\"><img src=\"https:\/\/luxtehnika.ee\/wp-content\/gf-uploads\/2020\/09\/preview-m\/1100g-0.jpg?t=1601311760\" title=\"1100g\"\/><\/div><div class=\"vls-gf-overlay\"><\/div><\/figure><figure class=\"vls-gf-711 vls-gf-init\" data-vls-gf-thumbnail-width=\"800\" data-vls-gf-thumbnail-height=\"237\"><a class=\"vls-gf-main\" href=\"https:\/\/luxtehnika.ee\/wp-content\/gf-uploads\/2020\/09\/13582567983125-cri-prodotti11.jpg\" data-caption=\"13582567983125-cri-prodotti11\" data-description=\"\"><\/a><div class=\"vls-gf-img\"><img src=\"https:\/\/luxtehnika.ee\/wp-content\/gf-uploads\/2020\/09\/preview-m\/13582567983125-cri-prodotti11-0.jpg?t=1601311762\" title=\"13582567983125-cri-prodotti11\"\/><\/div><div class=\"vls-gf-overlay\"><\/div><\/figure><figure class=\"vls-gf-712 vls-gf-init\" data-vls-gf-thumbnail-width=\"800\" data-vls-gf-thumbnail-height=\"237\"><a class=\"vls-gf-main\" href=\"https:\/\/luxtehnika.ee\/wp-content\/gf-uploads\/2020\/09\/14164035031645-prodotti16.jpg\" data-caption=\"14164035031645-prodotti16\" data-description=\"\"><\/a><div class=\"vls-gf-img\"><img src=\"https:\/\/luxtehnika.ee\/wp-content\/gf-uploads\/2020\/09\/preview-m\/14164035031645-prodotti16-0.jpg?t=1601311763\" title=\"14164035031645-prodotti16\"\/><\/div><div class=\"vls-gf-overlay\"><\/div><\/figure><figure class=\"vls-gf-713 vls-gf-init\" data-vls-gf-thumbnail-width=\"800\" data-vls-gf-thumbnail-height=\"237\"><a class=\"vls-gf-main\" href=\"https:\/\/luxtehnika.ee\/wp-content\/gf-uploads\/2020\/09\/14164035031645-prodotti16-1.jpg\" data-caption=\"14164035031645-prodotti16-1\" data-description=\"\"><\/a><div class=\"vls-gf-img\"><img src=\"https:\/\/luxtehnika.ee\/wp-content\/gf-uploads\/2020\/09\/preview-m\/14164035031645-prodotti16-1-0.jpg?t=1601311764\" title=\"14164035031645-prodotti16-1\"\/><\/div><div class=\"vls-gf-overlay\"><\/div><\/figure><figure class=\"vls-gf-714 vls-gf-init\" data-vls-gf-thumbnail-width=\"800\" data-vls-gf-thumbnail-height=\"237\"><a class=\"vls-gf-main\" href=\"https:\/\/luxtehnika.ee\/wp-content\/gf-uploads\/2020\/09\/135825666942188-cri-prodotti08.jpg\" data-caption=\"135825666942188-cri-prodotti08\" data-description=\"\"><\/a><div class=\"vls-gf-img\"><img src=\"https:\/\/luxtehnika.ee\/wp-content\/gf-uploads\/2020\/09\/preview-m\/135825666942188-cri-prodotti08-0.jpg?t=1601311765\" title=\"135825666942188-cri-prodotti08\"\/><\/div><div class=\"vls-gf-overlay\"><\/div><\/figure><figure class=\"vls-gf-715 vls-gf-init\" data-vls-gf-thumbnail-width=\"800\" data-vls-gf-thumbnail-height=\"237\"><a class=\"vls-gf-main\" href=\"https:\/\/luxtehnika.ee\/wp-content\/gf-uploads\/2020\/09\/135825670354688-cri-prodotti10.jpg\" data-caption=\"135825670354688-cri-prodotti10\" data-description=\"\"><\/a><div class=\"vls-gf-img\"><img src=\"https:\/\/luxtehnika.ee\/wp-content\/gf-uploads\/2020\/09\/preview-m\/135825670354688-cri-prodotti10-0.jpg?t=1601311767\" title=\"135825670354688-cri-prodotti10\"\/><\/div><div class=\"vls-gf-overlay\"><\/div><\/figure><figure class=\"vls-gf-716 vls-gf-init\" data-vls-gf-thumbnail-width=\"800\" data-vls-gf-thumbnail-height=\"237\"><a class=\"vls-gf-main\" href=\"https:\/\/luxtehnika.ee\/wp-content\/gf-uploads\/2020\/09\/135825671592188-cri-prodotti12.jpg\" data-caption=\"135825671592188-cri-prodotti12\" data-description=\"\"><\/a><div class=\"vls-gf-img\"><img src=\"https:\/\/luxtehnika.ee\/wp-content\/gf-uploads\/2020\/09\/preview-m\/135825671592188-cri-prodotti12-0.jpg?t=1601311768\" title=\"135825671592188-cri-prodotti12\"\/><\/div><div class=\"vls-gf-overlay\"><\/div><\/figure><figure class=\"vls-gf-717 vls-gf-init\" data-vls-gf-thumbnail-width=\"500\" data-vls-gf-thumbnail-height=\"375\"><a class=\"vls-gf-main\" href=\"https:\/\/luxtehnika.ee\/wp-content\/gf-uploads\/2020\/09\/141225145745325-qa10g.jpg\" data-caption=\"141225145745325-qa10g\" data-description=\"\"><\/a><div class=\"vls-gf-img\"><img src=\"https:\/\/luxtehnika.ee\/wp-content\/gf-uploads\/2020\/09\/preview-m\/141225145745325-qa10g-0.jpg?t=1601311769\" title=\"141225145745325-qa10g\"\/><\/div><div class=\"vls-gf-overlay\"><\/div><\/figure><figure class=\"vls-gf-718 vls-gf-init\" data-vls-gf-thumbnail-width=\"500\" data-vls-gf-thumbnail-height=\"375\"><a class=\"vls-gf-main\" href=\"https:\/\/luxtehnika.ee\/wp-content\/gf-uploads\/2020\/09\/141225356481262-qd18g.jpg\" data-caption=\"141225356481262-qd18g\" data-description=\"\"><\/a><div class=\"vls-gf-img\"><img src=\"https:\/\/luxtehnika.ee\/wp-content\/gf-uploads\/2020\/09\/preview-m\/141225356481262-qd18g-0.jpg?t=1601311769\" title=\"141225356481262-qd18g\"\/><\/div><div class=\"vls-gf-overlay\"><\/div><\/figure><figure class=\"vls-gf-719 vls-gf-init\" data-vls-gf-thumbnail-width=\"500\" data-vls-gf-thumbnail-height=\"375\"><a class=\"vls-gf-main\" href=\"https:\/\/luxtehnika.ee\/wp-content\/gf-uploads\/2020\/09\/141622235460883-am13g.jpg\" data-caption=\"141622235460883-am13g\" data-description=\"\"><\/a><div class=\"vls-gf-img\"><img src=\"https:\/\/luxtehnika.ee\/wp-content\/gf-uploads\/2020\/09\/preview-m\/141622235460883-am13g-0.jpg?t=1601311770\" title=\"141622235460883-am13g\"\/><\/div><div class=\"vls-gf-overlay\"><\/div><\/figure><figure class=\"vls-gf-720 vls-gf-init\" data-vls-gf-thumbnail-width=\"500\" data-vls-gf-thumbnail-height=\"375\"><a class=\"vls-gf-main\" href=\"https:\/\/luxtehnika.ee\/wp-content\/gf-uploads\/2020\/09\/141622287401308-zp13g.jpg\" data-caption=\"141622287401308-zp13g\" data-description=\"\"><\/a><div class=\"vls-gf-img\"><img src=\"https:\/\/luxtehnika.ee\/wp-content\/gf-uploads\/2020\/09\/preview-m\/141622287401308-zp13g-0.jpg?t=1601311771\" title=\"141622287401308-zp13g\"\/><\/div><div class=\"vls-gf-overlay\"><\/div><\/figure><figure class=\"vls-gf-721 vls-gf-init\" data-vls-gf-thumbnail-width=\"800\" data-vls-gf-thumbnail-height=\"237\"><a class=\"vls-gf-main\" href=\"https:\/\/luxtehnika.ee\/wp-content\/gf-uploads\/2020\/09\/141640359111763-prodotti15.jpg\" data-caption=\"141640359111763-prodotti15\" data-description=\"\"><\/a><div class=\"vls-gf-img\"><img src=\"https:\/\/luxtehnika.ee\/wp-content\/gf-uploads\/2020\/09\/preview-m\/141640359111763-prodotti15-0.jpg?t=1601311772\" title=\"141640359111763-prodotti15\"\/><\/div><div class=\"vls-gf-overlay\"><\/div><\/figure><figure class=\"vls-gf-722 vls-gf-init\" data-vls-gf-thumbnail-width=\"800\" data-vls-gf-thumbnail-height=\"237\"><a class=\"vls-gf-main\" href=\"https:\/\/luxtehnika.ee\/wp-content\/gf-uploads\/2020\/09\/141640393913325-prodotti14.jpg\" data-caption=\"141640393913325-prodotti14\" data-description=\"\"><\/a><div class=\"vls-gf-img\"><img src=\"https:\/\/luxtehnika.ee\/wp-content\/gf-uploads\/2020\/09\/preview-m\/141640393913325-prodotti14-0.jpg?t=1601311773\" title=\"141640393913325-prodotti14\"\/><\/div><div class=\"vls-gf-overlay\"><\/div><\/figure><figure class=\"vls-gf-723 vls-gf-init\" data-vls-gf-thumbnail-width=\"500\" data-vls-gf-thumbnail-height=\"375\"><a class=\"vls-gf-main\" href=\"https:\/\/luxtehnika.ee\/wp-content\/gf-uploads\/2020\/09\/142296015671363-w10g.jpg\" data-caption=\"142296015671363-w10g\" data-description=\"\"><\/a><div class=\"vls-gf-img\"><img src=\"https:\/\/luxtehnika.ee\/wp-content\/gf-uploads\/2020\/09\/preview-m\/142296015671363-w10g-0.jpg?t=1601311774\" title=\"142296015671363-w10g\"\/><\/div><div class=\"vls-gf-overlay\"><\/div><\/figure><figure class=\"vls-gf-724 vls-gf-init\" data-vls-gf-thumbnail-width=\"500\" data-vls-gf-thumbnail-height=\"375\"><a class=\"vls-gf-main\" href=\"https:\/\/luxtehnika.ee\/wp-content\/gf-uploads\/2020\/09\/142315142796363-qr10g.jpg\" data-caption=\"142315142796363-qr10g\" data-description=\"\"><\/a><div class=\"vls-gf-img\"><img src=\"https:\/\/luxtehnika.ee\/wp-content\/gf-uploads\/2020\/09\/preview-m\/142315142796363-qr10g-0.jpg?t=1601311774\" title=\"142315142796363-qr10g\"\/><\/div><div class=\"vls-gf-overlay\"><\/div><\/figure><figure class=\"vls-gf-725 vls-gf-init\" data-vls-gf-thumbnail-width=\"500\" data-vls-gf-thumbnail-height=\"375\"><a class=\"vls-gf-main\" href=\"https:\/\/luxtehnika.ee\/wp-content\/gf-uploads\/2020\/09\/142806358518538-108p12fg.jpg\" data-caption=\"142806358518538-108p12fg\" data-description=\"\"><\/a><div class=\"vls-gf-img\"><img src=\"https:\/\/luxtehnika.ee\/wp-content\/gf-uploads\/2020\/09\/preview-m\/142806358518538-108p12fg-0.jpg?t=1601311775\" title=\"142806358518538-108p12fg\"\/><\/div><div class=\"vls-gf-overlay\"><\/div><\/figure><figure class=\"vls-gf-726 vls-gf-init\" data-vls-gf-thumbnail-width=\"500\" data-vls-gf-thumbnail-height=\"375\"><a class=\"vls-gf-main\" href=\"https:\/\/luxtehnika.ee\/wp-content\/gf-uploads\/2020\/09\/142806529885725-109p12fg.jpg\" data-caption=\"142806529885725-109p12fg\" data-description=\"\"><\/a><div class=\"vls-gf-img\"><img src=\"https:\/\/luxtehnika.ee\/wp-content\/gf-uploads\/2020\/09\/preview-m\/142806529885725-109p12fg-0.jpg?t=1601311776\" title=\"142806529885725-109p12fg\"\/><\/div><div class=\"vls-gf-overlay\"><\/div><\/figure><figure class=\"vls-gf-727 vls-gf-init\" data-vls-gf-thumbnail-width=\"500\" data-vls-gf-thumbnail-height=\"375\"><a class=\"vls-gf-main\" href=\"https:\/\/luxtehnika.ee\/wp-content\/gf-uploads\/2020\/09\/143109513039038-108rdg.jpg\" data-caption=\"143109513039038-108rdg\" data-description=\"\"><\/a><div class=\"vls-gf-img\"><img src=\"https:\/\/luxtehnika.ee\/wp-content\/gf-uploads\/2020\/09\/preview-m\/143109513039038-108rdg-0.jpg?t=1601311777\" title=\"143109513039038-108rdg\"\/><\/div><div class=\"vls-gf-overlay\"><\/div><\/figure><figure class=\"vls-gf-728 vls-gf-init\" data-vls-gf-thumbnail-width=\"500\" data-vls-gf-thumbnail-height=\"375\"><a class=\"vls-gf-main\" href=\"https:\/\/luxtehnika.ee\/wp-content\/gf-uploads\/2020\/09\/de15g.jpg\" data-caption=\"de15g\" data-description=\"\"><\/a><div class=\"vls-gf-img\"><img src=\"https:\/\/luxtehnika.ee\/wp-content\/gf-uploads\/2020\/09\/preview-m\/de15g-0.jpg?t=1601311778\" title=\"de15g\"\/><\/div><div class=\"vls-gf-overlay\"><\/div><\/figure><figure class=\"vls-gf-729 vls-gf-init\" data-vls-gf-thumbnail-width=\"500\" data-vls-gf-thumbnail-height=\"375\"><a class=\"vls-gf-main\" href=\"https:\/\/luxtehnika.ee\/wp-content\/gf-uploads\/2020\/09\/ft13g.jpg\" data-caption=\"ft13g\" data-description=\"\"><\/a><div class=\"vls-gf-img\"><img src=\"https:\/\/luxtehnika.ee\/wp-content\/gf-uploads\/2020\/09\/preview-m\/ft13g-0.jpg?t=1601311779\" title=\"ft13g\"\/><\/div><div class=\"vls-gf-overlay\"><\/div><\/figure><figure class=\"vls-gf-730 vls-gf-init\" data-vls-gf-thumbnail-width=\"500\" data-vls-gf-thumbnail-height=\"375\"><a class=\"vls-gf-main\" href=\"https:\/\/luxtehnika.ee\/wp-content\/gf-uploads\/2020\/09\/rb212g.jpg\" data-caption=\"212\" data-description=\"212\"><\/a><div class=\"vls-gf-img\"><img src=\"https:\/\/luxtehnika.ee\/wp-content\/gf-uploads\/2020\/09\/preview-m\/rb212g-0.jpg?t=1601311781\" alt=\"212\" title=\"212\"\/><\/div><div class=\"vls-gf-overlay\"><\/div><\/figure><figure class=\"vls-gf-731 vls-gf-init\" data-vls-gf-thumbnail-width=\"500\" data-vls-gf-thumbnail-height=\"375\"><a class=\"vls-gf-main\" href=\"https:\/\/luxtehnika.ee\/wp-content\/gf-uploads\/2020\/09\/sq18inoxg.jpg\" data-caption=\"sq18inoxg\" data-description=\"\"><\/a><div class=\"vls-gf-img\"><img src=\"https:\/\/luxtehnika.ee\/wp-content\/gf-uploads\/2020\/09\/preview-m\/sq18inoxg-0.jpg?t=1601311783\" title=\"sq18inoxg\"\/><\/div><div class=\"vls-gf-overlay\"><\/div><\/figure><\/div><\/div><\/div>\n<div class=\"vls-gf-field-pills\"><\/div>\n","protected":false},"excerpt":{"rendered":"<p>REMER \u2013 itaalia firma, mis toodab santehnilisi seadmeid, asutati 1965 aastal Milaanos. REMERi toodang on tarbijate seas v\u00e4ga populaarne t\u00e4nu t\u00f6\u00f6kindlusele ja tagasihoidlikele hindadele. REMER teeb iseseisvalt teaduslikku uurimist\u00f6\u00f6d ja t\u00f6\u00f6tab v\u00e4lja konstruktsioonilisi lahendusi ning kogu toote loomise protsess kuni v\u00e4lisilme kujundamiseni toimub tehases. Segistid on praktilised, varustatud termostaatidega, neil on veehulga regulaatorid ja spetsiaalne pinnakate, mis v\u00e4ldib katlakivi tekkimise. \u00d6koloogiliselt puhtad materjalid, mitmeastmeline testimise s\u00fcsteem ja kvaliteede kontroll tagavad REMER toodete kvaliteedi vastavuse UNI EN ISO 9001:2000 \u0438 UNI EN ISO 14001:2004 n\u00f5uetele.<\/p>\n<p><a href=\"https:\/\/www.remer.eu\" target=\"_blank\" rel=\"noopener noreferrer\">Minge veebisaidile<\/a><\/p>\n<div id=\"gtx-trans\" style=\"position: absolute; left: -1px; top: 198.857px;\">\n<div class=\"gtx-trans-icon\"><\/div>\n<\/div>\n","protected":false},"featured_media":136,"template":"","meta":[],"_links":{"self":[{"href":"https:\/\/luxtehnika.ee\/et\/wp-json\/wp\/v2\/product\/134"}],"collection":[{"href":"https:\/\/luxtehnika.ee\/et\/wp-json\/wp\/v2\/product"}],"about":[{"href":"https:\/\/luxtehnika.ee\/et\/wp-json\/wp\/v2\/types\/product"}],"wp:featuredmedia":[{"embeddable":true,"href":"https:\/\/luxtehnika.ee\/et\/wp-json\/wp\/v2\/media\/136"}],"wp:attachment":[{"href":"https:\/\/luxtehnika.ee\/et\/wp-json\/wp\/v2\/media?parent=134"}],"curies":[{"name":"wp","href":"https:\/\/api.w.org\/{rel}","templated":true}]}}