{"id":119,"date":"2020-09-30T13:00:58","date_gmt":"2020-09-30T11:00:58","guid":{"rendered":"https:\/\/luxtehnika.ee\/en\/?post_type=product&#038;p=119"},"modified":"2020-10-23T10:56:14","modified_gmt":"2020-10-23T08:56:14","slug":"daniel","status":"publish","type":"product","link":"https:\/\/luxtehnika.ee\/et\/brand\/daniel\/","title":{"rendered":"Daniel"},"content":{"rendered":"<div class=\"vls-gf-field-ro\"><div class=\"vls-gf-gallery vls-gf-200 vls-gf-style-light vls-gf-style-none\" data-vls-gf-layout='{\"layout_type\":\"masonry-v\",\"column_count\":4,\"column_count_xs\":1,\"aspect_ratio\":1,\"horizontal_spacing\":4,\"vertical_spacing\":4,\"align_bottom\":false,\"pagination_type\":\"none\",\"page_size\":0}' data-vls-gf-settings='{\"pagination_type\":\"none\"}'><style type=\"text\/css\">.vls-gf-200 figure a.vls-gf-main{display:block;position:absolute;top:0;bottom:0;left:0;right:0;opacity:0;z-index:90;}.vls-gf-200 figure .vls-gf-overlay{position:absolute;background-color:rgba(255, 255, 255, 0.3);left:0;right:0;top:0;bottom:0;opacity:0;z-index:10;transition:opacity 600ms ease;}.vls-gf-200 figure:hover .vls-gf-overlay{opacity:1;}<\/style><div class=\"vls-gf-container\"><figure class=\"vls-gf-201 vls-gf-init\" data-vls-gf-thumbnail-width=\"540\" data-vls-gf-thumbnail-height=\"350\"><a class=\"vls-gf-main\" href=\"https:\/\/luxtehnika.ee\/wp-content\/gf-uploads\/2020\/09\/276x155_standspeicher_warmwasser1.jpg\" data-caption=\"276x155_standspeicher_warmwasser1\" data-description=\"\"><\/a><div class=\"vls-gf-img\"><img src=\"https:\/\/luxtehnika.ee\/wp-content\/gf-uploads\/2020\/09\/preview-m\/276x155_standspeicher_warmwasser1-0.jpg?t=1601305467\" title=\"276x155_standspeicher_warmwasser1\"\/><\/div><div class=\"vls-gf-overlay\"><\/div><\/figure><figure class=\"vls-gf-202 vls-gf-init\" data-vls-gf-thumbnail-width=\"294\" data-vls-gf-thumbnail-height=\"160\"><a class=\"vls-gf-main\" href=\"https:\/\/luxtehnika.ee\/wp-content\/gf-uploads\/2020\/09\/13687758326875-01.jpg\" data-caption=\"13687758326875-01\" data-description=\"\"><\/a><div class=\"vls-gf-img\"><img src=\"https:\/\/luxtehnika.ee\/wp-content\/gf-uploads\/2020\/09\/preview-m\/13687758326875-01-0.jpg?t=1601305468\" title=\"13687758326875-01\"\/><\/div><div class=\"vls-gf-overlay\"><\/div><\/figure><figure class=\"vls-gf-203 vls-gf-init\" data-vls-gf-thumbnail-width=\"540\" data-vls-gf-thumbnail-height=\"350\"><a class=\"vls-gf-main\" href=\"https:\/\/luxtehnika.ee\/wp-content\/gf-uploads\/2020\/09\/135039533220587-amb_speed03.jpg\" data-caption=\"135039533220587-amb_speed03\" data-description=\"\"><\/a><div class=\"vls-gf-img\"><img src=\"https:\/\/luxtehnika.ee\/wp-content\/gf-uploads\/2020\/09\/preview-m\/135039533220587-amb_speed03-0.jpg?t=1601305469\" title=\"135039533220587-amb_speed03\"\/><\/div><div class=\"vls-gf-overlay\"><\/div><\/figure><figure class=\"vls-gf-204 vls-gf-init\" data-vls-gf-thumbnail-width=\"540\" data-vls-gf-thumbnail-height=\"350\"><a class=\"vls-gf-main\" href=\"https:\/\/luxtehnika.ee\/wp-content\/gf-uploads\/2020\/09\/135400307280625-amb_oasis03.jpg\" data-caption=\"135400307280625-amb_oasis03\" data-description=\"\"><\/a><div class=\"vls-gf-img\"><img src=\"https:\/\/luxtehnika.ee\/wp-content\/gf-uploads\/2020\/09\/preview-m\/135400307280625-amb_oasis03-0.jpg?t=1601305470\" title=\"135400307280625-amb_oasis03\"\/><\/div><div class=\"vls-gf-overlay\"><\/div><\/figure><figure class=\"vls-gf-205 vls-gf-init\" data-vls-gf-thumbnail-width=\"540\" data-vls-gf-thumbnail-height=\"350\"><a class=\"vls-gf-main\" href=\"https:\/\/luxtehnika.ee\/wp-content\/gf-uploads\/2020\/09\/135515088132813-amb_thermo02.jpg\" data-caption=\"135515088132813-amb_thermo02\" data-description=\"\"><\/a><div class=\"vls-gf-img\"><img src=\"https:\/\/luxtehnika.ee\/wp-content\/gf-uploads\/2020\/09\/preview-m\/135515088132813-amb_thermo02-0.jpg?t=1601305471\" title=\"135515088132813-amb_thermo02\"\/><\/div><div class=\"vls-gf-overlay\"><\/div><\/figure><figure class=\"vls-gf-206 vls-gf-init\" data-vls-gf-thumbnail-width=\"540\" data-vls-gf-thumbnail-height=\"350\"><a class=\"vls-gf-main\" href=\"https:\/\/luxtehnika.ee\/wp-content\/gf-uploads\/2020\/09\/135515615314063-amb_sensor03.jpg\" data-caption=\"135515615314063-amb_sensor03\" data-description=\"\"><\/a><div class=\"vls-gf-img\"><img src=\"https:\/\/luxtehnika.ee\/wp-content\/gf-uploads\/2020\/09\/preview-m\/135515615314063-amb_sensor03-0.jpg?t=1601305472\" title=\"135515615314063-amb_sensor03\"\/><\/div><div class=\"vls-gf-overlay\"><\/div><\/figure><figure class=\"vls-gf-207 vls-gf-init\" data-vls-gf-thumbnail-width=\"540\" data-vls-gf-thumbnail-height=\"350\"><a class=\"vls-gf-main\" href=\"https:\/\/luxtehnika.ee\/wp-content\/gf-uploads\/2020\/09\/135521848167188-amb_complementi_dek02.jpg\" data-caption=\"135521848167188-amb_complementi_dek02\" data-description=\"\"><\/a><div class=\"vls-gf-img\"><img src=\"https:\/\/luxtehnika.ee\/wp-content\/gf-uploads\/2020\/09\/preview-m\/135521848167188-amb_complementi_dek02-0.jpg?t=1601305473\" title=\"135521848167188-amb_complementi_dek02\"\/><\/div><div class=\"vls-gf-overlay\"><\/div><\/figure><figure class=\"vls-gf-208 vls-gf-init\" data-vls-gf-thumbnail-width=\"540\" data-vls-gf-thumbnail-height=\"350\"><a class=\"vls-gf-main\" href=\"https:\/\/luxtehnika.ee\/wp-content\/gf-uploads\/2020\/09\/135522516046875-amb_leva01.jpg\" data-caption=\"135522516046875-amb_leva01\" data-description=\"\"><\/a><div class=\"vls-gf-img\"><img src=\"https:\/\/luxtehnika.ee\/wp-content\/gf-uploads\/2020\/09\/preview-m\/135522516046875-amb_leva01-0.jpg?t=1601305474\" title=\"135522516046875-amb_leva01\"\/><\/div><div class=\"vls-gf-overlay\"><\/div><\/figure><figure class=\"vls-gf-209 vls-gf-init\" data-vls-gf-thumbnail-width=\"640\" data-vls-gf-thumbnail-height=\"540\"><a class=\"vls-gf-main\" href=\"https:\/\/luxtehnika.ee\/wp-content\/gf-uploads\/2020\/09\/135547375451563-revival-v4101.jpg\" data-caption=\"135547375451563-revival-v4101\" data-description=\"\"><\/a><div class=\"vls-gf-img\"><img src=\"https:\/\/luxtehnika.ee\/wp-content\/gf-uploads\/2020\/09\/preview-m\/135547375451563-revival-v4101-0.jpg?t=1601305475\" title=\"135547375451563-revival-v4101\"\/><\/div><div class=\"vls-gf-overlay\"><\/div><\/figure><figure class=\"vls-gf-210 vls-gf-init\" data-vls-gf-thumbnail-width=\"640\" data-vls-gf-thumbnail-height=\"540\"><a class=\"vls-gf-main\" href=\"https:\/\/luxtehnika.ee\/wp-content\/gf-uploads\/2020\/09\/135584106668212-revival-repb940yc92.jpg\" data-caption=\"135584106668212-revival-repb940yc92\" data-description=\"\"><\/a><div class=\"vls-gf-img\"><img src=\"https:\/\/luxtehnika.ee\/wp-content\/gf-uploads\/2020\/09\/preview-m\/135584106668212-revival-repb940yc92-0.jpg?t=1601305476\" title=\"135584106668212-revival-repb940yc92\"\/><\/div><div class=\"vls-gf-overlay\"><\/div><\/figure><figure class=\"vls-gf-211 vls-gf-init\" data-vls-gf-thumbnail-width=\"540\" data-vls-gf-thumbnail-height=\"350\"><a class=\"vls-gf-main\" href=\"https:\/\/luxtehnika.ee\/wp-content\/gf-uploads\/2020\/09\/137111893935812-amb_oxy_thermo01.jpg\" data-caption=\"137111893935812-amb_oxy_thermo01\" data-description=\"\"><\/a><div class=\"vls-gf-img\"><img src=\"https:\/\/luxtehnika.ee\/wp-content\/gf-uploads\/2020\/09\/preview-m\/137111893935812-amb_oxy_thermo01-0.jpg?t=1601305477\" title=\"137111893935812-amb_oxy_thermo01\"\/><\/div><div class=\"vls-gf-overlay\"><\/div><\/figure><figure class=\"vls-gf-212 vls-gf-init\" data-vls-gf-thumbnail-width=\"640\" data-vls-gf-thumbnail-height=\"540\"><a class=\"vls-gf-main\" href=\"https:\/\/luxtehnika.ee\/wp-content\/gf-uploads\/2020\/09\/138089321095512-cube-waterfall-cw607b.jpg\" data-caption=\"138089321095512-cube-waterfall-cw607b\" data-description=\"\"><\/a><div class=\"vls-gf-img\"><img src=\"https:\/\/luxtehnika.ee\/wp-content\/gf-uploads\/2020\/09\/preview-m\/138089321095512-cube-waterfall-cw607b-0.jpg?t=1601305478\" title=\"138089321095512-cube-waterfall-cw607b\"\/><\/div><div class=\"vls-gf-overlay\"><\/div><\/figure><figure class=\"vls-gf-213 vls-gf-init\" data-vls-gf-thumbnail-width=\"540\" data-vls-gf-thumbnail-height=\"350\"><a class=\"vls-gf-main\" href=\"https:\/\/luxtehnika.ee\/wp-content\/gf-uploads\/2020\/09\/138121883120875-amb_oxy_light01.jpg\" data-caption=\"138121883120875-amb_oxy_light01\" data-description=\"\"><\/a><div class=\"vls-gf-img\"><img src=\"https:\/\/luxtehnika.ee\/wp-content\/gf-uploads\/2020\/09\/preview-m\/138121883120875-amb_oxy_light01-0.jpg?t=1601305479\" title=\"138121883120875-amb_oxy_light01\"\/><\/div><div class=\"vls-gf-overlay\"><\/div><\/figure><figure class=\"vls-gf-214 vls-gf-init\" data-vls-gf-thumbnail-width=\"540\" data-vls-gf-thumbnail-height=\"350\"><a class=\"vls-gf-main\" href=\"https:\/\/luxtehnika.ee\/wp-content\/gf-uploads\/2020\/09\/138961814261687-amb_life03.jpg\" data-caption=\"138961814261687-amb_life03\" data-description=\"\"><\/a><div class=\"vls-gf-img\"><img src=\"https:\/\/luxtehnika.ee\/wp-content\/gf-uploads\/2020\/09\/preview-m\/138961814261687-amb_life03-0.jpg?t=1601305479\" title=\"138961814261687-amb_life03\"\/><\/div><div class=\"vls-gf-overlay\"><\/div><\/figure><figure class=\"vls-gf-215 vls-gf-init\" data-vls-gf-thumbnail-width=\"450\" data-vls-gf-thumbnail-height=\"300\"><a class=\"vls-gf-main\" href=\"https:\/\/luxtehnika.ee\/wp-content\/gf-uploads\/2020\/09\/daniel-sense-diva-02.jpg\" data-caption=\"daniel-sense-diva-02\" data-description=\"\"><\/a><div class=\"vls-gf-img\"><img src=\"https:\/\/luxtehnika.ee\/wp-content\/gf-uploads\/2020\/09\/preview-m\/daniel-sense-diva-02-0.jpg?t=1601305481\" title=\"daniel-sense-diva-02\"\/><\/div><div class=\"vls-gf-overlay\"><\/div><\/figure><\/div><\/div><\/div>\n<div class=\"vls-gf-field-pills\"><\/div>\n","protected":false},"excerpt":{"rendered":"<p>DANIEL \u2013 see 1985 aastal asutatud itaalia tehas toodab vannitubade sisseseadet.\u00a0 Konstruktorite, disainerite ja tootmisspetsialistide\u00a0 tihedad t\u00f6ised sidemed v\u00f5imaldavad ettev\u00f5ttel tuua turule hulgaliselt tehniliselt innovatiivseid ja originaalse disainiga tooteid. DANIELi segisteid toodetakse survevalu meetodil messingist ja neile on omistatud EL kvaliteedisertifikaadid ISO ja T\u00dcV. Firmas v\u00e4ljat\u00f6\u00f6tatud mitmekihilised kroomil ja niklil p\u00f5hinevad pinnakatted kaitsevad tooteid hapete ja aluste toime, mehaaniliste vigastuste ja katlakivi tekkimise eest. Vormilt\u00a0 rangest klassikast kuni paljudes v\u00e4rvitoonides esteeliselt graatsilise kujundusega tooted on interj\u00f6\u00f6rile alati v\u00e4\u00e4rikaks t\u00e4ienduseks.<\/p>\n<p><a href=\"https:\/\/www.daniel.it\/en\/\" target=\"_blank\" rel=\"noopener noreferrer\">Minge veebisaidile<\/a><\/p>\n<div id=\"gtx-trans\" style=\"position: absolute; left: -4px; top: 174.857px;\">\n<div class=\"gtx-trans-icon\"><\/div>\n<\/div>\n","protected":false},"featured_media":120,"template":"","meta":[],"_links":{"self":[{"href":"https:\/\/luxtehnika.ee\/et\/wp-json\/wp\/v2\/product\/119"}],"collection":[{"href":"https:\/\/luxtehnika.ee\/et\/wp-json\/wp\/v2\/product"}],"about":[{"href":"https:\/\/luxtehnika.ee\/et\/wp-json\/wp\/v2\/types\/product"}],"wp:featuredmedia":[{"embeddable":true,"href":"https:\/\/luxtehnika.ee\/et\/wp-json\/wp\/v2\/media\/120"}],"wp:attachment":[{"href":"https:\/\/luxtehnika.ee\/et\/wp-json\/wp\/v2\/media?parent=119"}],"curies":[{"name":"wp","href":"https:\/\/api.w.org\/{rel}","templated":true}]}}