{"id":117,"date":"2020-09-30T12:59:39","date_gmt":"2020-09-30T10:59:39","guid":{"rendered":"https:\/\/luxtehnika.ee\/en\/?post_type=product&#038;p=117"},"modified":"2020-10-05T09:47:52","modified_gmt":"2020-10-05T07:47:52","slug":"art-platino","status":"publish","type":"product","link":"https:\/\/luxtehnika.ee\/et\/brand\/art-platino\/","title":{"rendered":"Art Platino"},"content":{"rendered":"<div class=\"vls-gf-field-ro\"><div class=\"vls-gf-gallery vls-gf-42 vls-gf-style-light vls-gf-style-none\" data-vls-gf-layout='{\"layout_type\":\"masonry-v\",\"column_count\":4,\"column_count_xs\":1,\"aspect_ratio\":1,\"horizontal_spacing\":4,\"vertical_spacing\":4,\"align_bottom\":false,\"pagination_type\":\"none\",\"page_size\":0}' data-vls-gf-settings='{\"pagination_type\":\"none\"}'><style type=\"text\/css\">.vls-gf-42 figure a.vls-gf-main{display:block;position:absolute;top:0;bottom:0;left:0;right:0;opacity:0;z-index:90;}.vls-gf-42 figure .vls-gf-overlay{position:absolute;background-color:rgba(255, 255, 255, 0.3);left:0;right:0;top:0;bottom:0;opacity:0;z-index:10;transition:opacity 600ms ease;}.vls-gf-42 figure:hover .vls-gf-overlay{opacity:1;}<\/style><div class=\"vls-gf-container\"><figure class=\"vls-gf-43 vls-gf-init\" data-vls-gf-thumbnail-width=\"750\" data-vls-gf-thumbnail-height=\"500\"><a class=\"vls-gf-main\" href=\"https:\/\/luxtehnika.ee\/wp-content\/gf-uploads\/2020\/09\/3d76e642b0471e98d00cb1bf756e0e75.jpg\" data-caption=\"3d76e642b0471e98d00cb1bf756e0e75\" data-description=\"\"><\/a><div class=\"vls-gf-img\"><img src=\"https:\/\/luxtehnika.ee\/wp-content\/gf-uploads\/2020\/09\/preview-m\/3d76e642b0471e98d00cb1bf756e0e75-0.jpg?t=1601304853\" title=\"3d76e642b0471e98d00cb1bf756e0e75\"\/><\/div><div class=\"vls-gf-overlay\"><\/div><\/figure><figure class=\"vls-gf-44 vls-gf-init\" data-vls-gf-thumbnail-width=\"291\" data-vls-gf-thumbnail-height=\"437\"><a class=\"vls-gf-main\" href=\"https:\/\/luxtehnika.ee\/wp-content\/gf-uploads\/2020\/09\/4d0d68cc15de0d15f2a63093a1f4253d.jpg\" data-caption=\"4d0d68cc15de0d15f2a63093a1f4253d\" data-description=\"\"><\/a><div class=\"vls-gf-img\"><img src=\"https:\/\/luxtehnika.ee\/wp-content\/gf-uploads\/2020\/09\/preview-m\/4d0d68cc15de0d15f2a63093a1f4253d-0.jpg?t=1601304854\" title=\"4d0d68cc15de0d15f2a63093a1f4253d\"\/><\/div><div class=\"vls-gf-overlay\"><\/div><\/figure><figure class=\"vls-gf-45 vls-gf-init\" data-vls-gf-thumbnail-width=\"750\" data-vls-gf-thumbnail-height=\"500\"><a class=\"vls-gf-main\" href=\"https:\/\/luxtehnika.ee\/wp-content\/gf-uploads\/2020\/09\/53eec9e5f88426b4425a24cacd0493991.jpg\" data-caption=\"53eec9e5f88426b4425a24cacd0493991\" data-description=\"\"><\/a><div class=\"vls-gf-img\"><img src=\"https:\/\/luxtehnika.ee\/wp-content\/gf-uploads\/2020\/09\/preview-m\/53eec9e5f88426b4425a24cacd0493991-0.jpg?t=1601304856\" title=\"53eec9e5f88426b4425a24cacd0493991\"\/><\/div><div class=\"vls-gf-overlay\"><\/div><\/figure><figure class=\"vls-gf-46 vls-gf-init\" data-vls-gf-thumbnail-width=\"375\" data-vls-gf-thumbnail-height=\"562\"><a class=\"vls-gf-main\" href=\"https:\/\/luxtehnika.ee\/wp-content\/gf-uploads\/2020\/09\/89c108ddd49bf9640634e8d5f438b58c.jpg\" data-caption=\"89c108ddd49bf9640634e8d5f438b58c\" data-description=\"\"><\/a><div class=\"vls-gf-img\"><img src=\"https:\/\/luxtehnika.ee\/wp-content\/gf-uploads\/2020\/09\/preview-m\/89c108ddd49bf9640634e8d5f438b58c-0.jpg?t=1601304858\" title=\"89c108ddd49bf9640634e8d5f438b58c\"\/><\/div><div class=\"vls-gf-overlay\"><\/div><\/figure><figure class=\"vls-gf-47 vls-gf-init\" data-vls-gf-thumbnail-width=\"170\" data-vls-gf-thumbnail-height=\"154\"><a class=\"vls-gf-main\" href=\"https:\/\/luxtehnika.ee\/wp-content\/gf-uploads\/2020\/09\/612.jpg\" data-caption=\"612\" data-description=\"\"><\/a><div class=\"vls-gf-img\"><img src=\"https:\/\/luxtehnika.ee\/wp-content\/gf-uploads\/2020\/09\/preview-m\/612-0.jpg?t=1601304859\" title=\"612\"\/><\/div><div class=\"vls-gf-overlay\"><\/div><\/figure><figure class=\"vls-gf-48 vls-gf-init\" data-vls-gf-thumbnail-width=\"750\" data-vls-gf-thumbnail-height=\"562\"><a class=\"vls-gf-main\" href=\"https:\/\/luxtehnika.ee\/wp-content\/gf-uploads\/2020\/09\/916f3c7735a519386145a898d5398bd5.jpg\" data-caption=\"916f3c7735a519386145a898d5398bd5\" data-description=\"\"><\/a><div class=\"vls-gf-img\"><img src=\"https:\/\/luxtehnika.ee\/wp-content\/gf-uploads\/2020\/09\/preview-m\/916f3c7735a519386145a898d5398bd5-0.jpg?t=1601304861\" title=\"916f3c7735a519386145a898d5398bd5\"\/><\/div><div class=\"vls-gf-overlay\"><\/div><\/figure><figure class=\"vls-gf-49 vls-gf-init\" data-vls-gf-thumbnail-width=\"422\" data-vls-gf-thumbnail-height=\"562\"><a class=\"vls-gf-main\" href=\"https:\/\/luxtehnika.ee\/wp-content\/gf-uploads\/2020\/09\/54012235ad0373ae2a19280c11d53cf6.jpg\" data-caption=\"54012235ad0373ae2a19280c11d53cf6\" data-description=\"\"><\/a><div class=\"vls-gf-img\"><img src=\"https:\/\/luxtehnika.ee\/wp-content\/gf-uploads\/2020\/09\/preview-m\/54012235ad0373ae2a19280c11d53cf6-0.jpg?t=1601304863\" title=\"54012235ad0373ae2a19280c11d53cf6\"\/><\/div><div class=\"vls-gf-overlay\"><\/div><\/figure><figure class=\"vls-gf-50 vls-gf-init\" data-vls-gf-thumbnail-width=\"422\" data-vls-gf-thumbnail-height=\"562\"><a class=\"vls-gf-main\" href=\"https:\/\/luxtehnika.ee\/wp-content\/gf-uploads\/2020\/09\/b6f4b3119eea0c4cc9880035cfed2c17.jpg\" data-caption=\"b6f4b3119eea0c4cc9880035cfed2c17\" data-description=\"\"><\/a><div class=\"vls-gf-img\"><img src=\"https:\/\/luxtehnika.ee\/wp-content\/gf-uploads\/2020\/09\/preview-m\/b6f4b3119eea0c4cc9880035cfed2c17-0.jpg?t=1601304864\" title=\"b6f4b3119eea0c4cc9880035cfed2c17\"\/><\/div><div class=\"vls-gf-overlay\"><\/div><\/figure><figure class=\"vls-gf-51 vls-gf-init\" data-vls-gf-thumbnail-width=\"422\" data-vls-gf-thumbnail-height=\"562\"><a class=\"vls-gf-main\" href=\"https:\/\/luxtehnika.ee\/wp-content\/gf-uploads\/2020\/09\/ba4987ae36e43cdc46360e6b008fb61d.jpg\" data-caption=\"ba4987ae36e43cdc46360e6b008fb61d\" data-description=\"\"><\/a><div class=\"vls-gf-img\"><img src=\"https:\/\/luxtehnika.ee\/wp-content\/gf-uploads\/2020\/09\/preview-m\/ba4987ae36e43cdc46360e6b008fb61d-0.jpg?t=1601304866\" title=\"ba4987ae36e43cdc46360e6b008fb61d\"\/><\/div><div class=\"vls-gf-overlay\"><\/div><\/figure><figure class=\"vls-gf-52 vls-gf-init\" data-vls-gf-thumbnail-width=\"750\" data-vls-gf-thumbnail-height=\"555\"><a class=\"vls-gf-main\" href=\"https:\/\/luxtehnika.ee\/wp-content\/gf-uploads\/2020\/09\/c6df39577e844add0f398f2240cbd52c.jpg\" data-caption=\"c6df39577e844add0f398f2240cbd52c\" data-description=\"\"><\/a><div class=\"vls-gf-img\"><img src=\"https:\/\/luxtehnika.ee\/wp-content\/gf-uploads\/2020\/09\/preview-m\/c6df39577e844add0f398f2240cbd52c-0.jpg?t=1601304869\" title=\"c6df39577e844add0f398f2240cbd52c\"\/><\/div><div class=\"vls-gf-overlay\"><\/div><\/figure><\/div><\/div><\/div>\n<div class=\"vls-gf-field-pills\"><\/div>\n","protected":false},"excerpt":{"rendered":"<p>BLUE WATER ja ART PLATINO\u00a0 &#8211; 1989 aastal algas k\u00f5ik sellest, et v\u00e4ikeses tehases hakati tootma k\u00f6\u00f6gi ja vannitoa segisteid. T\u00e4naseks on see kasvanud suureks holding ettev\u00f5tteks (BLUE WATER \u0438 ART PLATINO), mis valmistab umbes 100 erinevat segistit k\u00f6\u00f6kidele ja 200 mudelit vannitubade jaoks.\u00a0 Erilist t\u00e4helepanu v\u00e4\u00e4rib k\u00f6\u00f6gisegisti 2:1, kus \u00fche kraani erinevates kanalites jooksevad filtreeritud ja filtreerimata vesi ilma et need seguneksid. See v\u00f5imaldab ruumi s\u00e4\u00e4sta ja muudab hooldamise lihtsamaks. Segistid valatakse messingist, roostevabast terasest ja keraamikast, m\u00e4\u00e4rdena kasutatakse spetsiaalset silikoonm\u00e4\u00e4ret \u2013 see s\u00fcmbioos tagab vastupidavuse\u00a0 mehaanilisele koormustele, h\u00f5\u00f5rdumisele, kemikaalidele ja korrosioonile. Elegantne disain, praktilisus, stabiilsus pikaajalisel ekspluateerimisel ja ahvatlev hind teevad BLUE WATERi segistid n\u00f5utavateks pea k\u00f5ikjal maailmas. BLUE WATERil on hulk auhindu, mis on saadud n\u00e4itustelt ja laatadelt innovatiivse lahenduse ja unikaalse disaini eest.<\/p>\n<p><a href=\"http:\/\/blue-water.lv\/RU\" target=\"_blank\" rel=\"noopener noreferrer\">Minge veebisaidile<\/a><\/p>\n","protected":false},"featured_media":118,"template":"","meta":[],"_links":{"self":[{"href":"https:\/\/luxtehnika.ee\/et\/wp-json\/wp\/v2\/product\/117"}],"collection":[{"href":"https:\/\/luxtehnika.ee\/et\/wp-json\/wp\/v2\/product"}],"about":[{"href":"https:\/\/luxtehnika.ee\/et\/wp-json\/wp\/v2\/types\/product"}],"wp:featuredmedia":[{"embeddable":true,"href":"https:\/\/luxtehnika.ee\/et\/wp-json\/wp\/v2\/media\/118"}],"wp:attachment":[{"href":"https:\/\/luxtehnika.ee\/et\/wp-json\/wp\/v2\/media?parent=117"}],"curies":[{"name":"wp","href":"https:\/\/api.w.org\/{rel}","templated":true}]}}