{"id":115,"date":"2020-09-30T12:58:11","date_gmt":"2020-09-30T10:58:11","guid":{"rendered":"https:\/\/luxtehnika.ee\/en\/?post_type=product&#038;p=115"},"modified":"2020-10-23T10:56:14","modified_gmt":"2020-10-23T08:56:14","slug":"bluewater","status":"publish","type":"product","link":"https:\/\/luxtehnika.ee\/et\/brand\/bluewater\/","title":{"rendered":"Bluewater"},"content":{"rendered":"<div class=\"vls-gf-field-ro\"><div class=\"vls-gf-gallery vls-gf-120 vls-gf-style-light vls-gf-style-none\" data-vls-gf-layout='{\"layout_type\":\"masonry-v\",\"column_count\":4,\"column_count_xs\":1,\"aspect_ratio\":1,\"horizontal_spacing\":4,\"vertical_spacing\":4,\"align_bottom\":false,\"pagination_type\":\"none\",\"page_size\":0}' data-vls-gf-settings='{\"pagination_type\":\"none\"}'><style type=\"text\/css\">.vls-gf-120 figure a.vls-gf-main{display:block;position:absolute;top:0;bottom:0;left:0;right:0;opacity:0;z-index:90;}.vls-gf-120 figure .vls-gf-overlay{position:absolute;background-color:rgba(255, 255, 255, 0.3);left:0;right:0;top:0;bottom:0;opacity:0;z-index:10;transition:opacity 600ms ease;}.vls-gf-120 figure:hover .vls-gf-overlay{opacity:1;}<\/style><div class=\"vls-gf-container\"><figure class=\"vls-gf-121 vls-gf-init\" data-vls-gf-thumbnail-width=\"336\" data-vls-gf-thumbnail-height=\"455\"><a class=\"vls-gf-main\" href=\"https:\/\/luxtehnika.ee\/wp-content\/gf-uploads\/2020\/09\/2f9953dc7bd2e2757d89be72b6a096da.jpg\" data-caption=\"2f9953dc7bd2e2757d89be72b6a096da\" data-description=\"\"><\/a><div class=\"vls-gf-img\"><img src=\"https:\/\/luxtehnika.ee\/wp-content\/gf-uploads\/2020\/09\/preview-m\/2f9953dc7bd2e2757d89be72b6a096da-0.jpg?t=1601305072\" title=\"2f9953dc7bd2e2757d89be72b6a096da\"\/><\/div><div class=\"vls-gf-overlay\"><\/div><\/figure><figure class=\"vls-gf-122 vls-gf-init\" data-vls-gf-thumbnail-width=\"422\" data-vls-gf-thumbnail-height=\"562\"><a class=\"vls-gf-main\" href=\"https:\/\/luxtehnika.ee\/wp-content\/gf-uploads\/2020\/09\/3fc3f5cc00440b99b6e4444f74041bf6.jpg\" data-caption=\"3fc3f5cc00440b99b6e4444f74041bf6\" data-description=\"\"><\/a><div class=\"vls-gf-img\"><img src=\"https:\/\/luxtehnika.ee\/wp-content\/gf-uploads\/2020\/09\/preview-m\/3fc3f5cc00440b99b6e4444f74041bf6-0.jpg?t=1601305074\" title=\"3fc3f5cc00440b99b6e4444f74041bf6\"\/><\/div><div class=\"vls-gf-overlay\"><\/div><\/figure><figure class=\"vls-gf-123 vls-gf-init\" data-vls-gf-thumbnail-width=\"422\" data-vls-gf-thumbnail-height=\"562\"><a class=\"vls-gf-main\" href=\"https:\/\/luxtehnika.ee\/wp-content\/gf-uploads\/2020\/09\/4b89aeac39dde0a52eeb6c7168c724a3.jpg\" data-caption=\"4b89aeac39dde0a52eeb6c7168c724a3\" data-description=\"\"><\/a><div class=\"vls-gf-img\"><img src=\"https:\/\/luxtehnika.ee\/wp-content\/gf-uploads\/2020\/09\/preview-m\/4b89aeac39dde0a52eeb6c7168c724a3-0.jpg?t=1601305075\" title=\"4b89aeac39dde0a52eeb6c7168c724a3\"\/><\/div><div class=\"vls-gf-overlay\"><\/div><\/figure><figure class=\"vls-gf-124 vls-gf-init\" data-vls-gf-thumbnail-width=\"307\" data-vls-gf-thumbnail-height=\"562\"><a class=\"vls-gf-main\" href=\"https:\/\/luxtehnika.ee\/wp-content\/gf-uploads\/2020\/09\/5d4b337b605fe345c6d5ed7224011b69.jpg\" data-caption=\"5d4b337b605fe345c6d5ed7224011b69\" data-description=\"\"><\/a><div class=\"vls-gf-img\"><img src=\"https:\/\/luxtehnika.ee\/wp-content\/gf-uploads\/2020\/09\/preview-m\/5d4b337b605fe345c6d5ed7224011b69-0.jpg?t=1601305077\" title=\"5d4b337b605fe345c6d5ed7224011b69\"\/><\/div><div class=\"vls-gf-overlay\"><\/div><\/figure><figure class=\"vls-gf-125 vls-gf-init\" data-vls-gf-thumbnail-width=\"750\" data-vls-gf-thumbnail-height=\"500\"><a class=\"vls-gf-main\" href=\"https:\/\/luxtehnika.ee\/wp-content\/gf-uploads\/2020\/09\/8cd7b9a37142a90bab94bd2d1c3a69ba.jpg\" data-caption=\"8cd7b9a37142a90bab94bd2d1c3a69ba\" data-description=\"\"><\/a><div class=\"vls-gf-img\"><img src=\"https:\/\/luxtehnika.ee\/wp-content\/gf-uploads\/2020\/09\/preview-m\/8cd7b9a37142a90bab94bd2d1c3a69ba-0.jpg?t=1601305080\" title=\"8cd7b9a37142a90bab94bd2d1c3a69ba\"\/><\/div><div class=\"vls-gf-overlay\"><\/div><\/figure><figure class=\"vls-gf-126 vls-gf-init\" data-vls-gf-thumbnail-width=\"496\" data-vls-gf-thumbnail-height=\"562\"><a class=\"vls-gf-main\" href=\"https:\/\/luxtehnika.ee\/wp-content\/gf-uploads\/2020\/09\/09c787abb4370f47269f5d7502141cad.jpg\" data-caption=\"09c787abb4370f47269f5d7502141cad\" data-description=\"\"><\/a><div class=\"vls-gf-img\"><img src=\"https:\/\/luxtehnika.ee\/wp-content\/gf-uploads\/2020\/09\/preview-m\/09c787abb4370f47269f5d7502141cad-0.jpg?t=1601305082\" title=\"09c787abb4370f47269f5d7502141cad\"\/><\/div><div class=\"vls-gf-overlay\"><\/div><\/figure><figure class=\"vls-gf-127 vls-gf-init\" data-vls-gf-thumbnail-width=\"750\" data-vls-gf-thumbnail-height=\"499\"><a class=\"vls-gf-main\" href=\"https:\/\/luxtehnika.ee\/wp-content\/gf-uploads\/2020\/09\/9a7e3fd894eba8fb033c64d326c0ca72.jpg\" data-caption=\"9a7e3fd894eba8fb033c64d326c0ca72\" data-description=\"\"><\/a><div class=\"vls-gf-img\"><img src=\"https:\/\/luxtehnika.ee\/wp-content\/gf-uploads\/2020\/09\/preview-m\/9a7e3fd894eba8fb033c64d326c0ca72-0.jpg?t=1601305084\" title=\"9a7e3fd894eba8fb033c64d326c0ca72\"\/><\/div><div class=\"vls-gf-overlay\"><\/div><\/figure><figure class=\"vls-gf-128 vls-gf-init\" data-vls-gf-thumbnail-width=\"750\" data-vls-gf-thumbnail-height=\"471\"><a class=\"vls-gf-main\" href=\"https:\/\/luxtehnika.ee\/wp-content\/gf-uploads\/2020\/09\/17f31c63dd8144f4379a09a925ea869d.jpg\" data-caption=\"17f31c63dd8144f4379a09a925ea869d\" data-description=\"\"><\/a><div class=\"vls-gf-img\"><img src=\"https:\/\/luxtehnika.ee\/wp-content\/gf-uploads\/2020\/09\/preview-m\/17f31c63dd8144f4379a09a925ea869d-0.jpg?t=1601305086\" title=\"17f31c63dd8144f4379a09a925ea869d\"\/><\/div><div class=\"vls-gf-overlay\"><\/div><\/figure><figure class=\"vls-gf-129 vls-gf-init\" data-vls-gf-thumbnail-width=\"750\" data-vls-gf-thumbnail-height=\"500\"><a class=\"vls-gf-main\" href=\"https:\/\/luxtehnika.ee\/wp-content\/gf-uploads\/2020\/09\/53eec9e5f88426b4425a24cacd049399.jpg\" data-caption=\"53eec9e5f88426b4425a24cacd049399\" data-description=\"\"><\/a><div class=\"vls-gf-img\"><img src=\"https:\/\/luxtehnika.ee\/wp-content\/gf-uploads\/2020\/09\/preview-m\/53eec9e5f88426b4425a24cacd049399-0.jpg?t=1601305088\" title=\"53eec9e5f88426b4425a24cacd049399\"\/><\/div><div class=\"vls-gf-overlay\"><\/div><\/figure><figure class=\"vls-gf-130 vls-gf-init\" data-vls-gf-thumbnail-width=\"422\" data-vls-gf-thumbnail-height=\"562\"><a class=\"vls-gf-main\" href=\"https:\/\/luxtehnika.ee\/wp-content\/gf-uploads\/2020\/09\/64ef2eae8632d0548331bc14c88c06dc.jpg\" data-caption=\"64ef2eae8632d0548331bc14c88c06dc\" data-description=\"\"><\/a><div class=\"vls-gf-img\"><img src=\"https:\/\/luxtehnika.ee\/wp-content\/gf-uploads\/2020\/09\/preview-m\/64ef2eae8632d0548331bc14c88c06dc-0.jpg?t=1601305090\" title=\"64ef2eae8632d0548331bc14c88c06dc\"\/><\/div><div class=\"vls-gf-overlay\"><\/div><\/figure><figure class=\"vls-gf-131 vls-gf-init\" data-vls-gf-thumbnail-width=\"496\" data-vls-gf-thumbnail-height=\"562\"><a class=\"vls-gf-main\" href=\"https:\/\/luxtehnika.ee\/wp-content\/gf-uploads\/2020\/09\/65c7af7f50e05ff744627544f3d7a0c7.jpg\" data-caption=\"65c7af7f50e05ff744627544f3d7a0c7\" data-description=\"\"><\/a><div class=\"vls-gf-img\"><img src=\"https:\/\/luxtehnika.ee\/wp-content\/gf-uploads\/2020\/09\/preview-m\/65c7af7f50e05ff744627544f3d7a0c7-0.jpg?t=1601305092\" title=\"65c7af7f50e05ff744627544f3d7a0c7\"\/><\/div><div class=\"vls-gf-overlay\"><\/div><\/figure><figure class=\"vls-gf-132 vls-gf-init\" data-vls-gf-thumbnail-width=\"750\" data-vls-gf-thumbnail-height=\"500\"><a class=\"vls-gf-main\" href=\"https:\/\/luxtehnika.ee\/wp-content\/gf-uploads\/2020\/09\/368e1d80105262078a6284433f0432b6.jpg\" data-caption=\"368e1d80105262078a6284433f0432b6\" data-description=\"\"><\/a><div class=\"vls-gf-img\"><img src=\"https:\/\/luxtehnika.ee\/wp-content\/gf-uploads\/2020\/09\/preview-m\/368e1d80105262078a6284433f0432b6-0.jpg?t=1601305094\" title=\"368e1d80105262078a6284433f0432b6\"\/><\/div><div class=\"vls-gf-overlay\"><\/div><\/figure><figure class=\"vls-gf-133 vls-gf-init\" data-vls-gf-thumbnail-width=\"750\" data-vls-gf-thumbnail-height=\"500\"><a class=\"vls-gf-main\" href=\"https:\/\/luxtehnika.ee\/wp-content\/gf-uploads\/2020\/09\/1256df82171e5367cfec2e6b14c1183d.jpg\" data-caption=\"1256df82171e5367cfec2e6b14c1183d\" data-description=\"\"><\/a><div class=\"vls-gf-img\"><img src=\"https:\/\/luxtehnika.ee\/wp-content\/gf-uploads\/2020\/09\/preview-m\/1256df82171e5367cfec2e6b14c1183d-0.jpg?t=1601305096\" title=\"1256df82171e5367cfec2e6b14c1183d\"\/><\/div><div class=\"vls-gf-overlay\"><\/div><\/figure><figure class=\"vls-gf-134 vls-gf-init\" data-vls-gf-thumbnail-width=\"750\" data-vls-gf-thumbnail-height=\"534\"><a class=\"vls-gf-main\" href=\"https:\/\/luxtehnika.ee\/wp-content\/gf-uploads\/2020\/09\/5883209bd6b9638dd656caa7d2923978.jpg\" data-caption=\"5883209bd6b9638dd656caa7d2923978\" data-description=\"\"><\/a><div class=\"vls-gf-img\"><img src=\"https:\/\/luxtehnika.ee\/wp-content\/gf-uploads\/2020\/09\/preview-m\/5883209bd6b9638dd656caa7d2923978-0.jpg?t=1601305098\" title=\"5883209bd6b9638dd656caa7d2923978\"\/><\/div><div class=\"vls-gf-overlay\"><\/div><\/figure><figure class=\"vls-gf-135 vls-gf-init\" data-vls-gf-thumbnail-width=\"750\" data-vls-gf-thumbnail-height=\"499\"><a class=\"vls-gf-main\" href=\"https:\/\/luxtehnika.ee\/wp-content\/gf-uploads\/2020\/09\/a7f4a7e1a996fef9bc8803257d99b2c8.jpg\" data-caption=\"a7f4a7e1a996fef9bc8803257d99b2c8\" data-description=\"\"><\/a><div class=\"vls-gf-img\"><img src=\"https:\/\/luxtehnika.ee\/wp-content\/gf-uploads\/2020\/09\/preview-m\/a7f4a7e1a996fef9bc8803257d99b2c8-0.jpg?t=1601305101\" title=\"a7f4a7e1a996fef9bc8803257d99b2c8\"\/><\/div><div class=\"vls-gf-overlay\"><\/div><\/figure><figure class=\"vls-gf-136 vls-gf-init\" data-vls-gf-thumbnail-width=\"422\" data-vls-gf-thumbnail-height=\"562\"><a class=\"vls-gf-main\" href=\"https:\/\/luxtehnika.ee\/wp-content\/gf-uploads\/2020\/09\/aa1e3036909173602efa50668ebb3248.jpg\" data-caption=\"aa1e3036909173602efa50668ebb3248\" data-description=\"\"><\/a><div class=\"vls-gf-img\"><img src=\"https:\/\/luxtehnika.ee\/wp-content\/gf-uploads\/2020\/09\/preview-m\/aa1e3036909173602efa50668ebb3248-0.jpg?t=1601305104\" title=\"aa1e3036909173602efa50668ebb3248\"\/><\/div><div class=\"vls-gf-overlay\"><\/div><\/figure><figure class=\"vls-gf-137 vls-gf-init\" data-vls-gf-thumbnail-width=\"374\" data-vls-gf-thumbnail-height=\"562\"><a class=\"vls-gf-main\" href=\"https:\/\/luxtehnika.ee\/wp-content\/gf-uploads\/2020\/09\/db5377034b3ae92d2c05e1d245fd8bc7.jpg\" data-caption=\"db5377034b3ae92d2c05e1d245fd8bc7\" data-description=\"\"><\/a><div class=\"vls-gf-img\"><img src=\"https:\/\/luxtehnika.ee\/wp-content\/gf-uploads\/2020\/09\/preview-m\/db5377034b3ae92d2c05e1d245fd8bc7-0.jpg?t=1601305106\" title=\"db5377034b3ae92d2c05e1d245fd8bc7\"\/><\/div><div class=\"vls-gf-overlay\"><\/div><\/figure><figure class=\"vls-gf-138 vls-gf-init\" data-vls-gf-thumbnail-width=\"422\" data-vls-gf-thumbnail-height=\"562\"><a class=\"vls-gf-main\" href=\"https:\/\/luxtehnika.ee\/wp-content\/gf-uploads\/2020\/09\/e949efb3a2e3bd73eb3e1ef4c3f583fd.jpg\" data-caption=\"e949efb3a2e3bd73eb3e1ef4c3f583fd\" data-description=\"\"><\/a><div class=\"vls-gf-img\"><img src=\"https:\/\/luxtehnika.ee\/wp-content\/gf-uploads\/2020\/09\/preview-m\/e949efb3a2e3bd73eb3e1ef4c3f583fd-0.jpg?t=1601305107\" title=\"e949efb3a2e3bd73eb3e1ef4c3f583fd\"\/><\/div><div class=\"vls-gf-overlay\"><\/div><\/figure><\/div><\/div><\/div>\n<div class=\"vls-gf-field-pills\"><\/div>\n","protected":false},"excerpt":{"rendered":"<p>BLUE WATER ja ART PLATINO\u00a0 &#8211; 1989 aastal algas k\u00f5ik sellest, et v\u00e4ikeses tehases hakati tootma k\u00f6\u00f6gi ja vannitoa segisteid. T\u00e4naseks on see kasvanud suureks holding ettev\u00f5tteks (BLUE WATER \u0438 ART PLATINO), mis valmistab umbes 100 erinevat segistit k\u00f6\u00f6kidele ja 200 mudelit vannitubade jaoks.\u00a0 Erilist t\u00e4helepanu v\u00e4\u00e4rib k\u00f6\u00f6gisegisti 2:1, kus \u00fche kraani erinevates kanalites jooksevad filtreeritud ja filtreerimata vesi ilma et need seguneksid. See v\u00f5imaldab ruumi s\u00e4\u00e4sta ja muudab hooldamise lihtsamaks. Segistid valatakse messingist, roostevabast terasest ja keraamikast, m\u00e4\u00e4rdena kasutatakse spetsiaalset silikoonm\u00e4\u00e4ret \u2013 see s\u00fcmbioos tagab vastupidavuse\u00a0 mehaanilisele koormustele, h\u00f5\u00f5rdumisele, kemikaalidele ja korrosioonile. Elegantne disain, praktilisus, stabiilsus pikaajalisel ekspluateerimisel ja ahvatlev hind teevad BLUE WATERi segistid n\u00f5utavateks pea k\u00f5ikjal maailmas. BLUE WATERil on hulk auhindu, mis on saadud n\u00e4itustelt ja laatadelt innovatiivse lahenduse ja unikaalse disaini eest.<\/p>\n<p><a href=\"http:\/\/blue-water.lv\" target=\"_blank\" rel=\"noopener noreferrer\">Minge veebisaidile<\/a><\/p>\n<div id=\"gtx-trans\" style=\"position: absolute; left: -3px; top: 270.857px;\">\n<div class=\"gtx-trans-icon\"><\/div>\n<\/div>\n","protected":false},"featured_media":116,"template":"","meta":[],"_links":{"self":[{"href":"https:\/\/luxtehnika.ee\/et\/wp-json\/wp\/v2\/product\/115"}],"collection":[{"href":"https:\/\/luxtehnika.ee\/et\/wp-json\/wp\/v2\/product"}],"about":[{"href":"https:\/\/luxtehnika.ee\/et\/wp-json\/wp\/v2\/types\/product"}],"wp:featuredmedia":[{"embeddable":true,"href":"https:\/\/luxtehnika.ee\/et\/wp-json\/wp\/v2\/media\/116"}],"wp:attachment":[{"href":"https:\/\/luxtehnika.ee\/et\/wp-json\/wp\/v2\/media?parent=115"}],"curies":[{"name":"wp","href":"https:\/\/api.w.org\/{rel}","templated":true}]}}