{"id":109,"date":"2020-09-30T12:51:40","date_gmt":"2020-09-30T10:51:40","guid":{"rendered":"https:\/\/luxtehnika.ee\/en\/?post_type=product&#038;p=109"},"modified":"2020-10-29T12:28:28","modified_gmt":"2020-10-29T10:28:28","slug":"maxfire","status":"publish","type":"product","link":"https:\/\/luxtehnika.ee\/et\/brand\/maxfire\/","title":{"rendered":"Maxfire"},"content":{"rendered":"<div class=\"vls-gf-field-ro\"><div class=\"vls-gf-gallery vls-gf-506 vls-gf-style-light vls-gf-style-none\" data-vls-gf-layout='{\"layout_type\":\"masonry-v\",\"column_count\":4,\"column_count_xs\":1,\"aspect_ratio\":1,\"horizontal_spacing\":4,\"vertical_spacing\":4,\"align_bottom\":false,\"pagination_type\":\"none\",\"page_size\":0}' data-vls-gf-settings='{\"pagination_type\":\"none\"}'><style type=\"text\/css\">.vls-gf-506 figure a.vls-gf-main{display:block;position:absolute;top:0;bottom:0;left:0;right:0;opacity:0;z-index:90;}.vls-gf-506 figure .vls-gf-overlay{position:absolute;background-color:rgba(255, 255, 255, 0.3);left:0;right:0;top:0;bottom:0;opacity:0;z-index:10;transition:opacity 600ms ease;}.vls-gf-506 figure:hover .vls-gf-overlay{opacity:1;}<\/style><div class=\"vls-gf-container\"><figure class=\"vls-gf-507 vls-gf-init\" data-vls-gf-thumbnail-width=\"800\" data-vls-gf-thumbnail-height=\"600\"><a class=\"vls-gf-main\" href=\"https:\/\/luxtehnika.ee\/wp-content\/gf-uploads\/2020\/09\/0d0c19531d6e29f793ed165732978408_xl.jpg\" data-caption=\"0d0c19531d6e29f793ed165732978408_xl\" data-description=\"\"><\/a><div class=\"vls-gf-img\"><img src=\"https:\/\/luxtehnika.ee\/wp-content\/gf-uploads\/2020\/09\/preview-m\/0d0c19531d6e29f793ed165732978408_xl-0.jpg?t=1601310191\" title=\"0d0c19531d6e29f793ed165732978408_xl\"\/><\/div><div class=\"vls-gf-overlay\"><\/div><\/figure><figure class=\"vls-gf-508 vls-gf-init\" data-vls-gf-thumbnail-width=\"800\" data-vls-gf-thumbnail-height=\"600\"><a class=\"vls-gf-main\" href=\"https:\/\/luxtehnika.ee\/wp-content\/gf-uploads\/2020\/09\/5f9ec0b2e765a617089a13fe6f9b5c6d_xl.jpg\" data-caption=\"5f9ec0b2e765a617089a13fe6f9b5c6d_xl\" data-description=\"\"><\/a><div class=\"vls-gf-img\"><img src=\"https:\/\/luxtehnika.ee\/wp-content\/gf-uploads\/2020\/09\/preview-m\/5f9ec0b2e765a617089a13fe6f9b5c6d_xl-0.jpg?t=1601310195\" title=\"5f9ec0b2e765a617089a13fe6f9b5c6d_xl\"\/><\/div><div class=\"vls-gf-overlay\"><\/div><\/figure><figure class=\"vls-gf-509 vls-gf-init\" data-vls-gf-thumbnail-width=\"800\" data-vls-gf-thumbnail-height=\"600\"><a class=\"vls-gf-main\" href=\"https:\/\/luxtehnika.ee\/wp-content\/gf-uploads\/2020\/09\/9b2c4b44fb86522964124ed80d03c5e8_xl.jpg\" data-caption=\"9b2c4b44fb86522964124ed80d03c5e8_xl\" data-description=\"\"><\/a><div class=\"vls-gf-img\"><img src=\"https:\/\/luxtehnika.ee\/wp-content\/gf-uploads\/2020\/09\/preview-m\/9b2c4b44fb86522964124ed80d03c5e8_xl-0.jpg?t=1601310197\" title=\"9b2c4b44fb86522964124ed80d03c5e8_xl\"\/><\/div><div class=\"vls-gf-overlay\"><\/div><\/figure><figure class=\"vls-gf-510 vls-gf-init\" data-vls-gf-thumbnail-width=\"800\" data-vls-gf-thumbnail-height=\"600\"><a class=\"vls-gf-main\" href=\"https:\/\/luxtehnika.ee\/wp-content\/gf-uploads\/2020\/09\/36fdb1a35cd2f54f95cf2119fb5bc7ed_xl.jpg\" data-caption=\"36fdb1a35cd2f54f95cf2119fb5bc7ed_xl\" data-description=\"\"><\/a><div class=\"vls-gf-img\"><img src=\"https:\/\/luxtehnika.ee\/wp-content\/gf-uploads\/2020\/09\/preview-m\/36fdb1a35cd2f54f95cf2119fb5bc7ed_xl-0.jpg?t=1601310199\" title=\"36fdb1a35cd2f54f95cf2119fb5bc7ed_xl\"\/><\/div><div class=\"vls-gf-overlay\"><\/div><\/figure><figure class=\"vls-gf-511 vls-gf-init\" data-vls-gf-thumbnail-width=\"800\" data-vls-gf-thumbnail-height=\"600\"><a class=\"vls-gf-main\" href=\"https:\/\/luxtehnika.ee\/wp-content\/gf-uploads\/2020\/09\/45e8f4939bc3bd36e4b87ab1e324d227_xl.jpg\" data-caption=\"45e8f4939bc3bd36e4b87ab1e324d227_xl\" data-description=\"\"><\/a><div class=\"vls-gf-img\"><img src=\"https:\/\/luxtehnika.ee\/wp-content\/gf-uploads\/2020\/09\/preview-m\/45e8f4939bc3bd36e4b87ab1e324d227_xl-0.jpg?t=1601310201\" title=\"45e8f4939bc3bd36e4b87ab1e324d227_xl\"\/><\/div><div class=\"vls-gf-overlay\"><\/div><\/figure><figure class=\"vls-gf-512 vls-gf-init\" data-vls-gf-thumbnail-width=\"800\" data-vls-gf-thumbnail-height=\"600\"><a class=\"vls-gf-main\" href=\"https:\/\/luxtehnika.ee\/wp-content\/gf-uploads\/2020\/09\/88f135a483ef01fac8d7b920488085e4_xl.jpg\" data-caption=\"88f135a483ef01fac8d7b920488085e4_xl\" data-description=\"\"><\/a><div class=\"vls-gf-img\"><img src=\"https:\/\/luxtehnika.ee\/wp-content\/gf-uploads\/2020\/09\/preview-m\/88f135a483ef01fac8d7b920488085e4_xl-0.jpg?t=1601310202\" title=\"88f135a483ef01fac8d7b920488085e4_xl\"\/><\/div><div class=\"vls-gf-overlay\"><\/div><\/figure><figure class=\"vls-gf-513 vls-gf-init\" data-vls-gf-thumbnail-width=\"800\" data-vls-gf-thumbnail-height=\"600\"><a class=\"vls-gf-main\" href=\"https:\/\/luxtehnika.ee\/wp-content\/gf-uploads\/2020\/09\/474f4cdd4383ff91fd1d98bcb039d93b_xl.jpg\" data-caption=\"474f4cdd4383ff91fd1d98bcb039d93b_xl\" data-description=\"\"><\/a><div class=\"vls-gf-img\"><img src=\"https:\/\/luxtehnika.ee\/wp-content\/gf-uploads\/2020\/09\/preview-m\/474f4cdd4383ff91fd1d98bcb039d93b_xl-0.jpg?t=1601310204\" title=\"474f4cdd4383ff91fd1d98bcb039d93b_xl\"\/><\/div><div class=\"vls-gf-overlay\"><\/div><\/figure><figure class=\"vls-gf-514 vls-gf-init\" data-vls-gf-thumbnail-width=\"800\" data-vls-gf-thumbnail-height=\"600\"><a class=\"vls-gf-main\" href=\"https:\/\/luxtehnika.ee\/wp-content\/gf-uploads\/2020\/09\/233826a67be66a810b23a263230da62e_xl.jpg\" data-caption=\"233826a67be66a810b23a263230da62e_xl\" data-description=\"\"><\/a><div class=\"vls-gf-img\"><img src=\"https:\/\/luxtehnika.ee\/wp-content\/gf-uploads\/2020\/09\/preview-m\/233826a67be66a810b23a263230da62e_xl-0.jpg?t=1601310206\" title=\"233826a67be66a810b23a263230da62e_xl\"\/><\/div><div class=\"vls-gf-overlay\"><\/div><\/figure><figure class=\"vls-gf-515 vls-gf-init\" data-vls-gf-thumbnail-width=\"800\" data-vls-gf-thumbnail-height=\"600\"><a class=\"vls-gf-main\" href=\"https:\/\/luxtehnika.ee\/wp-content\/gf-uploads\/2020\/09\/4965657af186b9092c7a96976ffe881c_xl.jpg\" data-caption=\"4965657af186b9092c7a96976ffe881c_xl\" data-description=\"\"><\/a><div class=\"vls-gf-img\"><img src=\"https:\/\/luxtehnika.ee\/wp-content\/gf-uploads\/2020\/09\/preview-m\/4965657af186b9092c7a96976ffe881c_xl-0.jpg?t=1601310209\" title=\"4965657af186b9092c7a96976ffe881c_xl\"\/><\/div><div class=\"vls-gf-overlay\"><\/div><\/figure><figure class=\"vls-gf-516 vls-gf-init\" data-vls-gf-thumbnail-width=\"800\" data-vls-gf-thumbnail-height=\"600\"><a class=\"vls-gf-main\" href=\"https:\/\/luxtehnika.ee\/wp-content\/gf-uploads\/2020\/09\/a63cd9e38964634741a5a3fe89055308_xl.jpg\" data-caption=\"a63cd9e38964634741a5a3fe89055308_xl\" data-description=\"\"><\/a><div class=\"vls-gf-img\"><img src=\"https:\/\/luxtehnika.ee\/wp-content\/gf-uploads\/2020\/09\/preview-m\/a63cd9e38964634741a5a3fe89055308_xl-0.jpg?t=1601310210\" title=\"a63cd9e38964634741a5a3fe89055308_xl\"\/><\/div><div class=\"vls-gf-overlay\"><\/div><\/figure><figure class=\"vls-gf-517 vls-gf-init\" data-vls-gf-thumbnail-width=\"800\" data-vls-gf-thumbnail-height=\"600\"><a class=\"vls-gf-main\" href=\"https:\/\/luxtehnika.ee\/wp-content\/gf-uploads\/2020\/09\/c889234799e865bbe90cee71f6cd2e53_xl.jpg\" data-caption=\"c889234799e865bbe90cee71f6cd2e53_xl\" data-description=\"\"><\/a><div class=\"vls-gf-img\"><img src=\"https:\/\/luxtehnika.ee\/wp-content\/gf-uploads\/2020\/09\/preview-m\/c889234799e865bbe90cee71f6cd2e53_xl-0.jpg?t=1601310212\" title=\"c889234799e865bbe90cee71f6cd2e53_xl\"\/><\/div><div class=\"vls-gf-overlay\"><\/div><\/figure><figure class=\"vls-gf-518 vls-gf-init\" data-vls-gf-thumbnail-width=\"800\" data-vls-gf-thumbnail-height=\"600\"><a class=\"vls-gf-main\" href=\"https:\/\/luxtehnika.ee\/wp-content\/gf-uploads\/2020\/09\/f4b6dca0e2911082f0eb6e1df1a0e11d_xl.jpg\" data-caption=\"f4b6dca0e2911082f0eb6e1df1a0e11d_xl\" data-description=\"\"><\/a><div class=\"vls-gf-img\"><img src=\"https:\/\/luxtehnika.ee\/wp-content\/gf-uploads\/2020\/09\/preview-m\/f4b6dca0e2911082f0eb6e1df1a0e11d_xl-0.jpg?t=1601310214\" title=\"f4b6dca0e2911082f0eb6e1df1a0e11d_xl\"\/><\/div><div class=\"vls-gf-overlay\"><\/div><\/figure><figure class=\"vls-gf-519 vls-gf-init\" data-vls-gf-thumbnail-width=\"800\" data-vls-gf-thumbnail-height=\"600\"><a class=\"vls-gf-main\" href=\"https:\/\/luxtehnika.ee\/wp-content\/gf-uploads\/2020\/09\/f7abac252ae5ed68121b92ba7a669d87_xl.jpg\" data-caption=\"f7abac252ae5ed68121b92ba7a669d87_xl\" data-description=\"\"><\/a><div class=\"vls-gf-img\"><img src=\"https:\/\/luxtehnika.ee\/wp-content\/gf-uploads\/2020\/09\/preview-m\/f7abac252ae5ed68121b92ba7a669d87_xl-0.jpg?t=1601310216\" title=\"f7abac252ae5ed68121b92ba7a669d87_xl\"\/><\/div><div class=\"vls-gf-overlay\"><\/div><\/figure><figure class=\"vls-gf-520 vls-gf-init\" data-vls-gf-thumbnail-width=\"800\" data-vls-gf-thumbnail-height=\"600\"><a class=\"vls-gf-main\" href=\"https:\/\/luxtehnika.ee\/wp-content\/gf-uploads\/2020\/09\/feb4274796d93ff716e9650163a77fb8_xl.jpg\" data-caption=\"feb4274796d93ff716e9650163a77fb8_xl\" data-description=\"\"><\/a><div class=\"vls-gf-img\"><img src=\"https:\/\/luxtehnika.ee\/wp-content\/gf-uploads\/2020\/09\/preview-m\/feb4274796d93ff716e9650163a77fb8_xl-0.jpg?t=1601310218\" title=\"feb4274796d93ff716e9650163a77fb8_xl\"\/><\/div><div class=\"vls-gf-overlay\"><\/div><\/figure><\/div><\/div><\/div>\n<div class=\"vls-gf-field-pills\"><\/div>\n","protected":false},"excerpt":{"rendered":"<p>MAXFIRE on 1998. aastal loodud ettev\u00f5te, mis tekkis ajendatuna selle loojate erakordsest huvist teaduslik-tehnilise tegevuse, innovatiivse tehnoloogia ja metallidesse lugupidava suhtumise t\u00f5ttu. MAXFIRE k\u00f6\u00f6gitenikat iseloomustabki metalne l\u00e4ige, sest roostevaba teras on nende toodete valmistamisel peamine materjal. Puhtad, ilma liialdusteta jooned ja t\u00e4iesti ainulaadse, \u00fcllatava konstruktsiooniga \u00f5hupuhastid kutsuvad esile k\u00f5rgstiilist lugupidavate klientide huvi. MAXFIRE \u00f5hupuhastite k\u00fclma metalse l\u00e4ike efekt, omalaadne valgustus ja displeid meenutavad kosmoselaeva komponente. MAXFIRE t\u00f6\u00f6tajate lakkamatu huvi metallide omaduste uurimise vastu tagab nende toodetele ammendamatuid tehnoloogia ning disaini t\u00e4iendamise v\u00f5imalusi.<\/p>\n<p><a href=\"https:\/\/www.puris.de\" target=\"_blank\" rel=\"noopener noreferrer\">Minge veebisaidile<\/a><\/p>\n<div id=\"gtx-trans\" style=\"position: absolute; left: -1px; top: 246.143px;\">\n<div class=\"gtx-trans-icon\"><\/div>\n<\/div>\n","protected":false},"featured_media":110,"template":"","meta":[],"_links":{"self":[{"href":"https:\/\/luxtehnika.ee\/et\/wp-json\/wp\/v2\/product\/109"}],"collection":[{"href":"https:\/\/luxtehnika.ee\/et\/wp-json\/wp\/v2\/product"}],"about":[{"href":"https:\/\/luxtehnika.ee\/et\/wp-json\/wp\/v2\/types\/product"}],"wp:featuredmedia":[{"embeddable":true,"href":"https:\/\/luxtehnika.ee\/et\/wp-json\/wp\/v2\/media\/110"}],"wp:attachment":[{"href":"https:\/\/luxtehnika.ee\/et\/wp-json\/wp\/v2\/media?parent=109"}],"curies":[{"name":"wp","href":"https:\/\/api.w.org\/{rel}","templated":true}]}}