{"id":105,"date":"2020-09-30T12:46:58","date_gmt":"2020-09-30T10:46:58","guid":{"rendered":"https:\/\/luxtehnika.ee\/en\/?post_type=product&#038;p=105"},"modified":"2020-10-29T12:27:23","modified_gmt":"2020-10-29T10:27:23","slug":"galvamet","status":"publish","type":"product","link":"https:\/\/luxtehnika.ee\/et\/brand\/galvamet\/","title":{"rendered":"Galvamet"},"content":{"rendered":"<p><\/p>\n<div class=\"vls-gf-field-ro\"><div class=\"vls-gf-gallery vls-gf-307 vls-gf-style-light vls-gf-style-none\" data-vls-gf-layout='{\"layout_type\":\"masonry-v\",\"column_count\":4,\"column_count_xs\":1,\"aspect_ratio\":1,\"horizontal_spacing\":4,\"vertical_spacing\":4,\"align_bottom\":false,\"pagination_type\":\"none\",\"page_size\":0}' data-vls-gf-settings='{\"pagination_type\":\"none\"}'><style type=\"text\/css\">.vls-gf-307 figure a.vls-gf-main{display:block;position:absolute;top:0;bottom:0;left:0;right:0;opacity:0;z-index:90;}.vls-gf-307 figure .vls-gf-overlay{position:absolute;background-color:rgba(255, 255, 255, 0.3);left:0;right:0;top:0;bottom:0;opacity:0;z-index:10;transition:opacity 600ms ease;}.vls-gf-307 figure:hover .vls-gf-overlay{opacity:1;}<\/style><div class=\"vls-gf-container\"><figure class=\"vls-gf-308 vls-gf-init\" data-vls-gf-thumbnail-width=\"800\" data-vls-gf-thumbnail-height=\"567\"><a class=\"vls-gf-main\" href=\"https:\/\/luxtehnika.ee\/wp-content\/gf-uploads\/2020\/09\/10492-1_op2.jpg\" data-caption=\"10492-1_op2\" data-description=\"\"><\/a><div class=\"vls-gf-img\"><img src=\"https:\/\/luxtehnika.ee\/wp-content\/gf-uploads\/2020\/09\/preview-m\/10492-1_op2-0.jpg?t=1601309111\" title=\"10492-1_op2\"\/><\/div><div class=\"vls-gf-overlay\"><\/div><\/figure><figure class=\"vls-gf-309 vls-gf-init\" data-vls-gf-thumbnail-width=\"800\" data-vls-gf-thumbnail-height=\"563\"><a class=\"vls-gf-main\" href=\"https:\/\/luxtehnika.ee\/wp-content\/gf-uploads\/2020\/09\/setratiosize800600-aura.jpg\" data-caption=\"setratiosize800600-aura\" data-description=\"\"><\/a><div class=\"vls-gf-img\"><img src=\"https:\/\/luxtehnika.ee\/wp-content\/gf-uploads\/2020\/09\/preview-m\/setratiosize800600-aura-0.jpg?t=1601309112\" title=\"setratiosize800600-aura\"\/><\/div><div class=\"vls-gf-overlay\"><\/div><\/figure><figure class=\"vls-gf-310 vls-gf-init\" data-vls-gf-thumbnail-width=\"789\" data-vls-gf-thumbnail-height=\"600\"><a class=\"vls-gf-main\" href=\"https:\/\/luxtehnika.ee\/wp-content\/gf-uploads\/2020\/09\/setratiosize800600-blade1.jpg\" data-caption=\"setratiosize800600-blade1\" data-description=\"\"><\/a><div class=\"vls-gf-img\"><img src=\"https:\/\/luxtehnika.ee\/wp-content\/gf-uploads\/2020\/09\/preview-m\/setratiosize800600-blade1-0.jpg?t=1601309113\" title=\"setratiosize800600-blade1\"\/><\/div><div class=\"vls-gf-overlay\"><\/div><\/figure><figure class=\"vls-gf-311 vls-gf-init\" data-vls-gf-thumbnail-width=\"800\" data-vls-gf-thumbnail-height=\"473\"><a class=\"vls-gf-main\" href=\"https:\/\/luxtehnika.ee\/wp-content\/gf-uploads\/2020\/09\/setratiosize800600-breezeicona.jpg\" data-caption=\"setratiosize800600-breezeicona\" data-description=\"\"><\/a><div class=\"vls-gf-img\"><img src=\"https:\/\/luxtehnika.ee\/wp-content\/gf-uploads\/2020\/09\/preview-m\/setratiosize800600-breezeicona-0.jpg?t=1601309114\" title=\"setratiosize800600-breezeicona\"\/><\/div><div class=\"vls-gf-overlay\"><\/div><\/figure><figure class=\"vls-gf-312 vls-gf-init\" data-vls-gf-thumbnail-width=\"641\" data-vls-gf-thumbnail-height=\"600\"><a class=\"vls-gf-main\" href=\"https:\/\/luxtehnika.ee\/wp-content\/gf-uploads\/2020\/09\/setratiosize800600-charmeinox.jpg\" data-caption=\"setratiosize800600-charmeinox\" data-description=\"\"><\/a><div class=\"vls-gf-img\"><img src=\"https:\/\/luxtehnika.ee\/wp-content\/gf-uploads\/2020\/09\/preview-m\/setratiosize800600-charmeinox-0.jpg?t=1601309114\" title=\"setratiosize800600-charmeinox\"\/><\/div><div class=\"vls-gf-overlay\"><\/div><\/figure><figure class=\"vls-gf-313 vls-gf-init\" data-vls-gf-thumbnail-width=\"612\" data-vls-gf-thumbnail-height=\"600\"><a class=\"vls-gf-main\" href=\"https:\/\/luxtehnika.ee\/wp-content\/gf-uploads\/2020\/09\/setratiosize800600-chic-copia.jpg\" data-caption=\"setratiosize800600-chic-copia\" data-description=\"\"><\/a><div class=\"vls-gf-img\"><img src=\"https:\/\/luxtehnika.ee\/wp-content\/gf-uploads\/2020\/09\/preview-m\/setratiosize800600-chic-copia-0.jpg?t=1601309115\" title=\"setratiosize800600-chic-copia\"\/><\/div><div class=\"vls-gf-overlay\"><\/div><\/figure><figure class=\"vls-gf-314 vls-gf-init\" data-vls-gf-thumbnail-width=\"667\" data-vls-gf-thumbnail-height=\"600\"><a class=\"vls-gf-main\" href=\"https:\/\/luxtehnika.ee\/wp-content\/gf-uploads\/2020\/09\/setratiosize800600-dot1.jpg\" data-caption=\"setratiosize800600-dot1\" data-description=\"\"><\/a><div class=\"vls-gf-img\"><img src=\"https:\/\/luxtehnika.ee\/wp-content\/gf-uploads\/2020\/09\/preview-m\/setratiosize800600-dot1-0.jpg?t=1601309116\" title=\"setratiosize800600-dot1\"\/><\/div><div class=\"vls-gf-overlay\"><\/div><\/figure><figure class=\"vls-gf-315 vls-gf-init\" data-vls-gf-thumbnail-width=\"381\" data-vls-gf-thumbnail-height=\"600\"><a class=\"vls-gf-main\" href=\"https:\/\/luxtehnika.ee\/wp-content\/gf-uploads\/2020\/09\/setratiosize800600-ego1.jpg\" data-caption=\"setratiosize800600-ego1\" data-description=\"\"><\/a><div class=\"vls-gf-img\"><img src=\"https:\/\/luxtehnika.ee\/wp-content\/gf-uploads\/2020\/09\/preview-m\/setratiosize800600-ego1-0.jpg?t=1601309117\" title=\"setratiosize800600-ego1\"\/><\/div><div class=\"vls-gf-overlay\"><\/div><\/figure><figure class=\"vls-gf-316 vls-gf-init\" data-vls-gf-thumbnail-width=\"657\" data-vls-gf-thumbnail-height=\"600\"><a class=\"vls-gf-main\" href=\"https:\/\/luxtehnika.ee\/wp-content\/gf-uploads\/2020\/09\/setratiosize800600-epsilon.jpg\" data-caption=\"setratiosize800600-epsilon\" data-description=\"\"><\/a><div class=\"vls-gf-img\"><img src=\"https:\/\/luxtehnika.ee\/wp-content\/gf-uploads\/2020\/09\/preview-m\/setratiosize800600-epsilon-0.jpg?t=1601309118\" title=\"setratiosize800600-epsilon\"\/><\/div><div class=\"vls-gf-overlay\"><\/div><\/figure><figure class=\"vls-gf-317 vls-gf-init\" data-vls-gf-thumbnail-width=\"739\" data-vls-gf-thumbnail-height=\"600\"><a class=\"vls-gf-main\" href=\"https:\/\/luxtehnika.ee\/wp-content\/gf-uploads\/2020\/09\/setratiosize800600-family.jpg\" data-caption=\"setratiosize800600-family\" data-description=\"\"><\/a><div class=\"vls-gf-img\"><img src=\"https:\/\/luxtehnika.ee\/wp-content\/gf-uploads\/2020\/09\/preview-m\/setratiosize800600-family-0.jpg?t=1601309119\" title=\"setratiosize800600-family\"\/><\/div><div class=\"vls-gf-overlay\"><\/div><\/figure><figure class=\"vls-gf-318 vls-gf-init\" data-vls-gf-thumbnail-width=\"668\" data-vls-gf-thumbnail-height=\"600\"><a class=\"vls-gf-main\" href=\"https:\/\/luxtehnika.ee\/wp-content\/gf-uploads\/2020\/09\/setratiosize800600-fantasy.jpg\" data-caption=\"setratiosize800600-fantasy\" data-description=\"\"><\/a><div class=\"vls-gf-img\"><img src=\"https:\/\/luxtehnika.ee\/wp-content\/gf-uploads\/2020\/09\/preview-m\/setratiosize800600-fantasy-0.jpg?t=1601309119\" title=\"setratiosize800600-fantasy\"\/><\/div><div class=\"vls-gf-overlay\"><\/div><\/figure><figure class=\"vls-gf-319 vls-gf-init\" data-vls-gf-thumbnail-width=\"800\" data-vls-gf-thumbnail-height=\"456\"><a class=\"vls-gf-main\" href=\"https:\/\/luxtehnika.ee\/wp-content\/gf-uploads\/2020\/09\/setratiosize800600-foto-zoom.jpg\" data-caption=\"setratiosize800600-foto-zoom\" data-description=\"\"><\/a><div class=\"vls-gf-img\"><img src=\"https:\/\/luxtehnika.ee\/wp-content\/gf-uploads\/2020\/09\/preview-m\/setratiosize800600-foto-zoom-0.jpg?t=1601309120\" title=\"setratiosize800600-foto-zoom\"\/><\/div><div class=\"vls-gf-overlay\"><\/div><\/figure><figure class=\"vls-gf-320 vls-gf-init\" data-vls-gf-thumbnail-width=\"440\" data-vls-gf-thumbnail-height=\"600\"><a class=\"vls-gf-main\" href=\"https:\/\/luxtehnika.ee\/wp-content\/gf-uploads\/2020\/09\/setratiosize800600-frame.jpg\" data-caption=\"setratiosize800600-frame\" data-description=\"\"><\/a><div class=\"vls-gf-img\"><img src=\"https:\/\/luxtehnika.ee\/wp-content\/gf-uploads\/2020\/09\/preview-m\/setratiosize800600-frame-0.jpg?t=1601309121\" title=\"setratiosize800600-frame\"\/><\/div><div class=\"vls-gf-overlay\"><\/div><\/figure><figure class=\"vls-gf-321 vls-gf-init\" data-vls-gf-thumbnail-width=\"594\" data-vls-gf-thumbnail-height=\"600\"><a class=\"vls-gf-main\" href=\"https:\/\/luxtehnika.ee\/wp-content\/gf-uploads\/2020\/09\/setratiosize800600-habitat.jpg\" data-caption=\"setratiosize800600-habitat\" data-description=\"\"><\/a><div class=\"vls-gf-img\"><img src=\"https:\/\/luxtehnika.ee\/wp-content\/gf-uploads\/2020\/09\/preview-m\/setratiosize800600-habitat-0.jpg?t=1601309122\" title=\"setratiosize800600-habitat\"\/><\/div><div class=\"vls-gf-overlay\"><\/div><\/figure><figure class=\"vls-gf-322 vls-gf-init\" data-vls-gf-thumbnail-width=\"800\" data-vls-gf-thumbnail-height=\"477\"><a class=\"vls-gf-main\" href=\"https:\/\/luxtehnika.ee\/wp-content\/gf-uploads\/2020\/09\/setratiosize800600-hide-icona.jpg\" data-caption=\"setratiosize800600-hide-icona\" data-description=\"\"><\/a><div class=\"vls-gf-img\"><img src=\"https:\/\/luxtehnika.ee\/wp-content\/gf-uploads\/2020\/09\/preview-m\/setratiosize800600-hide-icona-0.jpg?t=1601309123\" title=\"setratiosize800600-hide-icona\"\/><\/div><div class=\"vls-gf-overlay\"><\/div><\/figure><figure class=\"vls-gf-323 vls-gf-init\" data-vls-gf-thumbnail-width=\"569\" data-vls-gf-thumbnail-height=\"600\"><a class=\"vls-gf-main\" href=\"https:\/\/luxtehnika.ee\/wp-content\/gf-uploads\/2020\/09\/setratiosize800600-hobby2.jpg\" data-caption=\"setratiosize800600-hobby2\" data-description=\"\"><\/a><div class=\"vls-gf-img\"><img src=\"https:\/\/luxtehnika.ee\/wp-content\/gf-uploads\/2020\/09\/preview-m\/setratiosize800600-hobby2-0.jpg?t=1601309124\" title=\"setratiosize800600-hobby2\"\/><\/div><div class=\"vls-gf-overlay\"><\/div><\/figure><figure class=\"vls-gf-324 vls-gf-init\" data-vls-gf-thumbnail-width=\"575\" data-vls-gf-thumbnail-height=\"600\"><a class=\"vls-gf-main\" href=\"https:\/\/luxtehnika.ee\/wp-content\/gf-uploads\/2020\/09\/setratiosize800600-ideal.jpg\" data-caption=\"setratiosize800600-ideal\" data-description=\"\"><\/a><div class=\"vls-gf-img\"><img src=\"https:\/\/luxtehnika.ee\/wp-content\/gf-uploads\/2020\/09\/preview-m\/setratiosize800600-ideal-0.jpg?t=1601309124\" title=\"setratiosize800600-ideal\"\/><\/div><div class=\"vls-gf-overlay\"><\/div><\/figure><figure class=\"vls-gf-325 vls-gf-init\" data-vls-gf-thumbnail-width=\"371\" data-vls-gf-thumbnail-height=\"600\"><a class=\"vls-gf-main\" href=\"https:\/\/luxtehnika.ee\/wp-content\/gf-uploads\/2020\/09\/setratiosize800600-keep.jpg\" data-caption=\"setratiosize800600-keep\" data-description=\"\"><\/a><div class=\"vls-gf-img\"><img src=\"https:\/\/luxtehnika.ee\/wp-content\/gf-uploads\/2020\/09\/preview-m\/setratiosize800600-keep-0.jpg?t=1601309125\" title=\"setratiosize800600-keep\"\/><\/div><div class=\"vls-gf-overlay\"><\/div><\/figure><figure class=\"vls-gf-326 vls-gf-init\" data-vls-gf-thumbnail-width=\"788\" data-vls-gf-thumbnail-height=\"600\"><a class=\"vls-gf-main\" href=\"https:\/\/luxtehnika.ee\/wp-content\/gf-uploads\/2020\/09\/setratiosize800600-kosmo.jpg\" data-caption=\"setratiosize800600-kosmo\" data-description=\"\"><\/a><div class=\"vls-gf-img\"><img src=\"https:\/\/luxtehnika.ee\/wp-content\/gf-uploads\/2020\/09\/preview-m\/setratiosize800600-kosmo-0.jpg?t=1601309127\" title=\"setratiosize800600-kosmo\"\/><\/div><div class=\"vls-gf-overlay\"><\/div><\/figure><figure class=\"vls-gf-327 vls-gf-init\" data-vls-gf-thumbnail-width=\"665\" data-vls-gf-thumbnail-height=\"600\"><a class=\"vls-gf-main\" href=\"https:\/\/luxtehnika.ee\/wp-content\/gf-uploads\/2020\/09\/setratiosize800600-line3.jpg\" data-caption=\"setratiosize800600-line3\" data-description=\"\"><\/a><div class=\"vls-gf-img\"><img src=\"https:\/\/luxtehnika.ee\/wp-content\/gf-uploads\/2020\/09\/preview-m\/setratiosize800600-line3-0.jpg?t=1601309128\" title=\"setratiosize800600-line3\"\/><\/div><div class=\"vls-gf-overlay\"><\/div><\/figure><figure class=\"vls-gf-328 vls-gf-init\" data-vls-gf-thumbnail-width=\"618\" data-vls-gf-thumbnail-height=\"600\"><a class=\"vls-gf-main\" href=\"https:\/\/luxtehnika.ee\/wp-content\/gf-uploads\/2020\/09\/setratiosize800600-mercury2.jpg\" data-caption=\"setratiosize800600-mercury2\" data-description=\"\"><\/a><div class=\"vls-gf-img\"><img src=\"https:\/\/luxtehnika.ee\/wp-content\/gf-uploads\/2020\/09\/preview-m\/setratiosize800600-mercury2-0.jpg?t=1601309129\" title=\"setratiosize800600-mercury2\"\/><\/div><div class=\"vls-gf-overlay\"><\/div><\/figure><figure class=\"vls-gf-329 vls-gf-init\" data-vls-gf-thumbnail-width=\"800\" data-vls-gf-thumbnail-height=\"600\"><a class=\"vls-gf-main\" href=\"https:\/\/luxtehnika.ee\/wp-content\/gf-uploads\/2020\/09\/setratiosize800600-metaphora3.jpg\" data-caption=\"setratiosize800600-metaphora3\" data-description=\"\"><\/a><div class=\"vls-gf-img\"><img src=\"https:\/\/luxtehnika.ee\/wp-content\/gf-uploads\/2020\/09\/preview-m\/setratiosize800600-metaphora3-0.jpg?t=1601309130\" title=\"setratiosize800600-metaphora3\"\/><\/div><div class=\"vls-gf-overlay\"><\/div><\/figure><figure class=\"vls-gf-330 vls-gf-init\" data-vls-gf-thumbnail-width=\"546\" data-vls-gf-thumbnail-height=\"600\"><a class=\"vls-gf-main\" href=\"https:\/\/luxtehnika.ee\/wp-content\/gf-uploads\/2020\/09\/setratiosize800600-mirage2.jpg\" data-caption=\"setratiosize800600-mirage2\" data-description=\"\"><\/a><div class=\"vls-gf-img\"><img src=\"https:\/\/luxtehnika.ee\/wp-content\/gf-uploads\/2020\/09\/preview-m\/setratiosize800600-mirage2-0.jpg?t=1601309130\" title=\"setratiosize800600-mirage2\"\/><\/div><div class=\"vls-gf-overlay\"><\/div><\/figure><figure class=\"vls-gf-331 vls-gf-init\" data-vls-gf-thumbnail-width=\"652\" data-vls-gf-thumbnail-height=\"600\"><a class=\"vls-gf-main\" href=\"https:\/\/luxtehnika.ee\/wp-content\/gf-uploads\/2020\/09\/setratiosize800600-modem.jpg\" data-caption=\"setratiosize800600-modem\" data-description=\"\"><\/a><div class=\"vls-gf-img\"><img src=\"https:\/\/luxtehnika.ee\/wp-content\/gf-uploads\/2020\/09\/preview-m\/setratiosize800600-modem-0.jpg?t=1601309131\" title=\"setratiosize800600-modem\"\/><\/div><div class=\"vls-gf-overlay\"><\/div><\/figure><figure class=\"vls-gf-332 vls-gf-init\" data-vls-gf-thumbnail-width=\"600\" data-vls-gf-thumbnail-height=\"600\"><a class=\"vls-gf-main\" href=\"https:\/\/luxtehnika.ee\/wp-content\/gf-uploads\/2020\/09\/setratiosize800600-mood.jpg\" data-caption=\"setratiosize800600-mood\" data-description=\"\"><\/a><div class=\"vls-gf-img\"><img src=\"https:\/\/luxtehnika.ee\/wp-content\/gf-uploads\/2020\/09\/preview-m\/setratiosize800600-mood-0.jpg?t=1601309133\" title=\"setratiosize800600-mood\"\/><\/div><div class=\"vls-gf-overlay\"><\/div><\/figure><figure class=\"vls-gf-333 vls-gf-init\" data-vls-gf-thumbnail-width=\"677\" data-vls-gf-thumbnail-height=\"600\"><a class=\"vls-gf-main\" href=\"https:\/\/luxtehnika.ee\/wp-content\/gf-uploads\/2020\/09\/setratiosize800600-portrait.jpg\" data-caption=\"setratiosize800600-portrait\" data-description=\"\"><\/a><div class=\"vls-gf-img\"><img src=\"https:\/\/luxtehnika.ee\/wp-content\/gf-uploads\/2020\/09\/preview-m\/setratiosize800600-portrait-0.jpg?t=1601309134\" title=\"setratiosize800600-portrait\"\/><\/div><div class=\"vls-gf-overlay\"><\/div><\/figure><figure class=\"vls-gf-334 vls-gf-init\" data-vls-gf-thumbnail-width=\"613\" data-vls-gf-thumbnail-height=\"600\"><a class=\"vls-gf-main\" href=\"https:\/\/luxtehnika.ee\/wp-content\/gf-uploads\/2020\/09\/setratiosize800600-profile.jpg\" data-caption=\"setratiosize800600-profile\" data-description=\"\"><\/a><div class=\"vls-gf-img\"><img src=\"https:\/\/luxtehnika.ee\/wp-content\/gf-uploads\/2020\/09\/preview-m\/setratiosize800600-profile-0.jpg?t=1601309136\" title=\"setratiosize800600-profile\"\/><\/div><div class=\"vls-gf-overlay\"><\/div><\/figure><figure class=\"vls-gf-335 vls-gf-init\" data-vls-gf-thumbnail-width=\"656\" data-vls-gf-thumbnail-height=\"600\"><a class=\"vls-gf-main\" href=\"https:\/\/luxtehnika.ee\/wp-content\/gf-uploads\/2020\/09\/setratiosize800600-sharp2.jpg\" data-caption=\"setratiosize800600-sharp2\" data-description=\"\"><\/a><div class=\"vls-gf-img\"><img src=\"https:\/\/luxtehnika.ee\/wp-content\/gf-uploads\/2020\/09\/preview-m\/setratiosize800600-sharp2-0.jpg?t=1601309138\" title=\"setratiosize800600-sharp2\"\/><\/div><div class=\"vls-gf-overlay\"><\/div><\/figure><figure class=\"vls-gf-336 vls-gf-init\" data-vls-gf-thumbnail-width=\"734\" data-vls-gf-thumbnail-height=\"600\"><a class=\"vls-gf-main\" href=\"https:\/\/luxtehnika.ee\/wp-content\/gf-uploads\/2020\/09\/setratiosize800600-sigma1.jpg\" data-caption=\"setratiosize800600-sigma1\" data-description=\"\"><\/a><div class=\"vls-gf-img\"><img src=\"https:\/\/luxtehnika.ee\/wp-content\/gf-uploads\/2020\/09\/preview-m\/setratiosize800600-sigma1-0.jpg?t=1601309139\" title=\"setratiosize800600-sigma1\"\/><\/div><div class=\"vls-gf-overlay\"><\/div><\/figure><figure class=\"vls-gf-337 vls-gf-init\" data-vls-gf-thumbnail-width=\"679\" data-vls-gf-thumbnail-height=\"600\"><a class=\"vls-gf-main\" href=\"https:\/\/luxtehnika.ee\/wp-content\/gf-uploads\/2020\/09\/setratiosize800600-skid.jpg\" data-caption=\"setratiosize800600-skid\" data-description=\"\"><\/a><div class=\"vls-gf-img\"><img src=\"https:\/\/luxtehnika.ee\/wp-content\/gf-uploads\/2020\/09\/preview-m\/setratiosize800600-skid-0.jpg?t=1601309141\" title=\"setratiosize800600-skid\"\/><\/div><div class=\"vls-gf-overlay\"><\/div><\/figure><figure class=\"vls-gf-338 vls-gf-init\" data-vls-gf-thumbnail-width=\"800\" data-vls-gf-thumbnail-height=\"490\"><a class=\"vls-gf-main\" href=\"https:\/\/luxtehnika.ee\/wp-content\/gf-uploads\/2020\/09\/setratiosize800600-skylineicona.jpg\" data-caption=\"setratiosize800600-skylineicona\" data-description=\"\"><\/a><div class=\"vls-gf-img\"><img src=\"https:\/\/luxtehnika.ee\/wp-content\/gf-uploads\/2020\/09\/preview-m\/setratiosize800600-skylineicona-0.jpg?t=1601309142\" title=\"setratiosize800600-skylineicona\"\/><\/div><div class=\"vls-gf-overlay\"><\/div><\/figure><figure class=\"vls-gf-339 vls-gf-init\" data-vls-gf-thumbnail-width=\"788\" data-vls-gf-thumbnail-height=\"600\"><a class=\"vls-gf-main\" href=\"https:\/\/luxtehnika.ee\/wp-content\/gf-uploads\/2020\/09\/setratiosize800600-spherab.jpg\" data-caption=\"setratiosize800600-spherab\" data-description=\"\"><\/a><div class=\"vls-gf-img\"><img src=\"https:\/\/luxtehnika.ee\/wp-content\/gf-uploads\/2020\/09\/preview-m\/setratiosize800600-spherab-0.jpg?t=1601309144\" title=\"setratiosize800600-spherab\"\/><\/div><div class=\"vls-gf-overlay\"><\/div><\/figure><figure class=\"vls-gf-340 vls-gf-init\" data-vls-gf-thumbnail-width=\"662\" data-vls-gf-thumbnail-height=\"600\"><a class=\"vls-gf-main\" href=\"https:\/\/luxtehnika.ee\/wp-content\/gf-uploads\/2020\/09\/setratiosize800600-stealth.jpg\" data-caption=\"setratiosize800600-stealth\" data-description=\"\"><\/a><div class=\"vls-gf-img\"><img src=\"https:\/\/luxtehnika.ee\/wp-content\/gf-uploads\/2020\/09\/preview-m\/setratiosize800600-stealth-0.jpg?t=1601309146\" title=\"setratiosize800600-stealth\"\/><\/div><div class=\"vls-gf-overlay\"><\/div><\/figure><figure class=\"vls-gf-341 vls-gf-init\" data-vls-gf-thumbnail-width=\"468\" data-vls-gf-thumbnail-height=\"600\"><a class=\"vls-gf-main\" href=\"https:\/\/luxtehnika.ee\/wp-content\/gf-uploads\/2020\/09\/setratiosize800600-theorema1.jpg\" data-caption=\"setratiosize800600-theorema1\" data-description=\"\"><\/a><div class=\"vls-gf-img\"><img src=\"https:\/\/luxtehnika.ee\/wp-content\/gf-uploads\/2020\/09\/preview-m\/setratiosize800600-theorema1-0.jpg?t=1601309147\" title=\"setratiosize800600-theorema1\"\/><\/div><div class=\"vls-gf-overlay\"><\/div><\/figure><figure class=\"vls-gf-342 vls-gf-init\" data-vls-gf-thumbnail-width=\"605\" data-vls-gf-thumbnail-height=\"600\"><a class=\"vls-gf-main\" href=\"https:\/\/luxtehnika.ee\/wp-content\/gf-uploads\/2020\/09\/setratiosize800600-thesys.jpg\" data-caption=\"setratiosize800600-thesys\" data-description=\"\"><\/a><div class=\"vls-gf-img\"><img src=\"https:\/\/luxtehnika.ee\/wp-content\/gf-uploads\/2020\/09\/preview-m\/setratiosize800600-thesys-0.jpg?t=1601309148\" title=\"setratiosize800600-thesys\"\/><\/div><div class=\"vls-gf-overlay\"><\/div><\/figure><figure class=\"vls-gf-343 vls-gf-init\" data-vls-gf-thumbnail-width=\"734\" data-vls-gf-thumbnail-height=\"600\"><a class=\"vls-gf-main\" href=\"https:\/\/luxtehnika.ee\/wp-content\/gf-uploads\/2020\/09\/setratiosize800600-touch.jpg\" data-caption=\"setratiosize800600-touch\" data-description=\"\"><\/a><div class=\"vls-gf-img\"><img src=\"https:\/\/luxtehnika.ee\/wp-content\/gf-uploads\/2020\/09\/preview-m\/setratiosize800600-touch-0.jpg?t=1601309150\" title=\"setratiosize800600-touch\"\/><\/div><div class=\"vls-gf-overlay\"><\/div><\/figure><figure class=\"vls-gf-344 vls-gf-init\" data-vls-gf-thumbnail-width=\"748\" data-vls-gf-thumbnail-height=\"600\"><a class=\"vls-gf-main\" href=\"https:\/\/luxtehnika.ee\/wp-content\/gf-uploads\/2020\/09\/setratiosize800600-vela3.jpg\" data-caption=\"setratiosize800600-vela3\" data-description=\"\"><\/a><div class=\"vls-gf-img\"><img src=\"https:\/\/luxtehnika.ee\/wp-content\/gf-uploads\/2020\/09\/preview-m\/setratiosize800600-vela3-0.jpg?t=1601309151\" title=\"setratiosize800600-vela3\"\/><\/div><div class=\"vls-gf-overlay\"><\/div><\/figure><figure class=\"vls-gf-345 vls-gf-init\" data-vls-gf-thumbnail-width=\"596\" data-vls-gf-thumbnail-height=\"600\"><a class=\"vls-gf-main\" href=\"https:\/\/luxtehnika.ee\/wp-content\/gf-uploads\/2020\/09\/setratiosize800600-venus.jpg\" data-caption=\"setratiosize800600-venus\" data-description=\"\"><\/a><div class=\"vls-gf-img\"><img src=\"https:\/\/luxtehnika.ee\/wp-content\/gf-uploads\/2020\/09\/preview-m\/setratiosize800600-venus-0.jpg?t=1601309152\" title=\"setratiosize800600-venus\"\/><\/div><div class=\"vls-gf-overlay\"><\/div><\/figure><\/div><\/div><\/div>\n<div id=\"gtx-trans\" style=\"position: absolute; left: 213px; top: 83px;\">\n<div class=\"gtx-trans-icon\"><\/div>\n<\/div>\n<p><\/p>","protected":false},"excerpt":{"rendered":"<p>GALVAMET \u2013 ettev\u00f5tte loomise ajast 1974 aastal areneb see itaalia ettev\u00f5te pidevalt ja pakub turule\u00a0 uusi disaini ja tehnilisi lahendusi. Igasugustele uuendustele vaatamata on GALVAMETi \u00f5hupuhastid t\u00e4nu oma puhastele joontele, metalsele l\u00e4ikele ja s\u00fcmpaatsusele alati \u00e4ratuntavad. Eraldiseisvad, sisseehitatud v\u00f5i seinale kinnituvad \u00f5hupuhastid suudavad toimida \u00fcksk\u00f5ik kui suure kubatuuriga ruumides ja sobivad igasugusesse interj\u00f6\u00f6ri. Itaalia traditsioone j\u00e4rgides reageerib GALVAMET v\u00e4ga tundlikult\u00a0 maailmaturu trendimuutustele, pakub uudseid ja \u00fcllatavaid vorme ning materjali kombinatsioone.<\/p>\n<p><a href=\"https:\/\/www.galvamet.it\/en\/\" target=\"_blank\" rel=\"noopener noreferrer\">Minge veebisaidile<\/a><\/p>\n<div id=\"gtx-trans\" style=\"position: absolute; left: -1px; top: 222.143px;\">\n<div class=\"gtx-trans-icon\"><\/div>\n<\/div>\n","protected":false},"featured_media":106,"template":"","meta":[],"_links":{"self":[{"href":"https:\/\/luxtehnika.ee\/et\/wp-json\/wp\/v2\/product\/105"}],"collection":[{"href":"https:\/\/luxtehnika.ee\/et\/wp-json\/wp\/v2\/product"}],"about":[{"href":"https:\/\/luxtehnika.ee\/et\/wp-json\/wp\/v2\/types\/product"}],"wp:featuredmedia":[{"embeddable":true,"href":"https:\/\/luxtehnika.ee\/et\/wp-json\/wp\/v2\/media\/106"}],"wp:attachment":[{"href":"https:\/\/luxtehnika.ee\/et\/wp-json\/wp\/v2\/media?parent=105"}],"curies":[{"name":"wp","href":"https:\/\/api.w.org\/{rel}","templated":true}]}}