{"id":21,"date":"2020-09-22T17:14:22","date_gmt":"2020-09-22T17:14:22","guid":{"rendered":"https:\/\/luxtehnika.ee\/ru\/?page_id=21"},"modified":"2020-10-05T12:47:08","modified_gmt":"2020-10-05T10:47:08","slug":"firmast","status":"publish","type":"page","link":"https:\/\/luxtehnika.ee\/et\/firmast\/","title":{"rendered":"Firmast"},"content":{"rendered":"<div class=\"wpb-content-wrapper\"><p>[vc_row][vc_column width=&#8221;2\/3&#8243;][vc_column_text text_larger=&#8221;no&#8221;]<\/p>\n<h3>M\u00f6\u00f6dunud on need ajad, mil k\u00f6\u00f6k oli lihtsalt v\u00e4hima vajaliku tehnikaga varustatud s\u00f6\u00f6gitegemise kohaks.<\/h3>\n<p>N\u00fc\u00fcd on see iga kodu t\u00e4ie\u00f5iguslik osa, mille sisustamiseks ja kujundamiseks tasuks kulutada aega ja j\u00f5udu. Stiilne ja mugav k\u00f6\u00f6k peegeldab selle omaniku filosoofiat, tema ettekujutust mugavusest, ning kujundab uue koosviibimise ja suhtlemise keskkonna.\u00a0T\u00e4nap\u00e4eva turg on pungil k\u00f6\u00f6gitehnikast, igat sorti erineva v\u00e4rvi, suuruse ja disainiga segistitest, kraanikaussidest. Ka teaduse ja tehnika areng ei seisa paigal ning soodustab tootjate kaubavaliku pidevat uuenemist ja v\u00f5imaluste suurenemist. Kuidas orienteeruda selles kaubarohkuses, valida just selle, mis vastab n\u00f5uetele ja standartidele, kujundades siseruumi just selliseks nagu Teie soovite?<\/p>\n<p>VIK AV OU \u2013 end pika aja jooksul t\u00f5estanud ettev\u00f5te, mis tegeleb k\u00f6\u00f6kide ja vannitubade t\u00e4ieliku komplekteerimisega. Meie poolt pakutavas valikus on sisseehitatav k\u00f6\u00f6gitehnika ja palju muud: pliidid, ahjud, pliidiplaadid, \u00f5hupuhastid, samuti kraanikausid ja segistid, valik roostevabast terasest t\u00f6\u00f6tasapindu ja seinapaneele, keraamiline plaat, erinevad sisustuselemendid ning isegi k\u00f6\u00f6gipotid. Teisis\u00f5nu k\u00f5ik see, mis teeb Teie k\u00f6\u00f6gi v\u00f5imalikult mugavaks ja nauditavaks. Oma tegevust alustades seadis VIK AV OU enda ette eesm\u00e4rgi pakkuda Eesti turul taskukohase hinnaga k\u00f5rgkvaliteetset konkurentsiv\u00f5imelist kaupa nii hulgi- kui jaem\u00fc\u00fcgi tasandil. See \u00f5nnestus tal \u00fcsna edukalt. VIK AV OU\u2019t v\u00f5ib keeruliste valikuk\u00fcsimuste puhul t\u00e4ielikult usaldada.<\/p>\n<h4>Meie n\u00e4itusesaal ehk show-ruum esitleb laialdast ekspositsiooni, mis koosneb kaasaegse tehnika parimatest n\u00e4idistest erinevatelt \u00fcle maailma tuntud kaubam\u00e4rkidelt:<\/h4>\n<p>TEKA, ALVEUS, ELLECI, ILVE, MAXFIRE, NOBILI, SYSTEMCERAM, GE, PYRAMIS, GALVAMET, BOSCH, SIEMENS, DANIEL, REMER, BARAZZA, FRANKE, ARTINOX, CATA, BUGNATESE, NODOR, INTRA, PURIS, BLUE WATER, ART PLATINO, WESCO, STEEL, RESTART, GAGGENAU, GULLO, MIELE, IP INDUSTRIE, KUPPERSBUSCH, FULGOR MILANO, NIVITO, BLANCO, ELECTROLUX, AEG, SMEG, SAMSUNG, LOEWE jne. (vt l\u00e4hemalt br\u00e4ndid)<\/p>\n<p>Luksusbr\u00e4ndi ja eksklusiivse disaini atmosf\u00e4\u00e4ris on Teil v\u00f5imalus tutvuda suure tootevalikuga, mis on suunatud nii tavakasutajatele kui professionaalidele. Oma silmaga veenduda, kuidas tundub ja t\u00f6\u00f6tab see v\u00f5i teine element just Teie interj\u00f6\u00f6ris. Saada vajalikku konsultatsiooni. Iga meie saalis esitletud mudel on interj\u00f6\u00f6ri kaunistus, mis oma laitmatu stiili ja kvaliteediga r\u00f5hutab selle omanikku \u2013 valik on Teie. VIK AV OU on edukas Eesti ettev\u00f5te, kes kehastab absoluutse kvaliteedi, ainulaadsuse ja tehnoloogiliste saavutuste harmooniat. VIK AV OU \u2013 alati valmis aitama![\/vc_column_text][\/vc_column][vc_column width=&#8221;1\/3&#8243;][vc_single_image image=&#8221;7339&#8243; img_size=&#8221;full&#8221; alignment=&#8221;center&#8221; parallax_scroll=&#8221;no&#8221;][vc_single_image image=&#8221;81&#8243; img_size=&#8221;full&#8221; alignment=&#8221;center&#8221; parallax_scroll=&#8221;no&#8221;][\/vc_column][\/vc_row][vc_row][vc_column][vc_column_text text_larger=&#8221;no&#8221;]<\/p>\n<div class=\"vls-gf-field-ro\"><div class=\"vls-gf-gallery vls-gf-919 vls-gf-style-light vls-gf-style-none\" data-vls-gf-layout='{\"layout_type\":\"masonry-v\",\"column_count\":4,\"column_count_xs\":1,\"aspect_ratio\":1,\"horizontal_spacing\":4,\"vertical_spacing\":4,\"align_bottom\":false,\"pagination_type\":\"none\",\"page_size\":0}' data-vls-gf-settings='{\"pagination_type\":\"none\"}'><style type=\"text\/css\">.vls-gf-919 figure a.vls-gf-main{display:block;position:absolute;top:0;bottom:0;left:0;right:0;opacity:0;z-index:90;}.vls-gf-919 figure .vls-gf-overlay{position:absolute;background-color:rgba(255, 255, 255, 0.3);left:0;right:0;top:0;bottom:0;opacity:0;z-index:10;transition:opacity 600ms ease;}.vls-gf-919 figure:hover .vls-gf-overlay{opacity:1;}<\/style><div class=\"vls-gf-container\"><figure class=\"vls-gf-920 vls-gf-init\" data-vls-gf-thumbnail-width=\"800\" data-vls-gf-thumbnail-height=\"600\"><a class=\"vls-gf-main\" href=\"https:\/\/luxtehnika.ee\/wp-content\/gf-uploads\/2020\/09\/dsc01422-e1346845943980.jpg\" data-caption=\"dsc01422-e1346845943980\" data-description=\"\"><\/a><div class=\"vls-gf-img\"><img src=\"https:\/\/luxtehnika.ee\/wp-content\/gf-uploads\/2020\/09\/preview-m\/dsc01422-e1346845943980-0.jpg?t=1601396884\" title=\"dsc01422-e1346845943980\"\/><\/div><div class=\"vls-gf-overlay\"><\/div><\/figure><figure class=\"vls-gf-921 vls-gf-init\" data-vls-gf-thumbnail-width=\"800\" data-vls-gf-thumbnail-height=\"600\"><a class=\"vls-gf-main\" href=\"https:\/\/luxtehnika.ee\/wp-content\/gf-uploads\/2020\/09\/dsc01433-e1346845741140.jpg\" data-caption=\"dsc01433-e1346845741140\" data-description=\"\"><\/a><div class=\"vls-gf-img\"><img src=\"https:\/\/luxtehnika.ee\/wp-content\/gf-uploads\/2020\/09\/preview-m\/dsc01433-e1346845741140-0.jpg?t=1601396886\" title=\"dsc01433-e1346845741140\"\/><\/div><div class=\"vls-gf-overlay\"><\/div><\/figure><figure class=\"vls-gf-922 vls-gf-init\" data-vls-gf-thumbnail-width=\"800\" data-vls-gf-thumbnail-height=\"600\"><a class=\"vls-gf-main\" href=\"https:\/\/luxtehnika.ee\/wp-content\/gf-uploads\/2020\/09\/dsc01435-e1346845711307.jpg\" data-caption=\"dsc01435-e1346845711307\" data-description=\"\"><\/a><div class=\"vls-gf-img\"><img src=\"https:\/\/luxtehnika.ee\/wp-content\/gf-uploads\/2020\/09\/preview-m\/dsc01435-e1346845711307-0.jpg?t=1601396887\" title=\"dsc01435-e1346845711307\"\/><\/div><div class=\"vls-gf-overlay\"><\/div><\/figure><figure class=\"vls-gf-923 vls-gf-init\" data-vls-gf-thumbnail-width=\"800\" data-vls-gf-thumbnail-height=\"600\"><a class=\"vls-gf-main\" href=\"https:\/\/luxtehnika.ee\/wp-content\/gf-uploads\/2020\/09\/dsc01439-e1346845684371.jpg\" data-caption=\"dsc01439-e1346845684371\" data-description=\"\"><\/a><div class=\"vls-gf-img\"><img src=\"https:\/\/luxtehnika.ee\/wp-content\/gf-uploads\/2020\/09\/preview-m\/dsc01439-e1346845684371-0.jpg?t=1601396889\" title=\"dsc01439-e1346845684371\"\/><\/div><div class=\"vls-gf-overlay\"><\/div><\/figure><figure class=\"vls-gf-924 vls-gf-init\" data-vls-gf-thumbnail-width=\"800\" data-vls-gf-thumbnail-height=\"600\"><a class=\"vls-gf-main\" href=\"https:\/\/luxtehnika.ee\/wp-content\/gf-uploads\/2020\/09\/dsc01444-e1346845655302.jpg\" data-caption=\"dsc01444-e1346845655302\" data-description=\"\"><\/a><div class=\"vls-gf-img\"><img src=\"https:\/\/luxtehnika.ee\/wp-content\/gf-uploads\/2020\/09\/preview-m\/dsc01444-e1346845655302-0.jpg?t=1601396891\" title=\"dsc01444-e1346845655302\"\/><\/div><div class=\"vls-gf-overlay\"><\/div><\/figure><figure class=\"vls-gf-925 vls-gf-init\" data-vls-gf-thumbnail-width=\"800\" data-vls-gf-thumbnail-height=\"600\"><a class=\"vls-gf-main\" href=\"https:\/\/luxtehnika.ee\/wp-content\/gf-uploads\/2020\/09\/dsc01449-e1346845636185-1.jpg\" data-caption=\"dsc01449-e1346845636185-1\" data-description=\"\"><\/a><div class=\"vls-gf-img\"><img src=\"https:\/\/luxtehnika.ee\/wp-content\/gf-uploads\/2020\/09\/preview-m\/dsc01449-e1346845636185-1-0.jpg?t=1601396892\" title=\"dsc01449-e1346845636185-1\"\/><\/div><div class=\"vls-gf-overlay\"><\/div><\/figure><figure class=\"vls-gf-926 vls-gf-init\" data-vls-gf-thumbnail-width=\"800\" data-vls-gf-thumbnail-height=\"600\"><a class=\"vls-gf-main\" href=\"https:\/\/luxtehnika.ee\/wp-content\/gf-uploads\/2020\/09\/dsc01457-e1346845608359.jpg\" data-caption=\"dsc01457-e1346845608359\" data-description=\"\"><\/a><div class=\"vls-gf-img\"><img src=\"https:\/\/luxtehnika.ee\/wp-content\/gf-uploads\/2020\/09\/preview-m\/dsc01457-e1346845608359-0.jpg?t=1601396893\" title=\"dsc01457-e1346845608359\"\/><\/div><div class=\"vls-gf-overlay\"><\/div><\/figure><figure class=\"vls-gf-927 vls-gf-init\" data-vls-gf-thumbnail-width=\"800\" data-vls-gf-thumbnail-height=\"600\"><a class=\"vls-gf-main\" href=\"https:\/\/luxtehnika.ee\/wp-content\/gf-uploads\/2020\/09\/dsc014321-e1346845756529.jpg\" data-caption=\"dsc014321-e1346845756529\" data-description=\"\"><\/a><div class=\"vls-gf-img\"><img src=\"https:\/\/luxtehnika.ee\/wp-content\/gf-uploads\/2020\/09\/preview-m\/dsc014321-e1346845756529-0.jpg?t=1601396895\" title=\"dsc014321-e1346845756529\"\/><\/div><div class=\"vls-gf-overlay\"><\/div><\/figure><\/div><\/div><\/div>\n<div class=\"vls-gf-field-pills\"><\/div>\n<p>[\/vc_column_text][\/vc_column][\/vc_row]<\/p>\n<\/div>","protected":false},"excerpt":{"rendered":"<p>[vc_row][vc_column width=&#8221;2\/3&#8243;][vc_column_text text_larger=&#8221;no&#8221;] M\u00f6\u00f6dunud on need ajad, mil k\u00f6\u00f6k oli lihtsalt v\u00e4hima vajaliku tehnikaga varustatud s\u00f6\u00f6gitegemise kohaks. N\u00fc\u00fcd on see<\/p>\n","protected":false},"author":1,"featured_media":0,"parent":0,"menu_order":0,"comment_status":"closed","ping_status":"closed","template":"","meta":[],"_links":{"self":[{"href":"https:\/\/luxtehnika.ee\/et\/wp-json\/wp\/v2\/pages\/21"}],"collection":[{"href":"https:\/\/luxtehnika.ee\/et\/wp-json\/wp\/v2\/pages"}],"about":[{"href":"https:\/\/luxtehnika.ee\/et\/wp-json\/wp\/v2\/types\/page"}],"author":[{"embeddable":true,"href":"https:\/\/luxtehnika.ee\/et\/wp-json\/wp\/v2\/users\/1"}],"replies":[{"embeddable":true,"href":"https:\/\/luxtehnika.ee\/et\/wp-json\/wp\/v2\/comments?post=21"}],"version-history":[{"count":6,"href":"https:\/\/luxtehnika.ee\/et\/wp-json\/wp\/v2\/pages\/21\/revisions"}],"predecessor-version":[{"id":7340,"href":"https:\/\/luxtehnika.ee\/et\/wp-json\/wp\/v2\/pages\/21\/revisions\/7340"}],"wp:attachment":[{"href":"https:\/\/luxtehnika.ee\/et\/wp-json\/wp\/v2\/media?parent=21"}],"curies":[{"name":"wp","href":"https:\/\/api.w.org\/{rel}","templated":true}]}}